{"id":89,"date":"2022-07-20T14:19:50","date_gmt":"2022-07-20T13:19:50","guid":{"rendered":"https:\/\/1sc.org\/es\/?page_id=89"},"modified":"2022-07-20T14:19:51","modified_gmt":"2022-07-20T13:19:51","slug":"estafa-de-loteria","status":"publish","type":"page","link":"https:\/\/1sc.org\/es\/estafas-por-correo-electronico\/estafa-de-loteria\/","title":{"rendered":"Estafa de loter\u00eda"},"content":{"rendered":"\n<h2 class=\"wp-block-heading\">La estafa de la loter\u00eda es una estafa cl\u00e1sica pero muy actual. Las promesas de dinero f\u00e1cil en tiempos dif\u00edciles hacen v\u00edctimas regularmente.<\/h2>\n\n\n\n<p>El esquema de una estafa de loter\u00eda es bastante simple:<\/p>\n\n\n<div class=\"wp-block-image\">\n<figure class=\"alignright size-full\"><img loading=\"lazy\" decoding=\"async\" width=\"300\" height=\"200\" src=\"https:\/\/1sc.org\/es\/wp-content\/uploads\/sites\/2\/2022\/07\/image-12.png\" alt=\"estafa de loter\u00eda\" class=\"wp-image-90\"\/><\/figure>\n<\/div>\n\n\n<p>Recibe un <a href=\"https:\/\/1sc.org\/es\/estafas-por-correo-electronico\/\" target=\"_blank\" rel=\"noreferrer noopener\">correo electr\u00f3nico<\/a> de una persona desconocida que dice ser representante de una gran empresa internacional o una estructura importante ubicada en el extranjero. Esta organizaci\u00f3n ha establecido una loter\u00eda en todo el mundo. Y adivina qu\u00e9, acabas de ganar un premio (por cierto, no necesariamente el primero)<\/p>\n\n\n\n<p>Esta persona le invita a ponerse en contacto con \u00e9l o ella para proceder a la adjudicaci\u00f3n. Si responde, se le pedir\u00e1 que pague primero una tarifa de solicitud. Y si pagas esa cantidad de dinero, tendr\u00e1s m\u00e1s noticias de tu contacto y por supuesto nunca recibir\u00e1s tu premio.<\/p>\n\n\n\n<p>Pens\u00e1ndolo dos veces, \u00bfpor qu\u00e9 hay tarifas cuando el monto del premio podr\u00eda cubrirlas f\u00e1cilmente? \u00bfPor qu\u00e9 deber\u00edamos pagar una tarifa de $ 500 si gana $ 100,000? \u00a1Solo otorga $99,500!<\/p>\n\n\n\n<h3 class=\"wp-block-heading\">NUNCA responda a estos correos electr\u00f3nicos que le informan que acaba de ganar algo en una loter\u00eda oscura del otro lado del mundo.<\/h3>\n\n\n\n<p>Sin embargo, si lo hace, por curiosidad, por ejemplo, det\u00e9ngase inmediatamente cuando se le pida que d\u00e9 dinero.<\/p>\n\n\n\n<p>A continuaci\u00f3n, un ejemplo de una estafa de loter\u00eda proveniente de la \u201cFundaci\u00f3n de Loter\u00eda Internacional Bill Gate\u201d<\/p>\n\n\n\n<figure class=\"wp-block-image size-full\"><img loading=\"lazy\" decoding=\"async\" width=\"570\" height=\"365\" src=\"https:\/\/1sc.org\/es\/wp-content\/uploads\/sites\/2\/2022\/07\/image-13.png\" alt=\"estafa de loter\u00eda de microsoft\" class=\"wp-image-91\" srcset=\"https:\/\/1sc.org\/es\/wp-content\/uploads\/sites\/2\/2022\/07\/image-13.png 570w, https:\/\/1sc.org\/es\/wp-content\/uploads\/sites\/2\/2022\/07\/image-13-300x192.png 300w\" sizes=\"auto, (max-width: 570px) 100vw, 570px\" \/><\/figure>\n\n\n\n<p><br>A continuaci\u00f3n, un ejemplo de una estafa de loter\u00eda sin nombre:<\/p>\n\n\n\n<p><em>\u00a1Hola y felicidades!<\/em><\/p>\n\n\n\n<p><em>Ha sido seleccionado al azar para recibir un 200 % de REEMBOLSO en EFECTIVO para la loter\u00eda m\u00e1s grande del mundo: Mega Millions. El premio mayor ser\u00e1 ma\u00f1ana y se encuentra en 59 millones de d\u00f3lares. Solo quedan menos de 24 horas.<\/em><\/p>\n\n\n\n<p><em>\u00a1No pierdas la oportunidad, elige tus n\u00fameros de la suerte y env\u00eda tu boleto YA! Qui\u00e9n sabe, usted y su familia podr\u00edan ser los pr\u00f3ximos GANADORES. Nunca lo sabr\u00e1s a menos que env\u00edes tu ticket<\/em><\/p>\n\n\n\n<p><em>Vaya a este enlace para \u00a1Enviar ahora! [borrado por 1sc.org]<\/em><\/p>\n\n\n\n<p><em>Saludos, Katherine Batalla<\/em><\/p>\n","protected":false},"excerpt":{"rendered":"<p>La estafa de la loter\u00eda es una estafa cl\u00e1sica pero muy actual. Las promesas de dinero f\u00e1cil en tiempos dif\u00edciles hacen v\u00edctimas regularmente. El esquema de una estafa de loter\u00eda es bastante simple: Recibe un correo electr\u00f3nico de una persona desconocida que dice ser representante de una gran empresa internacional o una estructura importante ubicada &hellip; <a href=\"https:\/\/1sc.org\/es\/estafas-por-correo-electronico\/estafa-de-loteria\/\" class=\"more-link\">Sigue leyendo <span class=\"screen-reader-text\">Estafa de loter\u00eda<\/span><\/a><\/p>\n","protected":false},"author":1,"featured_media":0,"parent":32,"menu_order":3,"comment_status":"open","ping_status":"closed","template":"","meta":{"footnotes":""},"class_list":["post-89","page","type-page","status-publish","hentry"],"yoast_head":"<!-- This site is optimized with the Yoast SEO plugin v26.7 - https:\/\/yoast.com\/wordpress\/plugins\/seo\/ -->\n<title>Principio y ejemplos de estafas de loter\u00eda en Internet<\/title>\n<meta name=\"description\" content=\"Detalles de estafa de loter\u00eda y ejemplo. \u00bfC\u00f3mo detectar un intento de estafa de loter\u00eda? \u00bfC\u00f3mo los estafadores intentan robar su dinero?\" \/>\n<meta name=\"robots\" content=\"index, follow, max-snippet:-1, max-image-preview:large, max-video-preview:-1\" \/>\n<link rel=\"canonical\" href=\"https:\/\/1sc.org\/es\/estafas-por-correo-electronico\/estafa-de-loteria\/\" \/>\n<meta property=\"og:locale\" content=\"es_ES\" \/>\n<meta property=\"og:type\" content=\"article\" \/>\n<meta property=\"og:title\" content=\"Principio y ejemplos de estafas de loter\u00eda en Internet\" \/>\n<meta property=\"og:description\" content=\"Detalles de estafa de loter\u00eda y ejemplo. \u00bfC\u00f3mo detectar un intento de estafa de loter\u00eda? \u00bfC\u00f3mo los estafadores intentan robar su dinero?\" \/>\n<meta property=\"og:url\" content=\"https:\/\/1sc.org\/es\/estafas-por-correo-electronico\/estafa-de-loteria\/\" \/>\n<meta property=\"og:site_name\" content=\"Estafas por internet\" \/>\n<meta property=\"article:modified_time\" content=\"2022-07-20T13:19:51+00:00\" \/>\n<meta property=\"og:image\" content=\"https:\/\/1sc.org\/es\/wp-content\/uploads\/sites\/2\/2022\/07\/image-12.png\" \/>\n<meta name=\"twitter:card\" content=\"summary_large_image\" \/>\n<meta name=\"twitter:label1\" content=\"Tiempo de lectura\" \/>\n\t<meta name=\"twitter:data1\" content=\"2 minutos\" \/>\n<script type=\"application\/ld+json\" class=\"yoast-schema-graph\">{\"@context\":\"https:\/\/schema.org\",\"@graph\":[{\"@type\":\"WebPage\",\"@id\":\"https:\/\/1sc.org\/es\/estafas-por-correo-electronico\/estafa-de-loteria\/\",\"url\":\"https:\/\/1sc.org\/es\/estafas-por-correo-electronico\/estafa-de-loteria\/\",\"name\":\"Principio y ejemplos de estafas de loter\u00eda en Internet\",\"isPartOf\":{\"@id\":\"https:\/\/1sc.org\/es\/#website\"},\"primaryImageOfPage\":{\"@id\":\"https:\/\/1sc.org\/es\/estafas-por-correo-electronico\/estafa-de-loteria\/#primaryimage\"},\"image\":{\"@id\":\"https:\/\/1sc.org\/es\/estafas-por-correo-electronico\/estafa-de-loteria\/#primaryimage\"},\"thumbnailUrl\":\"https:\/\/1sc.org\/es\/wp-content\/uploads\/sites\/2\/2022\/07\/image-12.png\",\"datePublished\":\"2022-07-20T13:19:50+00:00\",\"dateModified\":\"2022-07-20T13:19:51+00:00\",\"description\":\"Detalles de estafa de loter\u00eda y ejemplo. \u00bfC\u00f3mo detectar un intento de estafa de loter\u00eda? \u00bfC\u00f3mo los estafadores intentan robar su dinero?\",\"breadcrumb\":{\"@id\":\"https:\/\/1sc.org\/es\/estafas-por-correo-electronico\/estafa-de-loteria\/#breadcrumb\"},\"inLanguage\":\"es\",\"potentialAction\":[{\"@type\":\"ReadAction\",\"target\":[\"https:\/\/1sc.org\/es\/estafas-por-correo-electronico\/estafa-de-loteria\/\"]}]},{\"@type\":\"ImageObject\",\"inLanguage\":\"es\",\"@id\":\"https:\/\/1sc.org\/es\/estafas-por-correo-electronico\/estafa-de-loteria\/#primaryimage\",\"url\":\"https:\/\/1sc.org\/es\/wp-content\/uploads\/sites\/2\/2022\/07\/image-12.png\",\"contentUrl\":\"https:\/\/1sc.org\/es\/wp-content\/uploads\/sites\/2\/2022\/07\/image-12.png\",\"width\":300,\"height\":200},{\"@type\":\"BreadcrumbList\",\"@id\":\"https:\/\/1sc.org\/es\/estafas-por-correo-electronico\/estafa-de-loteria\/#breadcrumb\",\"itemListElement\":[{\"@type\":\"ListItem\",\"position\":1,\"name\":\"Home\",\"item\":\"https:\/\/1sc.org\/es\/\"},{\"@type\":\"ListItem\",\"position\":2,\"name\":\"Estafas por correo electr\u00f3nico\",\"item\":\"https:\/\/1sc.org\/es\/estafas-por-correo-electronico\/\"},{\"@type\":\"ListItem\",\"position\":3,\"name\":\"Estafa de loter\u00eda\"}]},{\"@type\":\"WebSite\",\"@id\":\"https:\/\/1sc.org\/es\/#website\",\"url\":\"https:\/\/1sc.org\/es\/\",\"name\":\"Estafas por internet\",\"description\":\"\u00a1Prevenci\u00f3n de estafas en Internet!\",\"publisher\":{\"@id\":\"https:\/\/1sc.org\/es\/#organization\"},\"potentialAction\":[{\"@type\":\"SearchAction\",\"target\":{\"@type\":\"EntryPoint\",\"urlTemplate\":\"https:\/\/1sc.org\/es\/?s={search_term_string}\"},\"query-input\":{\"@type\":\"PropertyValueSpecification\",\"valueRequired\":true,\"valueName\":\"search_term_string\"}}],\"inLanguage\":\"es\"},{\"@type\":\"Organization\",\"@id\":\"https:\/\/1sc.org\/es\/#organization\",\"name\":\"Soruxa\",\"url\":\"https:\/\/1sc.org\/es\/\",\"logo\":{\"@type\":\"ImageObject\",\"inLanguage\":\"es\",\"@id\":\"https:\/\/1sc.org\/es\/#\/schema\/logo\/image\/\",\"url\":\"https:\/\/1sc.org\/es\/wp-content\/uploads\/sites\/2\/2022\/12\/logoSoruxa.png\",\"contentUrl\":\"https:\/\/1sc.org\/es\/wp-content\/uploads\/sites\/2\/2022\/12\/logoSoruxa.png\",\"width\":388,\"height\":391,\"caption\":\"Soruxa\"},\"image\":{\"@id\":\"https:\/\/1sc.org\/es\/#\/schema\/logo\/image\/\"}}]}<\/script>\n<!-- \/ Yoast SEO plugin. -->","yoast_head_json":{"title":"Principio y ejemplos de estafas de loter\u00eda en Internet","description":"Detalles de estafa de loter\u00eda y ejemplo. \u00bfC\u00f3mo detectar un intento de estafa de loter\u00eda? \u00bfC\u00f3mo los estafadores intentan robar su dinero?","robots":{"index":"index","follow":"follow","max-snippet":"max-snippet:-1","max-image-preview":"max-image-preview:large","max-video-preview":"max-video-preview:-1"},"canonical":"https:\/\/1sc.org\/es\/estafas-por-correo-electronico\/estafa-de-loteria\/","og_locale":"es_ES","og_type":"article","og_title":"Principio y ejemplos de estafas de loter\u00eda en Internet","og_description":"Detalles de estafa de loter\u00eda y ejemplo. \u00bfC\u00f3mo detectar un intento de estafa de loter\u00eda? \u00bfC\u00f3mo los estafadores intentan robar su dinero?","og_url":"https:\/\/1sc.org\/es\/estafas-por-correo-electronico\/estafa-de-loteria\/","og_site_name":"Estafas por internet","article_modified_time":"2022-07-20T13:19:51+00:00","og_image":[{"url":"https:\/\/1sc.org\/es\/wp-content\/uploads\/sites\/2\/2022\/07\/image-12.png","type":"","width":"","height":""}],"twitter_card":"summary_large_image","twitter_misc":{"Tiempo de lectura":"2 minutos"},"schema":{"@context":"https:\/\/schema.org","@graph":[{"@type":"WebPage","@id":"https:\/\/1sc.org\/es\/estafas-por-correo-electronico\/estafa-de-loteria\/","url":"https:\/\/1sc.org\/es\/estafas-por-correo-electronico\/estafa-de-loteria\/","name":"Principio y ejemplos de estafas de loter\u00eda en Internet","isPartOf":{"@id":"https:\/\/1sc.org\/es\/#website"},"primaryImageOfPage":{"@id":"https:\/\/1sc.org\/es\/estafas-por-correo-electronico\/estafa-de-loteria\/#primaryimage"},"image":{"@id":"https:\/\/1sc.org\/es\/estafas-por-correo-electronico\/estafa-de-loteria\/#primaryimage"},"thumbnailUrl":"https:\/\/1sc.org\/es\/wp-content\/uploads\/sites\/2\/2022\/07\/image-12.png","datePublished":"2022-07-20T13:19:50+00:00","dateModified":"2022-07-20T13:19:51+00:00","description":"Detalles de estafa de loter\u00eda y ejemplo. \u00bfC\u00f3mo detectar un intento de estafa de loter\u00eda? \u00bfC\u00f3mo los estafadores intentan robar su dinero?","breadcrumb":{"@id":"https:\/\/1sc.org\/es\/estafas-por-correo-electronico\/estafa-de-loteria\/#breadcrumb"},"inLanguage":"es","potentialAction":[{"@type":"ReadAction","target":["https:\/\/1sc.org\/es\/estafas-por-correo-electronico\/estafa-de-loteria\/"]}]},{"@type":"ImageObject","inLanguage":"es","@id":"https:\/\/1sc.org\/es\/estafas-por-correo-electronico\/estafa-de-loteria\/#primaryimage","url":"https:\/\/1sc.org\/es\/wp-content\/uploads\/sites\/2\/2022\/07\/image-12.png","contentUrl":"https:\/\/1sc.org\/es\/wp-content\/uploads\/sites\/2\/2022\/07\/image-12.png","width":300,"height":200},{"@type":"BreadcrumbList","@id":"https:\/\/1sc.org\/es\/estafas-por-correo-electronico\/estafa-de-loteria\/#breadcrumb","itemListElement":[{"@type":"ListItem","position":1,"name":"Home","item":"https:\/\/1sc.org\/es\/"},{"@type":"ListItem","position":2,"name":"Estafas por correo electr\u00f3nico","item":"https:\/\/1sc.org\/es\/estafas-por-correo-electronico\/"},{"@type":"ListItem","position":3,"name":"Estafa de loter\u00eda"}]},{"@type":"WebSite","@id":"https:\/\/1sc.org\/es\/#website","url":"https:\/\/1sc.org\/es\/","name":"Estafas por internet","description":"\u00a1Prevenci\u00f3n de estafas en Internet!","publisher":{"@id":"https:\/\/1sc.org\/es\/#organization"},"potentialAction":[{"@type":"SearchAction","target":{"@type":"EntryPoint","urlTemplate":"https:\/\/1sc.org\/es\/?s={search_term_string}"},"query-input":{"@type":"PropertyValueSpecification","valueRequired":true,"valueName":"search_term_string"}}],"inLanguage":"es"},{"@type":"Organization","@id":"https:\/\/1sc.org\/es\/#organization","name":"Soruxa","url":"https:\/\/1sc.org\/es\/","logo":{"@type":"ImageObject","inLanguage":"es","@id":"https:\/\/1sc.org\/es\/#\/schema\/logo\/image\/","url":"https:\/\/1sc.org\/es\/wp-content\/uploads\/sites\/2\/2022\/12\/logoSoruxa.png","contentUrl":"https:\/\/1sc.org\/es\/wp-content\/uploads\/sites\/2\/2022\/12\/logoSoruxa.png","width":388,"height":391,"caption":"Soruxa"},"image":{"@id":"https:\/\/1sc.org\/es\/#\/schema\/logo\/image\/"}}]}},"_links":{"self":[{"href":"https:\/\/1sc.org\/es\/wp-json\/wp\/v2\/pages\/89","targetHints":{"allow":["GET"]}}],"collection":[{"href":"https:\/\/1sc.org\/es\/wp-json\/wp\/v2\/pages"}],"about":[{"href":"https:\/\/1sc.org\/es\/wp-json\/wp\/v2\/types\/page"}],"author":[{"embeddable":true,"href":"https:\/\/1sc.org\/es\/wp-json\/wp\/v2\/users\/1"}],"replies":[{"embeddable":true,"href":"https:\/\/1sc.org\/es\/wp-json\/wp\/v2\/comments?post=89"}],"version-history":[{"count":2,"href":"https:\/\/1sc.org\/es\/wp-json\/wp\/v2\/pages\/89\/revisions"}],"predecessor-version":[{"id":93,"href":"https:\/\/1sc.org\/es\/wp-json\/wp\/v2\/pages\/89\/revisions\/93"}],"up":[{"embeddable":true,"href":"https:\/\/1sc.org\/es\/wp-json\/wp\/v2\/pages\/32"}],"wp:attachment":[{"href":"https:\/\/1sc.org\/es\/wp-json\/wp\/v2\/media?parent=89"}],"curies":[{"name":"wp","href":"https:\/\/api.w.org\/{rel}","templated":true}]}}