{"id":84,"date":"2022-07-20T14:08:27","date_gmt":"2022-07-20T13:08:27","guid":{"rendered":"https:\/\/1sc.org\/es\/?page_id=84"},"modified":"2022-07-20T14:09:14","modified_gmt":"2022-07-20T13:09:14","slug":"estafa-de-confirmacion-de-pedido","status":"publish","type":"page","link":"https:\/\/1sc.org\/es\/estafas-por-correo-electronico\/estafa-de-confirmacion-de-pedido\/","title":{"rendered":"Estafa de confirmaci\u00f3n de pedido"},"content":{"rendered":"\n<h2 class=\"wp-block-heading\">Acaba de recibir un correo electr\u00f3nico sobre la confirmaci\u00f3n de un pedido, pero no orden\u00f3 nada. Probablemente sea una estafa<\/h2>\n\n\n\n<p>Mientras revisaba la bandeja de entrada de su correo electr\u00f3nico, se sorprende con uno de los nuevos correos electr\u00f3nicos que ha recibido relacionados con la confirmaci\u00f3n de un pedido.<\/p>\n\n\n\n<p>El t\u00edtulo de estos correos electr\u00f3nicos puede ser \u00abSu pedido ha sido aceptado\u00bb, \u00abSu pedido ha sido completado\u00bb, \u00abSu pedido ha sido procesado con \u00e9xito\u00bb o \u00abSu pedido ha sido enviado\u00bb.<\/p>\n\n\n<div class=\"wp-block-image\">\n<figure class=\"alignright size-full\"><img loading=\"lazy\" decoding=\"async\" width=\"300\" height=\"200\" src=\"https:\/\/1sc.org\/es\/wp-content\/uploads\/sites\/2\/2022\/07\/image-11.png\" alt=\"estafa de confirmaci\u00f3n de pedido\" class=\"wp-image-85\"\/><figcaption>Credit: Petr Kratochvil<\/figcaption><\/figure>\n<\/div>\n\n\n<p>Se siente un poco ansioso cuando abre este correo electr\u00f3nico y descubre que se trata de una confirmaci\u00f3n de pedido con una cantidad de dinero bastante alta. Sin esperar, ahora abres la factura adjunta al correo electr\u00f3nico porque hasta donde recuerdas, no tienes idea de lo que puede ser este pedido. Pero desafortunadamente para ti, acabas de caer en la trampa. Al abrir el archivo adjunto, ha descargado un virus que infectar\u00e1 su computadora<br>Cr\u00e9dito: Petr Kratochvil<\/p>\n\n\n\n<p>De hecho, usted no orden\u00f3 nada. De hecho, los estafadores env\u00edan este correo electr\u00f3nico a miles de destinatarios y conf\u00edan en que algunos caer\u00e1n en la trampa. Para llegar all\u00ed, los estafadores ponen algunas referencias falsas en el encabezado del correo electr\u00f3nico (una referencia falsa de pago, a veces un n\u00famero de tarjeta de cr\u00e9dito falso). Pero sobre todo, indican una importante cantidad de dinero en relaci\u00f3n a este pedido. Para que las v\u00edctimas potenciales se apresuren al archivo adjunto infectado.<\/p>\n\n\n\n<h3 class=\"wp-block-heading\">A continuaci\u00f3n se muestra un ejemplo de una estafa :<\/h3>\n\n\n\n<p><em>Su pedido ha sido aceptado<br>\u2014\u2014\u2014\u2014\u2014\u2014\u2013<br>Datos de pago<\/em><br>\u2014\u2014-<\/p>\n\n\n\n<p><em>Sitio web: redstation.com<br>Referencia de pago: 417330634<br>Total: 320,00 USD<br>Forma de pago: VISA<br>Marca secundaria: Tarjeta electr\u00f3nica azul<br>Estado: Autorizado<br>\u2014\u2014-<\/em><\/p>\n\n\n\n<p><em>Le adjuntamos la referencia de su factura: factura FC-408185 (Archivo: factura-408185) en formato ZIP.<br>Imprima o guarde este correo electr\u00f3nico para referencia futura.<br>El pago es procesado por Ogone.<br>Ogone asegura que su informaci\u00f3n financiera ser\u00e1 manejada de acuerdo con los m\u00e1s altos est\u00e1ndares de seguridad.<br>Para cualquier solicitud o pregunta sobre pedidos, comun\u00edquese con Prepaid Company<\/em><\/p>\n","protected":false},"excerpt":{"rendered":"<p>Acaba de recibir un correo electr\u00f3nico sobre la confirmaci\u00f3n de un pedido, pero no orden\u00f3 nada. Probablemente sea una estafa Mientras revisaba la bandeja de entrada de su correo electr\u00f3nico, se sorprende con uno de los nuevos correos electr\u00f3nicos que ha recibido relacionados con la confirmaci\u00f3n de un pedido. El t\u00edtulo de estos correos electr\u00f3nicos &hellip; <a href=\"https:\/\/1sc.org\/es\/estafas-por-correo-electronico\/estafa-de-confirmacion-de-pedido\/\" class=\"more-link\">Sigue leyendo <span class=\"screen-reader-text\">Estafa de confirmaci\u00f3n de pedido<\/span><\/a><\/p>\n","protected":false},"author":1,"featured_media":0,"parent":32,"menu_order":2,"comment_status":"open","ping_status":"closed","template":"","meta":{"footnotes":""},"class_list":["post-84","page","type-page","status-publish","hentry"],"yoast_head":"<!-- This site is optimized with the Yoast SEO plugin v26.7 - https:\/\/yoast.com\/wordpress\/plugins\/seo\/ -->\n<title>Estafa de confirmaci\u00f3n de pedido por correo electr\u00f3nico<\/title>\n<meta name=\"description\" content=\"Los estafadores env\u00edan una confirmaci\u00f3n de pedido falsa por correo electr\u00f3nico. Te piden que abras la factura pero no es m\u00e1s que un virus\" \/>\n<meta name=\"robots\" content=\"index, follow, max-snippet:-1, max-image-preview:large, max-video-preview:-1\" \/>\n<link rel=\"canonical\" href=\"https:\/\/1sc.org\/es\/estafas-por-correo-electronico\/estafa-de-confirmacion-de-pedido\/\" \/>\n<meta property=\"og:locale\" content=\"es_ES\" \/>\n<meta property=\"og:type\" content=\"article\" \/>\n<meta property=\"og:title\" content=\"Estafa de confirmaci\u00f3n de pedido por correo electr\u00f3nico\" \/>\n<meta property=\"og:description\" content=\"Los estafadores env\u00edan una confirmaci\u00f3n de pedido falsa por correo electr\u00f3nico. Te piden que abras la factura pero no es m\u00e1s que un virus\" \/>\n<meta property=\"og:url\" content=\"https:\/\/1sc.org\/es\/estafas-por-correo-electronico\/estafa-de-confirmacion-de-pedido\/\" \/>\n<meta property=\"og:site_name\" content=\"Estafas por internet\" \/>\n<meta property=\"article:modified_time\" content=\"2022-07-20T13:09:14+00:00\" \/>\n<meta property=\"og:image\" content=\"https:\/\/1sc.org\/es\/wp-content\/uploads\/sites\/2\/2022\/07\/image-11.png\" \/>\n<meta name=\"twitter:card\" content=\"summary_large_image\" \/>\n<meta name=\"twitter:label1\" content=\"Tiempo de lectura\" \/>\n\t<meta name=\"twitter:data1\" content=\"2 minutos\" \/>\n<script type=\"application\/ld+json\" class=\"yoast-schema-graph\">{\"@context\":\"https:\/\/schema.org\",\"@graph\":[{\"@type\":\"WebPage\",\"@id\":\"https:\/\/1sc.org\/es\/estafas-por-correo-electronico\/estafa-de-confirmacion-de-pedido\/\",\"url\":\"https:\/\/1sc.org\/es\/estafas-por-correo-electronico\/estafa-de-confirmacion-de-pedido\/\",\"name\":\"Estafa de confirmaci\u00f3n de pedido por correo electr\u00f3nico\",\"isPartOf\":{\"@id\":\"https:\/\/1sc.org\/es\/#website\"},\"primaryImageOfPage\":{\"@id\":\"https:\/\/1sc.org\/es\/estafas-por-correo-electronico\/estafa-de-confirmacion-de-pedido\/#primaryimage\"},\"image\":{\"@id\":\"https:\/\/1sc.org\/es\/estafas-por-correo-electronico\/estafa-de-confirmacion-de-pedido\/#primaryimage\"},\"thumbnailUrl\":\"https:\/\/1sc.org\/es\/wp-content\/uploads\/sites\/2\/2022\/07\/image-11.png\",\"datePublished\":\"2022-07-20T13:08:27+00:00\",\"dateModified\":\"2022-07-20T13:09:14+00:00\",\"description\":\"Los estafadores env\u00edan una confirmaci\u00f3n de pedido falsa por correo electr\u00f3nico. Te piden que abras la factura pero no es m\u00e1s que un virus\",\"breadcrumb\":{\"@id\":\"https:\/\/1sc.org\/es\/estafas-por-correo-electronico\/estafa-de-confirmacion-de-pedido\/#breadcrumb\"},\"inLanguage\":\"es\",\"potentialAction\":[{\"@type\":\"ReadAction\",\"target\":[\"https:\/\/1sc.org\/es\/estafas-por-correo-electronico\/estafa-de-confirmacion-de-pedido\/\"]}]},{\"@type\":\"ImageObject\",\"inLanguage\":\"es\",\"@id\":\"https:\/\/1sc.org\/es\/estafas-por-correo-electronico\/estafa-de-confirmacion-de-pedido\/#primaryimage\",\"url\":\"https:\/\/1sc.org\/es\/wp-content\/uploads\/sites\/2\/2022\/07\/image-11.png\",\"contentUrl\":\"https:\/\/1sc.org\/es\/wp-content\/uploads\/sites\/2\/2022\/07\/image-11.png\",\"width\":300,\"height\":200},{\"@type\":\"BreadcrumbList\",\"@id\":\"https:\/\/1sc.org\/es\/estafas-por-correo-electronico\/estafa-de-confirmacion-de-pedido\/#breadcrumb\",\"itemListElement\":[{\"@type\":\"ListItem\",\"position\":1,\"name\":\"Home\",\"item\":\"https:\/\/1sc.org\/es\/\"},{\"@type\":\"ListItem\",\"position\":2,\"name\":\"Estafas por correo electr\u00f3nico\",\"item\":\"https:\/\/1sc.org\/es\/estafas-por-correo-electronico\/\"},{\"@type\":\"ListItem\",\"position\":3,\"name\":\"Estafa de confirmaci\u00f3n de pedido\"}]},{\"@type\":\"WebSite\",\"@id\":\"https:\/\/1sc.org\/es\/#website\",\"url\":\"https:\/\/1sc.org\/es\/\",\"name\":\"Estafas por internet\",\"description\":\"\u00a1Prevenci\u00f3n de estafas en Internet!\",\"publisher\":{\"@id\":\"https:\/\/1sc.org\/es\/#organization\"},\"potentialAction\":[{\"@type\":\"SearchAction\",\"target\":{\"@type\":\"EntryPoint\",\"urlTemplate\":\"https:\/\/1sc.org\/es\/?s={search_term_string}\"},\"query-input\":{\"@type\":\"PropertyValueSpecification\",\"valueRequired\":true,\"valueName\":\"search_term_string\"}}],\"inLanguage\":\"es\"},{\"@type\":\"Organization\",\"@id\":\"https:\/\/1sc.org\/es\/#organization\",\"name\":\"Soruxa\",\"url\":\"https:\/\/1sc.org\/es\/\",\"logo\":{\"@type\":\"ImageObject\",\"inLanguage\":\"es\",\"@id\":\"https:\/\/1sc.org\/es\/#\/schema\/logo\/image\/\",\"url\":\"https:\/\/1sc.org\/es\/wp-content\/uploads\/sites\/2\/2022\/12\/logoSoruxa.png\",\"contentUrl\":\"https:\/\/1sc.org\/es\/wp-content\/uploads\/sites\/2\/2022\/12\/logoSoruxa.png\",\"width\":388,\"height\":391,\"caption\":\"Soruxa\"},\"image\":{\"@id\":\"https:\/\/1sc.org\/es\/#\/schema\/logo\/image\/\"}}]}<\/script>\n<!-- \/ Yoast SEO plugin. -->","yoast_head_json":{"title":"Estafa de confirmaci\u00f3n de pedido por correo electr\u00f3nico","description":"Los estafadores env\u00edan una confirmaci\u00f3n de pedido falsa por correo electr\u00f3nico. Te piden que abras la factura pero no es m\u00e1s que un virus","robots":{"index":"index","follow":"follow","max-snippet":"max-snippet:-1","max-image-preview":"max-image-preview:large","max-video-preview":"max-video-preview:-1"},"canonical":"https:\/\/1sc.org\/es\/estafas-por-correo-electronico\/estafa-de-confirmacion-de-pedido\/","og_locale":"es_ES","og_type":"article","og_title":"Estafa de confirmaci\u00f3n de pedido por correo electr\u00f3nico","og_description":"Los estafadores env\u00edan una confirmaci\u00f3n de pedido falsa por correo electr\u00f3nico. Te piden que abras la factura pero no es m\u00e1s que un virus","og_url":"https:\/\/1sc.org\/es\/estafas-por-correo-electronico\/estafa-de-confirmacion-de-pedido\/","og_site_name":"Estafas por internet","article_modified_time":"2022-07-20T13:09:14+00:00","og_image":[{"url":"https:\/\/1sc.org\/es\/wp-content\/uploads\/sites\/2\/2022\/07\/image-11.png","type":"","width":"","height":""}],"twitter_card":"summary_large_image","twitter_misc":{"Tiempo de lectura":"2 minutos"},"schema":{"@context":"https:\/\/schema.org","@graph":[{"@type":"WebPage","@id":"https:\/\/1sc.org\/es\/estafas-por-correo-electronico\/estafa-de-confirmacion-de-pedido\/","url":"https:\/\/1sc.org\/es\/estafas-por-correo-electronico\/estafa-de-confirmacion-de-pedido\/","name":"Estafa de confirmaci\u00f3n de pedido por correo electr\u00f3nico","isPartOf":{"@id":"https:\/\/1sc.org\/es\/#website"},"primaryImageOfPage":{"@id":"https:\/\/1sc.org\/es\/estafas-por-correo-electronico\/estafa-de-confirmacion-de-pedido\/#primaryimage"},"image":{"@id":"https:\/\/1sc.org\/es\/estafas-por-correo-electronico\/estafa-de-confirmacion-de-pedido\/#primaryimage"},"thumbnailUrl":"https:\/\/1sc.org\/es\/wp-content\/uploads\/sites\/2\/2022\/07\/image-11.png","datePublished":"2022-07-20T13:08:27+00:00","dateModified":"2022-07-20T13:09:14+00:00","description":"Los estafadores env\u00edan una confirmaci\u00f3n de pedido falsa por correo electr\u00f3nico. Te piden que abras la factura pero no es m\u00e1s que un virus","breadcrumb":{"@id":"https:\/\/1sc.org\/es\/estafas-por-correo-electronico\/estafa-de-confirmacion-de-pedido\/#breadcrumb"},"inLanguage":"es","potentialAction":[{"@type":"ReadAction","target":["https:\/\/1sc.org\/es\/estafas-por-correo-electronico\/estafa-de-confirmacion-de-pedido\/"]}]},{"@type":"ImageObject","inLanguage":"es","@id":"https:\/\/1sc.org\/es\/estafas-por-correo-electronico\/estafa-de-confirmacion-de-pedido\/#primaryimage","url":"https:\/\/1sc.org\/es\/wp-content\/uploads\/sites\/2\/2022\/07\/image-11.png","contentUrl":"https:\/\/1sc.org\/es\/wp-content\/uploads\/sites\/2\/2022\/07\/image-11.png","width":300,"height":200},{"@type":"BreadcrumbList","@id":"https:\/\/1sc.org\/es\/estafas-por-correo-electronico\/estafa-de-confirmacion-de-pedido\/#breadcrumb","itemListElement":[{"@type":"ListItem","position":1,"name":"Home","item":"https:\/\/1sc.org\/es\/"},{"@type":"ListItem","position":2,"name":"Estafas por correo electr\u00f3nico","item":"https:\/\/1sc.org\/es\/estafas-por-correo-electronico\/"},{"@type":"ListItem","position":3,"name":"Estafa de confirmaci\u00f3n de pedido"}]},{"@type":"WebSite","@id":"https:\/\/1sc.org\/es\/#website","url":"https:\/\/1sc.org\/es\/","name":"Estafas por internet","description":"\u00a1Prevenci\u00f3n de estafas en Internet!","publisher":{"@id":"https:\/\/1sc.org\/es\/#organization"},"potentialAction":[{"@type":"SearchAction","target":{"@type":"EntryPoint","urlTemplate":"https:\/\/1sc.org\/es\/?s={search_term_string}"},"query-input":{"@type":"PropertyValueSpecification","valueRequired":true,"valueName":"search_term_string"}}],"inLanguage":"es"},{"@type":"Organization","@id":"https:\/\/1sc.org\/es\/#organization","name":"Soruxa","url":"https:\/\/1sc.org\/es\/","logo":{"@type":"ImageObject","inLanguage":"es","@id":"https:\/\/1sc.org\/es\/#\/schema\/logo\/image\/","url":"https:\/\/1sc.org\/es\/wp-content\/uploads\/sites\/2\/2022\/12\/logoSoruxa.png","contentUrl":"https:\/\/1sc.org\/es\/wp-content\/uploads\/sites\/2\/2022\/12\/logoSoruxa.png","width":388,"height":391,"caption":"Soruxa"},"image":{"@id":"https:\/\/1sc.org\/es\/#\/schema\/logo\/image\/"}}]}},"_links":{"self":[{"href":"https:\/\/1sc.org\/es\/wp-json\/wp\/v2\/pages\/84","targetHints":{"allow":["GET"]}}],"collection":[{"href":"https:\/\/1sc.org\/es\/wp-json\/wp\/v2\/pages"}],"about":[{"href":"https:\/\/1sc.org\/es\/wp-json\/wp\/v2\/types\/page"}],"author":[{"embeddable":true,"href":"https:\/\/1sc.org\/es\/wp-json\/wp\/v2\/users\/1"}],"replies":[{"embeddable":true,"href":"https:\/\/1sc.org\/es\/wp-json\/wp\/v2\/comments?post=84"}],"version-history":[{"count":2,"href":"https:\/\/1sc.org\/es\/wp-json\/wp\/v2\/pages\/84\/revisions"}],"predecessor-version":[{"id":88,"href":"https:\/\/1sc.org\/es\/wp-json\/wp\/v2\/pages\/84\/revisions\/88"}],"up":[{"embeddable":true,"href":"https:\/\/1sc.org\/es\/wp-json\/wp\/v2\/pages\/32"}],"wp:attachment":[{"href":"https:\/\/1sc.org\/es\/wp-json\/wp\/v2\/media?parent=84"}],"curies":[{"name":"wp","href":"https:\/\/api.w.org\/{rel}","templated":true}]}}