{"id":79,"date":"2022-07-20T13:52:54","date_gmt":"2022-07-20T12:52:54","guid":{"rendered":"https:\/\/1sc.org\/es\/?page_id=79"},"modified":"2022-12-30T20:04:25","modified_gmt":"2022-12-30T19:04:25","slug":"estafa-de-contrasena-pirateada","status":"publish","type":"page","link":"https:\/\/1sc.org\/es\/estafas-por-correo-electronico\/estafa-de-contrasena-pirateada\/","title":{"rendered":"Estafa de contrase\u00f1a pirateada"},"content":{"rendered":"\n<h2 class=\"wp-block-heading\">Su contrase\u00f1a le es enviada por correo electr\u00f3nico por una persona desconocida que exige un rescate<\/h2>\n\n\n\n<p>Una persona desconocida afirma haber pirateado su computadora y luego le env\u00eda su contrase\u00f1a por correo electr\u00f3nico. \u00a1La amenaza parece muy real! Porque es de hecho su contrase\u00f1a.<\/p>\n\n\n\n<p>Esta persona luego afirma que tiene informaci\u00f3n comprometedora sobre usted. Luego te pide un rescate a cambio de su silencio. Este rescate en forma de bitcoin vence dentro de las 48 horas.<\/p>\n\n\n\n<h3 class=\"wp-block-heading\">Una estafa bien hecha<\/h3>\n\n\n\n<p>\u00a1No entrar en p\u00e1nico! Porque en una inspecci\u00f3n m\u00e1s cercana, sin duda hay un detalle que est\u00e1 mal.<\/p>\n\n\n\n<p>\u00bfQu\u00e9 pasa con la contrase\u00f1a en s\u00ed? De hecho, es su contrase\u00f1a. O m\u00e1s bien, \u00bfno ser\u00eda justo decir: esa era tu contrase\u00f1a?<\/p>\n\n\n<div class=\"wp-block-image\">\n<figure class=\"alignright size-full\"><img loading=\"lazy\" decoding=\"async\" width=\"300\" height=\"200\" src=\"https:\/\/1sc.org\/es\/wp-content\/uploads\/sites\/2\/2022\/12\/image-6.png\" alt=\"contrase\u00f1a\" class=\"wp-image-160\"\/><figcaption class=\"wp-element-caption\">Cr\u00e9dito: Marco Verch<\/figcaption><\/figure>\n<\/div>\n\n\n<p>Porque, a menos que no la hayas cambiado durante a\u00f1os, la contrase\u00f1a anunciada en el correo electr\u00f3nico ya no es la que usas hoy.<\/p>\n\n\n\n<p>De hecho, los ladrones se han apoderado de una lista de contrase\u00f1as pirateadas. Luego env\u00edan correos electr\u00f3nicos a todos los que figuran en la lista afirmando tener sus contrase\u00f1as.<\/p>\n\n\n\n<p>Luego usan t\u00e9cnicas cl\u00e1sicas de estafa. Considere por ejemplo: asustar al destinatario, no darle tiempo para pensar, hacerle creer que no hay otra salida. \u00a1No pagues rescate!<\/p>\n\n\n\n<h3 class=\"wp-block-heading\">Evita esta estafa<\/h3>\n\n\n\n<p>Para reducir los riesgos, siga los consejos habituales con respecto a las contrase\u00f1as:<\/p>\n\n\n\n<ul class=\"wp-block-list\">\n<li>Use una contrase\u00f1a diferente para cada sitio web o aplicaci\u00f3n <\/li>\n\n\n\n<li>Cambiar la contrase\u00f1a regularmente<\/li>\n<\/ul>\n\n\n\n<p>A continuaci\u00f3n se muestra un ejemplo de tales correos electr\u00f3nicos.<\/p>\n\n\n\n<h3 class=\"wp-block-heading\">Ejemplo de correos electr\u00f3nicos de estafa de contrase\u00f1a pirateada<\/h3>\n\n\n\n<p><strong><em>Objeto: Alerta de seguridad. Tu cuenta ha sido hackeada. La contrase\u00f1a *** debe cambiarse.<\/em><\/strong><\/p>\n\n\n\n<p><em>\u00a1Hola! Soy un programador que descifr\u00f3 su cuenta de correo electr\u00f3nico y su dispositivo hace aproximadamente medio a\u00f1o. Ingres\u00f3 una contrase\u00f1a en uno de los sitios inseguros que visit\u00f3 y la atrap\u00e9. Su contrase\u00f1a de xxx@xxx.com en el momento del crack: ***<\/em><\/p>\n\n\n\n<p><em>Por supuesto que puedes cambiar tu contrase\u00f1a, o ya la hiciste. Pero no importa, mi software de rata lo actualiza cada vez. Por favor, no intentes contactarme o encontrarme, es imposible, ya que te envi\u00e9 un correo electr\u00f3nico desde tu cuenta de correo electr\u00f3nico.<\/em><\/p>\n\n\n\n<p><em>A trav\u00e9s de su correo electr\u00f3nico, sub\u00ed un c\u00f3digo malicioso a su Sistema Operativo. Guard\u00e9 todos sus contactos con amigos, colegas, familiares y un historial completo de visitas a los recursos de Internet.<\/em><\/p>\n\n\n\n<p><em>Tambi\u00e9n instal\u00e9 un software de rata en su dispositivo y espi\u00e9 durante mucho tiempo para usted. No eres mi \u00fanica v\u00edctima, suelo bloquear dispositivos y pedir un rescate. Pero me llamaron la atenci\u00f3n los sitios de contenido \u00edntimo que visitas con mucha frecuencia. \u00a1Estoy en estado de shock por tus fantas\u00edas de alcance! \u00a1Guau! \u00a1Nunca hab\u00eda visto algo as\u00ed! \u00a1Ni siquiera sab\u00eda que TAL contenido podr\u00eda ser tan emocionante!<\/em><\/p>\n\n\n\n<p><em>Entonces, cuando te divertiste en los sitios \u00edntimos (\u00a1sabes a lo que me refiero!) Hice una captura de pantalla usando mi programa desde la c\u00e1mara de tu dispositivo. Despu\u00e9s de eso, los un\u00ed al contenido del sitio que se est\u00e1 viendo actualmente. \u00a1Ser\u00e1 gracioso cuando env\u00ede estas fotos a tus contactos! \u00bfY si tus familiares lo ven?<\/em><\/p>\n\n\n\n<p><em>PERO estoy seguro de que no lo quieres. Definitivamente no me gustar\u00eda\u2026 No har\u00e9 esto si me pagas una peque\u00f1a cantidad. \u00a1Y creo que $820 es un buen precio! Acepto solo Bitcoins. Mi billetera BTC: 1PcFYw7PQKUnj6RxqVwZ4TFuwWUPTyECKQ<\/em><\/p>\n\n\n\n<p><em>Si tiene dificultades con esto, preg\u00fantele a Google \u00abc\u00f3mo hacer un pago en una billetera bitcoin\u00bb. Es f\u00e1cil. Despu\u00e9s de recibir la cantidad anterior, todos sus datos se eliminar\u00e1n inmediatamente de forma autom\u00e1tica.<\/em><\/p>\n\n\n\n<p><em>Mi virus tambi\u00e9n se destruir\u00e1 a s\u00ed mismo de su sistema operativo. Mi troyano tiene una alerta autom\u00e1tica, despu\u00e9s de mirar este correo electr\u00f3nico, \u00a1lo sabr\u00e9! Tienes 2 d\u00edas (48 horas) para realizar el pago. Si esto no sucede, \u00a1todos tus contactos obtendr\u00e1n disparos locos con tu vida sucia!<\/em><\/p>\n\n\n\n<p><em>Y para que no me obstruya, su dispositivo se bloquear\u00e1 (tambi\u00e9n despu\u00e9s de 48 horas) \u00a1No tome esto a la ligera! \u00a1Esta es la \u00faltima advertencia! Varios servicios de seguridad o antivirus no te ayudar\u00e1n con seguridad (ya he recopilado todos tus datos).<\/em><\/p>\n\n\n\n<p><em>Estas son las recomendaciones de un profesional: Los antivirus no ayudan contra los c\u00f3digos maliciosos modernos. \u00a1Simplemente no ingrese sus contrase\u00f1as en sitios inseguros! Espero que seas prudente. Adi\u00f3s.<\/em><\/p>\n","protected":false},"excerpt":{"rendered":"<p>Su contrase\u00f1a le es enviada por correo electr\u00f3nico por una persona desconocida que exige un rescate Una persona desconocida afirma haber pirateado su computadora y luego le env\u00eda su contrase\u00f1a por correo electr\u00f3nico. \u00a1La amenaza parece muy real! Porque es de hecho su contrase\u00f1a. Esta persona luego afirma que tiene informaci\u00f3n comprometedora sobre usted. Luego &hellip; <a href=\"https:\/\/1sc.org\/es\/estafas-por-correo-electronico\/estafa-de-contrasena-pirateada\/\" class=\"more-link\">Sigue leyendo <span class=\"screen-reader-text\">Estafa de contrase\u00f1a pirateada<\/span><\/a><\/p>\n","protected":false},"author":1,"featured_media":0,"parent":32,"menu_order":1,"comment_status":"open","ping_status":"closed","template":"","meta":{"footnotes":""},"class_list":["post-79","page","type-page","status-publish","hentry"],"yoast_head":"<!-- This site is optimized with the Yoast SEO plugin v26.7 - https:\/\/yoast.com\/wordpress\/plugins\/seo\/ -->\n<title>Estafa de contrase\u00f1a pirateada: \u00bfsu contrase\u00f1a ha sido pirateada?<\/title>\n<meta name=\"description\" content=\"Una persona desconocida te pide un rescate en bitcoins por no revelar datos inconvenientes despu\u00e9s de enviar tu contrase\u00f1a pirateada %\" \/>\n<meta name=\"robots\" content=\"index, follow, max-snippet:-1, max-image-preview:large, max-video-preview:-1\" \/>\n<link rel=\"canonical\" href=\"https:\/\/1sc.org\/es\/estafas-por-correo-electronico\/estafa-de-contrasena-pirateada\/\" \/>\n<meta property=\"og:locale\" content=\"es_ES\" \/>\n<meta property=\"og:type\" content=\"article\" \/>\n<meta property=\"og:title\" content=\"Estafa de contrase\u00f1a pirateada: \u00bfsu contrase\u00f1a ha sido pirateada?\" \/>\n<meta property=\"og:description\" content=\"Una persona desconocida te pide un rescate en bitcoins por no revelar datos inconvenientes despu\u00e9s de enviar tu contrase\u00f1a pirateada %\" \/>\n<meta property=\"og:url\" content=\"https:\/\/1sc.org\/es\/estafas-por-correo-electronico\/estafa-de-contrasena-pirateada\/\" \/>\n<meta property=\"og:site_name\" content=\"Estafas por internet\" \/>\n<meta property=\"article:modified_time\" content=\"2022-12-30T19:04:25+00:00\" \/>\n<meta property=\"og:image\" content=\"https:\/\/1sc.org\/es\/wp-content\/uploads\/sites\/2\/2022\/12\/image-6.png\" \/>\n<meta name=\"twitter:card\" content=\"summary_large_image\" \/>\n<meta name=\"twitter:label1\" content=\"Tiempo de lectura\" \/>\n\t<meta name=\"twitter:data1\" content=\"4 minutos\" \/>\n<script type=\"application\/ld+json\" class=\"yoast-schema-graph\">{\"@context\":\"https:\/\/schema.org\",\"@graph\":[{\"@type\":\"WebPage\",\"@id\":\"https:\/\/1sc.org\/es\/estafas-por-correo-electronico\/estafa-de-contrasena-pirateada\/\",\"url\":\"https:\/\/1sc.org\/es\/estafas-por-correo-electronico\/estafa-de-contrasena-pirateada\/\",\"name\":\"Estafa de contrase\u00f1a pirateada: \u00bfsu contrase\u00f1a ha sido pirateada?\",\"isPartOf\":{\"@id\":\"https:\/\/1sc.org\/es\/#website\"},\"primaryImageOfPage\":{\"@id\":\"https:\/\/1sc.org\/es\/estafas-por-correo-electronico\/estafa-de-contrasena-pirateada\/#primaryimage\"},\"image\":{\"@id\":\"https:\/\/1sc.org\/es\/estafas-por-correo-electronico\/estafa-de-contrasena-pirateada\/#primaryimage\"},\"thumbnailUrl\":\"https:\/\/1sc.org\/es\/wp-content\/uploads\/sites\/2\/2022\/12\/image-6.png\",\"datePublished\":\"2022-07-20T12:52:54+00:00\",\"dateModified\":\"2022-12-30T19:04:25+00:00\",\"description\":\"Una persona desconocida te pide un rescate en bitcoins por no revelar datos inconvenientes despu\u00e9s de enviar tu contrase\u00f1a pirateada %\",\"breadcrumb\":{\"@id\":\"https:\/\/1sc.org\/es\/estafas-por-correo-electronico\/estafa-de-contrasena-pirateada\/#breadcrumb\"},\"inLanguage\":\"es\",\"potentialAction\":[{\"@type\":\"ReadAction\",\"target\":[\"https:\/\/1sc.org\/es\/estafas-por-correo-electronico\/estafa-de-contrasena-pirateada\/\"]}]},{\"@type\":\"ImageObject\",\"inLanguage\":\"es\",\"@id\":\"https:\/\/1sc.org\/es\/estafas-por-correo-electronico\/estafa-de-contrasena-pirateada\/#primaryimage\",\"url\":\"https:\/\/1sc.org\/es\/wp-content\/uploads\/sites\/2\/2022\/12\/image-6.png\",\"contentUrl\":\"https:\/\/1sc.org\/es\/wp-content\/uploads\/sites\/2\/2022\/12\/image-6.png\",\"width\":300,\"height\":200},{\"@type\":\"BreadcrumbList\",\"@id\":\"https:\/\/1sc.org\/es\/estafas-por-correo-electronico\/estafa-de-contrasena-pirateada\/#breadcrumb\",\"itemListElement\":[{\"@type\":\"ListItem\",\"position\":1,\"name\":\"Home\",\"item\":\"https:\/\/1sc.org\/es\/\"},{\"@type\":\"ListItem\",\"position\":2,\"name\":\"Estafas por correo electr\u00f3nico\",\"item\":\"https:\/\/1sc.org\/es\/estafas-por-correo-electronico\/\"},{\"@type\":\"ListItem\",\"position\":3,\"name\":\"Estafa de contrase\u00f1a pirateada\"}]},{\"@type\":\"WebSite\",\"@id\":\"https:\/\/1sc.org\/es\/#website\",\"url\":\"https:\/\/1sc.org\/es\/\",\"name\":\"Estafas por internet\",\"description\":\"\u00a1Prevenci\u00f3n de estafas en Internet!\",\"publisher\":{\"@id\":\"https:\/\/1sc.org\/es\/#organization\"},\"potentialAction\":[{\"@type\":\"SearchAction\",\"target\":{\"@type\":\"EntryPoint\",\"urlTemplate\":\"https:\/\/1sc.org\/es\/?s={search_term_string}\"},\"query-input\":{\"@type\":\"PropertyValueSpecification\",\"valueRequired\":true,\"valueName\":\"search_term_string\"}}],\"inLanguage\":\"es\"},{\"@type\":\"Organization\",\"@id\":\"https:\/\/1sc.org\/es\/#organization\",\"name\":\"Soruxa\",\"url\":\"https:\/\/1sc.org\/es\/\",\"logo\":{\"@type\":\"ImageObject\",\"inLanguage\":\"es\",\"@id\":\"https:\/\/1sc.org\/es\/#\/schema\/logo\/image\/\",\"url\":\"https:\/\/1sc.org\/es\/wp-content\/uploads\/sites\/2\/2022\/12\/logoSoruxa.png\",\"contentUrl\":\"https:\/\/1sc.org\/es\/wp-content\/uploads\/sites\/2\/2022\/12\/logoSoruxa.png\",\"width\":388,\"height\":391,\"caption\":\"Soruxa\"},\"image\":{\"@id\":\"https:\/\/1sc.org\/es\/#\/schema\/logo\/image\/\"}}]}<\/script>\n<!-- \/ Yoast SEO plugin. -->","yoast_head_json":{"title":"Estafa de contrase\u00f1a pirateada: \u00bfsu contrase\u00f1a ha sido pirateada?","description":"Una persona desconocida te pide un rescate en bitcoins por no revelar datos inconvenientes despu\u00e9s de enviar tu contrase\u00f1a pirateada %","robots":{"index":"index","follow":"follow","max-snippet":"max-snippet:-1","max-image-preview":"max-image-preview:large","max-video-preview":"max-video-preview:-1"},"canonical":"https:\/\/1sc.org\/es\/estafas-por-correo-electronico\/estafa-de-contrasena-pirateada\/","og_locale":"es_ES","og_type":"article","og_title":"Estafa de contrase\u00f1a pirateada: \u00bfsu contrase\u00f1a ha sido pirateada?","og_description":"Una persona desconocida te pide un rescate en bitcoins por no revelar datos inconvenientes despu\u00e9s de enviar tu contrase\u00f1a pirateada %","og_url":"https:\/\/1sc.org\/es\/estafas-por-correo-electronico\/estafa-de-contrasena-pirateada\/","og_site_name":"Estafas por internet","article_modified_time":"2022-12-30T19:04:25+00:00","og_image":[{"url":"https:\/\/1sc.org\/es\/wp-content\/uploads\/sites\/2\/2022\/12\/image-6.png","type":"","width":"","height":""}],"twitter_card":"summary_large_image","twitter_misc":{"Tiempo de lectura":"4 minutos"},"schema":{"@context":"https:\/\/schema.org","@graph":[{"@type":"WebPage","@id":"https:\/\/1sc.org\/es\/estafas-por-correo-electronico\/estafa-de-contrasena-pirateada\/","url":"https:\/\/1sc.org\/es\/estafas-por-correo-electronico\/estafa-de-contrasena-pirateada\/","name":"Estafa de contrase\u00f1a pirateada: \u00bfsu contrase\u00f1a ha sido pirateada?","isPartOf":{"@id":"https:\/\/1sc.org\/es\/#website"},"primaryImageOfPage":{"@id":"https:\/\/1sc.org\/es\/estafas-por-correo-electronico\/estafa-de-contrasena-pirateada\/#primaryimage"},"image":{"@id":"https:\/\/1sc.org\/es\/estafas-por-correo-electronico\/estafa-de-contrasena-pirateada\/#primaryimage"},"thumbnailUrl":"https:\/\/1sc.org\/es\/wp-content\/uploads\/sites\/2\/2022\/12\/image-6.png","datePublished":"2022-07-20T12:52:54+00:00","dateModified":"2022-12-30T19:04:25+00:00","description":"Una persona desconocida te pide un rescate en bitcoins por no revelar datos inconvenientes despu\u00e9s de enviar tu contrase\u00f1a pirateada %","breadcrumb":{"@id":"https:\/\/1sc.org\/es\/estafas-por-correo-electronico\/estafa-de-contrasena-pirateada\/#breadcrumb"},"inLanguage":"es","potentialAction":[{"@type":"ReadAction","target":["https:\/\/1sc.org\/es\/estafas-por-correo-electronico\/estafa-de-contrasena-pirateada\/"]}]},{"@type":"ImageObject","inLanguage":"es","@id":"https:\/\/1sc.org\/es\/estafas-por-correo-electronico\/estafa-de-contrasena-pirateada\/#primaryimage","url":"https:\/\/1sc.org\/es\/wp-content\/uploads\/sites\/2\/2022\/12\/image-6.png","contentUrl":"https:\/\/1sc.org\/es\/wp-content\/uploads\/sites\/2\/2022\/12\/image-6.png","width":300,"height":200},{"@type":"BreadcrumbList","@id":"https:\/\/1sc.org\/es\/estafas-por-correo-electronico\/estafa-de-contrasena-pirateada\/#breadcrumb","itemListElement":[{"@type":"ListItem","position":1,"name":"Home","item":"https:\/\/1sc.org\/es\/"},{"@type":"ListItem","position":2,"name":"Estafas por correo electr\u00f3nico","item":"https:\/\/1sc.org\/es\/estafas-por-correo-electronico\/"},{"@type":"ListItem","position":3,"name":"Estafa de contrase\u00f1a pirateada"}]},{"@type":"WebSite","@id":"https:\/\/1sc.org\/es\/#website","url":"https:\/\/1sc.org\/es\/","name":"Estafas por internet","description":"\u00a1Prevenci\u00f3n de estafas en Internet!","publisher":{"@id":"https:\/\/1sc.org\/es\/#organization"},"potentialAction":[{"@type":"SearchAction","target":{"@type":"EntryPoint","urlTemplate":"https:\/\/1sc.org\/es\/?s={search_term_string}"},"query-input":{"@type":"PropertyValueSpecification","valueRequired":true,"valueName":"search_term_string"}}],"inLanguage":"es"},{"@type":"Organization","@id":"https:\/\/1sc.org\/es\/#organization","name":"Soruxa","url":"https:\/\/1sc.org\/es\/","logo":{"@type":"ImageObject","inLanguage":"es","@id":"https:\/\/1sc.org\/es\/#\/schema\/logo\/image\/","url":"https:\/\/1sc.org\/es\/wp-content\/uploads\/sites\/2\/2022\/12\/logoSoruxa.png","contentUrl":"https:\/\/1sc.org\/es\/wp-content\/uploads\/sites\/2\/2022\/12\/logoSoruxa.png","width":388,"height":391,"caption":"Soruxa"},"image":{"@id":"https:\/\/1sc.org\/es\/#\/schema\/logo\/image\/"}}]}},"_links":{"self":[{"href":"https:\/\/1sc.org\/es\/wp-json\/wp\/v2\/pages\/79","targetHints":{"allow":["GET"]}}],"collection":[{"href":"https:\/\/1sc.org\/es\/wp-json\/wp\/v2\/pages"}],"about":[{"href":"https:\/\/1sc.org\/es\/wp-json\/wp\/v2\/types\/page"}],"author":[{"embeddable":true,"href":"https:\/\/1sc.org\/es\/wp-json\/wp\/v2\/users\/1"}],"replies":[{"embeddable":true,"href":"https:\/\/1sc.org\/es\/wp-json\/wp\/v2\/comments?post=79"}],"version-history":[{"count":3,"href":"https:\/\/1sc.org\/es\/wp-json\/wp\/v2\/pages\/79\/revisions"}],"predecessor-version":[{"id":163,"href":"https:\/\/1sc.org\/es\/wp-json\/wp\/v2\/pages\/79\/revisions\/163"}],"up":[{"embeddable":true,"href":"https:\/\/1sc.org\/es\/wp-json\/wp\/v2\/pages\/32"}],"wp:attachment":[{"href":"https:\/\/1sc.org\/es\/wp-json\/wp\/v2\/media?parent=79"}],"curies":[{"name":"wp","href":"https:\/\/api.w.org\/{rel}","templated":true}]}}