{"id":74,"date":"2022-07-19T14:23:59","date_gmt":"2022-07-19T13:23:59","guid":{"rendered":"https:\/\/1sc.org\/es\/?page_id=74"},"modified":"2022-07-19T14:25:14","modified_gmt":"2022-07-19T13:25:14","slug":"estafa-de-prestamo","status":"publish","type":"page","link":"https:\/\/1sc.org\/es\/estafa-en-internet\/estafa-de-prestamo\/","title":{"rendered":"Estafa de pr\u00e9stamo"},"content":{"rendered":"\n<h2 class=\"wp-block-heading\">En una estafa de pr\u00e9stamo, un estafador le har\u00e1 creer que puede prestar, pero primero le pedir\u00e1 dinero.<\/h2>\n\n\n\n<p>Un pr\u00e9stamo de dinero es una operaci\u00f3n financiera supervisada que est\u00e1 reservada a los bancos o gobiernos.<\/p>\n\n\n\n<p>Si est\u00e1 buscando un pr\u00e9stamo, debe evitar <a href=\"https:\/\/1sc.org\/es\/estafa-en-internet\/\">los sitios web<\/a> de organismos desconocidos. Incluso si estas organizaciones justifican no ser famosos en su pa\u00eds como supuestamente de pa\u00edses extranjeros. Para intentar convenceros, tambi\u00e9n argumentar\u00e1n que son aut\u00e9nticas instituciones en sus pa\u00edses de origen. Huye tambi\u00e9n de forma espont\u00e1nea de los correos electr\u00f3nicos que recibes y te prometen pr\u00e9stamos r\u00e1pidos y f\u00e1ciles.<\/p>\n\n\n<div class=\"wp-block-image\">\n<figure class=\"alignright size-full\"><img loading=\"lazy\" decoding=\"async\" width=\"300\" height=\"225\" src=\"https:\/\/1sc.org\/es\/wp-content\/uploads\/sites\/2\/2022\/07\/image-9.png\" alt=\"estafa de pr\u00e9stamo\" class=\"wp-image-75\"\/><figcaption>Cr\u00e9dito: Mediaphoto<\/figcaption><\/figure>\n<\/div>\n\n\n<p>En ambos casos &#8211; el sitio web de una organizaci\u00f3n falsa que pretende proponer pr\u00e9stamos o el correo electr\u00f3nico de un individuo &#8211; los estafadores primero aceptar\u00e1n otorgarle su pr\u00e9stamo. Pero luego, fingir\u00e1n que usted tiene que pagar tarifas administrativas u otras tarifas preliminares antes de que pueda recibir dinero. Si paga estas tarifas, habr\u00e1 otras tarifas, una y otra vez, hasta que deje de pagar y se d\u00e9 cuenta de que es una estafa. \u00a1Finalmente, perder\u00e1 dinero en lugar de obtener m\u00e1s!<\/p>\n\n\n\n<h3 class=\"wp-block-heading\">A continuaci\u00f3n se muestra un ejemplo de un correo electr\u00f3nico de estafa<\/h3>\n\n\n\n<p><em>Buen d\u00eda Se\u00f1or\/Se\u00f1ora!<br>\u00bfEst\u00e1 buscando un pr\u00e9stamo muy aut\u00e9ntico? \u00bfHa usted sido rechazado constantemente por sus bancos? \u00bfEst\u00e1 usted en dificultades financieras? \u00bfHan sido estafados por empresas de falso pr\u00e9stamo antes de? \u00bfNecesita un pr\u00e9stamo para pagar sus deudas, incluso si no tienes garant\u00eda? \u00bfTienes una mala tarjeta de cr\u00e9dito? \u00bfQuieres ampliar tu propio negocio? Ofrecemos todo tipo de pr\u00e9stamos a individuos, empresas y organizaciones que necesita el pr\u00e9stamo, a una tasa de inter\u00e9s del 2% y procesada dentro de 3 a 6 d\u00edas laborables.<br>Sin embargo, la cuesti\u00f3n de pr\u00e9stamo de fiar es un gran problema para los solicitantes de pr\u00e9stamo tanto en casa como en el extranjero. Express Finance pr\u00e9stamos Ltd es certificado, confiable, fiable, eficiente, r\u00e1pido y din\u00e1mico y hemos construido una excelente reputaci\u00f3n en los a\u00f1os en la prestaci\u00f3n de diversos tipos de pr\u00e9stamos a miles de clientes en todo el mundo. Tambi\u00e9n Recuerde que la estabilidad financiera es nuestra mayor preocupaci\u00f3n.<br>Si est\u00e1 interesado amablemente contacto con nosotros con esta direcci\u00f3n de correo electr\u00f3nico: xxx@outlook.com<br>Gracias, un juicio le convencer\u00e1.<br>Firmado:<br>Gesti\u00f3n.<\/em><\/p>\n","protected":false},"excerpt":{"rendered":"<p>En una estafa de pr\u00e9stamo, un estafador le har\u00e1 creer que puede prestar, pero primero le pedir\u00e1 dinero. Un pr\u00e9stamo de dinero es una operaci\u00f3n financiera supervisada que est\u00e1 reservada a los bancos o gobiernos. Si est\u00e1 buscando un pr\u00e9stamo, debe evitar los sitios web de organismos desconocidos. Incluso si estas organizaciones justifican no ser &hellip; <a href=\"https:\/\/1sc.org\/es\/estafa-en-internet\/estafa-de-prestamo\/\" class=\"more-link\">Sigue leyendo <span class=\"screen-reader-text\">Estafa de pr\u00e9stamo<\/span><\/a><\/p>\n","protected":false},"author":1,"featured_media":0,"parent":30,"menu_order":2,"comment_status":"open","ping_status":"closed","template":"","meta":{"footnotes":""},"class_list":["post-74","page","type-page","status-publish","hentry"],"yoast_head":"<!-- This site is optimized with the Yoast SEO plugin v26.7 - https:\/\/yoast.com\/wordpress\/plugins\/seo\/ -->\n<title>Un pr\u00e9stamo ofrecido en Internet es a menudo una estafa<\/title>\n<meta name=\"description\" content=\"Evite las estafas de pr\u00e9stamos en Internet. Descubra c\u00f3mo proceden los ladrones para hacerle creer que pueden ofrecerle un pr\u00e9stamo\" \/>\n<meta name=\"robots\" content=\"index, follow, max-snippet:-1, max-image-preview:large, max-video-preview:-1\" \/>\n<link rel=\"canonical\" href=\"https:\/\/1sc.org\/es\/estafa-en-internet\/estafa-de-prestamo\/\" \/>\n<meta property=\"og:locale\" content=\"es_ES\" \/>\n<meta property=\"og:type\" content=\"article\" \/>\n<meta property=\"og:title\" content=\"Un pr\u00e9stamo ofrecido en Internet es a menudo una estafa\" \/>\n<meta property=\"og:description\" content=\"Evite las estafas de pr\u00e9stamos en Internet. Descubra c\u00f3mo proceden los ladrones para hacerle creer que pueden ofrecerle un pr\u00e9stamo\" \/>\n<meta property=\"og:url\" content=\"https:\/\/1sc.org\/es\/estafa-en-internet\/estafa-de-prestamo\/\" \/>\n<meta property=\"og:site_name\" content=\"Estafas por internet\" \/>\n<meta property=\"article:modified_time\" content=\"2022-07-19T13:25:14+00:00\" \/>\n<meta property=\"og:image\" content=\"https:\/\/1sc.org\/es\/wp-content\/uploads\/sites\/2\/2022\/07\/image-9.png\" \/>\n<meta name=\"twitter:card\" content=\"summary_large_image\" \/>\n<meta name=\"twitter:label1\" content=\"Tiempo de lectura\" \/>\n\t<meta name=\"twitter:data1\" content=\"2 minutos\" \/>\n<script type=\"application\/ld+json\" class=\"yoast-schema-graph\">{\"@context\":\"https:\/\/schema.org\",\"@graph\":[{\"@type\":\"WebPage\",\"@id\":\"https:\/\/1sc.org\/es\/estafa-en-internet\/estafa-de-prestamo\/\",\"url\":\"https:\/\/1sc.org\/es\/estafa-en-internet\/estafa-de-prestamo\/\",\"name\":\"Un pr\u00e9stamo ofrecido en Internet es a menudo una estafa\",\"isPartOf\":{\"@id\":\"https:\/\/1sc.org\/es\/#website\"},\"primaryImageOfPage\":{\"@id\":\"https:\/\/1sc.org\/es\/estafa-en-internet\/estafa-de-prestamo\/#primaryimage\"},\"image\":{\"@id\":\"https:\/\/1sc.org\/es\/estafa-en-internet\/estafa-de-prestamo\/#primaryimage\"},\"thumbnailUrl\":\"https:\/\/1sc.org\/es\/wp-content\/uploads\/sites\/2\/2022\/07\/image-9.png\",\"datePublished\":\"2022-07-19T13:23:59+00:00\",\"dateModified\":\"2022-07-19T13:25:14+00:00\",\"description\":\"Evite las estafas de pr\u00e9stamos en Internet. Descubra c\u00f3mo proceden los ladrones para hacerle creer que pueden ofrecerle un pr\u00e9stamo\",\"breadcrumb\":{\"@id\":\"https:\/\/1sc.org\/es\/estafa-en-internet\/estafa-de-prestamo\/#breadcrumb\"},\"inLanguage\":\"es\",\"potentialAction\":[{\"@type\":\"ReadAction\",\"target\":[\"https:\/\/1sc.org\/es\/estafa-en-internet\/estafa-de-prestamo\/\"]}]},{\"@type\":\"ImageObject\",\"inLanguage\":\"es\",\"@id\":\"https:\/\/1sc.org\/es\/estafa-en-internet\/estafa-de-prestamo\/#primaryimage\",\"url\":\"https:\/\/1sc.org\/es\/wp-content\/uploads\/sites\/2\/2022\/07\/image-9.png\",\"contentUrl\":\"https:\/\/1sc.org\/es\/wp-content\/uploads\/sites\/2\/2022\/07\/image-9.png\",\"width\":300,\"height\":225},{\"@type\":\"BreadcrumbList\",\"@id\":\"https:\/\/1sc.org\/es\/estafa-en-internet\/estafa-de-prestamo\/#breadcrumb\",\"itemListElement\":[{\"@type\":\"ListItem\",\"position\":1,\"name\":\"Home\",\"item\":\"https:\/\/1sc.org\/es\/\"},{\"@type\":\"ListItem\",\"position\":2,\"name\":\"Estafa en internet\",\"item\":\"https:\/\/1sc.org\/es\/estafa-en-internet\/\"},{\"@type\":\"ListItem\",\"position\":3,\"name\":\"Estafa de pr\u00e9stamo\"}]},{\"@type\":\"WebSite\",\"@id\":\"https:\/\/1sc.org\/es\/#website\",\"url\":\"https:\/\/1sc.org\/es\/\",\"name\":\"Estafas por internet\",\"description\":\"\u00a1Prevenci\u00f3n de estafas en Internet!\",\"publisher\":{\"@id\":\"https:\/\/1sc.org\/es\/#organization\"},\"potentialAction\":[{\"@type\":\"SearchAction\",\"target\":{\"@type\":\"EntryPoint\",\"urlTemplate\":\"https:\/\/1sc.org\/es\/?s={search_term_string}\"},\"query-input\":{\"@type\":\"PropertyValueSpecification\",\"valueRequired\":true,\"valueName\":\"search_term_string\"}}],\"inLanguage\":\"es\"},{\"@type\":\"Organization\",\"@id\":\"https:\/\/1sc.org\/es\/#organization\",\"name\":\"Soruxa\",\"url\":\"https:\/\/1sc.org\/es\/\",\"logo\":{\"@type\":\"ImageObject\",\"inLanguage\":\"es\",\"@id\":\"https:\/\/1sc.org\/es\/#\/schema\/logo\/image\/\",\"url\":\"https:\/\/1sc.org\/es\/wp-content\/uploads\/sites\/2\/2022\/12\/logoSoruxa.png\",\"contentUrl\":\"https:\/\/1sc.org\/es\/wp-content\/uploads\/sites\/2\/2022\/12\/logoSoruxa.png\",\"width\":388,\"height\":391,\"caption\":\"Soruxa\"},\"image\":{\"@id\":\"https:\/\/1sc.org\/es\/#\/schema\/logo\/image\/\"}}]}<\/script>\n<!-- \/ Yoast SEO plugin. -->","yoast_head_json":{"title":"Un pr\u00e9stamo ofrecido en Internet es a menudo una estafa","description":"Evite las estafas de pr\u00e9stamos en Internet. Descubra c\u00f3mo proceden los ladrones para hacerle creer que pueden ofrecerle un pr\u00e9stamo","robots":{"index":"index","follow":"follow","max-snippet":"max-snippet:-1","max-image-preview":"max-image-preview:large","max-video-preview":"max-video-preview:-1"},"canonical":"https:\/\/1sc.org\/es\/estafa-en-internet\/estafa-de-prestamo\/","og_locale":"es_ES","og_type":"article","og_title":"Un pr\u00e9stamo ofrecido en Internet es a menudo una estafa","og_description":"Evite las estafas de pr\u00e9stamos en Internet. Descubra c\u00f3mo proceden los ladrones para hacerle creer que pueden ofrecerle un pr\u00e9stamo","og_url":"https:\/\/1sc.org\/es\/estafa-en-internet\/estafa-de-prestamo\/","og_site_name":"Estafas por internet","article_modified_time":"2022-07-19T13:25:14+00:00","og_image":[{"url":"https:\/\/1sc.org\/es\/wp-content\/uploads\/sites\/2\/2022\/07\/image-9.png","type":"","width":"","height":""}],"twitter_card":"summary_large_image","twitter_misc":{"Tiempo de lectura":"2 minutos"},"schema":{"@context":"https:\/\/schema.org","@graph":[{"@type":"WebPage","@id":"https:\/\/1sc.org\/es\/estafa-en-internet\/estafa-de-prestamo\/","url":"https:\/\/1sc.org\/es\/estafa-en-internet\/estafa-de-prestamo\/","name":"Un pr\u00e9stamo ofrecido en Internet es a menudo una estafa","isPartOf":{"@id":"https:\/\/1sc.org\/es\/#website"},"primaryImageOfPage":{"@id":"https:\/\/1sc.org\/es\/estafa-en-internet\/estafa-de-prestamo\/#primaryimage"},"image":{"@id":"https:\/\/1sc.org\/es\/estafa-en-internet\/estafa-de-prestamo\/#primaryimage"},"thumbnailUrl":"https:\/\/1sc.org\/es\/wp-content\/uploads\/sites\/2\/2022\/07\/image-9.png","datePublished":"2022-07-19T13:23:59+00:00","dateModified":"2022-07-19T13:25:14+00:00","description":"Evite las estafas de pr\u00e9stamos en Internet. Descubra c\u00f3mo proceden los ladrones para hacerle creer que pueden ofrecerle un pr\u00e9stamo","breadcrumb":{"@id":"https:\/\/1sc.org\/es\/estafa-en-internet\/estafa-de-prestamo\/#breadcrumb"},"inLanguage":"es","potentialAction":[{"@type":"ReadAction","target":["https:\/\/1sc.org\/es\/estafa-en-internet\/estafa-de-prestamo\/"]}]},{"@type":"ImageObject","inLanguage":"es","@id":"https:\/\/1sc.org\/es\/estafa-en-internet\/estafa-de-prestamo\/#primaryimage","url":"https:\/\/1sc.org\/es\/wp-content\/uploads\/sites\/2\/2022\/07\/image-9.png","contentUrl":"https:\/\/1sc.org\/es\/wp-content\/uploads\/sites\/2\/2022\/07\/image-9.png","width":300,"height":225},{"@type":"BreadcrumbList","@id":"https:\/\/1sc.org\/es\/estafa-en-internet\/estafa-de-prestamo\/#breadcrumb","itemListElement":[{"@type":"ListItem","position":1,"name":"Home","item":"https:\/\/1sc.org\/es\/"},{"@type":"ListItem","position":2,"name":"Estafa en internet","item":"https:\/\/1sc.org\/es\/estafa-en-internet\/"},{"@type":"ListItem","position":3,"name":"Estafa de pr\u00e9stamo"}]},{"@type":"WebSite","@id":"https:\/\/1sc.org\/es\/#website","url":"https:\/\/1sc.org\/es\/","name":"Estafas por internet","description":"\u00a1Prevenci\u00f3n de estafas en Internet!","publisher":{"@id":"https:\/\/1sc.org\/es\/#organization"},"potentialAction":[{"@type":"SearchAction","target":{"@type":"EntryPoint","urlTemplate":"https:\/\/1sc.org\/es\/?s={search_term_string}"},"query-input":{"@type":"PropertyValueSpecification","valueRequired":true,"valueName":"search_term_string"}}],"inLanguage":"es"},{"@type":"Organization","@id":"https:\/\/1sc.org\/es\/#organization","name":"Soruxa","url":"https:\/\/1sc.org\/es\/","logo":{"@type":"ImageObject","inLanguage":"es","@id":"https:\/\/1sc.org\/es\/#\/schema\/logo\/image\/","url":"https:\/\/1sc.org\/es\/wp-content\/uploads\/sites\/2\/2022\/12\/logoSoruxa.png","contentUrl":"https:\/\/1sc.org\/es\/wp-content\/uploads\/sites\/2\/2022\/12\/logoSoruxa.png","width":388,"height":391,"caption":"Soruxa"},"image":{"@id":"https:\/\/1sc.org\/es\/#\/schema\/logo\/image\/"}}]}},"_links":{"self":[{"href":"https:\/\/1sc.org\/es\/wp-json\/wp\/v2\/pages\/74","targetHints":{"allow":["GET"]}}],"collection":[{"href":"https:\/\/1sc.org\/es\/wp-json\/wp\/v2\/pages"}],"about":[{"href":"https:\/\/1sc.org\/es\/wp-json\/wp\/v2\/types\/page"}],"author":[{"embeddable":true,"href":"https:\/\/1sc.org\/es\/wp-json\/wp\/v2\/users\/1"}],"replies":[{"embeddable":true,"href":"https:\/\/1sc.org\/es\/wp-json\/wp\/v2\/comments?post=74"}],"version-history":[{"count":2,"href":"https:\/\/1sc.org\/es\/wp-json\/wp\/v2\/pages\/74\/revisions"}],"predecessor-version":[{"id":77,"href":"https:\/\/1sc.org\/es\/wp-json\/wp\/v2\/pages\/74\/revisions\/77"}],"up":[{"embeddable":true,"href":"https:\/\/1sc.org\/es\/wp-json\/wp\/v2\/pages\/30"}],"wp:attachment":[{"href":"https:\/\/1sc.org\/es\/wp-json\/wp\/v2\/media?parent=74"}],"curies":[{"name":"wp","href":"https:\/\/api.w.org\/{rel}","templated":true}]}}