{"id":69,"date":"2022-07-19T13:49:15","date_gmt":"2022-07-19T12:49:15","guid":{"rendered":"https:\/\/1sc.org\/es\/?page_id=69"},"modified":"2022-07-19T14:25:09","modified_gmt":"2022-07-19T13:25:09","slug":"estafa-de-comercio-electronico","status":"publish","type":"page","link":"https:\/\/1sc.org\/es\/estafa-en-internet\/estafa-de-comercio-electronico\/","title":{"rendered":"Estafa de comercio electr\u00f3nico"},"content":{"rendered":"\n<h2 class=\"wp-block-heading\">Lamentablemente, las estafas realizadas a trav\u00e9s de un sitio de comercio electr\u00f3nico son comunes.<\/h2>\n\n\n\n<p>Con las herramientas disponibles en <a href=\"https:\/\/1sc.org\/es\/estafa-en-internet\/\" target=\"_blank\" rel=\"noreferrer noopener\">Internet<\/a>, se ha vuelto f\u00e1cil crear una tienda de comercio electr\u00f3nico para ofrecer la venta de productos ficticios y cobrar el dinero enviado antes de desaparecer.<\/p>\n\n\n\n<h3 class=\"wp-block-heading\">\u00bfC\u00f3mo detectar estos sitios de comercio electr\u00f3nico deshonestos?<\/h3>\n\n\n<div class=\"wp-block-image\">\n<figure class=\"alignright size-full\"><img loading=\"lazy\" decoding=\"async\" width=\"300\" height=\"300\" src=\"https:\/\/1sc.org\/es\/wp-content\/uploads\/sites\/2\/2022\/07\/image-8.png\" alt=\"carrito de comercio electr\u00f3nico\" class=\"wp-image-70\" srcset=\"https:\/\/1sc.org\/es\/wp-content\/uploads\/sites\/2\/2022\/07\/image-8.png 300w, https:\/\/1sc.org\/es\/wp-content\/uploads\/sites\/2\/2022\/07\/image-8-150x150.png 150w\" sizes=\"auto, (max-width: 300px) 100vw, 300px\" \/><figcaption>Cr\u00e9dito: Enimal<\/figcaption><\/figure>\n<\/div>\n\n\n<p>Primer elemento que deber\u00eda alertarlo: un precio excepcionalmente bajo. Un vistazo r\u00e1pido a la competencia le permitir\u00e1 conocer el precio promedio que ofrecen los sitios de comercio electr\u00f3nico. Si un sitio comercial ofrece un precio mucho m\u00e1s bajo que sus competidores por el mismo producto, puede ser una se\u00f1al de estafa.<\/p>\n\n\n\n<p>Segundo elemento : Lugar de alojamiento del sitio de comercio electr\u00f3nico. No conf\u00edes en el nombre del sitio. Se puede muy bien crear un sitio cuyo nombre contenga \u00abEE. UU.\u00bb o \u00abReino Unido\u00bb, pero que est\u00e9 alojado en el extranjero. Permanezca lo m\u00e1s posible en los sitios web alojados en su pa\u00eds de residencia, se facilitar\u00e1 cualquier acci\u00f3n contra el sitio fraudulento. Para verificar el lugar de alojamiento de un sitio, puede usar sitios \u00abwhois\u00bb.<\/p>\n\n\n\n<p>Tercer elemento: fecha de creaci\u00f3n del sitio web. Tenga cuidado con los nuevos sitios de comercio electr\u00f3nico, es m\u00e1s probable que sean estafas que los conocidos y populares. Nuevamente, los sitios \u00abwhois\u00bb brindar\u00e1n este tipo de informaci\u00f3n. \u00a1Atenci\u00f3n, no estamos diciendo que todos los sitios web recientes sean estafas!<\/p>\n\n\n\n<p>Cuarto elemento: Con una b\u00fasqueda r\u00e1pida en tu buscador de internet favorito, encontrar\u00e1s comentarios sobre el sitio de comercio electr\u00f3nico que te interesa, ya sea por sitios especializados o por foros de internet. No conf\u00edes en todos los comentarios, ya que algunos de ellos pueden ser falsos, pero conf\u00eda en la opini\u00f3n general.<\/p>\n\n\n\n<p>En resumen, para evitar estafas en webs de compras: Preferir las webs m\u00e1s famosas, huir de los descuentos demasiado \u201catractivos\u201d, comprobar los comentarios de otros clientes e intentar comprar lo m\u00e1ximo posible en webs alojadas en vuestro propio pa\u00eds.<\/p>\n","protected":false},"excerpt":{"rendered":"<p>Lamentablemente, las estafas realizadas a trav\u00e9s de un sitio de comercio electr\u00f3nico son comunes. Con las herramientas disponibles en Internet, se ha vuelto f\u00e1cil crear una tienda de comercio electr\u00f3nico para ofrecer la venta de productos ficticios y cobrar el dinero enviado antes de desaparecer. \u00bfC\u00f3mo detectar estos sitios de comercio electr\u00f3nico deshonestos? Primer elemento &hellip; <a href=\"https:\/\/1sc.org\/es\/estafa-en-internet\/estafa-de-comercio-electronico\/\" class=\"more-link\">Sigue leyendo <span class=\"screen-reader-text\">Estafa de comercio electr\u00f3nico<\/span><\/a><\/p>\n","protected":false},"author":1,"featured_media":0,"parent":30,"menu_order":1,"comment_status":"open","ping_status":"closed","template":"","meta":{"footnotes":""},"class_list":["post-69","page","type-page","status-publish","hentry"],"yoast_head":"<!-- This site is optimized with the Yoast SEO plugin v26.7 - https:\/\/yoast.com\/wordpress\/plugins\/seo\/ -->\n<title>Estafas realizadas en sitios de comercio electr\u00f3nico<\/title>\n<meta name=\"description\" content=\"Descripci\u00f3n de las estafas de comercio electr\u00f3nico. \u00bfC\u00f3mo detectar y evitar estas estafas de comercio electr\u00f3nico? Sigue nuestros 4 consejos\" \/>\n<meta name=\"robots\" content=\"index, follow, max-snippet:-1, max-image-preview:large, max-video-preview:-1\" \/>\n<link rel=\"canonical\" href=\"https:\/\/1sc.org\/es\/estafa-en-internet\/estafa-de-comercio-electronico\/\" \/>\n<meta property=\"og:locale\" content=\"es_ES\" \/>\n<meta property=\"og:type\" content=\"article\" \/>\n<meta property=\"og:title\" content=\"Estafas realizadas en sitios de comercio electr\u00f3nico\" \/>\n<meta property=\"og:description\" content=\"Descripci\u00f3n de las estafas de comercio electr\u00f3nico. \u00bfC\u00f3mo detectar y evitar estas estafas de comercio electr\u00f3nico? Sigue nuestros 4 consejos\" \/>\n<meta property=\"og:url\" content=\"https:\/\/1sc.org\/es\/estafa-en-internet\/estafa-de-comercio-electronico\/\" \/>\n<meta property=\"og:site_name\" content=\"Estafas por internet\" \/>\n<meta property=\"article:modified_time\" content=\"2022-07-19T13:25:09+00:00\" \/>\n<meta property=\"og:image\" content=\"https:\/\/1sc.org\/es\/wp-content\/uploads\/sites\/2\/2022\/07\/image-8.png\" \/>\n<meta name=\"twitter:card\" content=\"summary_large_image\" \/>\n<meta name=\"twitter:label1\" content=\"Tiempo de lectura\" \/>\n\t<meta name=\"twitter:data1\" content=\"2 minutos\" \/>\n<script type=\"application\/ld+json\" class=\"yoast-schema-graph\">{\"@context\":\"https:\/\/schema.org\",\"@graph\":[{\"@type\":\"WebPage\",\"@id\":\"https:\/\/1sc.org\/es\/estafa-en-internet\/estafa-de-comercio-electronico\/\",\"url\":\"https:\/\/1sc.org\/es\/estafa-en-internet\/estafa-de-comercio-electronico\/\",\"name\":\"Estafas realizadas en sitios de comercio electr\u00f3nico\",\"isPartOf\":{\"@id\":\"https:\/\/1sc.org\/es\/#website\"},\"primaryImageOfPage\":{\"@id\":\"https:\/\/1sc.org\/es\/estafa-en-internet\/estafa-de-comercio-electronico\/#primaryimage\"},\"image\":{\"@id\":\"https:\/\/1sc.org\/es\/estafa-en-internet\/estafa-de-comercio-electronico\/#primaryimage\"},\"thumbnailUrl\":\"https:\/\/1sc.org\/es\/wp-content\/uploads\/sites\/2\/2022\/07\/image-8.png\",\"datePublished\":\"2022-07-19T12:49:15+00:00\",\"dateModified\":\"2022-07-19T13:25:09+00:00\",\"description\":\"Descripci\u00f3n de las estafas de comercio electr\u00f3nico. \u00bfC\u00f3mo detectar y evitar estas estafas de comercio electr\u00f3nico? Sigue nuestros 4 consejos\",\"breadcrumb\":{\"@id\":\"https:\/\/1sc.org\/es\/estafa-en-internet\/estafa-de-comercio-electronico\/#breadcrumb\"},\"inLanguage\":\"es\",\"potentialAction\":[{\"@type\":\"ReadAction\",\"target\":[\"https:\/\/1sc.org\/es\/estafa-en-internet\/estafa-de-comercio-electronico\/\"]}]},{\"@type\":\"ImageObject\",\"inLanguage\":\"es\",\"@id\":\"https:\/\/1sc.org\/es\/estafa-en-internet\/estafa-de-comercio-electronico\/#primaryimage\",\"url\":\"https:\/\/1sc.org\/es\/wp-content\/uploads\/sites\/2\/2022\/07\/image-8.png\",\"contentUrl\":\"https:\/\/1sc.org\/es\/wp-content\/uploads\/sites\/2\/2022\/07\/image-8.png\",\"width\":300,\"height\":300},{\"@type\":\"BreadcrumbList\",\"@id\":\"https:\/\/1sc.org\/es\/estafa-en-internet\/estafa-de-comercio-electronico\/#breadcrumb\",\"itemListElement\":[{\"@type\":\"ListItem\",\"position\":1,\"name\":\"Home\",\"item\":\"https:\/\/1sc.org\/es\/\"},{\"@type\":\"ListItem\",\"position\":2,\"name\":\"Estafa en internet\",\"item\":\"https:\/\/1sc.org\/es\/estafa-en-internet\/\"},{\"@type\":\"ListItem\",\"position\":3,\"name\":\"Estafa de comercio electr\u00f3nico\"}]},{\"@type\":\"WebSite\",\"@id\":\"https:\/\/1sc.org\/es\/#website\",\"url\":\"https:\/\/1sc.org\/es\/\",\"name\":\"Estafas por internet\",\"description\":\"\u00a1Prevenci\u00f3n de estafas en Internet!\",\"publisher\":{\"@id\":\"https:\/\/1sc.org\/es\/#organization\"},\"potentialAction\":[{\"@type\":\"SearchAction\",\"target\":{\"@type\":\"EntryPoint\",\"urlTemplate\":\"https:\/\/1sc.org\/es\/?s={search_term_string}\"},\"query-input\":{\"@type\":\"PropertyValueSpecification\",\"valueRequired\":true,\"valueName\":\"search_term_string\"}}],\"inLanguage\":\"es\"},{\"@type\":\"Organization\",\"@id\":\"https:\/\/1sc.org\/es\/#organization\",\"name\":\"Soruxa\",\"url\":\"https:\/\/1sc.org\/es\/\",\"logo\":{\"@type\":\"ImageObject\",\"inLanguage\":\"es\",\"@id\":\"https:\/\/1sc.org\/es\/#\/schema\/logo\/image\/\",\"url\":\"https:\/\/1sc.org\/es\/wp-content\/uploads\/sites\/2\/2022\/12\/logoSoruxa.png\",\"contentUrl\":\"https:\/\/1sc.org\/es\/wp-content\/uploads\/sites\/2\/2022\/12\/logoSoruxa.png\",\"width\":388,\"height\":391,\"caption\":\"Soruxa\"},\"image\":{\"@id\":\"https:\/\/1sc.org\/es\/#\/schema\/logo\/image\/\"}}]}<\/script>\n<!-- \/ Yoast SEO plugin. -->","yoast_head_json":{"title":"Estafas realizadas en sitios de comercio electr\u00f3nico","description":"Descripci\u00f3n de las estafas de comercio electr\u00f3nico. \u00bfC\u00f3mo detectar y evitar estas estafas de comercio electr\u00f3nico? Sigue nuestros 4 consejos","robots":{"index":"index","follow":"follow","max-snippet":"max-snippet:-1","max-image-preview":"max-image-preview:large","max-video-preview":"max-video-preview:-1"},"canonical":"https:\/\/1sc.org\/es\/estafa-en-internet\/estafa-de-comercio-electronico\/","og_locale":"es_ES","og_type":"article","og_title":"Estafas realizadas en sitios de comercio electr\u00f3nico","og_description":"Descripci\u00f3n de las estafas de comercio electr\u00f3nico. \u00bfC\u00f3mo detectar y evitar estas estafas de comercio electr\u00f3nico? Sigue nuestros 4 consejos","og_url":"https:\/\/1sc.org\/es\/estafa-en-internet\/estafa-de-comercio-electronico\/","og_site_name":"Estafas por internet","article_modified_time":"2022-07-19T13:25:09+00:00","og_image":[{"url":"https:\/\/1sc.org\/es\/wp-content\/uploads\/sites\/2\/2022\/07\/image-8.png","type":"","width":"","height":""}],"twitter_card":"summary_large_image","twitter_misc":{"Tiempo de lectura":"2 minutos"},"schema":{"@context":"https:\/\/schema.org","@graph":[{"@type":"WebPage","@id":"https:\/\/1sc.org\/es\/estafa-en-internet\/estafa-de-comercio-electronico\/","url":"https:\/\/1sc.org\/es\/estafa-en-internet\/estafa-de-comercio-electronico\/","name":"Estafas realizadas en sitios de comercio electr\u00f3nico","isPartOf":{"@id":"https:\/\/1sc.org\/es\/#website"},"primaryImageOfPage":{"@id":"https:\/\/1sc.org\/es\/estafa-en-internet\/estafa-de-comercio-electronico\/#primaryimage"},"image":{"@id":"https:\/\/1sc.org\/es\/estafa-en-internet\/estafa-de-comercio-electronico\/#primaryimage"},"thumbnailUrl":"https:\/\/1sc.org\/es\/wp-content\/uploads\/sites\/2\/2022\/07\/image-8.png","datePublished":"2022-07-19T12:49:15+00:00","dateModified":"2022-07-19T13:25:09+00:00","description":"Descripci\u00f3n de las estafas de comercio electr\u00f3nico. \u00bfC\u00f3mo detectar y evitar estas estafas de comercio electr\u00f3nico? Sigue nuestros 4 consejos","breadcrumb":{"@id":"https:\/\/1sc.org\/es\/estafa-en-internet\/estafa-de-comercio-electronico\/#breadcrumb"},"inLanguage":"es","potentialAction":[{"@type":"ReadAction","target":["https:\/\/1sc.org\/es\/estafa-en-internet\/estafa-de-comercio-electronico\/"]}]},{"@type":"ImageObject","inLanguage":"es","@id":"https:\/\/1sc.org\/es\/estafa-en-internet\/estafa-de-comercio-electronico\/#primaryimage","url":"https:\/\/1sc.org\/es\/wp-content\/uploads\/sites\/2\/2022\/07\/image-8.png","contentUrl":"https:\/\/1sc.org\/es\/wp-content\/uploads\/sites\/2\/2022\/07\/image-8.png","width":300,"height":300},{"@type":"BreadcrumbList","@id":"https:\/\/1sc.org\/es\/estafa-en-internet\/estafa-de-comercio-electronico\/#breadcrumb","itemListElement":[{"@type":"ListItem","position":1,"name":"Home","item":"https:\/\/1sc.org\/es\/"},{"@type":"ListItem","position":2,"name":"Estafa en internet","item":"https:\/\/1sc.org\/es\/estafa-en-internet\/"},{"@type":"ListItem","position":3,"name":"Estafa de comercio electr\u00f3nico"}]},{"@type":"WebSite","@id":"https:\/\/1sc.org\/es\/#website","url":"https:\/\/1sc.org\/es\/","name":"Estafas por internet","description":"\u00a1Prevenci\u00f3n de estafas en Internet!","publisher":{"@id":"https:\/\/1sc.org\/es\/#organization"},"potentialAction":[{"@type":"SearchAction","target":{"@type":"EntryPoint","urlTemplate":"https:\/\/1sc.org\/es\/?s={search_term_string}"},"query-input":{"@type":"PropertyValueSpecification","valueRequired":true,"valueName":"search_term_string"}}],"inLanguage":"es"},{"@type":"Organization","@id":"https:\/\/1sc.org\/es\/#organization","name":"Soruxa","url":"https:\/\/1sc.org\/es\/","logo":{"@type":"ImageObject","inLanguage":"es","@id":"https:\/\/1sc.org\/es\/#\/schema\/logo\/image\/","url":"https:\/\/1sc.org\/es\/wp-content\/uploads\/sites\/2\/2022\/12\/logoSoruxa.png","contentUrl":"https:\/\/1sc.org\/es\/wp-content\/uploads\/sites\/2\/2022\/12\/logoSoruxa.png","width":388,"height":391,"caption":"Soruxa"},"image":{"@id":"https:\/\/1sc.org\/es\/#\/schema\/logo\/image\/"}}]}},"_links":{"self":[{"href":"https:\/\/1sc.org\/es\/wp-json\/wp\/v2\/pages\/69","targetHints":{"allow":["GET"]}}],"collection":[{"href":"https:\/\/1sc.org\/es\/wp-json\/wp\/v2\/pages"}],"about":[{"href":"https:\/\/1sc.org\/es\/wp-json\/wp\/v2\/types\/page"}],"author":[{"embeddable":true,"href":"https:\/\/1sc.org\/es\/wp-json\/wp\/v2\/users\/1"}],"replies":[{"embeddable":true,"href":"https:\/\/1sc.org\/es\/wp-json\/wp\/v2\/comments?post=69"}],"version-history":[{"count":1,"href":"https:\/\/1sc.org\/es\/wp-json\/wp\/v2\/pages\/69\/revisions"}],"predecessor-version":[{"id":71,"href":"https:\/\/1sc.org\/es\/wp-json\/wp\/v2\/pages\/69\/revisions\/71"}],"up":[{"embeddable":true,"href":"https:\/\/1sc.org\/es\/wp-json\/wp\/v2\/pages\/30"}],"wp:attachment":[{"href":"https:\/\/1sc.org\/es\/wp-json\/wp\/v2\/media?parent=69"}],"curies":[{"name":"wp","href":"https:\/\/api.w.org\/{rel}","templated":true}]}}