{"id":64,"date":"2022-07-19T13:23:35","date_gmt":"2022-07-19T12:23:35","guid":{"rendered":"https:\/\/1sc.org\/es\/?page_id=64"},"modified":"2022-07-19T14:25:03","modified_gmt":"2022-07-19T13:25:03","slug":"estafa-romantica","status":"publish","type":"page","link":"https:\/\/1sc.org\/es\/estafa-en-internet\/estafa-romantica\/","title":{"rendered":"Estafa rom\u00e1ntica"},"content":{"rendered":"\n<h2 class=\"wp-block-heading\" id=\"tw-target-text\">Como muchas personas, est\u00e1s registrado en una aplicaci\u00f3n de citas en l\u00ednea. \u00a1Pero cuidado con los Adonis y las hermosas sirenas que te piden dinero! Esto podr\u00eda ser una estafa rom\u00e1ntica. <\/h2>\n\n\n\n<p id=\"tw-target-text\">Una estafa rom\u00e1ntica comienza de la siguiente manera: un d\u00eda, alguien lo contacta en un sitio de citas. A esta persona le gusta tu perfil y comienza una discusi\u00f3n contigo, es muy atractiva, te llena de piropos, etc\u2026 <\/p>\n\n\n<div class=\"wp-block-image\">\n<figure class=\"alignright size-full\"><img loading=\"lazy\" decoding=\"async\" width=\"300\" height=\"225\" src=\"https:\/\/1sc.org\/es\/wp-content\/uploads\/sites\/2\/2022\/07\/image-7.png\" alt=\"estafa rom\u00e1ntica \" class=\"wp-image-65\"\/><\/figure>\n<\/div>\n\n\n<p id=\"tw-target-text\">Despu\u00e9s de varios intercambios de correos electr\u00f3nicos, se establece una relaci\u00f3n y est\u00e1s vinculado a esa persona. <\/p>\n\n\n\n<p id=\"tw-target-text\">Luego, durante un viaje al extranjero, sucede una cat\u00e1strofe. \u00a1Tu contacto se encuentra en una situaci\u00f3n cr\u00edtica! Dif\u00edcil resistirse a esta persona que te llama pidiendo ayuda, ahora existen algunos sentimientos&#8230; <\/p>\n\n\n\n<p id=\"tw-target-text\">Entonces, sea cual sea el motivo, tu contacto te pide que env\u00edes dinero. Las razones pueden ser enfermedad, muerte de un familiar, etc. Si acepta, nunca ver\u00e1 su dinero de vuelta. <\/p>\n\n\n\n<h3 class=\"wp-block-heading\" id=\"tw-target-text\">Los estafadores operan jugando con los sentimientos de sus v\u00edctimas <\/h3>\n\n\n\n<p id=\"tw-target-text\">Establecen aqu\u00ed una relaci\u00f3n de confianza con sus presas para estafarlas llegado el momento. En los sitios de citas, ten cuidado con los chicos (chicas) demasiado agradables e inocentes. Sin embargo, si te seducen, los chicos guapos (chicas hermosas) no solo esconden a los estafadores, \u00a1huye inmediatamente cuando se trata de dinero! <\/p>\n\n\n\n<p id=\"tw-target-text\">Adem\u00e1s, caballeros, tengan en cuenta que la mayor\u00eda de las veces su bella dama al otro lado de la pantalla es en realidad un hombre. Este hombre ha recuperado una linda foto de ni\u00f1a, te env\u00eda dulces palabras. Precioso \u00bfno? <\/p>\n\n\n\n<h3 class=\"wp-block-heading\" id=\"tw-target-text\">C\u00f3mo identificar a los estafadores rom\u00e1nticos <\/h3>\n\n\n\n<p id=\"tw-target-text\">Afortunadamente existen algunas se\u00f1ales para detectar una estafa rom\u00e1ntica:    <\/p>\n\n\n\n<ol class=\"wp-block-list\"><li>Tu contacto se enamora de ti a los 2 d\u00edas: los estafadores no tienen tiempo que perder<\/li><li>Su contacto es due\u00f1o de su empresa que se dedica a negocios de importaci\u00f3n y exportaci\u00f3n y debe mudarse unos d\u00edas al extranjero: Comienzo de un escenario t\u00edpico para una estafa     <\/li><li>Su c\u00e1mara web nunca funciona: de esta manera, no ver\u00e1 que el estafador no se parece a su foto en el perfil del sitio web de citas.     <\/li><li>R\u00e1pidamente pide entrar en di\u00e1logo por MSN o Skype: no tiene que pagar la suscripci\u00f3n al sitio de citas y no teme ser excluido.     <\/li><li>Te pide dinero en una emergencia y eres la \u00fanica persona en el mundo capaz de ayudarlo: Culpar y estresar son dos t\u00e9cnicas que se utilizan para empujarte a enviar una cantidad de dinero <\/li><\/ol>\n\n\n\n<p id=\"tw-target-text\">Finalmente, si usted tambi\u00e9n ha experimentado una historia de amor que result\u00f3 ser una estafa rom\u00e1ntica, <a href=\"https:\/\/1sc.org\/es\/testimonio\/\" target=\"_blank\" rel=\"noreferrer noopener\">cu\u00e9ntenos su historia<\/a>.<\/p>\n","protected":false},"excerpt":{"rendered":"<p>Como muchas personas, est\u00e1s registrado en una aplicaci\u00f3n de citas en l\u00ednea. \u00a1Pero cuidado con los Adonis y las hermosas sirenas que te piden dinero! Esto podr\u00eda ser una estafa rom\u00e1ntica. Una estafa rom\u00e1ntica comienza de la siguiente manera: un d\u00eda, alguien lo contacta en un sitio de citas. A esta persona le gusta tu &hellip; <a href=\"https:\/\/1sc.org\/es\/estafa-en-internet\/estafa-romantica\/\" class=\"more-link\">Sigue leyendo <span class=\"screen-reader-text\">Estafa rom\u00e1ntica<\/span><\/a><\/p>\n","protected":false},"author":1,"featured_media":0,"parent":30,"menu_order":0,"comment_status":"open","ping_status":"closed","template":"","meta":{"footnotes":""},"class_list":["post-64","page","type-page","status-publish","hentry"],"yoast_head":"<!-- This site is optimized with the Yoast SEO plugin v26.7 - https:\/\/yoast.com\/wordpress\/plugins\/seo\/ -->\n<title>Estafa rom\u00e1ntica en p\u00e1ginas de citas o redes sociales<\/title>\n<meta name=\"description\" content=\"Descripci\u00f3n de las estafas rom\u00e1nticas en Internet, en sitios web de citas or en o redes sociales. 5 formas de detectar una estafa rom\u00e1ntica.\" \/>\n<meta name=\"robots\" content=\"index, follow, max-snippet:-1, max-image-preview:large, max-video-preview:-1\" \/>\n<link rel=\"canonical\" href=\"https:\/\/1sc.org\/es\/estafa-en-internet\/estafa-romantica\/\" \/>\n<meta property=\"og:locale\" content=\"es_ES\" \/>\n<meta property=\"og:type\" content=\"article\" \/>\n<meta property=\"og:title\" content=\"Estafa rom\u00e1ntica en p\u00e1ginas de citas o redes sociales\" \/>\n<meta property=\"og:description\" content=\"Descripci\u00f3n de las estafas rom\u00e1nticas en Internet, en sitios web de citas or en o redes sociales. 5 formas de detectar una estafa rom\u00e1ntica.\" \/>\n<meta property=\"og:url\" content=\"https:\/\/1sc.org\/es\/estafa-en-internet\/estafa-romantica\/\" \/>\n<meta property=\"og:site_name\" content=\"Estafas por internet\" \/>\n<meta property=\"article:modified_time\" content=\"2022-07-19T13:25:03+00:00\" \/>\n<meta property=\"og:image\" content=\"https:\/\/1sc.org\/es\/wp-content\/uploads\/sites\/2\/2022\/07\/image-7.png\" \/>\n<meta name=\"twitter:card\" content=\"summary_large_image\" \/>\n<meta name=\"twitter:label1\" content=\"Tiempo de lectura\" \/>\n\t<meta name=\"twitter:data1\" content=\"3 minutos\" \/>\n<script type=\"application\/ld+json\" class=\"yoast-schema-graph\">{\"@context\":\"https:\/\/schema.org\",\"@graph\":[{\"@type\":\"WebPage\",\"@id\":\"https:\/\/1sc.org\/es\/estafa-en-internet\/estafa-romantica\/\",\"url\":\"https:\/\/1sc.org\/es\/estafa-en-internet\/estafa-romantica\/\",\"name\":\"Estafa rom\u00e1ntica en p\u00e1ginas de citas o redes sociales\",\"isPartOf\":{\"@id\":\"https:\/\/1sc.org\/es\/#website\"},\"primaryImageOfPage\":{\"@id\":\"https:\/\/1sc.org\/es\/estafa-en-internet\/estafa-romantica\/#primaryimage\"},\"image\":{\"@id\":\"https:\/\/1sc.org\/es\/estafa-en-internet\/estafa-romantica\/#primaryimage\"},\"thumbnailUrl\":\"https:\/\/1sc.org\/es\/wp-content\/uploads\/sites\/2\/2022\/07\/image-7.png\",\"datePublished\":\"2022-07-19T12:23:35+00:00\",\"dateModified\":\"2022-07-19T13:25:03+00:00\",\"description\":\"Descripci\u00f3n de las estafas rom\u00e1nticas en Internet, en sitios web de citas or en o redes sociales. 5 formas de detectar una estafa rom\u00e1ntica.\",\"breadcrumb\":{\"@id\":\"https:\/\/1sc.org\/es\/estafa-en-internet\/estafa-romantica\/#breadcrumb\"},\"inLanguage\":\"es\",\"potentialAction\":[{\"@type\":\"ReadAction\",\"target\":[\"https:\/\/1sc.org\/es\/estafa-en-internet\/estafa-romantica\/\"]}]},{\"@type\":\"ImageObject\",\"inLanguage\":\"es\",\"@id\":\"https:\/\/1sc.org\/es\/estafa-en-internet\/estafa-romantica\/#primaryimage\",\"url\":\"https:\/\/1sc.org\/es\/wp-content\/uploads\/sites\/2\/2022\/07\/image-7.png\",\"contentUrl\":\"https:\/\/1sc.org\/es\/wp-content\/uploads\/sites\/2\/2022\/07\/image-7.png\",\"width\":300,\"height\":225},{\"@type\":\"BreadcrumbList\",\"@id\":\"https:\/\/1sc.org\/es\/estafa-en-internet\/estafa-romantica\/#breadcrumb\",\"itemListElement\":[{\"@type\":\"ListItem\",\"position\":1,\"name\":\"Home\",\"item\":\"https:\/\/1sc.org\/es\/\"},{\"@type\":\"ListItem\",\"position\":2,\"name\":\"Estafa en internet\",\"item\":\"https:\/\/1sc.org\/es\/estafa-en-internet\/\"},{\"@type\":\"ListItem\",\"position\":3,\"name\":\"Estafa rom\u00e1ntica\"}]},{\"@type\":\"WebSite\",\"@id\":\"https:\/\/1sc.org\/es\/#website\",\"url\":\"https:\/\/1sc.org\/es\/\",\"name\":\"Estafas por internet\",\"description\":\"\u00a1Prevenci\u00f3n de estafas en Internet!\",\"publisher\":{\"@id\":\"https:\/\/1sc.org\/es\/#organization\"},\"potentialAction\":[{\"@type\":\"SearchAction\",\"target\":{\"@type\":\"EntryPoint\",\"urlTemplate\":\"https:\/\/1sc.org\/es\/?s={search_term_string}\"},\"query-input\":{\"@type\":\"PropertyValueSpecification\",\"valueRequired\":true,\"valueName\":\"search_term_string\"}}],\"inLanguage\":\"es\"},{\"@type\":\"Organization\",\"@id\":\"https:\/\/1sc.org\/es\/#organization\",\"name\":\"Soruxa\",\"url\":\"https:\/\/1sc.org\/es\/\",\"logo\":{\"@type\":\"ImageObject\",\"inLanguage\":\"es\",\"@id\":\"https:\/\/1sc.org\/es\/#\/schema\/logo\/image\/\",\"url\":\"https:\/\/1sc.org\/es\/wp-content\/uploads\/sites\/2\/2022\/12\/logoSoruxa.png\",\"contentUrl\":\"https:\/\/1sc.org\/es\/wp-content\/uploads\/sites\/2\/2022\/12\/logoSoruxa.png\",\"width\":388,\"height\":391,\"caption\":\"Soruxa\"},\"image\":{\"@id\":\"https:\/\/1sc.org\/es\/#\/schema\/logo\/image\/\"}}]}<\/script>\n<!-- \/ Yoast SEO plugin. -->","yoast_head_json":{"title":"Estafa rom\u00e1ntica en p\u00e1ginas de citas o redes sociales","description":"Descripci\u00f3n de las estafas rom\u00e1nticas en Internet, en sitios web de citas or en o redes sociales. 5 formas de detectar una estafa rom\u00e1ntica.","robots":{"index":"index","follow":"follow","max-snippet":"max-snippet:-1","max-image-preview":"max-image-preview:large","max-video-preview":"max-video-preview:-1"},"canonical":"https:\/\/1sc.org\/es\/estafa-en-internet\/estafa-romantica\/","og_locale":"es_ES","og_type":"article","og_title":"Estafa rom\u00e1ntica en p\u00e1ginas de citas o redes sociales","og_description":"Descripci\u00f3n de las estafas rom\u00e1nticas en Internet, en sitios web de citas or en o redes sociales. 5 formas de detectar una estafa rom\u00e1ntica.","og_url":"https:\/\/1sc.org\/es\/estafa-en-internet\/estafa-romantica\/","og_site_name":"Estafas por internet","article_modified_time":"2022-07-19T13:25:03+00:00","og_image":[{"url":"https:\/\/1sc.org\/es\/wp-content\/uploads\/sites\/2\/2022\/07\/image-7.png","type":"","width":"","height":""}],"twitter_card":"summary_large_image","twitter_misc":{"Tiempo de lectura":"3 minutos"},"schema":{"@context":"https:\/\/schema.org","@graph":[{"@type":"WebPage","@id":"https:\/\/1sc.org\/es\/estafa-en-internet\/estafa-romantica\/","url":"https:\/\/1sc.org\/es\/estafa-en-internet\/estafa-romantica\/","name":"Estafa rom\u00e1ntica en p\u00e1ginas de citas o redes sociales","isPartOf":{"@id":"https:\/\/1sc.org\/es\/#website"},"primaryImageOfPage":{"@id":"https:\/\/1sc.org\/es\/estafa-en-internet\/estafa-romantica\/#primaryimage"},"image":{"@id":"https:\/\/1sc.org\/es\/estafa-en-internet\/estafa-romantica\/#primaryimage"},"thumbnailUrl":"https:\/\/1sc.org\/es\/wp-content\/uploads\/sites\/2\/2022\/07\/image-7.png","datePublished":"2022-07-19T12:23:35+00:00","dateModified":"2022-07-19T13:25:03+00:00","description":"Descripci\u00f3n de las estafas rom\u00e1nticas en Internet, en sitios web de citas or en o redes sociales. 5 formas de detectar una estafa rom\u00e1ntica.","breadcrumb":{"@id":"https:\/\/1sc.org\/es\/estafa-en-internet\/estafa-romantica\/#breadcrumb"},"inLanguage":"es","potentialAction":[{"@type":"ReadAction","target":["https:\/\/1sc.org\/es\/estafa-en-internet\/estafa-romantica\/"]}]},{"@type":"ImageObject","inLanguage":"es","@id":"https:\/\/1sc.org\/es\/estafa-en-internet\/estafa-romantica\/#primaryimage","url":"https:\/\/1sc.org\/es\/wp-content\/uploads\/sites\/2\/2022\/07\/image-7.png","contentUrl":"https:\/\/1sc.org\/es\/wp-content\/uploads\/sites\/2\/2022\/07\/image-7.png","width":300,"height":225},{"@type":"BreadcrumbList","@id":"https:\/\/1sc.org\/es\/estafa-en-internet\/estafa-romantica\/#breadcrumb","itemListElement":[{"@type":"ListItem","position":1,"name":"Home","item":"https:\/\/1sc.org\/es\/"},{"@type":"ListItem","position":2,"name":"Estafa en internet","item":"https:\/\/1sc.org\/es\/estafa-en-internet\/"},{"@type":"ListItem","position":3,"name":"Estafa rom\u00e1ntica"}]},{"@type":"WebSite","@id":"https:\/\/1sc.org\/es\/#website","url":"https:\/\/1sc.org\/es\/","name":"Estafas por internet","description":"\u00a1Prevenci\u00f3n de estafas en Internet!","publisher":{"@id":"https:\/\/1sc.org\/es\/#organization"},"potentialAction":[{"@type":"SearchAction","target":{"@type":"EntryPoint","urlTemplate":"https:\/\/1sc.org\/es\/?s={search_term_string}"},"query-input":{"@type":"PropertyValueSpecification","valueRequired":true,"valueName":"search_term_string"}}],"inLanguage":"es"},{"@type":"Organization","@id":"https:\/\/1sc.org\/es\/#organization","name":"Soruxa","url":"https:\/\/1sc.org\/es\/","logo":{"@type":"ImageObject","inLanguage":"es","@id":"https:\/\/1sc.org\/es\/#\/schema\/logo\/image\/","url":"https:\/\/1sc.org\/es\/wp-content\/uploads\/sites\/2\/2022\/12\/logoSoruxa.png","contentUrl":"https:\/\/1sc.org\/es\/wp-content\/uploads\/sites\/2\/2022\/12\/logoSoruxa.png","width":388,"height":391,"caption":"Soruxa"},"image":{"@id":"https:\/\/1sc.org\/es\/#\/schema\/logo\/image\/"}}]}},"_links":{"self":[{"href":"https:\/\/1sc.org\/es\/wp-json\/wp\/v2\/pages\/64","targetHints":{"allow":["GET"]}}],"collection":[{"href":"https:\/\/1sc.org\/es\/wp-json\/wp\/v2\/pages"}],"about":[{"href":"https:\/\/1sc.org\/es\/wp-json\/wp\/v2\/types\/page"}],"author":[{"embeddable":true,"href":"https:\/\/1sc.org\/es\/wp-json\/wp\/v2\/users\/1"}],"replies":[{"embeddable":true,"href":"https:\/\/1sc.org\/es\/wp-json\/wp\/v2\/comments?post=64"}],"version-history":[{"count":3,"href":"https:\/\/1sc.org\/es\/wp-json\/wp\/v2\/pages\/64\/revisions"}],"predecessor-version":[{"id":68,"href":"https:\/\/1sc.org\/es\/wp-json\/wp\/v2\/pages\/64\/revisions\/68"}],"up":[{"embeddable":true,"href":"https:\/\/1sc.org\/es\/wp-json\/wp\/v2\/pages\/30"}],"wp:attachment":[{"href":"https:\/\/1sc.org\/es\/wp-json\/wp\/v2\/media?parent=64"}],"curies":[{"name":"wp","href":"https:\/\/api.w.org\/{rel}","templated":true}]}}