{"id":6,"date":"2022-07-13T23:33:34","date_gmt":"2022-07-13T22:33:34","guid":{"rendered":"https:\/\/1sc.org\/es\/?page_id=6"},"modified":"2022-07-19T14:25:42","modified_gmt":"2022-07-19T13:25:42","slug":"suplantacion-de-identidad-phishing","status":"publish","type":"page","link":"https:\/\/1sc.org\/es\/suplantacion-de-identidad-phishing\/","title":{"rendered":"Suplantaci\u00f3n de identidad (Phishing)"},"content":{"rendered":"\n<h2 class=\"wp-block-heading\" id=\"tw-target-text\">El phishing es una t\u00e9cnica que utilizan los estafadores para obtener informaci\u00f3n confidencial (contrase\u00f1as, n\u00fameros de tarjetas de cr\u00e9dito, etc.) con solo ped\u00edrselo.<\/h2>\n\n\n\n<p id=\"tw-target-text\">Para realizar lo que se denomina phishing, los estafadores primero se hacen pasar por otra persona o empresa. Debe saber que su banco, su proveedor de servicios de Internet (ISP), los sitios de comerciantes NUNCA le env\u00edan correos electr\u00f3nicos solicitando sus contrase\u00f1as o su n\u00famero de tarjeta de cr\u00e9dito.<\/p>\n\n\n\n<h3 class=\"wp-block-heading\" id=\"tw-target-text\">El intento m\u00e1s com\u00fan de phishing es obtener los datos de su cuenta bancaria <\/h3>\n\n\n<div class=\"wp-block-image\">\n<figure class=\"alignright size-full\"><img loading=\"lazy\" decoding=\"async\" width=\"200\" height=\"300\" src=\"https:\/\/1sc.org\/es\/wp-content\/uploads\/sites\/2\/2022\/07\/image.png\" alt=\"phishing\" class=\"wp-image-8\"\/><\/figure>\n<\/div>\n\n\n<p id=\"tw-target-text\">Recibe un correo electr\u00f3nico que parece haber sido enviado por su banco, su proveedor de servicios de Internet o por un comerciante en l\u00ednea. Este correo electr\u00f3nico le informa que debe enviar informaci\u00f3n personal por cualquier motivo. Por ejemplo, una falla en la computadora, una auditor\u00eda anual o incluso despu\u00e9s de un intento de estafa.<\/p>\n\n\n\n<p id=\"tw-target-text\">Luego, se le pide que haga clic en un enlace. Lo redirigir\u00e1 a un sitio donde se le pedir\u00e1 que ingrese su n\u00famero de tarjeta de cr\u00e9dito y\/o c\u00f3digos de acceso.<\/p>\n\n\n\n<p id=\"tw-target-text\">Esta informaci\u00f3n llegar\u00e1 directamente a los estafadores. Luego, solo tendr\u00e1n que iniciar sesi\u00f3n en su cuenta real utilizando la informaci\u00f3n que ha proporcionado.<\/p>\n\n\n\n<h3 class=\"wp-block-heading\" id=\"tw-target-text\">Est\u00e9 atento y nunca responda a este tipo de correos electr\u00f3nicos.<\/h3>\n\n\n\n<p id=\"tw-target-text\">Si ve un movimiento inexplicable en su cuenta bancaria, informe inmediatamente al emisor de la tarjeta. Podr\u00eda estar relacionado con un uso fraudulento de su tarjeta de cr\u00e9dito en Internet. Esto evitar\u00e1 posibles otros d\u00e9bitos.<\/p>\n\n\n\n<p id=\"tw-target-text\">Adem\u00e1s, puede informar a su servicio nacional de informes, como el de <a href=\"https:\/\/www.cisa.gov\/uscert\/report-phishing\" target=\"_blank\" rel=\"noreferrer noopener\">los EE.UU<\/a> <\/p>\n\n\n\n<p id=\"tw-target-text\">Ayudar\u00e1 a otros a no caer en la trampa del phishing. Utilice su motor de b\u00fasqueda preferido para encontrar el sitio web local para denunciar el phishing en el pa\u00eds en el que vive.<\/p>\n\n\n\n<p id=\"tw-target-text\">Si sufri\u00f3 un intento de phishing de este tipo, tambi\u00e9n puede explicar su historia en la secci\u00f3n de comentarios a continuaci\u00f3n<\/p>\n","protected":false},"excerpt":{"rendered":"<p>El phishing es una t\u00e9cnica que utilizan los estafadores para obtener informaci\u00f3n confidencial (contrase\u00f1as, n\u00fameros de tarjetas de cr\u00e9dito, etc.) con solo ped\u00edrselo. Para realizar lo que se denomina phishing, los estafadores primero se hacen pasar por otra persona o empresa. Debe saber que su banco, su proveedor de servicios de Internet (ISP), los sitios &hellip; <a href=\"https:\/\/1sc.org\/es\/suplantacion-de-identidad-phishing\/\" class=\"more-link\">Sigue leyendo <span class=\"screen-reader-text\">Suplantaci\u00f3n de identidad (Phishing)<\/span><\/a><\/p>\n","protected":false},"author":1,"featured_media":0,"parent":0,"menu_order":0,"comment_status":"open","ping_status":"closed","template":"","meta":{"footnotes":""},"class_list":["post-6","page","type-page","status-publish","hentry"],"yoast_head":"<!-- This site is optimized with the Yoast SEO plugin v26.7 - https:\/\/yoast.com\/wordpress\/plugins\/seo\/ -->\n<title>Suplantaci\u00f3n de identidad. \u00bfQu\u00e9 es el phishing? C\u00f3mo evitar<\/title>\n<meta name=\"description\" content=\"Definici\u00f3n de phishing. Consejos sobre qu\u00e9 hacer en caso de movimiento sospechoso en su cuenta bancaria. Denunciar suplantaci\u00f3n de identidad\" \/>\n<meta name=\"robots\" content=\"index, follow, max-snippet:-1, max-image-preview:large, max-video-preview:-1\" \/>\n<link rel=\"canonical\" href=\"https:\/\/1sc.org\/es\/suplantacion-de-identidad-phishing\/\" \/>\n<meta property=\"og:locale\" content=\"es_ES\" \/>\n<meta property=\"og:type\" content=\"article\" \/>\n<meta property=\"og:title\" content=\"Suplantaci\u00f3n de identidad. \u00bfQu\u00e9 es el phishing? C\u00f3mo evitar\" \/>\n<meta property=\"og:description\" content=\"Definici\u00f3n de phishing. Consejos sobre qu\u00e9 hacer en caso de movimiento sospechoso en su cuenta bancaria. Denunciar suplantaci\u00f3n de identidad\" \/>\n<meta property=\"og:url\" content=\"https:\/\/1sc.org\/es\/suplantacion-de-identidad-phishing\/\" \/>\n<meta property=\"og:site_name\" content=\"Estafas por internet\" \/>\n<meta property=\"article:modified_time\" content=\"2022-07-19T13:25:42+00:00\" \/>\n<meta property=\"og:image\" content=\"https:\/\/1sc.org\/es\/wp-content\/uploads\/sites\/2\/2022\/07\/image.png\" \/>\n<meta name=\"twitter:card\" content=\"summary_large_image\" \/>\n<meta name=\"twitter:label1\" content=\"Tiempo de lectura\" \/>\n\t<meta name=\"twitter:data1\" content=\"2 minutos\" \/>\n<script type=\"application\/ld+json\" class=\"yoast-schema-graph\">{\"@context\":\"https:\/\/schema.org\",\"@graph\":[{\"@type\":\"WebPage\",\"@id\":\"https:\/\/1sc.org\/es\/suplantacion-de-identidad-phishing\/\",\"url\":\"https:\/\/1sc.org\/es\/suplantacion-de-identidad-phishing\/\",\"name\":\"Suplantaci\u00f3n de identidad. \u00bfQu\u00e9 es el phishing? C\u00f3mo evitar\",\"isPartOf\":{\"@id\":\"https:\/\/1sc.org\/es\/#website\"},\"primaryImageOfPage\":{\"@id\":\"https:\/\/1sc.org\/es\/suplantacion-de-identidad-phishing\/#primaryimage\"},\"image\":{\"@id\":\"https:\/\/1sc.org\/es\/suplantacion-de-identidad-phishing\/#primaryimage\"},\"thumbnailUrl\":\"https:\/\/1sc.org\/es\/wp-content\/uploads\/sites\/2\/2022\/07\/image.png\",\"datePublished\":\"2022-07-13T22:33:34+00:00\",\"dateModified\":\"2022-07-19T13:25:42+00:00\",\"description\":\"Definici\u00f3n de phishing. Consejos sobre qu\u00e9 hacer en caso de movimiento sospechoso en su cuenta bancaria. Denunciar suplantaci\u00f3n de identidad\",\"breadcrumb\":{\"@id\":\"https:\/\/1sc.org\/es\/suplantacion-de-identidad-phishing\/#breadcrumb\"},\"inLanguage\":\"es\",\"potentialAction\":[{\"@type\":\"ReadAction\",\"target\":[\"https:\/\/1sc.org\/es\/suplantacion-de-identidad-phishing\/\"]}]},{\"@type\":\"ImageObject\",\"inLanguage\":\"es\",\"@id\":\"https:\/\/1sc.org\/es\/suplantacion-de-identidad-phishing\/#primaryimage\",\"url\":\"https:\/\/1sc.org\/es\/wp-content\/uploads\/sites\/2\/2022\/07\/image.png\",\"contentUrl\":\"https:\/\/1sc.org\/es\/wp-content\/uploads\/sites\/2\/2022\/07\/image.png\",\"width\":200,\"height\":300},{\"@type\":\"BreadcrumbList\",\"@id\":\"https:\/\/1sc.org\/es\/suplantacion-de-identidad-phishing\/#breadcrumb\",\"itemListElement\":[{\"@type\":\"ListItem\",\"position\":1,\"name\":\"Home\",\"item\":\"https:\/\/1sc.org\/es\/\"},{\"@type\":\"ListItem\",\"position\":2,\"name\":\"Suplantaci\u00f3n de identidad (Phishing)\"}]},{\"@type\":\"WebSite\",\"@id\":\"https:\/\/1sc.org\/es\/#website\",\"url\":\"https:\/\/1sc.org\/es\/\",\"name\":\"Estafas por internet\",\"description\":\"\u00a1Prevenci\u00f3n de estafas en Internet!\",\"publisher\":{\"@id\":\"https:\/\/1sc.org\/es\/#organization\"},\"potentialAction\":[{\"@type\":\"SearchAction\",\"target\":{\"@type\":\"EntryPoint\",\"urlTemplate\":\"https:\/\/1sc.org\/es\/?s={search_term_string}\"},\"query-input\":{\"@type\":\"PropertyValueSpecification\",\"valueRequired\":true,\"valueName\":\"search_term_string\"}}],\"inLanguage\":\"es\"},{\"@type\":\"Organization\",\"@id\":\"https:\/\/1sc.org\/es\/#organization\",\"name\":\"Soruxa\",\"url\":\"https:\/\/1sc.org\/es\/\",\"logo\":{\"@type\":\"ImageObject\",\"inLanguage\":\"es\",\"@id\":\"https:\/\/1sc.org\/es\/#\/schema\/logo\/image\/\",\"url\":\"https:\/\/1sc.org\/es\/wp-content\/uploads\/sites\/2\/2022\/12\/logoSoruxa.png\",\"contentUrl\":\"https:\/\/1sc.org\/es\/wp-content\/uploads\/sites\/2\/2022\/12\/logoSoruxa.png\",\"width\":388,\"height\":391,\"caption\":\"Soruxa\"},\"image\":{\"@id\":\"https:\/\/1sc.org\/es\/#\/schema\/logo\/image\/\"}}]}<\/script>\n<!-- \/ Yoast SEO plugin. -->","yoast_head_json":{"title":"Suplantaci\u00f3n de identidad. \u00bfQu\u00e9 es el phishing? C\u00f3mo evitar","description":"Definici\u00f3n de phishing. Consejos sobre qu\u00e9 hacer en caso de movimiento sospechoso en su cuenta bancaria. Denunciar suplantaci\u00f3n de identidad","robots":{"index":"index","follow":"follow","max-snippet":"max-snippet:-1","max-image-preview":"max-image-preview:large","max-video-preview":"max-video-preview:-1"},"canonical":"https:\/\/1sc.org\/es\/suplantacion-de-identidad-phishing\/","og_locale":"es_ES","og_type":"article","og_title":"Suplantaci\u00f3n de identidad. \u00bfQu\u00e9 es el phishing? C\u00f3mo evitar","og_description":"Definici\u00f3n de phishing. Consejos sobre qu\u00e9 hacer en caso de movimiento sospechoso en su cuenta bancaria. Denunciar suplantaci\u00f3n de identidad","og_url":"https:\/\/1sc.org\/es\/suplantacion-de-identidad-phishing\/","og_site_name":"Estafas por internet","article_modified_time":"2022-07-19T13:25:42+00:00","og_image":[{"url":"https:\/\/1sc.org\/es\/wp-content\/uploads\/sites\/2\/2022\/07\/image.png","type":"","width":"","height":""}],"twitter_card":"summary_large_image","twitter_misc":{"Tiempo de lectura":"2 minutos"},"schema":{"@context":"https:\/\/schema.org","@graph":[{"@type":"WebPage","@id":"https:\/\/1sc.org\/es\/suplantacion-de-identidad-phishing\/","url":"https:\/\/1sc.org\/es\/suplantacion-de-identidad-phishing\/","name":"Suplantaci\u00f3n de identidad. \u00bfQu\u00e9 es el phishing? C\u00f3mo evitar","isPartOf":{"@id":"https:\/\/1sc.org\/es\/#website"},"primaryImageOfPage":{"@id":"https:\/\/1sc.org\/es\/suplantacion-de-identidad-phishing\/#primaryimage"},"image":{"@id":"https:\/\/1sc.org\/es\/suplantacion-de-identidad-phishing\/#primaryimage"},"thumbnailUrl":"https:\/\/1sc.org\/es\/wp-content\/uploads\/sites\/2\/2022\/07\/image.png","datePublished":"2022-07-13T22:33:34+00:00","dateModified":"2022-07-19T13:25:42+00:00","description":"Definici\u00f3n de phishing. Consejos sobre qu\u00e9 hacer en caso de movimiento sospechoso en su cuenta bancaria. Denunciar suplantaci\u00f3n de identidad","breadcrumb":{"@id":"https:\/\/1sc.org\/es\/suplantacion-de-identidad-phishing\/#breadcrumb"},"inLanguage":"es","potentialAction":[{"@type":"ReadAction","target":["https:\/\/1sc.org\/es\/suplantacion-de-identidad-phishing\/"]}]},{"@type":"ImageObject","inLanguage":"es","@id":"https:\/\/1sc.org\/es\/suplantacion-de-identidad-phishing\/#primaryimage","url":"https:\/\/1sc.org\/es\/wp-content\/uploads\/sites\/2\/2022\/07\/image.png","contentUrl":"https:\/\/1sc.org\/es\/wp-content\/uploads\/sites\/2\/2022\/07\/image.png","width":200,"height":300},{"@type":"BreadcrumbList","@id":"https:\/\/1sc.org\/es\/suplantacion-de-identidad-phishing\/#breadcrumb","itemListElement":[{"@type":"ListItem","position":1,"name":"Home","item":"https:\/\/1sc.org\/es\/"},{"@type":"ListItem","position":2,"name":"Suplantaci\u00f3n de identidad (Phishing)"}]},{"@type":"WebSite","@id":"https:\/\/1sc.org\/es\/#website","url":"https:\/\/1sc.org\/es\/","name":"Estafas por internet","description":"\u00a1Prevenci\u00f3n de estafas en Internet!","publisher":{"@id":"https:\/\/1sc.org\/es\/#organization"},"potentialAction":[{"@type":"SearchAction","target":{"@type":"EntryPoint","urlTemplate":"https:\/\/1sc.org\/es\/?s={search_term_string}"},"query-input":{"@type":"PropertyValueSpecification","valueRequired":true,"valueName":"search_term_string"}}],"inLanguage":"es"},{"@type":"Organization","@id":"https:\/\/1sc.org\/es\/#organization","name":"Soruxa","url":"https:\/\/1sc.org\/es\/","logo":{"@type":"ImageObject","inLanguage":"es","@id":"https:\/\/1sc.org\/es\/#\/schema\/logo\/image\/","url":"https:\/\/1sc.org\/es\/wp-content\/uploads\/sites\/2\/2022\/12\/logoSoruxa.png","contentUrl":"https:\/\/1sc.org\/es\/wp-content\/uploads\/sites\/2\/2022\/12\/logoSoruxa.png","width":388,"height":391,"caption":"Soruxa"},"image":{"@id":"https:\/\/1sc.org\/es\/#\/schema\/logo\/image\/"}}]}},"_links":{"self":[{"href":"https:\/\/1sc.org\/es\/wp-json\/wp\/v2\/pages\/6","targetHints":{"allow":["GET"]}}],"collection":[{"href":"https:\/\/1sc.org\/es\/wp-json\/wp\/v2\/pages"}],"about":[{"href":"https:\/\/1sc.org\/es\/wp-json\/wp\/v2\/types\/page"}],"author":[{"embeddable":true,"href":"https:\/\/1sc.org\/es\/wp-json\/wp\/v2\/users\/1"}],"replies":[{"embeddable":true,"href":"https:\/\/1sc.org\/es\/wp-json\/wp\/v2\/comments?post=6"}],"version-history":[{"count":1,"href":"https:\/\/1sc.org\/es\/wp-json\/wp\/v2\/pages\/6\/revisions"}],"predecessor-version":[{"id":9,"href":"https:\/\/1sc.org\/es\/wp-json\/wp\/v2\/pages\/6\/revisions\/9"}],"wp:attachment":[{"href":"https:\/\/1sc.org\/es\/wp-json\/wp\/v2\/media?parent=6"}],"curies":[{"name":"wp","href":"https:\/\/api.w.org\/{rel}","templated":true}]}}