{"id":59,"date":"2022-07-18T23:21:20","date_gmt":"2022-07-18T22:21:20","guid":{"rendered":"https:\/\/1sc.org\/es\/?page_id=59"},"modified":"2022-07-19T14:25:26","modified_gmt":"2022-07-19T13:25:26","slug":"estafa-de-herencia","status":"publish","type":"page","link":"https:\/\/1sc.org\/es\/estafas-por-correo-electronico\/estafa-de-herencia\/","title":{"rendered":"Estafa de herencia"},"content":{"rendered":"\n<h2 class=\"wp-block-heading\" id=\"tw-target-text\">La estafa de la herencia es un intento de estafa muy antiguo y muy com\u00fan. Los estafadores le env\u00edan un correo electr\u00f3nico inform\u00e1ndole que ha sido elegido para recibir un legado fabuloso y providencial. <\/h2>\n\n\n\n<p id=\"tw-target-text\">El proceso de herencia de estafa es el siguiente. Un d\u00eda, recibe un correo electr\u00f3nico muy largo y muy cort\u00e9s de personas desconocidas. Por lo general, en este correo electr\u00f3nico hay muchas referencias a Dios. De hecho, gracias a Dios, estas personas pudieron unirse a usted (y nadie m\u00e1s).<\/p>\n\n\n<div class=\"wp-block-image\">\n<figure class=\"alignright size-full\"><img loading=\"lazy\" decoding=\"async\" width=\"300\" height=\"225\" src=\"https:\/\/1sc.org\/es\/wp-content\/uploads\/sites\/2\/2022\/07\/image-6.png\" alt=\"estafa de herencia \" class=\"wp-image-60\"\/><\/figure>\n<\/div>\n\n\n<p id=\"tw-target-text\">En este correo electr\u00f3nico, una persona de alguna manera dice que tiene una gran cantidad de dinero. Pero lamentablemente esta persona se encuentra en una situaci\u00f3n cr\u00edtica que le impide disfrutarlo. Y, por supuesto, \u00e9l o ella no tiene familia con quien compartir este dinero. Es por eso que esta persona te escribi\u00f3 este correo electr\u00f3nico. <\/p>\n\n\n\n<p id=\"tw-target-text\">Luego, esta persona le pide que la ayude a desbloquear este dinero. Y para mostrar su gratitud, est\u00e1 bien que te d\u00e9 una comisi\u00f3n. \u00a1Puede representar un porcentaje de la cantidad de dinero por lo general del 10 al 25%! <\/p>\n\n\n\n<h3 class=\"wp-block-heading\" id=\"tw-target-text\">Si realizas gastos preliminares, no tendr\u00e1s m\u00e1s noticias de tu contacto <\/h3>\n\n\n\n<p id=\"tw-target-text\">Si responde que est\u00e1 de acuerdo, esta persona le dir\u00e1 que hay que pagar las primeras tasas. Podr\u00edan ser honorarios de solicitud, honorarios de notario o abogado, etc. Uno podr\u00eda pensar que esta es una cantidad peque\u00f1a en comparaci\u00f3n con los millones que suceder\u00e1n a continuaci\u00f3n. Pero el problema es que haces la primera transferencia de dinero. <\/p>\n\n\n\n<p id=\"tw-target-text\">Otra t\u00e9cnica es que debe dar su consentimiento para una transferencia de dinero desde su cuenta bancaria solo para verificar que la transacci\u00f3n sea factible. Si das los datos de tu cuenta bancaria, se realizar\u00e1 una transferencia de dinero desde tu cuenta a la de los estafadores (y no al rev\u00e9s).<\/p>\n\n\n\n<p id=\"tw-target-text\">NO responda a estos correos prometi\u00e9ndole ganar dinero con una herencia inesperada. Estas son estafas llamadas estafas de herencia o estafas heredadas. <\/p>\n\n\n\n<p id=\"tw-target-text\">Si alguna vez recibi\u00f3 estos correos electr\u00f3nicos y cae en este tipo de estafa de herencia, puede <a href=\"https:\/\/1sc.org\/es\/testimonio\/\" target=\"_blank\" rel=\"noreferrer noopener\">contarnos su historia<\/a>. <\/p>\n\n\n\n<h3 class=\"wp-block-heading\" id=\"tw-target-text\">A continuaci\u00f3n tres ejemplos entre miles:<\/h3>\n\n\n\n<p>Hola, perd\u00f3n por esta forma de molestarte en este grupo. En resumen, mi nombre es XXX, originalmente. Mexicana y yo vivimos en Alemania. Padezco una enfermedad grave que me condena a una muerte segura, es un c\u00e1ncer de cerebro, y tiene un valor de 75.000,00 euros que me gustar\u00eda donar a una persona honesta y digna de confianza para que lo haga tambi\u00e9n. Soy due\u00f1o de una compa\u00f1\u00eda petrolera en Libia y perd\u00ed a mi esposa hace 7 a\u00f1os. Esto me afect\u00f3 mucho y hasta ahora no he podido volver a casarme, no hemos tenido hijos. Deseo donar esta cantidad antes de mi muerte, mis d\u00edas est\u00e1n contados debido a la ausencia de esta enfermedad. para los que no hab\u00eda medicamentos, pero un sedante en Francia no le gustar\u00eda Averig\u00fce si puede beneficiarse de esta donaci\u00f3n. aqu\u00ed est\u00e1 mi direcci\u00f3n<\/p>\n\n\n\n<p>Deseo donar mi propiedad por valor de 85.000 \u20ac a cualquier persona de buena fe, honestidad y necesidad. En definitiva, mi nombre es XXX, de origen franc\u00e9s, pas\u00e9 parte de mi vida en Espa\u00f1a y padezco una grave enfermedad que me condena a una muerte segura. Es c\u00e1ncer de garganta y tengo una cantidad de 85.000\u20ac que me gustar\u00eda dar a una persona honesta y de confianza para que se beneficie. Tengo un importador belga, italiano, suizo&#8230; y perd\u00ed a mi marido hace unos a\u00f1os, seis a\u00f1os que me emocionaron mucho y no pude volver a casarme hasta hoy, no tuvimos hijos.Quisiera dar esta cantidad antes de morir, para que mis d\u00edas est\u00e9n contados por la ausencia de esta enfermedad para la cual no tengo cura.pido a los interesados \u200b\u200bque se pongan en contacto con mi correo<\/p>\n\n\n\n<p>Hola, disculpa la forma en que te contact\u00e9, acabo de ver tu perfil y pens\u00e9 que pod r\u00edas ser la persona adecuada para m\u00ed. De todos modos, mi nombre es XXX, vengo de Filipinas y vivo en Francia. Padezco una grave enfermedad que me condena a una muerte segura, es el c\u00e1ncer de garganta, y tengo un total de 15.000.000 de euros que deseo donar a personas honestas y de confianza para su buen uso. Tengo un negocio de importaci\u00f3n de aceite rojo en Francia y perd\u00ed a mi esposo hace 6 a\u00f1os, lo que me afect\u00f3 mucho y hasta el d\u00eda de hoy no he podido volver a casarme, no tenemos hijos. Me gustar\u00eda donar esta suma antes de morir hasta el final de mis d\u00edas porque a\u00fan no he encontrado una cura para esta enfermedad, pero los tranquilizantes en Francia no quieren saber si puedes beneficiarte de esta contribuci\u00f3n<\/p>\n","protected":false},"excerpt":{"rendered":"<p>La estafa de la herencia es un intento de estafa muy antiguo y muy com\u00fan. Los estafadores le env\u00edan un correo electr\u00f3nico inform\u00e1ndole que ha sido elegido para recibir un legado fabuloso y providencial. El proceso de herencia de estafa es el siguiente. Un d\u00eda, recibe un correo electr\u00f3nico muy largo y muy cort\u00e9s de &hellip; <a href=\"https:\/\/1sc.org\/es\/estafas-por-correo-electronico\/estafa-de-herencia\/\" class=\"more-link\">Sigue leyendo <span class=\"screen-reader-text\">Estafa de herencia<\/span><\/a><\/p>\n","protected":false},"author":1,"featured_media":0,"parent":32,"menu_order":0,"comment_status":"open","ping_status":"closed","template":"","meta":{"footnotes":""},"class_list":["post-59","page","type-page","status-publish","hentry"],"yoast_head":"<!-- This site is optimized with the Yoast SEO plugin v26.7 - https:\/\/yoast.com\/wordpress\/plugins\/seo\/ -->\n<title>Principio y detalles de la estafa de herencia<\/title>\n<meta name=\"description\" content=\"Descripci\u00f3n de las estafas de herencia que utilizan los estafadores para estafar a las v\u00edctimas que creen en un aviso de legado providencial\" \/>\n<meta name=\"robots\" content=\"index, follow, max-snippet:-1, max-image-preview:large, max-video-preview:-1\" \/>\n<link rel=\"canonical\" href=\"https:\/\/1sc.org\/es\/estafas-por-correo-electronico\/estafa-de-herencia\/\" \/>\n<meta property=\"og:locale\" content=\"es_ES\" \/>\n<meta property=\"og:type\" content=\"article\" \/>\n<meta property=\"og:title\" content=\"Principio y detalles de la estafa de herencia\" \/>\n<meta property=\"og:description\" content=\"Descripci\u00f3n de las estafas de herencia que utilizan los estafadores para estafar a las v\u00edctimas que creen en un aviso de legado providencial\" \/>\n<meta property=\"og:url\" content=\"https:\/\/1sc.org\/es\/estafas-por-correo-electronico\/estafa-de-herencia\/\" \/>\n<meta property=\"og:site_name\" content=\"Estafas por internet\" \/>\n<meta property=\"article:modified_time\" content=\"2022-07-19T13:25:26+00:00\" \/>\n<meta property=\"og:image\" content=\"https:\/\/1sc.org\/es\/wp-content\/uploads\/sites\/2\/2022\/07\/image-6.png\" \/>\n<meta name=\"twitter:card\" content=\"summary_large_image\" \/>\n<meta name=\"twitter:label1\" content=\"Tiempo de lectura\" \/>\n\t<meta name=\"twitter:data1\" content=\"4 minutos\" \/>\n<script type=\"application\/ld+json\" class=\"yoast-schema-graph\">{\"@context\":\"https:\/\/schema.org\",\"@graph\":[{\"@type\":\"WebPage\",\"@id\":\"https:\/\/1sc.org\/es\/estafas-por-correo-electronico\/estafa-de-herencia\/\",\"url\":\"https:\/\/1sc.org\/es\/estafas-por-correo-electronico\/estafa-de-herencia\/\",\"name\":\"Principio y detalles de la estafa de herencia\",\"isPartOf\":{\"@id\":\"https:\/\/1sc.org\/es\/#website\"},\"primaryImageOfPage\":{\"@id\":\"https:\/\/1sc.org\/es\/estafas-por-correo-electronico\/estafa-de-herencia\/#primaryimage\"},\"image\":{\"@id\":\"https:\/\/1sc.org\/es\/estafas-por-correo-electronico\/estafa-de-herencia\/#primaryimage\"},\"thumbnailUrl\":\"https:\/\/1sc.org\/es\/wp-content\/uploads\/sites\/2\/2022\/07\/image-6.png\",\"datePublished\":\"2022-07-18T22:21:20+00:00\",\"dateModified\":\"2022-07-19T13:25:26+00:00\",\"description\":\"Descripci\u00f3n de las estafas de herencia que utilizan los estafadores para estafar a las v\u00edctimas que creen en un aviso de legado providencial\",\"breadcrumb\":{\"@id\":\"https:\/\/1sc.org\/es\/estafas-por-correo-electronico\/estafa-de-herencia\/#breadcrumb\"},\"inLanguage\":\"es\",\"potentialAction\":[{\"@type\":\"ReadAction\",\"target\":[\"https:\/\/1sc.org\/es\/estafas-por-correo-electronico\/estafa-de-herencia\/\"]}]},{\"@type\":\"ImageObject\",\"inLanguage\":\"es\",\"@id\":\"https:\/\/1sc.org\/es\/estafas-por-correo-electronico\/estafa-de-herencia\/#primaryimage\",\"url\":\"https:\/\/1sc.org\/es\/wp-content\/uploads\/sites\/2\/2022\/07\/image-6.png\",\"contentUrl\":\"https:\/\/1sc.org\/es\/wp-content\/uploads\/sites\/2\/2022\/07\/image-6.png\",\"width\":300,\"height\":225},{\"@type\":\"BreadcrumbList\",\"@id\":\"https:\/\/1sc.org\/es\/estafas-por-correo-electronico\/estafa-de-herencia\/#breadcrumb\",\"itemListElement\":[{\"@type\":\"ListItem\",\"position\":1,\"name\":\"Home\",\"item\":\"https:\/\/1sc.org\/es\/\"},{\"@type\":\"ListItem\",\"position\":2,\"name\":\"Estafas por correo electr\u00f3nico\",\"item\":\"https:\/\/1sc.org\/es\/estafas-por-correo-electronico\/\"},{\"@type\":\"ListItem\",\"position\":3,\"name\":\"Estafa de herencia\"}]},{\"@type\":\"WebSite\",\"@id\":\"https:\/\/1sc.org\/es\/#website\",\"url\":\"https:\/\/1sc.org\/es\/\",\"name\":\"Estafas por internet\",\"description\":\"\u00a1Prevenci\u00f3n de estafas en Internet!\",\"publisher\":{\"@id\":\"https:\/\/1sc.org\/es\/#organization\"},\"potentialAction\":[{\"@type\":\"SearchAction\",\"target\":{\"@type\":\"EntryPoint\",\"urlTemplate\":\"https:\/\/1sc.org\/es\/?s={search_term_string}\"},\"query-input\":{\"@type\":\"PropertyValueSpecification\",\"valueRequired\":true,\"valueName\":\"search_term_string\"}}],\"inLanguage\":\"es\"},{\"@type\":\"Organization\",\"@id\":\"https:\/\/1sc.org\/es\/#organization\",\"name\":\"Soruxa\",\"url\":\"https:\/\/1sc.org\/es\/\",\"logo\":{\"@type\":\"ImageObject\",\"inLanguage\":\"es\",\"@id\":\"https:\/\/1sc.org\/es\/#\/schema\/logo\/image\/\",\"url\":\"https:\/\/1sc.org\/es\/wp-content\/uploads\/sites\/2\/2022\/12\/logoSoruxa.png\",\"contentUrl\":\"https:\/\/1sc.org\/es\/wp-content\/uploads\/sites\/2\/2022\/12\/logoSoruxa.png\",\"width\":388,\"height\":391,\"caption\":\"Soruxa\"},\"image\":{\"@id\":\"https:\/\/1sc.org\/es\/#\/schema\/logo\/image\/\"}}]}<\/script>\n<!-- \/ Yoast SEO plugin. -->","yoast_head_json":{"title":"Principio y detalles de la estafa de herencia","description":"Descripci\u00f3n de las estafas de herencia que utilizan los estafadores para estafar a las v\u00edctimas que creen en un aviso de legado providencial","robots":{"index":"index","follow":"follow","max-snippet":"max-snippet:-1","max-image-preview":"max-image-preview:large","max-video-preview":"max-video-preview:-1"},"canonical":"https:\/\/1sc.org\/es\/estafas-por-correo-electronico\/estafa-de-herencia\/","og_locale":"es_ES","og_type":"article","og_title":"Principio y detalles de la estafa de herencia","og_description":"Descripci\u00f3n de las estafas de herencia que utilizan los estafadores para estafar a las v\u00edctimas que creen en un aviso de legado providencial","og_url":"https:\/\/1sc.org\/es\/estafas-por-correo-electronico\/estafa-de-herencia\/","og_site_name":"Estafas por internet","article_modified_time":"2022-07-19T13:25:26+00:00","og_image":[{"url":"https:\/\/1sc.org\/es\/wp-content\/uploads\/sites\/2\/2022\/07\/image-6.png","type":"","width":"","height":""}],"twitter_card":"summary_large_image","twitter_misc":{"Tiempo de lectura":"4 minutos"},"schema":{"@context":"https:\/\/schema.org","@graph":[{"@type":"WebPage","@id":"https:\/\/1sc.org\/es\/estafas-por-correo-electronico\/estafa-de-herencia\/","url":"https:\/\/1sc.org\/es\/estafas-por-correo-electronico\/estafa-de-herencia\/","name":"Principio y detalles de la estafa de herencia","isPartOf":{"@id":"https:\/\/1sc.org\/es\/#website"},"primaryImageOfPage":{"@id":"https:\/\/1sc.org\/es\/estafas-por-correo-electronico\/estafa-de-herencia\/#primaryimage"},"image":{"@id":"https:\/\/1sc.org\/es\/estafas-por-correo-electronico\/estafa-de-herencia\/#primaryimage"},"thumbnailUrl":"https:\/\/1sc.org\/es\/wp-content\/uploads\/sites\/2\/2022\/07\/image-6.png","datePublished":"2022-07-18T22:21:20+00:00","dateModified":"2022-07-19T13:25:26+00:00","description":"Descripci\u00f3n de las estafas de herencia que utilizan los estafadores para estafar a las v\u00edctimas que creen en un aviso de legado providencial","breadcrumb":{"@id":"https:\/\/1sc.org\/es\/estafas-por-correo-electronico\/estafa-de-herencia\/#breadcrumb"},"inLanguage":"es","potentialAction":[{"@type":"ReadAction","target":["https:\/\/1sc.org\/es\/estafas-por-correo-electronico\/estafa-de-herencia\/"]}]},{"@type":"ImageObject","inLanguage":"es","@id":"https:\/\/1sc.org\/es\/estafas-por-correo-electronico\/estafa-de-herencia\/#primaryimage","url":"https:\/\/1sc.org\/es\/wp-content\/uploads\/sites\/2\/2022\/07\/image-6.png","contentUrl":"https:\/\/1sc.org\/es\/wp-content\/uploads\/sites\/2\/2022\/07\/image-6.png","width":300,"height":225},{"@type":"BreadcrumbList","@id":"https:\/\/1sc.org\/es\/estafas-por-correo-electronico\/estafa-de-herencia\/#breadcrumb","itemListElement":[{"@type":"ListItem","position":1,"name":"Home","item":"https:\/\/1sc.org\/es\/"},{"@type":"ListItem","position":2,"name":"Estafas por correo electr\u00f3nico","item":"https:\/\/1sc.org\/es\/estafas-por-correo-electronico\/"},{"@type":"ListItem","position":3,"name":"Estafa de herencia"}]},{"@type":"WebSite","@id":"https:\/\/1sc.org\/es\/#website","url":"https:\/\/1sc.org\/es\/","name":"Estafas por internet","description":"\u00a1Prevenci\u00f3n de estafas en Internet!","publisher":{"@id":"https:\/\/1sc.org\/es\/#organization"},"potentialAction":[{"@type":"SearchAction","target":{"@type":"EntryPoint","urlTemplate":"https:\/\/1sc.org\/es\/?s={search_term_string}"},"query-input":{"@type":"PropertyValueSpecification","valueRequired":true,"valueName":"search_term_string"}}],"inLanguage":"es"},{"@type":"Organization","@id":"https:\/\/1sc.org\/es\/#organization","name":"Soruxa","url":"https:\/\/1sc.org\/es\/","logo":{"@type":"ImageObject","inLanguage":"es","@id":"https:\/\/1sc.org\/es\/#\/schema\/logo\/image\/","url":"https:\/\/1sc.org\/es\/wp-content\/uploads\/sites\/2\/2022\/12\/logoSoruxa.png","contentUrl":"https:\/\/1sc.org\/es\/wp-content\/uploads\/sites\/2\/2022\/12\/logoSoruxa.png","width":388,"height":391,"caption":"Soruxa"},"image":{"@id":"https:\/\/1sc.org\/es\/#\/schema\/logo\/image\/"}}]}},"_links":{"self":[{"href":"https:\/\/1sc.org\/es\/wp-json\/wp\/v2\/pages\/59","targetHints":{"allow":["GET"]}}],"collection":[{"href":"https:\/\/1sc.org\/es\/wp-json\/wp\/v2\/pages"}],"about":[{"href":"https:\/\/1sc.org\/es\/wp-json\/wp\/v2\/types\/page"}],"author":[{"embeddable":true,"href":"https:\/\/1sc.org\/es\/wp-json\/wp\/v2\/users\/1"}],"replies":[{"embeddable":true,"href":"https:\/\/1sc.org\/es\/wp-json\/wp\/v2\/comments?post=59"}],"version-history":[{"count":2,"href":"https:\/\/1sc.org\/es\/wp-json\/wp\/v2\/pages\/59\/revisions"}],"predecessor-version":[{"id":62,"href":"https:\/\/1sc.org\/es\/wp-json\/wp\/v2\/pages\/59\/revisions\/62"}],"up":[{"embeddable":true,"href":"https:\/\/1sc.org\/es\/wp-json\/wp\/v2\/pages\/32"}],"wp:attachment":[{"href":"https:\/\/1sc.org\/es\/wp-json\/wp\/v2\/media?parent=59"}],"curies":[{"name":"wp","href":"https:\/\/api.w.org\/{rel}","templated":true}]}}