{"id":51,"date":"2022-07-18T14:25:01","date_gmt":"2022-07-18T13:25:01","guid":{"rendered":"https:\/\/1sc.org\/es\/?page_id=51"},"modified":"2024-01-11T01:18:42","modified_gmt":"2024-01-11T00:18:42","slug":"preguntas-frecuentes","status":"publish","type":"page","link":"https:\/\/1sc.org\/es\/preguntas-frecuentes\/","title":{"rendered":"Preguntas frecuentes"},"content":{"rendered":"\n<h2 class=\"wp-block-heading\" id=\"tw-target-text\">F.A.Q \/ Preguntas y respuestas <\/h2>\n\n\n\n<h3 class=\"wp-block-heading\" id=\"tw-target-text\">1. Estafas <\/h3>\n\n\n\n<p id=\"tw-target-text\">P: \u00bfEl uso de servicios de transferencia de dinero (como Western Union) es una forma segura de pagar por un objeto que se encuentra en un sitio web de anuncios clasificados? <\/p>\n\n\n\n<p id=\"tw-target-text\">R: No. Estos servicios est\u00e1n dise\u00f1ados y deben utilizarse para intercambiar dinero entre personas que se conocen (amigos o familiares, por ejemplo). Los estafadores a menudo solicitan enviar dinero a trav\u00e9s de estos servicios. Evitar por completo <\/p>\n\n\n\n<p id=\"tw-target-text\">P: Alguien que conoc\u00ed en un sitio de citas por Internet me pide dinero. He le\u00eddo las recomendaciones en 1sc.org pero esta persona parece honesta. \u00bfEstoy realmente tratando con un estafador? <\/p>\n\n\n\n<p id=\"tw-target-text\">R: S\u00ed. A pesar de toda la simpat\u00eda que te pueda inspirar tu contacto, se trata de una estafa.<\/p>\n\n\n\n<p id=\"tw-target-text\">P: \u00bfDar mi n\u00famero de tarjeta de cr\u00e9dito en un sitio web es una forma segura de demostrar que tengo m\u00e1s de 18 a\u00f1os? <\/p>\n\n\n\n<p>R: No. No solo es posible tener una tarjeta de cr\u00e9dito antes de los 18 a\u00f1os, sino que principalmente permite a los estafadores detr\u00e1s del sitio web en el que proporcion\u00f3 su n\u00famero de tarjeta de cr\u00e9dito cargar cualquier monto. Es como si les dieras las llaves de tu cuenta bancaria. Seguramente sufrir\u00e1s algunos retiros no deseados. <\/p>\n\n\n\n<h3 class=\"wp-block-heading\">2. 1sc.org<\/h3>\n\n\n<div class=\"wp-block-image\">\n<figure class=\"alignright size-full\"><img loading=\"lazy\" decoding=\"async\" width=\"300\" height=\"225\" src=\"https:\/\/1sc.org\/es\/wp-content\/uploads\/sites\/2\/2022\/07\/image-5.png\" alt=\"Preguntas frecuentes\" class=\"wp-image-56\"\/><\/figure>\n<\/div>\n\n\n<p>P: \u00bfCu\u00e1l es el prop\u00f3sito del sitio web 1sc.org? <\/p>\n\n\n\n<p>R: Este sitio ha sido creado para alertar y asesorar a las personas que enfrentan una estafa en Internet. <\/p>\n\n\n\n<p>P: \u00bfEl sitio 1sc.org es un sitio web p\u00fablico, como un sitio gubernamental o relacionado con una empresa estatal? <\/p>\n\n\n\n<p>R: No. <\/p>\n\n\n\n<p>P: \u00bf1sc.org puede ayudarme a encontrar el dinero que perd\u00ed en una estafa? R: El sitio 1sc.org est\u00e1 hecho para prevenir y advertir a las personas contra las estafas. Para intentar recuperar tu dinero, ponte en contacto con la Polic\u00eda, la Justicia o asociaciones dedicadas. <\/p>\n\n\n\n<h2 class=\"wp-block-heading\">3. Tus comentarios <\/h2>\n\n\n\n<p>P: He publicado un comentario pero a\u00fan no se ha publicado, \u00bfqu\u00e9 est\u00e1 pasando? <\/p>\n\n\n\n<p>R: Cada comentario es revisado por un moderador. Es posible que el paso de moderaci\u00f3n tarde m\u00e1s de lo esperado. <\/p>\n\n\n\n<p>P: He publicado un comentario pero nunca se public\u00f3. Por qu\u00e9 ? <\/p>\n\n\n\n<p>R: Su comentario puede haber sido rechazado durante la fase de moderaci\u00f3n. Las razones m\u00e1s comunes de rechazo son:     <\/p>\n\n\n\n<ul class=\"wp-block-list\"><li>Tu comentario trataba de una estafa que no estaba relacionada con internet (fraude a un artesano, a un programa de televisi\u00f3n,\u2026)     <\/li><li>Su rese\u00f1a se escribi\u00f3 en \u00ablenguaje de SMS\u00bb o ten\u00eda demasiados errores ortogr\u00e1ficos<\/li><li>Tu comentario no estaba en espa\u00f1ol  <\/li><li>Tu comentario promocionaba un sitio web de un tercero.     <\/li><li>Tu comentario fue ofensivo o racista.     <\/li><li>Eres un estafador que dej\u00f3 un comentario para entrar en contacto con posibles v\u00edctimas <\/li><\/ul>\n\n\n\n<p>P: Mi comentario fue truncado. Por qu\u00e9 ? <\/p>\n\n\n\n<p>R: Su comentario fue relevante pero parte de su comentario fue rechazado durante la fase de moderaci\u00f3n. El partido rechazado no fue publicado. En este caso, la parte truncada queda de la siguiente manera: [\u2026] <\/p>\n\n\n\n<p>P: Mi comentario fue cambiado. Por qu\u00e9 ? <\/p>\n\n\n\n<p>R: Si parece que una o m\u00e1s frases de tu comentario fueron escritas de forma mejorable (inversi\u00f3n de 2 palabras, omisi\u00f3n de una palabra,\u2026), tu comentario ha sido corregido para facilitar la lectura del mismo por el mayor n\u00famero de internautas. usuarios <\/p>\n\n\n\n<p>P: \u00bfPuedo eliminar el comentario que hice en 1sc.org? <\/p>\n\n\n\n<p>R: S\u00ed. <a href=\"https:\/\/1sc.org\/contact\/\" target=\"_blank\" rel=\"noreferrer noopener\">Cont\u00e1ctenos<\/a> <\/p>\n\n\n\n<p>P: Un comentario dejado en 1sc.org me denigra a m\u00ed o a un sitio web que represento. \u00bfPuedes quitarlo? <\/p>\n\n\n\n<p>R: P\u00f3ngase en <a href=\"https:\/\/1sc.org\/es\/contacto\/\">contacto con nosotros<\/a>. <\/p>\n\n\n\n<p>P: Hice una pregunta a trav\u00e9s de la celda de \u00abcomentario\u00bb pero nadie me respondi\u00f3, \u00bfes normal? \u00bfPor qu\u00e9 una persona de 1sc.org no me responde? <\/p>\n\n\n\n<p>R: No se da una respuesta sistem\u00e1tica a cada pregunta.<\/p>\n\n\n\n<p id=\"tw-target-rmn\"><\/p>\n","protected":false},"excerpt":{"rendered":"<p>F.A.Q \/ Preguntas y respuestas 1. Estafas P: \u00bfEl uso de servicios de transferencia de dinero (como Western Union) es una forma segura de pagar por un objeto que se encuentra en un sitio web de anuncios clasificados? R: No. Estos servicios est\u00e1n dise\u00f1ados y deben utilizarse para intercambiar dinero entre personas que se conocen &hellip; <a href=\"https:\/\/1sc.org\/es\/preguntas-frecuentes\/\" class=\"more-link\">Sigue leyendo <span class=\"screen-reader-text\">Preguntas frecuentes<\/span><\/a><\/p>\n","protected":false},"author":1,"featured_media":0,"parent":0,"menu_order":7,"comment_status":"open","ping_status":"closed","template":"","meta":{"footnotes":""},"class_list":["post-51","page","type-page","status-publish","hentry"],"yoast_head":"<!-- This site is optimized with the Yoast SEO plugin v26.7 - https:\/\/yoast.com\/wordpress\/plugins\/seo\/ -->\n<title>Preguntas frecuentes - Estafas por internet<\/title>\n<meta name=\"robots\" content=\"index, follow, max-snippet:-1, max-image-preview:large, max-video-preview:-1\" \/>\n<link rel=\"canonical\" href=\"https:\/\/1sc.org\/es\/preguntas-frecuentes\/\" \/>\n<meta property=\"og:locale\" content=\"es_ES\" \/>\n<meta property=\"og:type\" content=\"article\" \/>\n<meta property=\"og:title\" content=\"Preguntas frecuentes - Estafas por internet\" \/>\n<meta property=\"og:description\" content=\"F.A.Q \/ Preguntas y respuestas 1. Estafas P: \u00bfEl uso de servicios de transferencia de dinero (como Western Union) es una forma segura de pagar por un objeto que se encuentra en un sitio web de anuncios clasificados? R: No. Estos servicios est\u00e1n dise\u00f1ados y deben utilizarse para intercambiar dinero entre personas que se conocen &hellip; Sigue leyendo Preguntas frecuentes\" \/>\n<meta property=\"og:url\" content=\"https:\/\/1sc.org\/es\/preguntas-frecuentes\/\" \/>\n<meta property=\"og:site_name\" content=\"Estafas por internet\" \/>\n<meta property=\"article:modified_time\" content=\"2024-01-11T00:18:42+00:00\" \/>\n<meta property=\"og:image\" content=\"https:\/\/1sc.org\/es\/wp-content\/uploads\/sites\/2\/2022\/07\/image-5.png\" \/>\n<meta name=\"twitter:card\" content=\"summary_large_image\" \/>\n<meta name=\"twitter:label1\" content=\"Tiempo de lectura\" \/>\n\t<meta name=\"twitter:data1\" content=\"3 minutos\" \/>\n<script type=\"application\/ld+json\" class=\"yoast-schema-graph\">{\"@context\":\"https:\/\/schema.org\",\"@graph\":[{\"@type\":\"WebPage\",\"@id\":\"https:\/\/1sc.org\/es\/preguntas-frecuentes\/\",\"url\":\"https:\/\/1sc.org\/es\/preguntas-frecuentes\/\",\"name\":\"Preguntas frecuentes - Estafas por internet\",\"isPartOf\":{\"@id\":\"https:\/\/1sc.org\/es\/#website\"},\"primaryImageOfPage\":{\"@id\":\"https:\/\/1sc.org\/es\/preguntas-frecuentes\/#primaryimage\"},\"image\":{\"@id\":\"https:\/\/1sc.org\/es\/preguntas-frecuentes\/#primaryimage\"},\"thumbnailUrl\":\"https:\/\/1sc.org\/es\/wp-content\/uploads\/sites\/2\/2022\/07\/image-5.png\",\"datePublished\":\"2022-07-18T13:25:01+00:00\",\"dateModified\":\"2024-01-11T00:18:42+00:00\",\"breadcrumb\":{\"@id\":\"https:\/\/1sc.org\/es\/preguntas-frecuentes\/#breadcrumb\"},\"inLanguage\":\"es\",\"potentialAction\":[{\"@type\":\"ReadAction\",\"target\":[\"https:\/\/1sc.org\/es\/preguntas-frecuentes\/\"]}]},{\"@type\":\"ImageObject\",\"inLanguage\":\"es\",\"@id\":\"https:\/\/1sc.org\/es\/preguntas-frecuentes\/#primaryimage\",\"url\":\"https:\/\/1sc.org\/es\/wp-content\/uploads\/sites\/2\/2022\/07\/image-5.png\",\"contentUrl\":\"https:\/\/1sc.org\/es\/wp-content\/uploads\/sites\/2\/2022\/07\/image-5.png\",\"width\":300,\"height\":225},{\"@type\":\"BreadcrumbList\",\"@id\":\"https:\/\/1sc.org\/es\/preguntas-frecuentes\/#breadcrumb\",\"itemListElement\":[{\"@type\":\"ListItem\",\"position\":1,\"name\":\"Home\",\"item\":\"https:\/\/1sc.org\/es\/\"},{\"@type\":\"ListItem\",\"position\":2,\"name\":\"Preguntas frecuentes\"}]},{\"@type\":\"WebSite\",\"@id\":\"https:\/\/1sc.org\/es\/#website\",\"url\":\"https:\/\/1sc.org\/es\/\",\"name\":\"Estafas por internet\",\"description\":\"\u00a1Prevenci\u00f3n de estafas en Internet!\",\"publisher\":{\"@id\":\"https:\/\/1sc.org\/es\/#organization\"},\"potentialAction\":[{\"@type\":\"SearchAction\",\"target\":{\"@type\":\"EntryPoint\",\"urlTemplate\":\"https:\/\/1sc.org\/es\/?s={search_term_string}\"},\"query-input\":{\"@type\":\"PropertyValueSpecification\",\"valueRequired\":true,\"valueName\":\"search_term_string\"}}],\"inLanguage\":\"es\"},{\"@type\":\"Organization\",\"@id\":\"https:\/\/1sc.org\/es\/#organization\",\"name\":\"Soruxa\",\"url\":\"https:\/\/1sc.org\/es\/\",\"logo\":{\"@type\":\"ImageObject\",\"inLanguage\":\"es\",\"@id\":\"https:\/\/1sc.org\/es\/#\/schema\/logo\/image\/\",\"url\":\"https:\/\/1sc.org\/es\/wp-content\/uploads\/sites\/2\/2022\/12\/logoSoruxa.png\",\"contentUrl\":\"https:\/\/1sc.org\/es\/wp-content\/uploads\/sites\/2\/2022\/12\/logoSoruxa.png\",\"width\":388,\"height\":391,\"caption\":\"Soruxa\"},\"image\":{\"@id\":\"https:\/\/1sc.org\/es\/#\/schema\/logo\/image\/\"}}]}<\/script>\n<!-- \/ Yoast SEO plugin. -->","yoast_head_json":{"title":"Preguntas frecuentes - Estafas por internet","robots":{"index":"index","follow":"follow","max-snippet":"max-snippet:-1","max-image-preview":"max-image-preview:large","max-video-preview":"max-video-preview:-1"},"canonical":"https:\/\/1sc.org\/es\/preguntas-frecuentes\/","og_locale":"es_ES","og_type":"article","og_title":"Preguntas frecuentes - Estafas por internet","og_description":"F.A.Q \/ Preguntas y respuestas 1. Estafas P: \u00bfEl uso de servicios de transferencia de dinero (como Western Union) es una forma segura de pagar por un objeto que se encuentra en un sitio web de anuncios clasificados? R: No. Estos servicios est\u00e1n dise\u00f1ados y deben utilizarse para intercambiar dinero entre personas que se conocen &hellip; Sigue leyendo Preguntas frecuentes","og_url":"https:\/\/1sc.org\/es\/preguntas-frecuentes\/","og_site_name":"Estafas por internet","article_modified_time":"2024-01-11T00:18:42+00:00","og_image":[{"url":"https:\/\/1sc.org\/es\/wp-content\/uploads\/sites\/2\/2022\/07\/image-5.png","type":"","width":"","height":""}],"twitter_card":"summary_large_image","twitter_misc":{"Tiempo de lectura":"3 minutos"},"schema":{"@context":"https:\/\/schema.org","@graph":[{"@type":"WebPage","@id":"https:\/\/1sc.org\/es\/preguntas-frecuentes\/","url":"https:\/\/1sc.org\/es\/preguntas-frecuentes\/","name":"Preguntas frecuentes - Estafas por internet","isPartOf":{"@id":"https:\/\/1sc.org\/es\/#website"},"primaryImageOfPage":{"@id":"https:\/\/1sc.org\/es\/preguntas-frecuentes\/#primaryimage"},"image":{"@id":"https:\/\/1sc.org\/es\/preguntas-frecuentes\/#primaryimage"},"thumbnailUrl":"https:\/\/1sc.org\/es\/wp-content\/uploads\/sites\/2\/2022\/07\/image-5.png","datePublished":"2022-07-18T13:25:01+00:00","dateModified":"2024-01-11T00:18:42+00:00","breadcrumb":{"@id":"https:\/\/1sc.org\/es\/preguntas-frecuentes\/#breadcrumb"},"inLanguage":"es","potentialAction":[{"@type":"ReadAction","target":["https:\/\/1sc.org\/es\/preguntas-frecuentes\/"]}]},{"@type":"ImageObject","inLanguage":"es","@id":"https:\/\/1sc.org\/es\/preguntas-frecuentes\/#primaryimage","url":"https:\/\/1sc.org\/es\/wp-content\/uploads\/sites\/2\/2022\/07\/image-5.png","contentUrl":"https:\/\/1sc.org\/es\/wp-content\/uploads\/sites\/2\/2022\/07\/image-5.png","width":300,"height":225},{"@type":"BreadcrumbList","@id":"https:\/\/1sc.org\/es\/preguntas-frecuentes\/#breadcrumb","itemListElement":[{"@type":"ListItem","position":1,"name":"Home","item":"https:\/\/1sc.org\/es\/"},{"@type":"ListItem","position":2,"name":"Preguntas frecuentes"}]},{"@type":"WebSite","@id":"https:\/\/1sc.org\/es\/#website","url":"https:\/\/1sc.org\/es\/","name":"Estafas por internet","description":"\u00a1Prevenci\u00f3n de estafas en Internet!","publisher":{"@id":"https:\/\/1sc.org\/es\/#organization"},"potentialAction":[{"@type":"SearchAction","target":{"@type":"EntryPoint","urlTemplate":"https:\/\/1sc.org\/es\/?s={search_term_string}"},"query-input":{"@type":"PropertyValueSpecification","valueRequired":true,"valueName":"search_term_string"}}],"inLanguage":"es"},{"@type":"Organization","@id":"https:\/\/1sc.org\/es\/#organization","name":"Soruxa","url":"https:\/\/1sc.org\/es\/","logo":{"@type":"ImageObject","inLanguage":"es","@id":"https:\/\/1sc.org\/es\/#\/schema\/logo\/image\/","url":"https:\/\/1sc.org\/es\/wp-content\/uploads\/sites\/2\/2022\/12\/logoSoruxa.png","contentUrl":"https:\/\/1sc.org\/es\/wp-content\/uploads\/sites\/2\/2022\/12\/logoSoruxa.png","width":388,"height":391,"caption":"Soruxa"},"image":{"@id":"https:\/\/1sc.org\/es\/#\/schema\/logo\/image\/"}}]}},"_links":{"self":[{"href":"https:\/\/1sc.org\/es\/wp-json\/wp\/v2\/pages\/51","targetHints":{"allow":["GET"]}}],"collection":[{"href":"https:\/\/1sc.org\/es\/wp-json\/wp\/v2\/pages"}],"about":[{"href":"https:\/\/1sc.org\/es\/wp-json\/wp\/v2\/types\/page"}],"author":[{"embeddable":true,"href":"https:\/\/1sc.org\/es\/wp-json\/wp\/v2\/users\/1"}],"replies":[{"embeddable":true,"href":"https:\/\/1sc.org\/es\/wp-json\/wp\/v2\/comments?post=51"}],"version-history":[{"count":2,"href":"https:\/\/1sc.org\/es\/wp-json\/wp\/v2\/pages\/51\/revisions"}],"predecessor-version":[{"id":57,"href":"https:\/\/1sc.org\/es\/wp-json\/wp\/v2\/pages\/51\/revisions\/57"}],"wp:attachment":[{"href":"https:\/\/1sc.org\/es\/wp-json\/wp\/v2\/media?parent=51"}],"curies":[{"name":"wp","href":"https:\/\/api.w.org\/{rel}","templated":true}]}}