{"id":47,"date":"2022-07-18T14:13:00","date_gmt":"2022-07-18T13:13:00","guid":{"rendered":"https:\/\/1sc.org\/es\/?page_id=47"},"modified":"2024-01-11T01:25:50","modified_gmt":"2024-01-11T00:25:50","slug":"aviso-legal","status":"publish","type":"page","link":"https:\/\/1sc.org\/es\/aviso-legal\/","title":{"rendered":"Aviso legal \/ T\u00e9rminos y condiciones"},"content":{"rendered":"\n<h2 class=\"wp-block-heading\">Aviso legal y T\u00e9rminos y condiciones<\/h2>\n\n\n\n<p>El siguiente aviso legal y condiciones generales de uso se aplican al sitio web 1sc.org <\/p>\n\n\n\n<p id=\"tw-target-text\">Al elegir acceder y utilizar <a href=\"https:\/\/1sc.org\/es\/\" target=\"_blank\" rel=\"noreferrer noopener\">1sc.org<\/a>, acepta todas las condiciones establecidas a continuaci\u00f3n, incluidas las presentes en la pol\u00edtica de privacidad y tambi\u00e9n reconoce que pueden ser modificadas, cambiadas o actualizadas. en cualquier momento y sin previo aviso. Si no est\u00e1 de acuerdo con todas o parte de las condiciones establecidas a continuaci\u00f3n, pierde el derecho de acceso y uso de este sitio web, por lo que debe dejar de acceder y utilizarlo. <\/p>\n\n\n\n<h3 class=\"wp-block-heading\" id=\"tw-target-text\">Identificaci\u00f3n <\/h3>\n\n\n\n<p id=\"tw-target-text\">1sc.org es un sitio de informaci\u00f3n sobre estafas en Internet. Es operado por la empresa Soruxa con sede en Montreal, QC, Canad\u00e1. El aviso legal y las condiciones generales de uso del sitio web <a href=\"https:\/\/1sc.org\/es\/\" target=\"_blank\" rel=\"noreferrer noopener\">1sc.org<\/a> se rigen por las leyes federales y provinciales vigentes en la provincia de Quebec, Canad\u00e1 <\/p>\n\n\n\n<h3 class=\"wp-block-heading\" id=\"tw-target-text\">Pol\u00edtica de privacidad <\/h3>\n\n\n\n<p id=\"tw-target-text\">Acceso a la <a href=\"https:\/\/1sc.org\/privacy-policy\/\">pol\u00edtica de privacidad <\/a><\/p>\n\n\n\n<h3 class=\"wp-block-heading\" id=\"tw-target-text\">Descargo de responsabilidad del contenido <\/h3>\n\n\n\n<p id=\"tw-target-text\">El sitio web <a href=\"https:\/\/1sc.org\/es\/\">1sc.org<\/a> puede contener texto o im\u00e1genes de naturaleza expl\u00edcita, como lenguaje vulgar e im\u00e1genes de desnudos. Le pedimos que no use <a href=\"https:\/\/1sc.org\/es\/\" target=\"_blank\" rel=\"noreferrer noopener\">1sc.org<\/a> si es sensible al contenido de naturaleza expl\u00edcita <\/p>\n\n\n\n<h3 class=\"wp-block-heading\" id=\"tw-target-text\">Contenido <\/h3>\n\n\n\n<h4 class=\"wp-block-heading\" id=\"tw-target-text\">Propiedad intelectual <\/h4>\n\n\n<div class=\"wp-block-image\">\n<figure class=\"alignright size-full\"><img loading=\"lazy\" decoding=\"async\" width=\"300\" height=\"208\" src=\"https:\/\/1sc.org\/es\/wp-content\/uploads\/sites\/2\/2024\/01\/information.webp\" alt=\"Informaci\u00f3n y aviso legal\" class=\"wp-image-192\"\/><\/figure>\n<\/div>\n\n\n<p id=\"tw-target-text\">El contenido de las p\u00e1ginas y art\u00edculos del sitio web <a href=\"https:\/\/1sc.org\/es\/\" target=\"_blank\" rel=\"noreferrer noopener\">1SC.org<\/a> pertenece al administrador y propietario del sitio (las condiciones relativas a los comentarios dejados por los usuarios de Internet se tratan en la siguiente secci\u00f3n). El contenido de las p\u00e1ginas y art\u00edculos del sitio web <a href=\"https:\/\/1sc.org\/es\/\" target=\"_blank\" rel=\"noreferrer noopener\">1SC.org<\/a> es propiedad intelectual del propietario del sitio. Como tal, est\u00e1 estrictamente prohibido reproducir la informaci\u00f3n contenida en el sitio web 1SC.org sin el consentimiento por escrito del administrador del sitio. Si desea expresar su deseo de que se elimine un contenido, puede <a href=\"https:\/\/1sc.org\/es\/contacto\/\">notificarnos por correo electr\u00f3nico<\/a> y especificar sus motivos. <\/p>\n\n\n\n<h4 class=\"wp-block-heading\" id=\"tw-target-text\">Limitaci\u00f3n de responsabilidad <\/h4>\n\n\n\n<p id=\"tw-target-text\">Se hacen esfuerzos razonables para garantizar que la informaci\u00f3n contenida en los art\u00edculos y p\u00e1ginas del sitio web <a href=\"https:\/\/1sc.org\/es\/\" target=\"_blank\" rel=\"noreferrer noopener\">1sc.org<\/a> sea precisa y est\u00e9 actualizada (excluidos los comentarios). A pesar de todas las precauciones tomadas, no se garantiza la exactitud y confiabilidad de la informaci\u00f3n contenida en el sitio web 1sc.org. La persona responsable del sitio web <a href=\"https:\/\/1sc.org\/es\/\" target=\"_blank\" rel=\"noreferrer noopener\">1sc.org<\/a> no incurrir\u00e1 en responsabilidad alguna por cualquier da\u00f1o resultante del uso del sitio web <a href=\"https:\/\/1sc.org\/es\/\" target=\"_blank\" rel=\"noreferrer noopener\">1sc.org<\/a><\/p>\n\n\n\n<h3 class=\"wp-block-heading\" id=\"tw-target-text\">Comentarios <\/h3>\n\n\n\n<h4 class=\"wp-block-heading\" id=\"tw-target-text\">Limitaci\u00f3n de responsabilidad <\/h4>\n\n\n\n<p id=\"tw-target-text\">Los comentarios (en forma de texto y\/o hiperv\u00ednculos) publicados por terceros, a trav\u00e9s de la casilla \u00abdeje un comentario\u00bb, no comprometen la responsabilidad del sitio web 1sc.org y su propietario. Puede <a href=\"https:\/\/1sc.org\/es\/contacto\/\">notificarnos cualquier abuso por correo electr\u00f3nico <\/a><\/p>\n\n\n\n<p id=\"tw-target-text\">La realizaci\u00f3n de manifestaciones difamatorias, calumniosas, abusivas o racistas sobre una persona, podr\u00e1 ser objeto de persecuci\u00f3n penal. Desde el punto de vista penal, un menor capaz de discernimiento puede ser castigado penalmente<\/p>\n\n\n\n<p id=\"tw-target-rmn\">En caso de delito de prensa (insulto, difamaci\u00f3n, incitaci\u00f3n al odio racial\u2026), <strong>los autores de estos comentarios son responsables de sus palabras.<\/strong> Una queja potencial debe dirigirse principalmente al autor del comentario, no al propietario del sitio donde se encuentra el comentario. <\/p>\n\n\n\n<p id=\"tw-target-rmn\">El propietario del sitio no ser\u00e1 responsable si no ten\u00eda conocimiento de los comentarios ofensivos antes de su publicaci\u00f3n. Tampoco ser\u00e1 responsable si actu\u00f3 con prontitud para eliminar dichos comentarios al tener conocimiento de ellos. <\/p>\n\n\n\n<h3 class=\"wp-block-heading\" id=\"tw-target-rmn\">Publicidad <\/h3>\n\n\n\n<p id=\"tw-target-rmn\">Utilizamos empresas de publicidad de terceros para publicar anuncios en nuestro sitio web. Los anuncios que se muestran no est\u00e1n controlados ni supervisados \u200b\u200bpor <a href=\"https:\/\/1sc.org\/es\/\" target=\"_blank\" rel=\"noreferrer noopener\">1sc.org<\/a>. Por lo tanto, es posible que se muestre en nuestro sitio un anuncio de un sitio web con el que ha tenido un problema o que se sabe que tiene pr\u00e1cticas cuestionables. <\/p>\n","protected":false},"excerpt":{"rendered":"<p>Aviso legal y T\u00e9rminos y condiciones El siguiente aviso legal y condiciones generales de uso se aplican al sitio web 1sc.org Al elegir acceder y utilizar 1sc.org, acepta todas las condiciones establecidas a continuaci\u00f3n, incluidas las presentes en la pol\u00edtica de privacidad y tambi\u00e9n reconoce que pueden ser modificadas, cambiadas o actualizadas. en cualquier momento &hellip; <a href=\"https:\/\/1sc.org\/es\/aviso-legal\/\" class=\"more-link\">Sigue leyendo <span class=\"screen-reader-text\">Aviso legal \/ T\u00e9rminos y condiciones<\/span><\/a><\/p>\n","protected":false},"author":1,"featured_media":0,"parent":0,"menu_order":8,"comment_status":"closed","ping_status":"closed","template":"","meta":{"footnotes":""},"class_list":["post-47","page","type-page","status-publish","hentry"],"yoast_head":"<!-- This site is optimized with the Yoast SEO plugin v26.7 - https:\/\/yoast.com\/wordpress\/plugins\/seo\/ -->\n<title>Aviso legal \/ T\u00e9rminos y condiciones of 1sc.org<\/title>\n<meta name=\"description\" content=\"Aviso legal y t\u00e9rminos y condiciones del sitio web 1sc.org: Identificaci\u00f3n, Contenidos, comentarios y publicidad\" \/>\n<meta name=\"robots\" content=\"index, follow, max-snippet:-1, max-image-preview:large, max-video-preview:-1\" \/>\n<link rel=\"canonical\" href=\"https:\/\/1sc.org\/es\/aviso-legal\/\" \/>\n<meta property=\"og:locale\" content=\"es_ES\" \/>\n<meta property=\"og:type\" content=\"article\" \/>\n<meta property=\"og:title\" content=\"Aviso legal \/ T\u00e9rminos y condiciones of 1sc.org\" \/>\n<meta property=\"og:description\" content=\"Aviso legal y t\u00e9rminos y condiciones del sitio web 1sc.org: Identificaci\u00f3n, Contenidos, comentarios y publicidad\" \/>\n<meta property=\"og:url\" content=\"https:\/\/1sc.org\/es\/aviso-legal\/\" \/>\n<meta property=\"og:site_name\" content=\"Estafas por internet\" \/>\n<meta property=\"article:modified_time\" content=\"2024-01-11T00:25:50+00:00\" \/>\n<meta property=\"og:image\" content=\"https:\/\/1sc.org\/es\/wp-content\/uploads\/sites\/2\/2024\/01\/information.webp\" \/>\n<meta name=\"twitter:card\" content=\"summary_large_image\" \/>\n<meta name=\"twitter:label1\" content=\"Tiempo de lectura\" \/>\n\t<meta name=\"twitter:data1\" content=\"3 minutos\" \/>\n<script type=\"application\/ld+json\" class=\"yoast-schema-graph\">{\"@context\":\"https:\/\/schema.org\",\"@graph\":[{\"@type\":\"WebPage\",\"@id\":\"https:\/\/1sc.org\/es\/aviso-legal\/\",\"url\":\"https:\/\/1sc.org\/es\/aviso-legal\/\",\"name\":\"Aviso legal \/ T\u00e9rminos y condiciones of 1sc.org\",\"isPartOf\":{\"@id\":\"https:\/\/1sc.org\/es\/#website\"},\"primaryImageOfPage\":{\"@id\":\"https:\/\/1sc.org\/es\/aviso-legal\/#primaryimage\"},\"image\":{\"@id\":\"https:\/\/1sc.org\/es\/aviso-legal\/#primaryimage\"},\"thumbnailUrl\":\"https:\/\/1sc.org\/es\/wp-content\/uploads\/sites\/2\/2024\/01\/information.webp\",\"datePublished\":\"2022-07-18T13:13:00+00:00\",\"dateModified\":\"2024-01-11T00:25:50+00:00\",\"description\":\"Aviso legal y t\u00e9rminos y condiciones del sitio web 1sc.org: Identificaci\u00f3n, Contenidos, comentarios y publicidad\",\"breadcrumb\":{\"@id\":\"https:\/\/1sc.org\/es\/aviso-legal\/#breadcrumb\"},\"inLanguage\":\"es\",\"potentialAction\":[{\"@type\":\"ReadAction\",\"target\":[\"https:\/\/1sc.org\/es\/aviso-legal\/\"]}]},{\"@type\":\"ImageObject\",\"inLanguage\":\"es\",\"@id\":\"https:\/\/1sc.org\/es\/aviso-legal\/#primaryimage\",\"url\":\"https:\/\/1sc.org\/es\/wp-content\/uploads\/sites\/2\/2024\/01\/information.webp\",\"contentUrl\":\"https:\/\/1sc.org\/es\/wp-content\/uploads\/sites\/2\/2024\/01\/information.webp\",\"width\":300,\"height\":208},{\"@type\":\"BreadcrumbList\",\"@id\":\"https:\/\/1sc.org\/es\/aviso-legal\/#breadcrumb\",\"itemListElement\":[{\"@type\":\"ListItem\",\"position\":1,\"name\":\"Home\",\"item\":\"https:\/\/1sc.org\/es\/\"},{\"@type\":\"ListItem\",\"position\":2,\"name\":\"Aviso legal \/ T\u00e9rminos y condiciones\"}]},{\"@type\":\"WebSite\",\"@id\":\"https:\/\/1sc.org\/es\/#website\",\"url\":\"https:\/\/1sc.org\/es\/\",\"name\":\"Estafas por internet\",\"description\":\"\u00a1Prevenci\u00f3n de estafas en Internet!\",\"publisher\":{\"@id\":\"https:\/\/1sc.org\/es\/#organization\"},\"potentialAction\":[{\"@type\":\"SearchAction\",\"target\":{\"@type\":\"EntryPoint\",\"urlTemplate\":\"https:\/\/1sc.org\/es\/?s={search_term_string}\"},\"query-input\":{\"@type\":\"PropertyValueSpecification\",\"valueRequired\":true,\"valueName\":\"search_term_string\"}}],\"inLanguage\":\"es\"},{\"@type\":\"Organization\",\"@id\":\"https:\/\/1sc.org\/es\/#organization\",\"name\":\"Soruxa\",\"url\":\"https:\/\/1sc.org\/es\/\",\"logo\":{\"@type\":\"ImageObject\",\"inLanguage\":\"es\",\"@id\":\"https:\/\/1sc.org\/es\/#\/schema\/logo\/image\/\",\"url\":\"https:\/\/1sc.org\/es\/wp-content\/uploads\/sites\/2\/2022\/12\/logoSoruxa.png\",\"contentUrl\":\"https:\/\/1sc.org\/es\/wp-content\/uploads\/sites\/2\/2022\/12\/logoSoruxa.png\",\"width\":388,\"height\":391,\"caption\":\"Soruxa\"},\"image\":{\"@id\":\"https:\/\/1sc.org\/es\/#\/schema\/logo\/image\/\"}}]}<\/script>\n<!-- \/ Yoast SEO plugin. -->","yoast_head_json":{"title":"Aviso legal \/ T\u00e9rminos y condiciones of 1sc.org","description":"Aviso legal y t\u00e9rminos y condiciones del sitio web 1sc.org: Identificaci\u00f3n, Contenidos, comentarios y publicidad","robots":{"index":"index","follow":"follow","max-snippet":"max-snippet:-1","max-image-preview":"max-image-preview:large","max-video-preview":"max-video-preview:-1"},"canonical":"https:\/\/1sc.org\/es\/aviso-legal\/","og_locale":"es_ES","og_type":"article","og_title":"Aviso legal \/ T\u00e9rminos y condiciones of 1sc.org","og_description":"Aviso legal y t\u00e9rminos y condiciones del sitio web 1sc.org: Identificaci\u00f3n, Contenidos, comentarios y publicidad","og_url":"https:\/\/1sc.org\/es\/aviso-legal\/","og_site_name":"Estafas por internet","article_modified_time":"2024-01-11T00:25:50+00:00","og_image":[{"url":"https:\/\/1sc.org\/es\/wp-content\/uploads\/sites\/2\/2024\/01\/information.webp","type":"","width":"","height":""}],"twitter_card":"summary_large_image","twitter_misc":{"Tiempo de lectura":"3 minutos"},"schema":{"@context":"https:\/\/schema.org","@graph":[{"@type":"WebPage","@id":"https:\/\/1sc.org\/es\/aviso-legal\/","url":"https:\/\/1sc.org\/es\/aviso-legal\/","name":"Aviso legal \/ T\u00e9rminos y condiciones of 1sc.org","isPartOf":{"@id":"https:\/\/1sc.org\/es\/#website"},"primaryImageOfPage":{"@id":"https:\/\/1sc.org\/es\/aviso-legal\/#primaryimage"},"image":{"@id":"https:\/\/1sc.org\/es\/aviso-legal\/#primaryimage"},"thumbnailUrl":"https:\/\/1sc.org\/es\/wp-content\/uploads\/sites\/2\/2024\/01\/information.webp","datePublished":"2022-07-18T13:13:00+00:00","dateModified":"2024-01-11T00:25:50+00:00","description":"Aviso legal y t\u00e9rminos y condiciones del sitio web 1sc.org: Identificaci\u00f3n, Contenidos, comentarios y publicidad","breadcrumb":{"@id":"https:\/\/1sc.org\/es\/aviso-legal\/#breadcrumb"},"inLanguage":"es","potentialAction":[{"@type":"ReadAction","target":["https:\/\/1sc.org\/es\/aviso-legal\/"]}]},{"@type":"ImageObject","inLanguage":"es","@id":"https:\/\/1sc.org\/es\/aviso-legal\/#primaryimage","url":"https:\/\/1sc.org\/es\/wp-content\/uploads\/sites\/2\/2024\/01\/information.webp","contentUrl":"https:\/\/1sc.org\/es\/wp-content\/uploads\/sites\/2\/2024\/01\/information.webp","width":300,"height":208},{"@type":"BreadcrumbList","@id":"https:\/\/1sc.org\/es\/aviso-legal\/#breadcrumb","itemListElement":[{"@type":"ListItem","position":1,"name":"Home","item":"https:\/\/1sc.org\/es\/"},{"@type":"ListItem","position":2,"name":"Aviso legal \/ T\u00e9rminos y condiciones"}]},{"@type":"WebSite","@id":"https:\/\/1sc.org\/es\/#website","url":"https:\/\/1sc.org\/es\/","name":"Estafas por internet","description":"\u00a1Prevenci\u00f3n de estafas en Internet!","publisher":{"@id":"https:\/\/1sc.org\/es\/#organization"},"potentialAction":[{"@type":"SearchAction","target":{"@type":"EntryPoint","urlTemplate":"https:\/\/1sc.org\/es\/?s={search_term_string}"},"query-input":{"@type":"PropertyValueSpecification","valueRequired":true,"valueName":"search_term_string"}}],"inLanguage":"es"},{"@type":"Organization","@id":"https:\/\/1sc.org\/es\/#organization","name":"Soruxa","url":"https:\/\/1sc.org\/es\/","logo":{"@type":"ImageObject","inLanguage":"es","@id":"https:\/\/1sc.org\/es\/#\/schema\/logo\/image\/","url":"https:\/\/1sc.org\/es\/wp-content\/uploads\/sites\/2\/2022\/12\/logoSoruxa.png","contentUrl":"https:\/\/1sc.org\/es\/wp-content\/uploads\/sites\/2\/2022\/12\/logoSoruxa.png","width":388,"height":391,"caption":"Soruxa"},"image":{"@id":"https:\/\/1sc.org\/es\/#\/schema\/logo\/image\/"}}]}},"_links":{"self":[{"href":"https:\/\/1sc.org\/es\/wp-json\/wp\/v2\/pages\/47","targetHints":{"allow":["GET"]}}],"collection":[{"href":"https:\/\/1sc.org\/es\/wp-json\/wp\/v2\/pages"}],"about":[{"href":"https:\/\/1sc.org\/es\/wp-json\/wp\/v2\/types\/page"}],"author":[{"embeddable":true,"href":"https:\/\/1sc.org\/es\/wp-json\/wp\/v2\/users\/1"}],"replies":[{"embeddable":true,"href":"https:\/\/1sc.org\/es\/wp-json\/wp\/v2\/comments?post=47"}],"version-history":[{"count":3,"href":"https:\/\/1sc.org\/es\/wp-json\/wp\/v2\/pages\/47\/revisions"}],"predecessor-version":[{"id":193,"href":"https:\/\/1sc.org\/es\/wp-json\/wp\/v2\/pages\/47\/revisions\/193"}],"wp:attachment":[{"href":"https:\/\/1sc.org\/es\/wp-json\/wp\/v2\/media?parent=47"}],"curies":[{"name":"wp","href":"https:\/\/api.w.org\/{rel}","templated":true}]}}