{"id":42,"date":"2022-07-18T13:38:07","date_gmt":"2022-07-18T12:38:07","guid":{"rendered":"https:\/\/1sc.org\/es\/?page_id=42"},"modified":"2024-01-11T03:36:59","modified_gmt":"2024-01-11T02:36:59","slug":"contacto","status":"publish","type":"page","link":"https:\/\/1sc.org\/es\/contacto\/","title":{"rendered":"Contacto"},"content":{"rendered":"\n<h2 class=\"wp-block-heading\">Formulario de contacto 1sc.org<\/h2>\n\n\n\n<p>\u00bfUna pregunta? \u00bfUna observaci\u00f3n? \u00bfQuiere ponerse en contacto con nosotros? Entonces ha llegado al lugar adecuado.<\/p>\n\n\n\n<p>En esta secci\u00f3n encontrar\u00e1 los datos de contacto del sitio web 1sc.org. Por favor, deje su mensaje utilizando el formulario de abajo.<\/p>\n\n\n<div class=\"wp-block-image\">\n<figure class=\"alignright size-full\"><img loading=\"lazy\" decoding=\"async\" width=\"287\" height=\"300\" src=\"https:\/\/1sc.org\/es\/wp-content\/uploads\/sites\/2\/2024\/01\/contact.webp\" alt=\"contacto\" class=\"wp-image-202\"\/><\/figure>\n<\/div>\n\n\n<p>Un formulario de contacto es un formulario web que permite a los visitantes enviar un mensaje al propietario. Se trata de un m\u00e9todo de comunicaci\u00f3n habitual en los sitios web que ofrecen a los visitantes la posibilidad de ponerse en contacto con ellos. El formulario de contacto se encuentra en la p\u00e1gina de contacto. El formulario de contacto se utiliza normalmente para recoger informaci\u00f3n del visitante, como el nombre y la direcci\u00f3n de correo electr\u00f3nico.<\/p>\n\n\n\n<p>No obstante, le invitamos a comprobar si su pregunta no ha sido ya respondida en la secci\u00f3n de preguntas frecuentes. Se trata de una p\u00e1gina que re\u00fane las preguntas m\u00e1s frecuentes, as\u00ed como sus respuestas. Podr\u00e1 ahorrar tiempo<\/p>\n\n\n\n<h3 class=\"wp-block-heading\">Se comenta primero<\/h3>\n\n\n\n<p>Si tiene una breve informaci\u00f3n que comunicar y cree que puede beneficiar a otros internautas, utilice las secciones de comentarios que aparecen al final de cada p\u00e1gina y de cada art\u00edculo. Seguro que hay alguien a quien su experiencia puede ser \u00fatil.<\/p>\n\n\n\n<p>Si tiene una larga historia que compartir, utilice nuestro <a href=\"https:\/\/1sc.org\/es\/testimonos\/\">formulario dedicado a las historias<\/a>. Su testimonio llegar\u00e1 a una direcci\u00f3n especial y se procesar\u00e1 con mayor eficacia.<\/p>\n\n\n\n<p>Lamentablemente, dado el volumen de mensajes y la complejidad de cada caso particular, no podemos responder a los mensajes en los que se nos pide nuestra opini\u00f3n sobre la situaci\u00f3n que est\u00e1 viviendo.<\/p>\n\n\n\n<p>As\u00ed pues, le invitamos a que no nos pregunte si una persona es un estafador o si un sitio web es una estafa. Sin embargo, puedes dirigirte a la comunidad 1sc.org planteando tus preguntas en las secciones de comentarios. Le animamos a hacerlo, ya que 1sc.org est\u00e1 creciendo y, por experiencia, es m\u00e1s probable que alguien tenga una respuesta o un consejo que darle.<\/p>\n\n\n\n<div class=\"wp-block-contact-form-7-contact-form-selector\">\n<div class=\"wpcf7 no-js\" id=\"wpcf7-f39-o1\" lang=\"es-ES\" dir=\"ltr\" data-wpcf7-id=\"39\">\n<div class=\"screen-reader-response\"><p role=\"status\" aria-live=\"polite\" aria-atomic=\"true\"><\/p> <ul><\/ul><\/div>\n<form action=\"\/es\/wp-json\/wp\/v2\/pages\/42#wpcf7-f39-o1\" method=\"post\" class=\"wpcf7-form init\" aria-label=\"Formulario de contacto\" novalidate=\"novalidate\" data-status=\"init\">\n<fieldset class=\"hidden-fields-container\"><input type=\"hidden\" name=\"_wpcf7\" value=\"39\" \/><input type=\"hidden\" name=\"_wpcf7_version\" value=\"6.1.4\" \/><input type=\"hidden\" name=\"_wpcf7_locale\" value=\"es_ES\" \/><input type=\"hidden\" name=\"_wpcf7_unit_tag\" value=\"wpcf7-f39-o1\" \/><input type=\"hidden\" name=\"_wpcf7_container_post\" value=\"0\" \/><input type=\"hidden\" name=\"_wpcf7_posted_data_hash\" value=\"\" \/>\n<\/fieldset>\n<p><label> Tu nombre<br \/>\n<span class=\"wpcf7-form-control-wrap\" data-name=\"your-name\"><input size=\"40\" maxlength=\"400\" class=\"wpcf7-form-control wpcf7-text wpcf7-validates-as-required\" aria-required=\"true\" aria-invalid=\"false\" value=\"\" type=\"text\" name=\"your-name\" \/><\/span> <\/label>\n<\/p>\n<p><label> Tu correo electr\u00f3nico<br \/>\n<span class=\"wpcf7-form-control-wrap\" data-name=\"your-email\"><input size=\"40\" maxlength=\"400\" class=\"wpcf7-form-control wpcf7-email wpcf7-validates-as-required wpcf7-text wpcf7-validates-as-email\" aria-required=\"true\" aria-invalid=\"false\" value=\"\" type=\"email\" name=\"your-email\" \/><\/span> <\/label>\n<\/p>\n<p><label> Asunto<br \/>\n<span class=\"wpcf7-form-control-wrap\" data-name=\"your-subject\"><input size=\"40\" maxlength=\"400\" class=\"wpcf7-form-control wpcf7-text wpcf7-validates-as-required\" aria-required=\"true\" aria-invalid=\"false\" value=\"\" type=\"text\" name=\"your-subject\" \/><\/span> <\/label>\n<\/p>\n<p><label> Tu mensaje (opcional)<br \/>\n<span class=\"wpcf7-form-control-wrap\" data-name=\"your-message\"><textarea cols=\"40\" rows=\"10\" maxlength=\"2000\" class=\"wpcf7-form-control wpcf7-textarea\" aria-invalid=\"false\" name=\"your-message\"><\/textarea><\/span> <\/label>\n<\/p>\n<p><input class=\"wpcf7-form-control wpcf7-submit has-spinner\" type=\"submit\" value=\"Enviar\" \/>\n<\/p><div class=\"wpcf7-response-output\" aria-hidden=\"true\"><\/div>\n<\/form>\n<\/div>\n<\/div>\n","protected":false},"excerpt":{"rendered":"<p>Formulario de contacto 1sc.org \u00bfUna pregunta? \u00bfUna observaci\u00f3n? \u00bfQuiere ponerse en contacto con nosotros? Entonces ha llegado al lugar adecuado. En esta secci\u00f3n encontrar\u00e1 los datos de contacto del sitio web 1sc.org. Por favor, deje su mensaje utilizando el formulario de abajo. Un formulario de contacto es un formulario web que permite a los visitantes &hellip; <a href=\"https:\/\/1sc.org\/es\/contacto\/\" class=\"more-link\">Sigue leyendo <span class=\"screen-reader-text\">Contacto<\/span><\/a><\/p>\n","protected":false},"author":1,"featured_media":0,"parent":0,"menu_order":6,"comment_status":"closed","ping_status":"closed","template":"","meta":{"footnotes":""},"class_list":["post-42","page","type-page","status-publish","hentry"],"yoast_head":"<!-- This site is optimized with the Yoast SEO plugin v26.7 - https:\/\/yoast.com\/wordpress\/plugins\/seo\/ -->\n<title>Formulario de contacto 1sc.org<\/title>\n<meta name=\"description\" content=\"\u00bfDesea enviarnos un mensaje? Rellene nuestro formulario de contacto de 1sc.org, sitio web que ofrece informaci\u00f3n sobre estafas en internet\" \/>\n<meta name=\"robots\" content=\"index, follow, max-snippet:-1, max-image-preview:large, max-video-preview:-1\" \/>\n<link rel=\"canonical\" href=\"https:\/\/1sc.org\/es\/contacto\/\" \/>\n<meta property=\"og:locale\" content=\"es_ES\" \/>\n<meta property=\"og:type\" content=\"article\" \/>\n<meta property=\"og:title\" content=\"Formulario de contacto 1sc.org\" \/>\n<meta property=\"og:description\" content=\"\u00bfDesea enviarnos un mensaje? Rellene nuestro formulario de contacto de 1sc.org, sitio web que ofrece informaci\u00f3n sobre estafas en internet\" \/>\n<meta property=\"og:url\" content=\"https:\/\/1sc.org\/es\/contacto\/\" \/>\n<meta property=\"og:site_name\" content=\"Estafas por internet\" \/>\n<meta property=\"article:modified_time\" content=\"2024-01-11T02:36:59+00:00\" \/>\n<meta property=\"og:image\" content=\"https:\/\/1sc.org\/es\/wp-content\/uploads\/sites\/2\/2024\/01\/contact.webp\" \/>\n<meta name=\"twitter:card\" content=\"summary_large_image\" \/>\n<meta name=\"twitter:label1\" content=\"Tiempo de lectura\" \/>\n\t<meta name=\"twitter:data1\" content=\"2 minutos\" \/>\n<script type=\"application\/ld+json\" class=\"yoast-schema-graph\">{\"@context\":\"https:\/\/schema.org\",\"@graph\":[{\"@type\":\"WebPage\",\"@id\":\"https:\/\/1sc.org\/es\/contacto\/\",\"url\":\"https:\/\/1sc.org\/es\/contacto\/\",\"name\":\"Formulario de contacto 1sc.org\",\"isPartOf\":{\"@id\":\"https:\/\/1sc.org\/es\/#website\"},\"primaryImageOfPage\":{\"@id\":\"https:\/\/1sc.org\/es\/contacto\/#primaryimage\"},\"image\":{\"@id\":\"https:\/\/1sc.org\/es\/contacto\/#primaryimage\"},\"thumbnailUrl\":\"https:\/\/1sc.org\/es\/wp-content\/uploads\/sites\/2\/2024\/01\/contact.webp\",\"datePublished\":\"2022-07-18T12:38:07+00:00\",\"dateModified\":\"2024-01-11T02:36:59+00:00\",\"description\":\"\u00bfDesea enviarnos un mensaje? Rellene nuestro formulario de contacto de 1sc.org, sitio web que ofrece informaci\u00f3n sobre estafas en internet\",\"breadcrumb\":{\"@id\":\"https:\/\/1sc.org\/es\/contacto\/#breadcrumb\"},\"inLanguage\":\"es\",\"potentialAction\":[{\"@type\":\"ReadAction\",\"target\":[\"https:\/\/1sc.org\/es\/contacto\/\"]}]},{\"@type\":\"ImageObject\",\"inLanguage\":\"es\",\"@id\":\"https:\/\/1sc.org\/es\/contacto\/#primaryimage\",\"url\":\"https:\/\/1sc.org\/es\/wp-content\/uploads\/sites\/2\/2024\/01\/contact.webp\",\"contentUrl\":\"https:\/\/1sc.org\/es\/wp-content\/uploads\/sites\/2\/2024\/01\/contact.webp\",\"width\":287,\"height\":300},{\"@type\":\"BreadcrumbList\",\"@id\":\"https:\/\/1sc.org\/es\/contacto\/#breadcrumb\",\"itemListElement\":[{\"@type\":\"ListItem\",\"position\":1,\"name\":\"Home\",\"item\":\"https:\/\/1sc.org\/es\/\"},{\"@type\":\"ListItem\",\"position\":2,\"name\":\"Contacto\"}]},{\"@type\":\"WebSite\",\"@id\":\"https:\/\/1sc.org\/es\/#website\",\"url\":\"https:\/\/1sc.org\/es\/\",\"name\":\"Estafas por internet\",\"description\":\"\u00a1Prevenci\u00f3n de estafas en Internet!\",\"publisher\":{\"@id\":\"https:\/\/1sc.org\/es\/#organization\"},\"potentialAction\":[{\"@type\":\"SearchAction\",\"target\":{\"@type\":\"EntryPoint\",\"urlTemplate\":\"https:\/\/1sc.org\/es\/?s={search_term_string}\"},\"query-input\":{\"@type\":\"PropertyValueSpecification\",\"valueRequired\":true,\"valueName\":\"search_term_string\"}}],\"inLanguage\":\"es\"},{\"@type\":\"Organization\",\"@id\":\"https:\/\/1sc.org\/es\/#organization\",\"name\":\"Soruxa\",\"url\":\"https:\/\/1sc.org\/es\/\",\"logo\":{\"@type\":\"ImageObject\",\"inLanguage\":\"es\",\"@id\":\"https:\/\/1sc.org\/es\/#\/schema\/logo\/image\/\",\"url\":\"https:\/\/1sc.org\/es\/wp-content\/uploads\/sites\/2\/2022\/12\/logoSoruxa.png\",\"contentUrl\":\"https:\/\/1sc.org\/es\/wp-content\/uploads\/sites\/2\/2022\/12\/logoSoruxa.png\",\"width\":388,\"height\":391,\"caption\":\"Soruxa\"},\"image\":{\"@id\":\"https:\/\/1sc.org\/es\/#\/schema\/logo\/image\/\"}}]}<\/script>\n<!-- \/ Yoast SEO plugin. -->","yoast_head_json":{"title":"Formulario de contacto 1sc.org","description":"\u00bfDesea enviarnos un mensaje? Rellene nuestro formulario de contacto de 1sc.org, sitio web que ofrece informaci\u00f3n sobre estafas en internet","robots":{"index":"index","follow":"follow","max-snippet":"max-snippet:-1","max-image-preview":"max-image-preview:large","max-video-preview":"max-video-preview:-1"},"canonical":"https:\/\/1sc.org\/es\/contacto\/","og_locale":"es_ES","og_type":"article","og_title":"Formulario de contacto 1sc.org","og_description":"\u00bfDesea enviarnos un mensaje? Rellene nuestro formulario de contacto de 1sc.org, sitio web que ofrece informaci\u00f3n sobre estafas en internet","og_url":"https:\/\/1sc.org\/es\/contacto\/","og_site_name":"Estafas por internet","article_modified_time":"2024-01-11T02:36:59+00:00","og_image":[{"url":"https:\/\/1sc.org\/es\/wp-content\/uploads\/sites\/2\/2024\/01\/contact.webp","type":"","width":"","height":""}],"twitter_card":"summary_large_image","twitter_misc":{"Tiempo de lectura":"2 minutos"},"schema":{"@context":"https:\/\/schema.org","@graph":[{"@type":"WebPage","@id":"https:\/\/1sc.org\/es\/contacto\/","url":"https:\/\/1sc.org\/es\/contacto\/","name":"Formulario de contacto 1sc.org","isPartOf":{"@id":"https:\/\/1sc.org\/es\/#website"},"primaryImageOfPage":{"@id":"https:\/\/1sc.org\/es\/contacto\/#primaryimage"},"image":{"@id":"https:\/\/1sc.org\/es\/contacto\/#primaryimage"},"thumbnailUrl":"https:\/\/1sc.org\/es\/wp-content\/uploads\/sites\/2\/2024\/01\/contact.webp","datePublished":"2022-07-18T12:38:07+00:00","dateModified":"2024-01-11T02:36:59+00:00","description":"\u00bfDesea enviarnos un mensaje? Rellene nuestro formulario de contacto de 1sc.org, sitio web que ofrece informaci\u00f3n sobre estafas en internet","breadcrumb":{"@id":"https:\/\/1sc.org\/es\/contacto\/#breadcrumb"},"inLanguage":"es","potentialAction":[{"@type":"ReadAction","target":["https:\/\/1sc.org\/es\/contacto\/"]}]},{"@type":"ImageObject","inLanguage":"es","@id":"https:\/\/1sc.org\/es\/contacto\/#primaryimage","url":"https:\/\/1sc.org\/es\/wp-content\/uploads\/sites\/2\/2024\/01\/contact.webp","contentUrl":"https:\/\/1sc.org\/es\/wp-content\/uploads\/sites\/2\/2024\/01\/contact.webp","width":287,"height":300},{"@type":"BreadcrumbList","@id":"https:\/\/1sc.org\/es\/contacto\/#breadcrumb","itemListElement":[{"@type":"ListItem","position":1,"name":"Home","item":"https:\/\/1sc.org\/es\/"},{"@type":"ListItem","position":2,"name":"Contacto"}]},{"@type":"WebSite","@id":"https:\/\/1sc.org\/es\/#website","url":"https:\/\/1sc.org\/es\/","name":"Estafas por internet","description":"\u00a1Prevenci\u00f3n de estafas en Internet!","publisher":{"@id":"https:\/\/1sc.org\/es\/#organization"},"potentialAction":[{"@type":"SearchAction","target":{"@type":"EntryPoint","urlTemplate":"https:\/\/1sc.org\/es\/?s={search_term_string}"},"query-input":{"@type":"PropertyValueSpecification","valueRequired":true,"valueName":"search_term_string"}}],"inLanguage":"es"},{"@type":"Organization","@id":"https:\/\/1sc.org\/es\/#organization","name":"Soruxa","url":"https:\/\/1sc.org\/es\/","logo":{"@type":"ImageObject","inLanguage":"es","@id":"https:\/\/1sc.org\/es\/#\/schema\/logo\/image\/","url":"https:\/\/1sc.org\/es\/wp-content\/uploads\/sites\/2\/2022\/12\/logoSoruxa.png","contentUrl":"https:\/\/1sc.org\/es\/wp-content\/uploads\/sites\/2\/2022\/12\/logoSoruxa.png","width":388,"height":391,"caption":"Soruxa"},"image":{"@id":"https:\/\/1sc.org\/es\/#\/schema\/logo\/image\/"}}]}},"_links":{"self":[{"href":"https:\/\/1sc.org\/es\/wp-json\/wp\/v2\/pages\/42","targetHints":{"allow":["GET"]}}],"collection":[{"href":"https:\/\/1sc.org\/es\/wp-json\/wp\/v2\/pages"}],"about":[{"href":"https:\/\/1sc.org\/es\/wp-json\/wp\/v2\/types\/page"}],"author":[{"embeddable":true,"href":"https:\/\/1sc.org\/es\/wp-json\/wp\/v2\/users\/1"}],"replies":[{"embeddable":true,"href":"https:\/\/1sc.org\/es\/wp-json\/wp\/v2\/comments?post=42"}],"version-history":[{"count":2,"href":"https:\/\/1sc.org\/es\/wp-json\/wp\/v2\/pages\/42\/revisions"}],"predecessor-version":[{"id":203,"href":"https:\/\/1sc.org\/es\/wp-json\/wp\/v2\/pages\/42\/revisions\/203"}],"wp:attachment":[{"href":"https:\/\/1sc.org\/es\/wp-json\/wp\/v2\/media?parent=42"}],"curies":[{"name":"wp","href":"https:\/\/api.w.org\/{rel}","templated":true}]}}