{"id":38,"date":"2022-07-18T13:39:21","date_gmt":"2022-07-18T12:39:21","guid":{"rendered":"https:\/\/1sc.org\/es\/?page_id=38"},"modified":"2024-01-11T01:18:26","modified_gmt":"2024-01-11T00:18:26","slug":"testimonio","status":"publish","type":"page","link":"https:\/\/1sc.org\/es\/testimonio\/","title":{"rendered":"Testimonio"},"content":{"rendered":"\n<h2 class=\"wp-block-heading\" id=\"tw-target-text\">Esta p\u00e1gina es tuya. \u00a1Comparte tu testimonio!<\/h2>\n\n\n<div class=\"wp-block-image\">\n<figure class=\"alignright size-full\"><img loading=\"lazy\" decoding=\"async\" width=\"300\" height=\"225\" src=\"https:\/\/1sc.org\/es\/wp-content\/uploads\/sites\/2\/2024\/01\/machine-a-ecrire1.webp\" alt=\"testimonio\" class=\"wp-image-188\"\/><\/figure>\n<\/div>\n\n\n<p id=\"tw-target-text\">\u00bfUn testimonio interesante para compartir? \u00bfHas recibido un correo electr\u00f3nico pidi\u00e9ndote que env\u00edes dinero? \u00bfRespondiste o tal vez incluso enviaste una cierta cantidad de dinero? \u00bfHa pedido desde un sitio web de comercio electr\u00f3nico un producto que nunca ha sido entregado? \u00bfHas sufrido una estafa de romance? <\/p>\n\n\n\n<p id=\"tw-target-text\">Tu experiencia es \u00fatil para luchar contra este tipo de estafas. <a href=\"https:\/\/1sc.org\/es\/testimonos\/\">Env\u00edenos su historia personal<\/a> (NB: tenga en cuenta que esta es una direcci\u00f3n destinada a recibir sus testimonios. Por lo tanto, no recibir\u00e1 respuesta a su mensaje)<\/p>\n\n\n\n<h3 class=\"wp-block-heading\" id=\"tw-target-text\">Al enviar su testimonio a nuestro sitio web, acepta que se publique libremente en este sitio.<\/h3>\n\n\n\n<p id=\"tw-target-text\">De hecho, publicaremos los testimonios m\u00e1s interesantes que recibamos. <\/p>\n","protected":false},"excerpt":{"rendered":"<p>Esta p\u00e1gina es tuya. \u00a1Comparte tu testimonio! \u00bfUn testimonio interesante para compartir? \u00bfHas recibido un correo electr\u00f3nico pidi\u00e9ndote que env\u00edes dinero? \u00bfRespondiste o tal vez incluso enviaste una cierta cantidad de dinero? \u00bfHa pedido desde un sitio web de comercio electr\u00f3nico un producto que nunca ha sido entregado? \u00bfHas sufrido una estafa de romance? Tu &hellip; <a href=\"https:\/\/1sc.org\/es\/testimonio\/\" class=\"more-link\">Sigue leyendo <span class=\"screen-reader-text\">Testimonio<\/span><\/a><\/p>\n","protected":false},"author":1,"featured_media":0,"parent":0,"menu_order":4,"comment_status":"open","ping_status":"closed","template":"","meta":{"footnotes":""},"class_list":["post-38","page","type-page","status-publish","hentry"],"yoast_head":"<!-- This site is optimized with the Yoast SEO plugin v26.7 - https:\/\/yoast.com\/wordpress\/plugins\/seo\/ -->\n<title>Testimonio: Comparta su historia sobre estafas en Internet<\/title>\n<meta name=\"description\" content=\"Env\u00edanos tu testimonio describiendo la estafa que has sufrido en internet y comparte tu historia en la web para que otros puedan evitarla\" \/>\n<meta name=\"robots\" content=\"index, follow, max-snippet:-1, max-image-preview:large, max-video-preview:-1\" \/>\n<link rel=\"canonical\" href=\"https:\/\/1sc.org\/es\/testimonio\/\" \/>\n<meta property=\"og:locale\" content=\"es_ES\" \/>\n<meta property=\"og:type\" content=\"article\" \/>\n<meta property=\"og:title\" content=\"Testimonio: Comparta su historia sobre estafas en Internet\" \/>\n<meta property=\"og:description\" content=\"Env\u00edanos tu testimonio describiendo la estafa que has sufrido en internet y comparte tu historia en la web para que otros puedan evitarla\" \/>\n<meta property=\"og:url\" content=\"https:\/\/1sc.org\/es\/testimonio\/\" \/>\n<meta property=\"og:site_name\" content=\"Estafas por internet\" \/>\n<meta property=\"article:modified_time\" content=\"2024-01-11T00:18:26+00:00\" \/>\n<meta property=\"og:image\" content=\"https:\/\/1sc.org\/es\/wp-content\/uploads\/sites\/2\/2024\/01\/machine-a-ecrire1.webp\" \/>\n<meta name=\"twitter:card\" content=\"summary_large_image\" \/>\n<meta name=\"twitter:label1\" content=\"Tiempo de lectura\" \/>\n\t<meta name=\"twitter:data1\" content=\"1 minuto\" \/>\n<script type=\"application\/ld+json\" class=\"yoast-schema-graph\">{\"@context\":\"https:\/\/schema.org\",\"@graph\":[{\"@type\":\"WebPage\",\"@id\":\"https:\/\/1sc.org\/es\/testimonio\/\",\"url\":\"https:\/\/1sc.org\/es\/testimonio\/\",\"name\":\"Testimonio: Comparta su historia sobre estafas en Internet\",\"isPartOf\":{\"@id\":\"https:\/\/1sc.org\/es\/#website\"},\"primaryImageOfPage\":{\"@id\":\"https:\/\/1sc.org\/es\/testimonio\/#primaryimage\"},\"image\":{\"@id\":\"https:\/\/1sc.org\/es\/testimonio\/#primaryimage\"},\"thumbnailUrl\":\"https:\/\/1sc.org\/es\/wp-content\/uploads\/sites\/2\/2024\/01\/machine-a-ecrire1.webp\",\"datePublished\":\"2022-07-18T12:39:21+00:00\",\"dateModified\":\"2024-01-11T00:18:26+00:00\",\"description\":\"Env\u00edanos tu testimonio describiendo la estafa que has sufrido en internet y comparte tu historia en la web para que otros puedan evitarla\",\"breadcrumb\":{\"@id\":\"https:\/\/1sc.org\/es\/testimonio\/#breadcrumb\"},\"inLanguage\":\"es\",\"potentialAction\":[{\"@type\":\"ReadAction\",\"target\":[\"https:\/\/1sc.org\/es\/testimonio\/\"]}]},{\"@type\":\"ImageObject\",\"inLanguage\":\"es\",\"@id\":\"https:\/\/1sc.org\/es\/testimonio\/#primaryimage\",\"url\":\"https:\/\/1sc.org\/es\/wp-content\/uploads\/sites\/2\/2024\/01\/machine-a-ecrire1.webp\",\"contentUrl\":\"https:\/\/1sc.org\/es\/wp-content\/uploads\/sites\/2\/2024\/01\/machine-a-ecrire1.webp\",\"width\":300,\"height\":225},{\"@type\":\"BreadcrumbList\",\"@id\":\"https:\/\/1sc.org\/es\/testimonio\/#breadcrumb\",\"itemListElement\":[{\"@type\":\"ListItem\",\"position\":1,\"name\":\"Home\",\"item\":\"https:\/\/1sc.org\/es\/\"},{\"@type\":\"ListItem\",\"position\":2,\"name\":\"Testimonio\"}]},{\"@type\":\"WebSite\",\"@id\":\"https:\/\/1sc.org\/es\/#website\",\"url\":\"https:\/\/1sc.org\/es\/\",\"name\":\"Estafas por internet\",\"description\":\"\u00a1Prevenci\u00f3n de estafas en Internet!\",\"publisher\":{\"@id\":\"https:\/\/1sc.org\/es\/#organization\"},\"potentialAction\":[{\"@type\":\"SearchAction\",\"target\":{\"@type\":\"EntryPoint\",\"urlTemplate\":\"https:\/\/1sc.org\/es\/?s={search_term_string}\"},\"query-input\":{\"@type\":\"PropertyValueSpecification\",\"valueRequired\":true,\"valueName\":\"search_term_string\"}}],\"inLanguage\":\"es\"},{\"@type\":\"Organization\",\"@id\":\"https:\/\/1sc.org\/es\/#organization\",\"name\":\"Soruxa\",\"url\":\"https:\/\/1sc.org\/es\/\",\"logo\":{\"@type\":\"ImageObject\",\"inLanguage\":\"es\",\"@id\":\"https:\/\/1sc.org\/es\/#\/schema\/logo\/image\/\",\"url\":\"https:\/\/1sc.org\/es\/wp-content\/uploads\/sites\/2\/2022\/12\/logoSoruxa.png\",\"contentUrl\":\"https:\/\/1sc.org\/es\/wp-content\/uploads\/sites\/2\/2022\/12\/logoSoruxa.png\",\"width\":388,\"height\":391,\"caption\":\"Soruxa\"},\"image\":{\"@id\":\"https:\/\/1sc.org\/es\/#\/schema\/logo\/image\/\"}}]}<\/script>\n<!-- \/ Yoast SEO plugin. -->","yoast_head_json":{"title":"Testimonio: Comparta su historia sobre estafas en Internet","description":"Env\u00edanos tu testimonio describiendo la estafa que has sufrido en internet y comparte tu historia en la web para que otros puedan evitarla","robots":{"index":"index","follow":"follow","max-snippet":"max-snippet:-1","max-image-preview":"max-image-preview:large","max-video-preview":"max-video-preview:-1"},"canonical":"https:\/\/1sc.org\/es\/testimonio\/","og_locale":"es_ES","og_type":"article","og_title":"Testimonio: Comparta su historia sobre estafas en Internet","og_description":"Env\u00edanos tu testimonio describiendo la estafa que has sufrido en internet y comparte tu historia en la web para que otros puedan evitarla","og_url":"https:\/\/1sc.org\/es\/testimonio\/","og_site_name":"Estafas por internet","article_modified_time":"2024-01-11T00:18:26+00:00","og_image":[{"url":"https:\/\/1sc.org\/es\/wp-content\/uploads\/sites\/2\/2024\/01\/machine-a-ecrire1.webp","type":"","width":"","height":""}],"twitter_card":"summary_large_image","twitter_misc":{"Tiempo de lectura":"1 minuto"},"schema":{"@context":"https:\/\/schema.org","@graph":[{"@type":"WebPage","@id":"https:\/\/1sc.org\/es\/testimonio\/","url":"https:\/\/1sc.org\/es\/testimonio\/","name":"Testimonio: Comparta su historia sobre estafas en Internet","isPartOf":{"@id":"https:\/\/1sc.org\/es\/#website"},"primaryImageOfPage":{"@id":"https:\/\/1sc.org\/es\/testimonio\/#primaryimage"},"image":{"@id":"https:\/\/1sc.org\/es\/testimonio\/#primaryimage"},"thumbnailUrl":"https:\/\/1sc.org\/es\/wp-content\/uploads\/sites\/2\/2024\/01\/machine-a-ecrire1.webp","datePublished":"2022-07-18T12:39:21+00:00","dateModified":"2024-01-11T00:18:26+00:00","description":"Env\u00edanos tu testimonio describiendo la estafa que has sufrido en internet y comparte tu historia en la web para que otros puedan evitarla","breadcrumb":{"@id":"https:\/\/1sc.org\/es\/testimonio\/#breadcrumb"},"inLanguage":"es","potentialAction":[{"@type":"ReadAction","target":["https:\/\/1sc.org\/es\/testimonio\/"]}]},{"@type":"ImageObject","inLanguage":"es","@id":"https:\/\/1sc.org\/es\/testimonio\/#primaryimage","url":"https:\/\/1sc.org\/es\/wp-content\/uploads\/sites\/2\/2024\/01\/machine-a-ecrire1.webp","contentUrl":"https:\/\/1sc.org\/es\/wp-content\/uploads\/sites\/2\/2024\/01\/machine-a-ecrire1.webp","width":300,"height":225},{"@type":"BreadcrumbList","@id":"https:\/\/1sc.org\/es\/testimonio\/#breadcrumb","itemListElement":[{"@type":"ListItem","position":1,"name":"Home","item":"https:\/\/1sc.org\/es\/"},{"@type":"ListItem","position":2,"name":"Testimonio"}]},{"@type":"WebSite","@id":"https:\/\/1sc.org\/es\/#website","url":"https:\/\/1sc.org\/es\/","name":"Estafas por internet","description":"\u00a1Prevenci\u00f3n de estafas en Internet!","publisher":{"@id":"https:\/\/1sc.org\/es\/#organization"},"potentialAction":[{"@type":"SearchAction","target":{"@type":"EntryPoint","urlTemplate":"https:\/\/1sc.org\/es\/?s={search_term_string}"},"query-input":{"@type":"PropertyValueSpecification","valueRequired":true,"valueName":"search_term_string"}}],"inLanguage":"es"},{"@type":"Organization","@id":"https:\/\/1sc.org\/es\/#organization","name":"Soruxa","url":"https:\/\/1sc.org\/es\/","logo":{"@type":"ImageObject","inLanguage":"es","@id":"https:\/\/1sc.org\/es\/#\/schema\/logo\/image\/","url":"https:\/\/1sc.org\/es\/wp-content\/uploads\/sites\/2\/2022\/12\/logoSoruxa.png","contentUrl":"https:\/\/1sc.org\/es\/wp-content\/uploads\/sites\/2\/2022\/12\/logoSoruxa.png","width":388,"height":391,"caption":"Soruxa"},"image":{"@id":"https:\/\/1sc.org\/es\/#\/schema\/logo\/image\/"}}]}},"_links":{"self":[{"href":"https:\/\/1sc.org\/es\/wp-json\/wp\/v2\/pages\/38","targetHints":{"allow":["GET"]}}],"collection":[{"href":"https:\/\/1sc.org\/es\/wp-json\/wp\/v2\/pages"}],"about":[{"href":"https:\/\/1sc.org\/es\/wp-json\/wp\/v2\/types\/page"}],"author":[{"embeddable":true,"href":"https:\/\/1sc.org\/es\/wp-json\/wp\/v2\/users\/1"}],"replies":[{"embeddable":true,"href":"https:\/\/1sc.org\/es\/wp-json\/wp\/v2\/comments?post=38"}],"version-history":[{"count":3,"href":"https:\/\/1sc.org\/es\/wp-json\/wp\/v2\/pages\/38\/revisions"}],"predecessor-version":[{"id":190,"href":"https:\/\/1sc.org\/es\/wp-json\/wp\/v2\/pages\/38\/revisions\/190"}],"wp:attachment":[{"href":"https:\/\/1sc.org\/es\/wp-json\/wp\/v2\/media?parent=38"}],"curies":[{"name":"wp","href":"https:\/\/api.w.org\/{rel}","templated":true}]}}