{"id":32,"date":"2022-07-14T15:05:52","date_gmt":"2022-07-14T14:05:52","guid":{"rendered":"https:\/\/1sc.org\/es\/?page_id=32"},"modified":"2024-01-10T22:19:09","modified_gmt":"2024-01-10T21:19:09","slug":"estafas-por-correo-electronico","status":"publish","type":"page","link":"https:\/\/1sc.org\/es\/estafas-por-correo-electronico\/","title":{"rendered":"Estafas por correo electr\u00f3nico"},"content":{"rendered":"\n<h2 class=\"wp-block-heading\" id=\"tw-target-text\">Las estafas por correo electr\u00f3nico aparecieron junto con los correos electr\u00f3nicos<\/h2>\n\n\n\n<p id=\"tw-target-text\">Las estafas de correo electr\u00f3nico m\u00e1s conocidas son la estafa de herencia y la estafa de loter\u00eda, pero las variaciones de estas estafas son m\u00faltiples. Tenga en cuenta tambi\u00e9n las estafas de donaci\u00f3n y las estafas posteriores al pirateo de buzones de correo electr\u00f3nico. Todos estos correos electr\u00f3nicos inesperados son enviados por personas que no quieren ofrecerle dinero. \u00a1En realidad quieren que USTED les d\u00e9 dinero!<\/p>\n\n\n<div class=\"wp-block-image\">\n<figure class=\"alignright\"><img loading=\"lazy\" decoding=\"async\" width=\"257\" height=\"299\" src=\"https:\/\/1sc.org\/es\/wp-content\/uploads\/sites\/2\/2022\/07\/image-2.png\" alt=\"correo electr\u00f3nico\" class=\"wp-image-17\"\/><\/figure>\n<\/div>\n\n\n<p id=\"tw-target-text\">En todos los casos, las estafas comienzan con un correo electr\u00f3nico enviado a su atenci\u00f3n. Luego entrega una solicitud de dinero tarde o temprano.<\/p>\n\n\n\n<p id=\"tw-target-text\">En las estafas de loter\u00eda o estafas de herencia, se le pedir\u00e1 que pague tarifas o que proporcione la informaci\u00f3n de su tarjeta de cr\u00e9dito antes de ganar el premio gordo. Pero luego, una vez pagadas las tarifas, \u00a1nunca tendr\u00e1 noticias de su contacto!<\/p>\n\n\n\n<p id=\"tw-target-text\">En el caso de las estafas de donaci\u00f3n, no es dinero lo que te quieren ofrecer, sino un veh\u00edculo o un objeto de valor que lamentablemente el donante ya no puede pagar. Nuevamente, se le solicitar\u00e1 que pague una tarifa inesperada o lo que sea antes de recibir el objeto.<\/p>\n\n\n\n<p id=\"tw-target-text\">Con respecto a las estafas que siguen al pirateo de buzones de correo electr\u00f3nico, no es una persona desconocida la que le enviar\u00e1 un correo electr\u00f3nico. Este es uno de tus parientes. Pero desafortunadamente, es un ladr\u00f3n detr\u00e1s de la identidad de alguien que conoces. El estafador se har\u00e1 pasar por tu amigo y te pedir\u00e1 que env\u00edes dinero urgentemente. Crees que solo ayudar\u00e1s a un amigo en un momento dif\u00edcil, pero en realidad tu amigo nunca ha estado en problemas.<\/p>\n\n\n\n<p id=\"tw-target-text\">Algunos correos electr\u00f3nicos pretenden ser un aviso para comparecer ante el tribunal. Se nos pedir\u00e1 que abramos un archivo adjunto con un virus inform\u00e1tico dentro<\/p>\n\n\n\n<h3 class=\"wp-block-heading\" id=\"tw-target-text\">Todos estos correos electr\u00f3nicos ca\u00eddos del cielo son solo estafas<\/h3>\n\n\n\n<p id=\"tw-target-text\">Tenga cuidado cuando reciba un correo electr\u00f3nico de un extra\u00f1o o familiar que supuestamente necesita dinero con urgencia. No creas cuentos con dinero ca\u00eddo del cielo. Desafortunadamente, es muy poco probable que un desconocido te legue millones de d\u00f3lares o que hayas ganado la misma cantidad en una loter\u00eda en la que no participaste.<\/p>\n","protected":false},"excerpt":{"rendered":"<p>Las estafas por correo electr\u00f3nico aparecieron junto con los correos electr\u00f3nicos Las estafas de correo electr\u00f3nico m\u00e1s conocidas son la estafa de herencia y la estafa de loter\u00eda, pero las variaciones de estas estafas son m\u00faltiples. Tenga en cuenta tambi\u00e9n las estafas de donaci\u00f3n y las estafas posteriores al pirateo de buzones de correo electr\u00f3nico. &hellip; <a href=\"https:\/\/1sc.org\/es\/estafas-por-correo-electronico\/\" class=\"more-link\">Sigue leyendo <span class=\"screen-reader-text\">Estafas por correo electr\u00f3nico<\/span><\/a><\/p>\n","protected":false},"author":1,"featured_media":0,"parent":0,"menu_order":1,"comment_status":"open","ping_status":"closed","template":"","meta":{"footnotes":""},"class_list":["post-32","page","type-page","status-publish","hentry"],"yoast_head":"<!-- This site is optimized with the Yoast SEO plugin v26.7 - https:\/\/yoast.com\/wordpress\/plugins\/seo\/ -->\n<title>Estafas de correo electr\u00f3nico: estafa de loter\u00eda, de herencia, y m\u00e1s<\/title>\n<meta name=\"description\" content=\"Principio de las estafas por correo electr\u00f3nico. Emplos de estafas de herencia, de loter\u00eda, de donaciones y pirater\u00eda de correo electr\u00f3nico\" \/>\n<meta name=\"robots\" content=\"index, follow, max-snippet:-1, max-image-preview:large, max-video-preview:-1\" \/>\n<link rel=\"canonical\" href=\"https:\/\/1sc.org\/es\/estafas-por-correo-electronico\/\" \/>\n<meta property=\"og:locale\" content=\"es_ES\" \/>\n<meta property=\"og:type\" content=\"article\" \/>\n<meta property=\"og:title\" content=\"Estafas de correo electr\u00f3nico: estafa de loter\u00eda, de herencia, y m\u00e1s\" \/>\n<meta property=\"og:description\" content=\"Principio de las estafas por correo electr\u00f3nico. Emplos de estafas de herencia, de loter\u00eda, de donaciones y pirater\u00eda de correo electr\u00f3nico\" \/>\n<meta property=\"og:url\" content=\"https:\/\/1sc.org\/es\/estafas-por-correo-electronico\/\" \/>\n<meta property=\"og:site_name\" content=\"Estafas por internet\" \/>\n<meta property=\"article:modified_time\" content=\"2024-01-10T21:19:09+00:00\" \/>\n<meta property=\"og:image\" content=\"https:\/\/1sc.org\/es\/wp-content\/uploads\/sites\/2\/2022\/07\/image-2.png\" \/>\n<meta name=\"twitter:card\" content=\"summary_large_image\" \/>\n<meta name=\"twitter:label1\" content=\"Tiempo de lectura\" \/>\n\t<meta name=\"twitter:data1\" content=\"2 minutos\" \/>\n<script type=\"application\/ld+json\" class=\"yoast-schema-graph\">{\"@context\":\"https:\/\/schema.org\",\"@graph\":[{\"@type\":\"WebPage\",\"@id\":\"https:\/\/1sc.org\/es\/estafas-por-correo-electronico\/\",\"url\":\"https:\/\/1sc.org\/es\/estafas-por-correo-electronico\/\",\"name\":\"Estafas de correo electr\u00f3nico: estafa de loter\u00eda, de herencia, y m\u00e1s\",\"isPartOf\":{\"@id\":\"https:\/\/1sc.org\/es\/#website\"},\"primaryImageOfPage\":{\"@id\":\"https:\/\/1sc.org\/es\/estafas-por-correo-electronico\/#primaryimage\"},\"image\":{\"@id\":\"https:\/\/1sc.org\/es\/estafas-por-correo-electronico\/#primaryimage\"},\"thumbnailUrl\":\"https:\/\/1sc.org\/es\/wp-content\/uploads\/sites\/2\/2022\/07\/image-2.png\",\"datePublished\":\"2022-07-14T14:05:52+00:00\",\"dateModified\":\"2024-01-10T21:19:09+00:00\",\"description\":\"Principio de las estafas por correo electr\u00f3nico. Emplos de estafas de herencia, de loter\u00eda, de donaciones y pirater\u00eda de correo electr\u00f3nico\",\"breadcrumb\":{\"@id\":\"https:\/\/1sc.org\/es\/estafas-por-correo-electronico\/#breadcrumb\"},\"inLanguage\":\"es\",\"potentialAction\":[{\"@type\":\"ReadAction\",\"target\":[\"https:\/\/1sc.org\/es\/estafas-por-correo-electronico\/\"]}]},{\"@type\":\"ImageObject\",\"inLanguage\":\"es\",\"@id\":\"https:\/\/1sc.org\/es\/estafas-por-correo-electronico\/#primaryimage\",\"url\":\"https:\/\/1sc.org\/es\/wp-content\/uploads\/sites\/2\/2022\/07\/image-2.png\",\"contentUrl\":\"https:\/\/1sc.org\/es\/wp-content\/uploads\/sites\/2\/2022\/07\/image-2.png\",\"width\":257,\"height\":299},{\"@type\":\"BreadcrumbList\",\"@id\":\"https:\/\/1sc.org\/es\/estafas-por-correo-electronico\/#breadcrumb\",\"itemListElement\":[{\"@type\":\"ListItem\",\"position\":1,\"name\":\"Home\",\"item\":\"https:\/\/1sc.org\/es\/\"},{\"@type\":\"ListItem\",\"position\":2,\"name\":\"Estafas por correo electr\u00f3nico\"}]},{\"@type\":\"WebSite\",\"@id\":\"https:\/\/1sc.org\/es\/#website\",\"url\":\"https:\/\/1sc.org\/es\/\",\"name\":\"Estafas por internet\",\"description\":\"\u00a1Prevenci\u00f3n de estafas en Internet!\",\"publisher\":{\"@id\":\"https:\/\/1sc.org\/es\/#organization\"},\"potentialAction\":[{\"@type\":\"SearchAction\",\"target\":{\"@type\":\"EntryPoint\",\"urlTemplate\":\"https:\/\/1sc.org\/es\/?s={search_term_string}\"},\"query-input\":{\"@type\":\"PropertyValueSpecification\",\"valueRequired\":true,\"valueName\":\"search_term_string\"}}],\"inLanguage\":\"es\"},{\"@type\":\"Organization\",\"@id\":\"https:\/\/1sc.org\/es\/#organization\",\"name\":\"Soruxa\",\"url\":\"https:\/\/1sc.org\/es\/\",\"logo\":{\"@type\":\"ImageObject\",\"inLanguage\":\"es\",\"@id\":\"https:\/\/1sc.org\/es\/#\/schema\/logo\/image\/\",\"url\":\"https:\/\/1sc.org\/es\/wp-content\/uploads\/sites\/2\/2022\/12\/logoSoruxa.png\",\"contentUrl\":\"https:\/\/1sc.org\/es\/wp-content\/uploads\/sites\/2\/2022\/12\/logoSoruxa.png\",\"width\":388,\"height\":391,\"caption\":\"Soruxa\"},\"image\":{\"@id\":\"https:\/\/1sc.org\/es\/#\/schema\/logo\/image\/\"}}]}<\/script>\n<!-- \/ Yoast SEO plugin. -->","yoast_head_json":{"title":"Estafas de correo electr\u00f3nico: estafa de loter\u00eda, de herencia, y m\u00e1s","description":"Principio de las estafas por correo electr\u00f3nico. Emplos de estafas de herencia, de loter\u00eda, de donaciones y pirater\u00eda de correo electr\u00f3nico","robots":{"index":"index","follow":"follow","max-snippet":"max-snippet:-1","max-image-preview":"max-image-preview:large","max-video-preview":"max-video-preview:-1"},"canonical":"https:\/\/1sc.org\/es\/estafas-por-correo-electronico\/","og_locale":"es_ES","og_type":"article","og_title":"Estafas de correo electr\u00f3nico: estafa de loter\u00eda, de herencia, y m\u00e1s","og_description":"Principio de las estafas por correo electr\u00f3nico. Emplos de estafas de herencia, de loter\u00eda, de donaciones y pirater\u00eda de correo electr\u00f3nico","og_url":"https:\/\/1sc.org\/es\/estafas-por-correo-electronico\/","og_site_name":"Estafas por internet","article_modified_time":"2024-01-10T21:19:09+00:00","og_image":[{"url":"https:\/\/1sc.org\/es\/wp-content\/uploads\/sites\/2\/2022\/07\/image-2.png","type":"","width":"","height":""}],"twitter_card":"summary_large_image","twitter_misc":{"Tiempo de lectura":"2 minutos"},"schema":{"@context":"https:\/\/schema.org","@graph":[{"@type":"WebPage","@id":"https:\/\/1sc.org\/es\/estafas-por-correo-electronico\/","url":"https:\/\/1sc.org\/es\/estafas-por-correo-electronico\/","name":"Estafas de correo electr\u00f3nico: estafa de loter\u00eda, de herencia, y m\u00e1s","isPartOf":{"@id":"https:\/\/1sc.org\/es\/#website"},"primaryImageOfPage":{"@id":"https:\/\/1sc.org\/es\/estafas-por-correo-electronico\/#primaryimage"},"image":{"@id":"https:\/\/1sc.org\/es\/estafas-por-correo-electronico\/#primaryimage"},"thumbnailUrl":"https:\/\/1sc.org\/es\/wp-content\/uploads\/sites\/2\/2022\/07\/image-2.png","datePublished":"2022-07-14T14:05:52+00:00","dateModified":"2024-01-10T21:19:09+00:00","description":"Principio de las estafas por correo electr\u00f3nico. Emplos de estafas de herencia, de loter\u00eda, de donaciones y pirater\u00eda de correo electr\u00f3nico","breadcrumb":{"@id":"https:\/\/1sc.org\/es\/estafas-por-correo-electronico\/#breadcrumb"},"inLanguage":"es","potentialAction":[{"@type":"ReadAction","target":["https:\/\/1sc.org\/es\/estafas-por-correo-electronico\/"]}]},{"@type":"ImageObject","inLanguage":"es","@id":"https:\/\/1sc.org\/es\/estafas-por-correo-electronico\/#primaryimage","url":"https:\/\/1sc.org\/es\/wp-content\/uploads\/sites\/2\/2022\/07\/image-2.png","contentUrl":"https:\/\/1sc.org\/es\/wp-content\/uploads\/sites\/2\/2022\/07\/image-2.png","width":257,"height":299},{"@type":"BreadcrumbList","@id":"https:\/\/1sc.org\/es\/estafas-por-correo-electronico\/#breadcrumb","itemListElement":[{"@type":"ListItem","position":1,"name":"Home","item":"https:\/\/1sc.org\/es\/"},{"@type":"ListItem","position":2,"name":"Estafas por correo electr\u00f3nico"}]},{"@type":"WebSite","@id":"https:\/\/1sc.org\/es\/#website","url":"https:\/\/1sc.org\/es\/","name":"Estafas por internet","description":"\u00a1Prevenci\u00f3n de estafas en Internet!","publisher":{"@id":"https:\/\/1sc.org\/es\/#organization"},"potentialAction":[{"@type":"SearchAction","target":{"@type":"EntryPoint","urlTemplate":"https:\/\/1sc.org\/es\/?s={search_term_string}"},"query-input":{"@type":"PropertyValueSpecification","valueRequired":true,"valueName":"search_term_string"}}],"inLanguage":"es"},{"@type":"Organization","@id":"https:\/\/1sc.org\/es\/#organization","name":"Soruxa","url":"https:\/\/1sc.org\/es\/","logo":{"@type":"ImageObject","inLanguage":"es","@id":"https:\/\/1sc.org\/es\/#\/schema\/logo\/image\/","url":"https:\/\/1sc.org\/es\/wp-content\/uploads\/sites\/2\/2022\/12\/logoSoruxa.png","contentUrl":"https:\/\/1sc.org\/es\/wp-content\/uploads\/sites\/2\/2022\/12\/logoSoruxa.png","width":388,"height":391,"caption":"Soruxa"},"image":{"@id":"https:\/\/1sc.org\/es\/#\/schema\/logo\/image\/"}}]}},"_links":{"self":[{"href":"https:\/\/1sc.org\/es\/wp-json\/wp\/v2\/pages\/32","targetHints":{"allow":["GET"]}}],"collection":[{"href":"https:\/\/1sc.org\/es\/wp-json\/wp\/v2\/pages"}],"about":[{"href":"https:\/\/1sc.org\/es\/wp-json\/wp\/v2\/types\/page"}],"author":[{"embeddable":true,"href":"https:\/\/1sc.org\/es\/wp-json\/wp\/v2\/users\/1"}],"replies":[{"embeddable":true,"href":"https:\/\/1sc.org\/es\/wp-json\/wp\/v2\/comments?post=32"}],"version-history":[{"count":1,"href":"https:\/\/1sc.org\/es\/wp-json\/wp\/v2\/pages\/32\/revisions"}],"predecessor-version":[{"id":33,"href":"https:\/\/1sc.org\/es\/wp-json\/wp\/v2\/pages\/32\/revisions\/33"}],"wp:attachment":[{"href":"https:\/\/1sc.org\/es\/wp-json\/wp\/v2\/media?parent=32"}],"curies":[{"name":"wp","href":"https:\/\/api.w.org\/{rel}","templated":true}]}}