{"id":30,"date":"2022-07-14T15:02:14","date_gmt":"2022-07-14T14:02:14","guid":{"rendered":"https:\/\/1sc.org\/es\/?page_id=30"},"modified":"2024-01-10T22:18:48","modified_gmt":"2024-01-10T21:18:48","slug":"estafa-en-internet","status":"publish","type":"page","link":"https:\/\/1sc.org\/es\/estafa-en-internet\/","title":{"rendered":"Estafa en internet"},"content":{"rendered":"\n<h2 class=\"wp-block-heading\" id=\"tw-target-text\">La estafa est\u00e1 en todas partes en Internet. Los enlaces a continuaci\u00f3n lo llevar\u00e1n a categor\u00edas m\u00e1s espec\u00edficas.<\/h2>\n\n\n<div class=\"wp-block-image\">\n<figure class=\"alignright\"><img loading=\"lazy\" decoding=\"async\" width=\"300\" height=\"209\" src=\"https:\/\/1sc.org\/es\/wp-content\/uploads\/sites\/2\/2022\/07\/image-3.png\" alt=\"Estafa en internet\" class=\"wp-image-20\"\/><\/figure>\n<\/div>\n\n\n<p id=\"tw-target-text\">Hay muchos intentos de estafa en Internet y hay muchos tipos de estafas.<\/p>\n\n\n\n<p id=\"tw-target-text\">Todos son diferentes, pero todos tienen el mismo prop\u00f3sito para los estafadores: \u00a1hacer que les env\u00edes dinero! Algunas son la versi\u00f3n 2.0 de estafas antiguas, otras se crearon con la web.<\/p>\n\n\n\n<p id=\"tw-target-text\">Estafa de verificaci\u00f3n de edad: realizada por estafadores que solicitan su n\u00famero de tarjeta de cr\u00e9dito para verificar que es mayor de edad mientras le cobran una suscripci\u00f3n no deseada.<\/p>\n\n\n\n<p id=\"tw-target-text\">Estafa rom\u00e1ntica: realizada por personas que pasan su tiempo en sitios de citas encantando a sus v\u00edctimas. Luego piden ayuda en forma de dinero.<\/p>\n\n\n\n<p id=\"tw-target-text\">Estafa en anuncios clasificados: los estafadores ofrecen a la venta productos falsos o pretenden estar interesados \u200b\u200ben comprar su propiedad. Luego le env\u00edan un cheque que resultar\u00e1 ser robado.<\/p>\n\n\n\n<p id=\"tw-target-text\">Estafas de reembolso de dinero: algunas personas malas te hacen creer que pueden ayudarte a recuperar el dinero perdido durante una estafa.<\/p>\n\n\n\n<p id=\"tw-target-text\">Estafas de trabajo en el hogar: los estafadores ofrecen un trabajo en el hogar para recibir y reenviar productos. Desafortunadamente, estos productos se compraron de manera fraudulenta y, sin saberlo, usted se convierte en c\u00f3mplice de estas estafas.<\/p>\n\n\n\n<p id=\"tw-target-text\">Ransomware: los piratas inform\u00e1ticos bloquean su computadora haci\u00e9ndose pasar por la polic\u00eda y le exigen que pague una multa. Esto no es m\u00e1s que estafas. Estafa de pr\u00e9stamos: en Facebook o en algunos sitios web, las personas afirman otorgar dinero a cualquier persona mientras que los bancos cl\u00e1sicos se niegan. Huye, son estafas y de alguna manera te van a exigir que env\u00edes dinero primero, para poder pagar transferencia o seguro inesperado.<\/p>\n\n\n\n<p id=\"tw-target-text\">Estafa de comercio electr\u00f3nico: en Internet, hay millones de sitios web de comercio electr\u00f3nico. Desafortunadamente, no todos son honestos y algunos fueron creados solo para estafarte.<\/p>\n\n\n\n<p id=\"tw-target-text\">Chantaje de c\u00e1mara web: tambi\u00e9n comenzando en sitios web de citas, las estafas de chantaje de c\u00e1mara web son intentos de chantaje a los usuarios de Internet que han revelado parte de su privacidad frente a sus pantallas sin sospechar que fue grabado.<\/p>\n\n\n\n<p id=\"tw-target-text\">Tambi\u00e9n tenga en cuenta que los estafadores siempre encuentran nuevas t\u00e9cnicas. Entonces, no es porque algo que haya encontrado en Internet no est\u00e9 en esta lista, que no es una estafa. \u00a1Mantente alerta en todo momento!<\/p>\n","protected":false},"excerpt":{"rendered":"<p>La estafa est\u00e1 en todas partes en Internet. Los enlaces a continuaci\u00f3n lo llevar\u00e1n a categor\u00edas m\u00e1s espec\u00edficas. Hay muchos intentos de estafa en Internet y hay muchos tipos de estafas. Todos son diferentes, pero todos tienen el mismo prop\u00f3sito para los estafadores: \u00a1hacer que les env\u00edes dinero! Algunas son la versi\u00f3n 2.0 de estafas &hellip; <a href=\"https:\/\/1sc.org\/es\/estafa-en-internet\/\" class=\"more-link\">Sigue leyendo <span class=\"screen-reader-text\">Estafa en internet<\/span><\/a><\/p>\n","protected":false},"author":1,"featured_media":0,"parent":0,"menu_order":2,"comment_status":"open","ping_status":"closed","template":"","meta":{"footnotes":""},"class_list":["post-30","page","type-page","status-publish","hentry"],"yoast_head":"<!-- This site is optimized with the Yoast SEO plugin v26.7 - https:\/\/yoast.com\/wordpress\/plugins\/seo\/ -->\n<title>Estafa en internet: T\u00e9cnicas de estafador reveladas<\/title>\n<meta name=\"description\" content=\"Estafas en Internet: estafa rom\u00e1ntica, en anuncios clasificados, de trabajo en casa, de pr\u00e9stamos,, ransomware, chantaje a la c\u00e1mara web\" \/>\n<meta name=\"robots\" content=\"index, follow, max-snippet:-1, max-image-preview:large, max-video-preview:-1\" \/>\n<link rel=\"canonical\" href=\"https:\/\/1sc.org\/es\/estafa-en-internet\/\" \/>\n<meta property=\"og:locale\" content=\"es_ES\" \/>\n<meta property=\"og:type\" content=\"article\" \/>\n<meta property=\"og:title\" content=\"Estafa en internet: T\u00e9cnicas de estafador reveladas\" \/>\n<meta property=\"og:description\" content=\"Estafas en Internet: estafa rom\u00e1ntica, en anuncios clasificados, de trabajo en casa, de pr\u00e9stamos,, ransomware, chantaje a la c\u00e1mara web\" \/>\n<meta property=\"og:url\" content=\"https:\/\/1sc.org\/es\/estafa-en-internet\/\" \/>\n<meta property=\"og:site_name\" content=\"Estafas por internet\" \/>\n<meta property=\"article:modified_time\" content=\"2024-01-10T21:18:48+00:00\" \/>\n<meta property=\"og:image\" content=\"https:\/\/1sc.org\/es\/wp-content\/uploads\/sites\/2\/2022\/07\/image-3.png\" \/>\n<meta name=\"twitter:card\" content=\"summary_large_image\" \/>\n<meta name=\"twitter:label1\" content=\"Tiempo de lectura\" \/>\n\t<meta name=\"twitter:data1\" content=\"2 minutos\" \/>\n<script type=\"application\/ld+json\" class=\"yoast-schema-graph\">{\"@context\":\"https:\/\/schema.org\",\"@graph\":[{\"@type\":\"WebPage\",\"@id\":\"https:\/\/1sc.org\/es\/estafa-en-internet\/\",\"url\":\"https:\/\/1sc.org\/es\/estafa-en-internet\/\",\"name\":\"Estafa en internet: T\u00e9cnicas de estafador reveladas\",\"isPartOf\":{\"@id\":\"https:\/\/1sc.org\/es\/#website\"},\"primaryImageOfPage\":{\"@id\":\"https:\/\/1sc.org\/es\/estafa-en-internet\/#primaryimage\"},\"image\":{\"@id\":\"https:\/\/1sc.org\/es\/estafa-en-internet\/#primaryimage\"},\"thumbnailUrl\":\"https:\/\/1sc.org\/es\/wp-content\/uploads\/sites\/2\/2022\/07\/image-3.png\",\"datePublished\":\"2022-07-14T14:02:14+00:00\",\"dateModified\":\"2024-01-10T21:18:48+00:00\",\"description\":\"Estafas en Internet: estafa rom\u00e1ntica, en anuncios clasificados, de trabajo en casa, de pr\u00e9stamos,, ransomware, chantaje a la c\u00e1mara web\",\"breadcrumb\":{\"@id\":\"https:\/\/1sc.org\/es\/estafa-en-internet\/#breadcrumb\"},\"inLanguage\":\"es\",\"potentialAction\":[{\"@type\":\"ReadAction\",\"target\":[\"https:\/\/1sc.org\/es\/estafa-en-internet\/\"]}]},{\"@type\":\"ImageObject\",\"inLanguage\":\"es\",\"@id\":\"https:\/\/1sc.org\/es\/estafa-en-internet\/#primaryimage\",\"url\":\"https:\/\/1sc.org\/es\/wp-content\/uploads\/sites\/2\/2022\/07\/image-3.png\",\"contentUrl\":\"https:\/\/1sc.org\/es\/wp-content\/uploads\/sites\/2\/2022\/07\/image-3.png\",\"width\":300,\"height\":209},{\"@type\":\"BreadcrumbList\",\"@id\":\"https:\/\/1sc.org\/es\/estafa-en-internet\/#breadcrumb\",\"itemListElement\":[{\"@type\":\"ListItem\",\"position\":1,\"name\":\"Home\",\"item\":\"https:\/\/1sc.org\/es\/\"},{\"@type\":\"ListItem\",\"position\":2,\"name\":\"Estafa en internet\"}]},{\"@type\":\"WebSite\",\"@id\":\"https:\/\/1sc.org\/es\/#website\",\"url\":\"https:\/\/1sc.org\/es\/\",\"name\":\"Estafas por internet\",\"description\":\"\u00a1Prevenci\u00f3n de estafas en Internet!\",\"publisher\":{\"@id\":\"https:\/\/1sc.org\/es\/#organization\"},\"potentialAction\":[{\"@type\":\"SearchAction\",\"target\":{\"@type\":\"EntryPoint\",\"urlTemplate\":\"https:\/\/1sc.org\/es\/?s={search_term_string}\"},\"query-input\":{\"@type\":\"PropertyValueSpecification\",\"valueRequired\":true,\"valueName\":\"search_term_string\"}}],\"inLanguage\":\"es\"},{\"@type\":\"Organization\",\"@id\":\"https:\/\/1sc.org\/es\/#organization\",\"name\":\"Soruxa\",\"url\":\"https:\/\/1sc.org\/es\/\",\"logo\":{\"@type\":\"ImageObject\",\"inLanguage\":\"es\",\"@id\":\"https:\/\/1sc.org\/es\/#\/schema\/logo\/image\/\",\"url\":\"https:\/\/1sc.org\/es\/wp-content\/uploads\/sites\/2\/2022\/12\/logoSoruxa.png\",\"contentUrl\":\"https:\/\/1sc.org\/es\/wp-content\/uploads\/sites\/2\/2022\/12\/logoSoruxa.png\",\"width\":388,\"height\":391,\"caption\":\"Soruxa\"},\"image\":{\"@id\":\"https:\/\/1sc.org\/es\/#\/schema\/logo\/image\/\"}}]}<\/script>\n<!-- \/ Yoast SEO plugin. -->","yoast_head_json":{"title":"Estafa en internet: T\u00e9cnicas de estafador reveladas","description":"Estafas en Internet: estafa rom\u00e1ntica, en anuncios clasificados, de trabajo en casa, de pr\u00e9stamos,, ransomware, chantaje a la c\u00e1mara web","robots":{"index":"index","follow":"follow","max-snippet":"max-snippet:-1","max-image-preview":"max-image-preview:large","max-video-preview":"max-video-preview:-1"},"canonical":"https:\/\/1sc.org\/es\/estafa-en-internet\/","og_locale":"es_ES","og_type":"article","og_title":"Estafa en internet: T\u00e9cnicas de estafador reveladas","og_description":"Estafas en Internet: estafa rom\u00e1ntica, en anuncios clasificados, de trabajo en casa, de pr\u00e9stamos,, ransomware, chantaje a la c\u00e1mara web","og_url":"https:\/\/1sc.org\/es\/estafa-en-internet\/","og_site_name":"Estafas por internet","article_modified_time":"2024-01-10T21:18:48+00:00","og_image":[{"url":"https:\/\/1sc.org\/es\/wp-content\/uploads\/sites\/2\/2022\/07\/image-3.png","type":"","width":"","height":""}],"twitter_card":"summary_large_image","twitter_misc":{"Tiempo de lectura":"2 minutos"},"schema":{"@context":"https:\/\/schema.org","@graph":[{"@type":"WebPage","@id":"https:\/\/1sc.org\/es\/estafa-en-internet\/","url":"https:\/\/1sc.org\/es\/estafa-en-internet\/","name":"Estafa en internet: T\u00e9cnicas de estafador reveladas","isPartOf":{"@id":"https:\/\/1sc.org\/es\/#website"},"primaryImageOfPage":{"@id":"https:\/\/1sc.org\/es\/estafa-en-internet\/#primaryimage"},"image":{"@id":"https:\/\/1sc.org\/es\/estafa-en-internet\/#primaryimage"},"thumbnailUrl":"https:\/\/1sc.org\/es\/wp-content\/uploads\/sites\/2\/2022\/07\/image-3.png","datePublished":"2022-07-14T14:02:14+00:00","dateModified":"2024-01-10T21:18:48+00:00","description":"Estafas en Internet: estafa rom\u00e1ntica, en anuncios clasificados, de trabajo en casa, de pr\u00e9stamos,, ransomware, chantaje a la c\u00e1mara web","breadcrumb":{"@id":"https:\/\/1sc.org\/es\/estafa-en-internet\/#breadcrumb"},"inLanguage":"es","potentialAction":[{"@type":"ReadAction","target":["https:\/\/1sc.org\/es\/estafa-en-internet\/"]}]},{"@type":"ImageObject","inLanguage":"es","@id":"https:\/\/1sc.org\/es\/estafa-en-internet\/#primaryimage","url":"https:\/\/1sc.org\/es\/wp-content\/uploads\/sites\/2\/2022\/07\/image-3.png","contentUrl":"https:\/\/1sc.org\/es\/wp-content\/uploads\/sites\/2\/2022\/07\/image-3.png","width":300,"height":209},{"@type":"BreadcrumbList","@id":"https:\/\/1sc.org\/es\/estafa-en-internet\/#breadcrumb","itemListElement":[{"@type":"ListItem","position":1,"name":"Home","item":"https:\/\/1sc.org\/es\/"},{"@type":"ListItem","position":2,"name":"Estafa en internet"}]},{"@type":"WebSite","@id":"https:\/\/1sc.org\/es\/#website","url":"https:\/\/1sc.org\/es\/","name":"Estafas por internet","description":"\u00a1Prevenci\u00f3n de estafas en Internet!","publisher":{"@id":"https:\/\/1sc.org\/es\/#organization"},"potentialAction":[{"@type":"SearchAction","target":{"@type":"EntryPoint","urlTemplate":"https:\/\/1sc.org\/es\/?s={search_term_string}"},"query-input":{"@type":"PropertyValueSpecification","valueRequired":true,"valueName":"search_term_string"}}],"inLanguage":"es"},{"@type":"Organization","@id":"https:\/\/1sc.org\/es\/#organization","name":"Soruxa","url":"https:\/\/1sc.org\/es\/","logo":{"@type":"ImageObject","inLanguage":"es","@id":"https:\/\/1sc.org\/es\/#\/schema\/logo\/image\/","url":"https:\/\/1sc.org\/es\/wp-content\/uploads\/sites\/2\/2022\/12\/logoSoruxa.png","contentUrl":"https:\/\/1sc.org\/es\/wp-content\/uploads\/sites\/2\/2022\/12\/logoSoruxa.png","width":388,"height":391,"caption":"Soruxa"},"image":{"@id":"https:\/\/1sc.org\/es\/#\/schema\/logo\/image\/"}}]}},"_links":{"self":[{"href":"https:\/\/1sc.org\/es\/wp-json\/wp\/v2\/pages\/30","targetHints":{"allow":["GET"]}}],"collection":[{"href":"https:\/\/1sc.org\/es\/wp-json\/wp\/v2\/pages"}],"about":[{"href":"https:\/\/1sc.org\/es\/wp-json\/wp\/v2\/types\/page"}],"author":[{"embeddable":true,"href":"https:\/\/1sc.org\/es\/wp-json\/wp\/v2\/users\/1"}],"replies":[{"embeddable":true,"href":"https:\/\/1sc.org\/es\/wp-json\/wp\/v2\/comments?post=30"}],"version-history":[{"count":1,"href":"https:\/\/1sc.org\/es\/wp-json\/wp\/v2\/pages\/30\/revisions"}],"predecessor-version":[{"id":31,"href":"https:\/\/1sc.org\/es\/wp-json\/wp\/v2\/pages\/30\/revisions\/31"}],"wp:attachment":[{"href":"https:\/\/1sc.org\/es\/wp-json\/wp\/v2\/media?parent=30"}],"curies":[{"name":"wp","href":"https:\/\/api.w.org\/{rel}","templated":true}]}}