{"id":27,"date":"2022-07-14T14:57:42","date_gmt":"2022-07-14T13:57:42","guid":{"rendered":"https:\/\/1sc.org\/es\/?page_id=27"},"modified":"2024-01-10T22:19:45","modified_gmt":"2024-01-10T21:19:45","slug":"galeria","status":"publish","type":"page","link":"https:\/\/1sc.org\/es\/galeria\/","title":{"rendered":"Galer\u00eda"},"content":{"rendered":"\n<h2 class=\"wp-block-heading\" id=\"tw-target-text\">Galer\u00eda de fotos robadas para realizar estafas amorosas<\/h2>\n\n\n\n<p id=\"tw-target-text\">En esta p\u00e1gina encontrar\u00e1 enlaces a nuestra galer\u00eda de fotos falsificadas por estafadores para cometer intentos de estafa rom\u00e1ntica. De hecho, con estas fotos crean perfiles falsos en sitios de citas. O intentan contactos directos a trav\u00e9s de skype o facebook.<\/p>\n\n\n<div class=\"wp-block-image\">\n<figure class=\"alignright\"><img loading=\"lazy\" decoding=\"async\" width=\"300\" height=\"218\" src=\"https:\/\/1sc.org\/es\/wp-content\/uploads\/sites\/2\/2022\/07\/image-4.png\" alt=\"Galer\u00eda\" class=\"wp-image-25\"\/><\/figure>\n<\/div>\n\n\n<p id=\"tw-target-text\">Tenemos una lista de fotos robadas por estafadores en nuestro sitio web. Esto est\u00e1 construido como las fotos que nos env\u00edas.<\/p>\n\n\n\n<p id=\"tw-target-text\">Pero quer\u00edamos, en la p\u00e1gina en la que te encuentras ahora, poder acceder directamente a estas fotos, ordenadas por personas. Por lo tanto, de alguna manera puede encontrar el \u00e1lbum de la persona a quien le robaron estas im\u00e1genes.<\/p>\n\n\n\n<h3 class=\"wp-block-heading\" id=\"tw-target-text\">Personas lamentablemente conocidas por ser las m\u00e1s v\u00edctimas del robo de identidad por parte de estafadores<\/h3>\n\n\n\n<ul class=\"wp-block-list\"><li>Johnny Sigal: Cantante y actor de Venezuela. Muy conocido en Sudam\u00e9rica y en el mundo de habla hispana.<\/li><li>Josie Model o Josie Ann Miller: hermosa modelo femenina que hizo muchos tiros en su juventud.<\/li><li>Juan Soler: Exjugador de rugby argentino y actor de series de televisi\u00f3n como telenovelas. Tambi\u00e9n muy conocido en el mundo de habla hispana.<\/li><li>Lia19 o Lia Leah: Esta linda jovencita y sus fotos sexys<\/li><li>Marc Gervais: Ponente de Quebec. Muy conocido en \u00abla hermosa provincia\u00bb de Canad\u00e1.<\/li><li>Marco Carrus: Apolo italiano con fotos que tienen un \u00e9xito terrible con las mujeres<\/li><li>Mark Huizinga: ex judoka holand\u00e9s con un hermoso cuerpo afilado<\/li><li>Massimiliano: hombre italiano guapo, siempre sonriente, contagiosamente alegre<\/li><li>Massimo L.: Otro guapo italiano. Pero una de las personas con m\u00e1s fotos robadas<\/li><li>Raven Riley: ex actriz de cine para adultos<\/li><li>El \u00abToulousain\u00bb: Otro desconocido al que le pusieron este apodo por la camiseta de Rugby que viste<\/li><\/ul>\n\n\n\n<p id=\"tw-target-text\">Lamentablemente hay muchas fotos falsificadas. Esta lista crecer\u00e1 en un futuro pr\u00f3ximo. As\u00ed que no olvides volver y comprobar si han aparecido nuevos perfiles falsos.<\/p>\n","protected":false},"excerpt":{"rendered":"<p>Galer\u00eda de fotos robadas para realizar estafas amorosas En esta p\u00e1gina encontrar\u00e1 enlaces a nuestra galer\u00eda de fotos falsificadas por estafadores para cometer intentos de estafa rom\u00e1ntica. De hecho, con estas fotos crean perfiles falsos en sitios de citas. O intentan contactos directos a trav\u00e9s de skype o facebook. Tenemos una lista de fotos robadas &hellip; <a href=\"https:\/\/1sc.org\/es\/galeria\/\" class=\"more-link\">Sigue leyendo <span class=\"screen-reader-text\">Galer\u00eda<\/span><\/a><\/p>\n","protected":false},"author":1,"featured_media":0,"parent":0,"menu_order":3,"comment_status":"open","ping_status":"closed","template":"","meta":{"footnotes":""},"class_list":["post-27","page","type-page","status-publish","hentry"],"yoast_head":"<!-- This site is optimized with the Yoast SEO plugin v26.7 - https:\/\/yoast.com\/wordpress\/plugins\/seo\/ -->\n<title>Galer\u00eda de las fotos robadas para cometer estafas rom\u00e1nticas<\/title>\n<meta name=\"description\" content=\"Galer\u00eda de las fotos m\u00e1s usurpadas por estafadores para cometer intentos de estafa rom\u00e1ntica. Estas fotos robadas est\u00e1n ordenadas por persona\" \/>\n<meta name=\"robots\" content=\"index, follow, max-snippet:-1, max-image-preview:large, max-video-preview:-1\" \/>\n<link rel=\"canonical\" href=\"https:\/\/1sc.org\/es\/galeria\/\" \/>\n<meta property=\"og:locale\" content=\"es_ES\" \/>\n<meta property=\"og:type\" content=\"article\" \/>\n<meta property=\"og:title\" content=\"Galer\u00eda de las fotos robadas para cometer estafas rom\u00e1nticas\" \/>\n<meta property=\"og:description\" content=\"Galer\u00eda de las fotos m\u00e1s usurpadas por estafadores para cometer intentos de estafa rom\u00e1ntica. Estas fotos robadas est\u00e1n ordenadas por persona\" \/>\n<meta property=\"og:url\" content=\"https:\/\/1sc.org\/es\/galeria\/\" \/>\n<meta property=\"og:site_name\" content=\"Estafas por internet\" \/>\n<meta property=\"article:modified_time\" content=\"2024-01-10T21:19:45+00:00\" \/>\n<meta property=\"og:image\" content=\"https:\/\/1sc.org\/es\/wp-content\/uploads\/sites\/2\/2022\/07\/image-4.png\" \/>\n<meta name=\"twitter:card\" content=\"summary_large_image\" \/>\n<meta name=\"twitter:label1\" content=\"Tiempo de lectura\" \/>\n\t<meta name=\"twitter:data1\" content=\"2 minutos\" \/>\n<script type=\"application\/ld+json\" class=\"yoast-schema-graph\">{\"@context\":\"https:\/\/schema.org\",\"@graph\":[{\"@type\":\"WebPage\",\"@id\":\"https:\/\/1sc.org\/es\/galeria\/\",\"url\":\"https:\/\/1sc.org\/es\/galeria\/\",\"name\":\"Galer\u00eda de las fotos robadas para cometer estafas rom\u00e1nticas\",\"isPartOf\":{\"@id\":\"https:\/\/1sc.org\/es\/#website\"},\"primaryImageOfPage\":{\"@id\":\"https:\/\/1sc.org\/es\/galeria\/#primaryimage\"},\"image\":{\"@id\":\"https:\/\/1sc.org\/es\/galeria\/#primaryimage\"},\"thumbnailUrl\":\"https:\/\/1sc.org\/es\/wp-content\/uploads\/sites\/2\/2022\/07\/image-4.png\",\"datePublished\":\"2022-07-14T13:57:42+00:00\",\"dateModified\":\"2024-01-10T21:19:45+00:00\",\"description\":\"Galer\u00eda de las fotos m\u00e1s usurpadas por estafadores para cometer intentos de estafa rom\u00e1ntica. Estas fotos robadas est\u00e1n ordenadas por persona\",\"breadcrumb\":{\"@id\":\"https:\/\/1sc.org\/es\/galeria\/#breadcrumb\"},\"inLanguage\":\"es\",\"potentialAction\":[{\"@type\":\"ReadAction\",\"target\":[\"https:\/\/1sc.org\/es\/galeria\/\"]}]},{\"@type\":\"ImageObject\",\"inLanguage\":\"es\",\"@id\":\"https:\/\/1sc.org\/es\/galeria\/#primaryimage\",\"url\":\"https:\/\/1sc.org\/es\/wp-content\/uploads\/sites\/2\/2022\/07\/image-4.png\",\"contentUrl\":\"https:\/\/1sc.org\/es\/wp-content\/uploads\/sites\/2\/2022\/07\/image-4.png\",\"width\":300,\"height\":218},{\"@type\":\"BreadcrumbList\",\"@id\":\"https:\/\/1sc.org\/es\/galeria\/#breadcrumb\",\"itemListElement\":[{\"@type\":\"ListItem\",\"position\":1,\"name\":\"Home\",\"item\":\"https:\/\/1sc.org\/es\/\"},{\"@type\":\"ListItem\",\"position\":2,\"name\":\"Galer\u00eda\"}]},{\"@type\":\"WebSite\",\"@id\":\"https:\/\/1sc.org\/es\/#website\",\"url\":\"https:\/\/1sc.org\/es\/\",\"name\":\"Estafas por internet\",\"description\":\"\u00a1Prevenci\u00f3n de estafas en Internet!\",\"publisher\":{\"@id\":\"https:\/\/1sc.org\/es\/#organization\"},\"potentialAction\":[{\"@type\":\"SearchAction\",\"target\":{\"@type\":\"EntryPoint\",\"urlTemplate\":\"https:\/\/1sc.org\/es\/?s={search_term_string}\"},\"query-input\":{\"@type\":\"PropertyValueSpecification\",\"valueRequired\":true,\"valueName\":\"search_term_string\"}}],\"inLanguage\":\"es\"},{\"@type\":\"Organization\",\"@id\":\"https:\/\/1sc.org\/es\/#organization\",\"name\":\"Soruxa\",\"url\":\"https:\/\/1sc.org\/es\/\",\"logo\":{\"@type\":\"ImageObject\",\"inLanguage\":\"es\",\"@id\":\"https:\/\/1sc.org\/es\/#\/schema\/logo\/image\/\",\"url\":\"https:\/\/1sc.org\/es\/wp-content\/uploads\/sites\/2\/2022\/12\/logoSoruxa.png\",\"contentUrl\":\"https:\/\/1sc.org\/es\/wp-content\/uploads\/sites\/2\/2022\/12\/logoSoruxa.png\",\"width\":388,\"height\":391,\"caption\":\"Soruxa\"},\"image\":{\"@id\":\"https:\/\/1sc.org\/es\/#\/schema\/logo\/image\/\"}}]}<\/script>\n<!-- \/ Yoast SEO plugin. -->","yoast_head_json":{"title":"Galer\u00eda de las fotos robadas para cometer estafas rom\u00e1nticas","description":"Galer\u00eda de las fotos m\u00e1s usurpadas por estafadores para cometer intentos de estafa rom\u00e1ntica. Estas fotos robadas est\u00e1n ordenadas por persona","robots":{"index":"index","follow":"follow","max-snippet":"max-snippet:-1","max-image-preview":"max-image-preview:large","max-video-preview":"max-video-preview:-1"},"canonical":"https:\/\/1sc.org\/es\/galeria\/","og_locale":"es_ES","og_type":"article","og_title":"Galer\u00eda de las fotos robadas para cometer estafas rom\u00e1nticas","og_description":"Galer\u00eda de las fotos m\u00e1s usurpadas por estafadores para cometer intentos de estafa rom\u00e1ntica. Estas fotos robadas est\u00e1n ordenadas por persona","og_url":"https:\/\/1sc.org\/es\/galeria\/","og_site_name":"Estafas por internet","article_modified_time":"2024-01-10T21:19:45+00:00","og_image":[{"url":"https:\/\/1sc.org\/es\/wp-content\/uploads\/sites\/2\/2022\/07\/image-4.png","type":"","width":"","height":""}],"twitter_card":"summary_large_image","twitter_misc":{"Tiempo de lectura":"2 minutos"},"schema":{"@context":"https:\/\/schema.org","@graph":[{"@type":"WebPage","@id":"https:\/\/1sc.org\/es\/galeria\/","url":"https:\/\/1sc.org\/es\/galeria\/","name":"Galer\u00eda de las fotos robadas para cometer estafas rom\u00e1nticas","isPartOf":{"@id":"https:\/\/1sc.org\/es\/#website"},"primaryImageOfPage":{"@id":"https:\/\/1sc.org\/es\/galeria\/#primaryimage"},"image":{"@id":"https:\/\/1sc.org\/es\/galeria\/#primaryimage"},"thumbnailUrl":"https:\/\/1sc.org\/es\/wp-content\/uploads\/sites\/2\/2022\/07\/image-4.png","datePublished":"2022-07-14T13:57:42+00:00","dateModified":"2024-01-10T21:19:45+00:00","description":"Galer\u00eda de las fotos m\u00e1s usurpadas por estafadores para cometer intentos de estafa rom\u00e1ntica. Estas fotos robadas est\u00e1n ordenadas por persona","breadcrumb":{"@id":"https:\/\/1sc.org\/es\/galeria\/#breadcrumb"},"inLanguage":"es","potentialAction":[{"@type":"ReadAction","target":["https:\/\/1sc.org\/es\/galeria\/"]}]},{"@type":"ImageObject","inLanguage":"es","@id":"https:\/\/1sc.org\/es\/galeria\/#primaryimage","url":"https:\/\/1sc.org\/es\/wp-content\/uploads\/sites\/2\/2022\/07\/image-4.png","contentUrl":"https:\/\/1sc.org\/es\/wp-content\/uploads\/sites\/2\/2022\/07\/image-4.png","width":300,"height":218},{"@type":"BreadcrumbList","@id":"https:\/\/1sc.org\/es\/galeria\/#breadcrumb","itemListElement":[{"@type":"ListItem","position":1,"name":"Home","item":"https:\/\/1sc.org\/es\/"},{"@type":"ListItem","position":2,"name":"Galer\u00eda"}]},{"@type":"WebSite","@id":"https:\/\/1sc.org\/es\/#website","url":"https:\/\/1sc.org\/es\/","name":"Estafas por internet","description":"\u00a1Prevenci\u00f3n de estafas en Internet!","publisher":{"@id":"https:\/\/1sc.org\/es\/#organization"},"potentialAction":[{"@type":"SearchAction","target":{"@type":"EntryPoint","urlTemplate":"https:\/\/1sc.org\/es\/?s={search_term_string}"},"query-input":{"@type":"PropertyValueSpecification","valueRequired":true,"valueName":"search_term_string"}}],"inLanguage":"es"},{"@type":"Organization","@id":"https:\/\/1sc.org\/es\/#organization","name":"Soruxa","url":"https:\/\/1sc.org\/es\/","logo":{"@type":"ImageObject","inLanguage":"es","@id":"https:\/\/1sc.org\/es\/#\/schema\/logo\/image\/","url":"https:\/\/1sc.org\/es\/wp-content\/uploads\/sites\/2\/2022\/12\/logoSoruxa.png","contentUrl":"https:\/\/1sc.org\/es\/wp-content\/uploads\/sites\/2\/2022\/12\/logoSoruxa.png","width":388,"height":391,"caption":"Soruxa"},"image":{"@id":"https:\/\/1sc.org\/es\/#\/schema\/logo\/image\/"}}]}},"_links":{"self":[{"href":"https:\/\/1sc.org\/es\/wp-json\/wp\/v2\/pages\/27","targetHints":{"allow":["GET"]}}],"collection":[{"href":"https:\/\/1sc.org\/es\/wp-json\/wp\/v2\/pages"}],"about":[{"href":"https:\/\/1sc.org\/es\/wp-json\/wp\/v2\/types\/page"}],"author":[{"embeddable":true,"href":"https:\/\/1sc.org\/es\/wp-json\/wp\/v2\/users\/1"}],"replies":[{"embeddable":true,"href":"https:\/\/1sc.org\/es\/wp-json\/wp\/v2\/comments?post=27"}],"version-history":[{"count":1,"href":"https:\/\/1sc.org\/es\/wp-json\/wp\/v2\/pages\/27\/revisions"}],"predecessor-version":[{"id":29,"href":"https:\/\/1sc.org\/es\/wp-json\/wp\/v2\/pages\/27\/revisions\/29"}],"wp:attachment":[{"href":"https:\/\/1sc.org\/es\/wp-json\/wp\/v2\/media?parent=27"}],"curies":[{"name":"wp","href":"https:\/\/api.w.org\/{rel}","templated":true}]}}