{"id":198,"date":"2024-01-11T03:24:56","date_gmt":"2024-01-11T02:24:56","guid":{"rendered":"https:\/\/1sc.org\/es\/?page_id=198"},"modified":"2024-01-11T03:24:56","modified_gmt":"2024-01-11T02:24:56","slug":"quienes-somos","status":"publish","type":"page","link":"https:\/\/1sc.org\/es\/quienes-somos\/","title":{"rendered":"Qui\u00e9nes somos"},"content":{"rendered":"\n<h2 class=\"wp-block-heading\">p\u00e1gina \u00abQui\u00e9nes somos\u00bb de 1sc.org<\/h2>\n\n\n\n<p>\u00a1Bienvenido a 1sc.org ! Estamos encantados de que est\u00e9 interesado en saber m\u00e1s sobre nosotros. \u00bfQui\u00e9nes somos? Nuestro equipo est\u00e1 formado por personas apasionadas que se dedican a ofrecerte la mejor experiencia posible.<\/p>\n\n\n\n<p>1s.org ha sido creado en 2015 y es un sitio web de informaci\u00f3n sobre estafas en internet. Abarca una amplia gama de estafas que se pueden ver en internet.<br>sobre nosotros<\/p>\n\n\n<div class=\"wp-block-image\">\n<figure class=\"alignright size-full\"><img loading=\"lazy\" decoding=\"async\" width=\"300\" height=\"190\" src=\"https:\/\/1sc.org\/es\/wp-content\/uploads\/sites\/2\/2024\/01\/about.webp\" alt=\"Qui\u00e9nes somos\" class=\"wp-image-199\"\/><figcaption class=\"wp-element-caption\">Cr\u00e9dito : Marco Verch<\/figcaption><\/figure>\n<\/div>\n\n\n<p>Se ha creado para informar a la gente sobre las estafas con el fin de evitar que las personas caigan en estas trampas.<\/p>\n\n\n\n<p>Este sitio forma parte de un grupo de sitios web propiedad de la empresa Soruxa. Esta \u00faltima est\u00e1 especializada en la creaci\u00f3n y desarrollo de sitios web desde 2010.<\/p>\n\n\n\n<p>En Soruxa nos apasiona construir sitios web desde cero. Nos encantan todos los pasos que conlleva, como la configuraci\u00f3n de un servidor, la b\u00fasqueda de nichos tem\u00e1ticos, la creaci\u00f3n de un sitio WordPress y la redacci\u00f3n de contenido enriquecido.<\/p>\n\n\n\n<p>Adem\u00e1s, nos esforzamos constantemente por mejorar y evolucionar. Agradecemos los comentarios de nuestros visitantes. Entendemos que el mundo cambia constantemente y nos comprometemos a mantenernos a la vanguardia. Por eso la secci\u00f3n de comentarios es tan importante para nosotros. Por eso animamos a los visitantes a dejar sus comentarios en la secci\u00f3n correspondiente.<\/p>\n\n\n\n<h3 class=\"wp-block-heading\">1sc.org es puramente informativo<\/h3>\n\n\n\n<p>No sustituye a los sitios web gubernamentales dedicados a las estafas por internet. No ofrece servicios para ayudar a encontrar a los estafadores. Tampoco ofrece servicios para ayudar a recuperar el dinero entregado a los estafadores. Lo sentimos, pero, como ya hemos dicho, este sitio es s\u00f3lo informativo.<\/p>\n\n\n\n<p>1sc.org es una traducci\u00f3n del sitio web franc\u00e9s arnaqueinternet.com. Dicho esto, no se ha copiado ning\u00fan contenido de otro sitio web (excepto el hecho de ser una traducci\u00f3n de otro sitio web, como se ha mencionado anteriormente).<\/p>\n\n\n\n<p>En conclusi\u00f3n, nos apasiona ofrecer contenidos de alta calidad y ayudar a nuestros visitantes a luchar contra las estafas en Internet. Agradecemos la oportunidad de servir a las personas que acuden a este sitio. Si tiene alguna pregunta o comentario, no dude en ponerse en contacto con nosotros. Estaremos encantados de atenderle.<\/p>\n\n\n\n<p>Traducci\u00f3n realizada con la versi\u00f3n gratuita del traductor DeepL.com<\/p>\n","protected":false},"excerpt":{"rendered":"<p>p\u00e1gina \u00abQui\u00e9nes somos\u00bb de 1sc.org \u00a1Bienvenido a 1sc.org ! Estamos encantados de que est\u00e9 interesado en saber m\u00e1s sobre nosotros. \u00bfQui\u00e9nes somos? Nuestro equipo est\u00e1 formado por personas apasionadas que se dedican a ofrecerte la mejor experiencia posible. 1s.org ha sido creado en 2015 y es un sitio web de informaci\u00f3n sobre estafas en internet. &hellip; <a href=\"https:\/\/1sc.org\/es\/quienes-somos\/\" class=\"more-link\">Sigue leyendo <span class=\"screen-reader-text\">Qui\u00e9nes somos<\/span><\/a><\/p>\n","protected":false},"author":1,"featured_media":0,"parent":0,"menu_order":10,"comment_status":"closed","ping_status":"closed","template":"","meta":{"footnotes":""},"class_list":["post-198","page","type-page","status-publish","hentry"],"yoast_head":"<!-- This site is optimized with the Yoast SEO plugin v26.7 - https:\/\/yoast.com\/wordpress\/plugins\/seo\/ -->\n<title>p\u00e1gina &quot;Qui\u00e9nes somos&quot; de 1sc.org<\/title>\n<meta name=\"description\" content=\"\u00bfQui\u00e9nes somos? Informaci\u00f3n sobre 1cs.org y la gente que hay detr\u00e1s. \u00bfPor qu\u00e9 este sitio web lucha contra las estafas en Internet?\" \/>\n<meta name=\"robots\" content=\"index, follow, max-snippet:-1, max-image-preview:large, max-video-preview:-1\" \/>\n<link rel=\"canonical\" href=\"https:\/\/1sc.org\/es\/quienes-somos\/\" \/>\n<meta property=\"og:locale\" content=\"es_ES\" \/>\n<meta property=\"og:type\" content=\"article\" \/>\n<meta property=\"og:title\" content=\"p\u00e1gina &quot;Qui\u00e9nes somos&quot; de 1sc.org\" \/>\n<meta property=\"og:description\" content=\"\u00bfQui\u00e9nes somos? Informaci\u00f3n sobre 1cs.org y la gente que hay detr\u00e1s. \u00bfPor qu\u00e9 este sitio web lucha contra las estafas en Internet?\" \/>\n<meta property=\"og:url\" content=\"https:\/\/1sc.org\/es\/quienes-somos\/\" \/>\n<meta property=\"og:site_name\" content=\"Estafas por internet\" \/>\n<meta property=\"og:image\" content=\"https:\/\/1sc.org\/es\/wp-content\/uploads\/sites\/2\/2024\/01\/about.webp\" \/>\n<meta name=\"twitter:card\" content=\"summary_large_image\" \/>\n<meta name=\"twitter:label1\" content=\"Tiempo de lectura\" \/>\n\t<meta name=\"twitter:data1\" content=\"2 minutos\" \/>\n<script type=\"application\/ld+json\" class=\"yoast-schema-graph\">{\"@context\":\"https:\/\/schema.org\",\"@graph\":[{\"@type\":\"WebPage\",\"@id\":\"https:\/\/1sc.org\/es\/quienes-somos\/\",\"url\":\"https:\/\/1sc.org\/es\/quienes-somos\/\",\"name\":\"p\u00e1gina \\\"Qui\u00e9nes somos\\\" de 1sc.org\",\"isPartOf\":{\"@id\":\"https:\/\/1sc.org\/es\/#website\"},\"primaryImageOfPage\":{\"@id\":\"https:\/\/1sc.org\/es\/quienes-somos\/#primaryimage\"},\"image\":{\"@id\":\"https:\/\/1sc.org\/es\/quienes-somos\/#primaryimage\"},\"thumbnailUrl\":\"https:\/\/1sc.org\/es\/wp-content\/uploads\/sites\/2\/2024\/01\/about.webp\",\"datePublished\":\"2024-01-11T02:24:56+00:00\",\"description\":\"\u00bfQui\u00e9nes somos? Informaci\u00f3n sobre 1cs.org y la gente que hay detr\u00e1s. \u00bfPor qu\u00e9 este sitio web lucha contra las estafas en Internet?\",\"breadcrumb\":{\"@id\":\"https:\/\/1sc.org\/es\/quienes-somos\/#breadcrumb\"},\"inLanguage\":\"es\",\"potentialAction\":[{\"@type\":\"ReadAction\",\"target\":[\"https:\/\/1sc.org\/es\/quienes-somos\/\"]}]},{\"@type\":\"ImageObject\",\"inLanguage\":\"es\",\"@id\":\"https:\/\/1sc.org\/es\/quienes-somos\/#primaryimage\",\"url\":\"https:\/\/1sc.org\/es\/wp-content\/uploads\/sites\/2\/2024\/01\/about.webp\",\"contentUrl\":\"https:\/\/1sc.org\/es\/wp-content\/uploads\/sites\/2\/2024\/01\/about.webp\",\"width\":300,\"height\":190},{\"@type\":\"BreadcrumbList\",\"@id\":\"https:\/\/1sc.org\/es\/quienes-somos\/#breadcrumb\",\"itemListElement\":[{\"@type\":\"ListItem\",\"position\":1,\"name\":\"Home\",\"item\":\"https:\/\/1sc.org\/es\/\"},{\"@type\":\"ListItem\",\"position\":2,\"name\":\"Qui\u00e9nes somos\"}]},{\"@type\":\"WebSite\",\"@id\":\"https:\/\/1sc.org\/es\/#website\",\"url\":\"https:\/\/1sc.org\/es\/\",\"name\":\"Estafas por internet\",\"description\":\"\u00a1Prevenci\u00f3n de estafas en Internet!\",\"publisher\":{\"@id\":\"https:\/\/1sc.org\/es\/#organization\"},\"potentialAction\":[{\"@type\":\"SearchAction\",\"target\":{\"@type\":\"EntryPoint\",\"urlTemplate\":\"https:\/\/1sc.org\/es\/?s={search_term_string}\"},\"query-input\":{\"@type\":\"PropertyValueSpecification\",\"valueRequired\":true,\"valueName\":\"search_term_string\"}}],\"inLanguage\":\"es\"},{\"@type\":\"Organization\",\"@id\":\"https:\/\/1sc.org\/es\/#organization\",\"name\":\"Soruxa\",\"url\":\"https:\/\/1sc.org\/es\/\",\"logo\":{\"@type\":\"ImageObject\",\"inLanguage\":\"es\",\"@id\":\"https:\/\/1sc.org\/es\/#\/schema\/logo\/image\/\",\"url\":\"https:\/\/1sc.org\/es\/wp-content\/uploads\/sites\/2\/2022\/12\/logoSoruxa.png\",\"contentUrl\":\"https:\/\/1sc.org\/es\/wp-content\/uploads\/sites\/2\/2022\/12\/logoSoruxa.png\",\"width\":388,\"height\":391,\"caption\":\"Soruxa\"},\"image\":{\"@id\":\"https:\/\/1sc.org\/es\/#\/schema\/logo\/image\/\"}}]}<\/script>\n<!-- \/ Yoast SEO plugin. -->","yoast_head_json":{"title":"p\u00e1gina \"Qui\u00e9nes somos\" de 1sc.org","description":"\u00bfQui\u00e9nes somos? Informaci\u00f3n sobre 1cs.org y la gente que hay detr\u00e1s. \u00bfPor qu\u00e9 este sitio web lucha contra las estafas en Internet?","robots":{"index":"index","follow":"follow","max-snippet":"max-snippet:-1","max-image-preview":"max-image-preview:large","max-video-preview":"max-video-preview:-1"},"canonical":"https:\/\/1sc.org\/es\/quienes-somos\/","og_locale":"es_ES","og_type":"article","og_title":"p\u00e1gina \"Qui\u00e9nes somos\" de 1sc.org","og_description":"\u00bfQui\u00e9nes somos? Informaci\u00f3n sobre 1cs.org y la gente que hay detr\u00e1s. \u00bfPor qu\u00e9 este sitio web lucha contra las estafas en Internet?","og_url":"https:\/\/1sc.org\/es\/quienes-somos\/","og_site_name":"Estafas por internet","og_image":[{"url":"https:\/\/1sc.org\/es\/wp-content\/uploads\/sites\/2\/2024\/01\/about.webp","type":"","width":"","height":""}],"twitter_card":"summary_large_image","twitter_misc":{"Tiempo de lectura":"2 minutos"},"schema":{"@context":"https:\/\/schema.org","@graph":[{"@type":"WebPage","@id":"https:\/\/1sc.org\/es\/quienes-somos\/","url":"https:\/\/1sc.org\/es\/quienes-somos\/","name":"p\u00e1gina \"Qui\u00e9nes somos\" de 1sc.org","isPartOf":{"@id":"https:\/\/1sc.org\/es\/#website"},"primaryImageOfPage":{"@id":"https:\/\/1sc.org\/es\/quienes-somos\/#primaryimage"},"image":{"@id":"https:\/\/1sc.org\/es\/quienes-somos\/#primaryimage"},"thumbnailUrl":"https:\/\/1sc.org\/es\/wp-content\/uploads\/sites\/2\/2024\/01\/about.webp","datePublished":"2024-01-11T02:24:56+00:00","description":"\u00bfQui\u00e9nes somos? Informaci\u00f3n sobre 1cs.org y la gente que hay detr\u00e1s. \u00bfPor qu\u00e9 este sitio web lucha contra las estafas en Internet?","breadcrumb":{"@id":"https:\/\/1sc.org\/es\/quienes-somos\/#breadcrumb"},"inLanguage":"es","potentialAction":[{"@type":"ReadAction","target":["https:\/\/1sc.org\/es\/quienes-somos\/"]}]},{"@type":"ImageObject","inLanguage":"es","@id":"https:\/\/1sc.org\/es\/quienes-somos\/#primaryimage","url":"https:\/\/1sc.org\/es\/wp-content\/uploads\/sites\/2\/2024\/01\/about.webp","contentUrl":"https:\/\/1sc.org\/es\/wp-content\/uploads\/sites\/2\/2024\/01\/about.webp","width":300,"height":190},{"@type":"BreadcrumbList","@id":"https:\/\/1sc.org\/es\/quienes-somos\/#breadcrumb","itemListElement":[{"@type":"ListItem","position":1,"name":"Home","item":"https:\/\/1sc.org\/es\/"},{"@type":"ListItem","position":2,"name":"Qui\u00e9nes somos"}]},{"@type":"WebSite","@id":"https:\/\/1sc.org\/es\/#website","url":"https:\/\/1sc.org\/es\/","name":"Estafas por internet","description":"\u00a1Prevenci\u00f3n de estafas en Internet!","publisher":{"@id":"https:\/\/1sc.org\/es\/#organization"},"potentialAction":[{"@type":"SearchAction","target":{"@type":"EntryPoint","urlTemplate":"https:\/\/1sc.org\/es\/?s={search_term_string}"},"query-input":{"@type":"PropertyValueSpecification","valueRequired":true,"valueName":"search_term_string"}}],"inLanguage":"es"},{"@type":"Organization","@id":"https:\/\/1sc.org\/es\/#organization","name":"Soruxa","url":"https:\/\/1sc.org\/es\/","logo":{"@type":"ImageObject","inLanguage":"es","@id":"https:\/\/1sc.org\/es\/#\/schema\/logo\/image\/","url":"https:\/\/1sc.org\/es\/wp-content\/uploads\/sites\/2\/2022\/12\/logoSoruxa.png","contentUrl":"https:\/\/1sc.org\/es\/wp-content\/uploads\/sites\/2\/2022\/12\/logoSoruxa.png","width":388,"height":391,"caption":"Soruxa"},"image":{"@id":"https:\/\/1sc.org\/es\/#\/schema\/logo\/image\/"}}]}},"_links":{"self":[{"href":"https:\/\/1sc.org\/es\/wp-json\/wp\/v2\/pages\/198","targetHints":{"allow":["GET"]}}],"collection":[{"href":"https:\/\/1sc.org\/es\/wp-json\/wp\/v2\/pages"}],"about":[{"href":"https:\/\/1sc.org\/es\/wp-json\/wp\/v2\/types\/page"}],"author":[{"embeddable":true,"href":"https:\/\/1sc.org\/es\/wp-json\/wp\/v2\/users\/1"}],"replies":[{"embeddable":true,"href":"https:\/\/1sc.org\/es\/wp-json\/wp\/v2\/comments?post=198"}],"version-history":[{"count":1,"href":"https:\/\/1sc.org\/es\/wp-json\/wp\/v2\/pages\/198\/revisions"}],"predecessor-version":[{"id":200,"href":"https:\/\/1sc.org\/es\/wp-json\/wp\/v2\/pages\/198\/revisions\/200"}],"wp:attachment":[{"href":"https:\/\/1sc.org\/es\/wp-json\/wp\/v2\/media?parent=198"}],"curies":[{"name":"wp","href":"https:\/\/api.w.org\/{rel}","templated":true}]}}