{"id":185,"date":"2024-01-11T01:15:13","date_gmt":"2024-01-11T00:15:13","guid":{"rendered":"https:\/\/1sc.org\/es\/?page_id=185"},"modified":"2024-01-11T01:19:13","modified_gmt":"2024-01-11T00:19:13","slug":"testimonos","status":"publish","type":"page","link":"https:\/\/1sc.org\/es\/testimonos\/","title":{"rendered":"Testimonos"},"content":{"rendered":"\n<h2 class=\"wp-block-heading\">Formulario para compartir tus testimonos con nosotros <\/h2>\n\n\n\n<p>\u00bfTiene testimonos para compartir con nosotros? Est\u00e1s en el lugar correcto ! Tenemos un formulario espec\u00edfico disponible para usted a continuaci\u00f3n. <\/p>\n\n\n<div class=\"wp-block-image\">\n<figure class=\"alignright size-full\"><img loading=\"lazy\" decoding=\"async\" width=\"300\" height=\"200\" src=\"https:\/\/1sc.org\/es\/wp-content\/uploads\/sites\/2\/2024\/01\/livres.webp\" alt=\"Testimonos\" class=\"wp-image-186\"\/><figcaption class=\"wp-element-caption\">Cr\u00e9dito: Koreller <\/figcaption><\/figure>\n<\/div>\n\n\n<p>Este formulario est\u00e1 destinado a historias largas. Cuando hablamos de una historia larga, nos referimos a unas veinte l\u00edneas como m\u00ednimo. Si tu experiencia es m\u00e1s corta, te invitamos a dejar un comentario al final de una de las p\u00e1ginas m\u00e1s adecuadas sobre el tema que te preocupa. <\/p>\n\n\n\n<p>Si, por el contrario, tienes una historia compleja que no se puede resumir en unas pocas l\u00edneas, utiliza el siguiente formulario. Conoceremos tu experiencia. Si es de particular inter\u00e9s en la lucha contra las estafas en Internet, lo publicaremos en una p\u00e1gina completa en la secci\u00f3n \u00ab<a href=\"https:\/\/1sc.org\/es\/testimonio\/\">testimono<\/a>\u00ab. Intentaremos ser lo m\u00e1s fieles posible a tu historia. <\/p>\n\n\n\n<p>Esto es con el objetivo de reproducir el texto, pero tambi\u00e9n los sentimientos que quer\u00edas transmitir. Sin embargo, es posible que hagamos algunos cambios. Por ejemplo, correcciones, eliminaciones o adiciones si esto es beneficioso para la historia. <\/p>\n\n\n\n<p>Mucha gente ya nos ha enviado sus testimonos. A veces en un tono c\u00f3mico, a veces en un tono lamentablemente m\u00e1s triste, cada historia tiene su propio inter\u00e9s. <\/p>\n\n\n\n<p>NB: No recibir\u00e1s respuesta utilizando este formulario.<\/p>\n\n\n\n<div class=\"wp-block-contact-form-7-contact-form-selector\">\n<div class=\"wpcf7 no-js\" id=\"wpcf7-f40-o1\" lang=\"es-ES\" dir=\"ltr\" data-wpcf7-id=\"40\">\n<div class=\"screen-reader-response\"><p role=\"status\" aria-live=\"polite\" aria-atomic=\"true\"><\/p> <ul><\/ul><\/div>\n<form action=\"\/es\/wp-json\/wp\/v2\/pages\/185#wpcf7-f40-o1\" method=\"post\" class=\"wpcf7-form init\" aria-label=\"Formulario de contacto\" novalidate=\"novalidate\" data-status=\"init\">\n<fieldset class=\"hidden-fields-container\"><input type=\"hidden\" name=\"_wpcf7\" value=\"40\" \/><input type=\"hidden\" name=\"_wpcf7_version\" value=\"6.1.4\" \/><input type=\"hidden\" name=\"_wpcf7_locale\" value=\"es_ES\" \/><input type=\"hidden\" name=\"_wpcf7_unit_tag\" value=\"wpcf7-f40-o1\" \/><input type=\"hidden\" name=\"_wpcf7_container_post\" value=\"0\" \/><input type=\"hidden\" name=\"_wpcf7_posted_data_hash\" value=\"\" \/>\n<\/fieldset>\n<p><label> Tu nombre<br \/>\n<span class=\"wpcf7-form-control-wrap\" data-name=\"your-name\"><input size=\"40\" maxlength=\"400\" class=\"wpcf7-form-control wpcf7-text wpcf7-validates-as-required\" aria-required=\"true\" aria-invalid=\"false\" value=\"\" type=\"text\" name=\"your-name\" \/><\/span> <\/label>\n<\/p>\n<p><label> Tu correo electr\u00f3nico<br \/>\n<span class=\"wpcf7-form-control-wrap\" data-name=\"your-email\"><input size=\"40\" maxlength=\"400\" class=\"wpcf7-form-control wpcf7-email wpcf7-validates-as-required wpcf7-text wpcf7-validates-as-email\" aria-required=\"true\" aria-invalid=\"false\" value=\"\" type=\"email\" name=\"your-email\" \/><\/span> <\/label>\n<\/p>\n<p><label> Asunto<br \/>\n<span class=\"wpcf7-form-control-wrap\" data-name=\"your-subject\"><input size=\"40\" maxlength=\"400\" class=\"wpcf7-form-control wpcf7-text wpcf7-validates-as-required\" aria-required=\"true\" aria-invalid=\"false\" value=\"\" type=\"text\" name=\"your-subject\" \/><\/span> <\/label>\n<\/p>\n<p><label> Tu mensaje (opcional)<br \/>\n<span class=\"wpcf7-form-control-wrap\" data-name=\"your-message\"><textarea cols=\"40\" rows=\"10\" maxlength=\"2000\" class=\"wpcf7-form-control wpcf7-textarea\" aria-invalid=\"false\" name=\"your-message\"><\/textarea><\/span> <\/label>\n<\/p>\n<p><input class=\"wpcf7-form-control wpcf7-submit has-spinner\" type=\"submit\" value=\"Enviar\" \/>\n<\/p><div class=\"wpcf7-response-output\" aria-hidden=\"true\"><\/div>\n<\/form>\n<\/div>\n<\/div>\n","protected":false},"excerpt":{"rendered":"<p>Formulario para compartir tus testimonos con nosotros \u00bfTiene testimonos para compartir con nosotros? Est\u00e1s en el lugar correcto ! Tenemos un formulario espec\u00edfico disponible para usted a continuaci\u00f3n. Este formulario est\u00e1 destinado a historias largas. Cuando hablamos de una historia larga, nos referimos a unas veinte l\u00edneas como m\u00ednimo. Si tu experiencia es m\u00e1s corta, &hellip; <a href=\"https:\/\/1sc.org\/es\/testimonos\/\" class=\"more-link\">Sigue leyendo <span class=\"screen-reader-text\">Testimonos<\/span><\/a><\/p>\n","protected":false},"author":1,"featured_media":0,"parent":0,"menu_order":12,"comment_status":"closed","ping_status":"closed","template":"","meta":{"footnotes":""},"class_list":["post-185","page","type-page","status-publish","hentry"],"yoast_head":"<!-- This site is optimized with the Yoast SEO plugin v26.7 - https:\/\/yoast.com\/wordpress\/plugins\/seo\/ -->\n<title>Testimonos : Formulario para contarnos tu historia<\/title>\n<meta name=\"description\" content=\"Formulario puesto a disposici\u00f3n de los internautas que hayan sido v\u00edctimas de estafas. Ven y cu\u00e9ntanos tus testimonos de estafas en Internet.\" \/>\n<meta name=\"robots\" content=\"index, follow, max-snippet:-1, max-image-preview:large, max-video-preview:-1\" \/>\n<link rel=\"canonical\" href=\"https:\/\/1sc.org\/es\/testimonos\/\" \/>\n<meta property=\"og:locale\" content=\"es_ES\" \/>\n<meta property=\"og:type\" content=\"article\" \/>\n<meta property=\"og:title\" content=\"Testimonos : Formulario para contarnos tu historia\" \/>\n<meta property=\"og:description\" content=\"Formulario puesto a disposici\u00f3n de los internautas que hayan sido v\u00edctimas de estafas. Ven y cu\u00e9ntanos tus testimonos de estafas en Internet.\" \/>\n<meta property=\"og:url\" content=\"https:\/\/1sc.org\/es\/testimonos\/\" \/>\n<meta property=\"og:site_name\" content=\"Estafas por internet\" \/>\n<meta property=\"article:modified_time\" content=\"2024-01-11T00:19:13+00:00\" \/>\n<meta property=\"og:image\" content=\"https:\/\/1sc.org\/es\/wp-content\/uploads\/sites\/2\/2024\/01\/livres.webp\" \/>\n<meta name=\"twitter:card\" content=\"summary_large_image\" \/>\n<meta name=\"twitter:label1\" content=\"Tiempo de lectura\" \/>\n\t<meta name=\"twitter:data1\" content=\"2 minutos\" \/>\n<script type=\"application\/ld+json\" class=\"yoast-schema-graph\">{\"@context\":\"https:\/\/schema.org\",\"@graph\":[{\"@type\":\"WebPage\",\"@id\":\"https:\/\/1sc.org\/es\/testimonos\/\",\"url\":\"https:\/\/1sc.org\/es\/testimonos\/\",\"name\":\"Testimonos : Formulario para contarnos tu historia\",\"isPartOf\":{\"@id\":\"https:\/\/1sc.org\/es\/#website\"},\"primaryImageOfPage\":{\"@id\":\"https:\/\/1sc.org\/es\/testimonos\/#primaryimage\"},\"image\":{\"@id\":\"https:\/\/1sc.org\/es\/testimonos\/#primaryimage\"},\"thumbnailUrl\":\"https:\/\/1sc.org\/es\/wp-content\/uploads\/sites\/2\/2024\/01\/livres.webp\",\"datePublished\":\"2024-01-11T00:15:13+00:00\",\"dateModified\":\"2024-01-11T00:19:13+00:00\",\"description\":\"Formulario puesto a disposici\u00f3n de los internautas que hayan sido v\u00edctimas de estafas. Ven y cu\u00e9ntanos tus testimonos de estafas en Internet.\",\"breadcrumb\":{\"@id\":\"https:\/\/1sc.org\/es\/testimonos\/#breadcrumb\"},\"inLanguage\":\"es\",\"potentialAction\":[{\"@type\":\"ReadAction\",\"target\":[\"https:\/\/1sc.org\/es\/testimonos\/\"]}]},{\"@type\":\"ImageObject\",\"inLanguage\":\"es\",\"@id\":\"https:\/\/1sc.org\/es\/testimonos\/#primaryimage\",\"url\":\"https:\/\/1sc.org\/es\/wp-content\/uploads\/sites\/2\/2024\/01\/livres.webp\",\"contentUrl\":\"https:\/\/1sc.org\/es\/wp-content\/uploads\/sites\/2\/2024\/01\/livres.webp\",\"width\":300,\"height\":200},{\"@type\":\"BreadcrumbList\",\"@id\":\"https:\/\/1sc.org\/es\/testimonos\/#breadcrumb\",\"itemListElement\":[{\"@type\":\"ListItem\",\"position\":1,\"name\":\"Home\",\"item\":\"https:\/\/1sc.org\/es\/\"},{\"@type\":\"ListItem\",\"position\":2,\"name\":\"Testimonos\"}]},{\"@type\":\"WebSite\",\"@id\":\"https:\/\/1sc.org\/es\/#website\",\"url\":\"https:\/\/1sc.org\/es\/\",\"name\":\"Estafas por internet\",\"description\":\"\u00a1Prevenci\u00f3n de estafas en Internet!\",\"publisher\":{\"@id\":\"https:\/\/1sc.org\/es\/#organization\"},\"potentialAction\":[{\"@type\":\"SearchAction\",\"target\":{\"@type\":\"EntryPoint\",\"urlTemplate\":\"https:\/\/1sc.org\/es\/?s={search_term_string}\"},\"query-input\":{\"@type\":\"PropertyValueSpecification\",\"valueRequired\":true,\"valueName\":\"search_term_string\"}}],\"inLanguage\":\"es\"},{\"@type\":\"Organization\",\"@id\":\"https:\/\/1sc.org\/es\/#organization\",\"name\":\"Soruxa\",\"url\":\"https:\/\/1sc.org\/es\/\",\"logo\":{\"@type\":\"ImageObject\",\"inLanguage\":\"es\",\"@id\":\"https:\/\/1sc.org\/es\/#\/schema\/logo\/image\/\",\"url\":\"https:\/\/1sc.org\/es\/wp-content\/uploads\/sites\/2\/2022\/12\/logoSoruxa.png\",\"contentUrl\":\"https:\/\/1sc.org\/es\/wp-content\/uploads\/sites\/2\/2022\/12\/logoSoruxa.png\",\"width\":388,\"height\":391,\"caption\":\"Soruxa\"},\"image\":{\"@id\":\"https:\/\/1sc.org\/es\/#\/schema\/logo\/image\/\"}}]}<\/script>\n<!-- \/ Yoast SEO plugin. -->","yoast_head_json":{"title":"Testimonos : Formulario para contarnos tu historia","description":"Formulario puesto a disposici\u00f3n de los internautas que hayan sido v\u00edctimas de estafas. Ven y cu\u00e9ntanos tus testimonos de estafas en Internet.","robots":{"index":"index","follow":"follow","max-snippet":"max-snippet:-1","max-image-preview":"max-image-preview:large","max-video-preview":"max-video-preview:-1"},"canonical":"https:\/\/1sc.org\/es\/testimonos\/","og_locale":"es_ES","og_type":"article","og_title":"Testimonos : Formulario para contarnos tu historia","og_description":"Formulario puesto a disposici\u00f3n de los internautas que hayan sido v\u00edctimas de estafas. Ven y cu\u00e9ntanos tus testimonos de estafas en Internet.","og_url":"https:\/\/1sc.org\/es\/testimonos\/","og_site_name":"Estafas por internet","article_modified_time":"2024-01-11T00:19:13+00:00","og_image":[{"url":"https:\/\/1sc.org\/es\/wp-content\/uploads\/sites\/2\/2024\/01\/livres.webp","type":"","width":"","height":""}],"twitter_card":"summary_large_image","twitter_misc":{"Tiempo de lectura":"2 minutos"},"schema":{"@context":"https:\/\/schema.org","@graph":[{"@type":"WebPage","@id":"https:\/\/1sc.org\/es\/testimonos\/","url":"https:\/\/1sc.org\/es\/testimonos\/","name":"Testimonos : Formulario para contarnos tu historia","isPartOf":{"@id":"https:\/\/1sc.org\/es\/#website"},"primaryImageOfPage":{"@id":"https:\/\/1sc.org\/es\/testimonos\/#primaryimage"},"image":{"@id":"https:\/\/1sc.org\/es\/testimonos\/#primaryimage"},"thumbnailUrl":"https:\/\/1sc.org\/es\/wp-content\/uploads\/sites\/2\/2024\/01\/livres.webp","datePublished":"2024-01-11T00:15:13+00:00","dateModified":"2024-01-11T00:19:13+00:00","description":"Formulario puesto a disposici\u00f3n de los internautas que hayan sido v\u00edctimas de estafas. Ven y cu\u00e9ntanos tus testimonos de estafas en Internet.","breadcrumb":{"@id":"https:\/\/1sc.org\/es\/testimonos\/#breadcrumb"},"inLanguage":"es","potentialAction":[{"@type":"ReadAction","target":["https:\/\/1sc.org\/es\/testimonos\/"]}]},{"@type":"ImageObject","inLanguage":"es","@id":"https:\/\/1sc.org\/es\/testimonos\/#primaryimage","url":"https:\/\/1sc.org\/es\/wp-content\/uploads\/sites\/2\/2024\/01\/livres.webp","contentUrl":"https:\/\/1sc.org\/es\/wp-content\/uploads\/sites\/2\/2024\/01\/livres.webp","width":300,"height":200},{"@type":"BreadcrumbList","@id":"https:\/\/1sc.org\/es\/testimonos\/#breadcrumb","itemListElement":[{"@type":"ListItem","position":1,"name":"Home","item":"https:\/\/1sc.org\/es\/"},{"@type":"ListItem","position":2,"name":"Testimonos"}]},{"@type":"WebSite","@id":"https:\/\/1sc.org\/es\/#website","url":"https:\/\/1sc.org\/es\/","name":"Estafas por internet","description":"\u00a1Prevenci\u00f3n de estafas en Internet!","publisher":{"@id":"https:\/\/1sc.org\/es\/#organization"},"potentialAction":[{"@type":"SearchAction","target":{"@type":"EntryPoint","urlTemplate":"https:\/\/1sc.org\/es\/?s={search_term_string}"},"query-input":{"@type":"PropertyValueSpecification","valueRequired":true,"valueName":"search_term_string"}}],"inLanguage":"es"},{"@type":"Organization","@id":"https:\/\/1sc.org\/es\/#organization","name":"Soruxa","url":"https:\/\/1sc.org\/es\/","logo":{"@type":"ImageObject","inLanguage":"es","@id":"https:\/\/1sc.org\/es\/#\/schema\/logo\/image\/","url":"https:\/\/1sc.org\/es\/wp-content\/uploads\/sites\/2\/2022\/12\/logoSoruxa.png","contentUrl":"https:\/\/1sc.org\/es\/wp-content\/uploads\/sites\/2\/2022\/12\/logoSoruxa.png","width":388,"height":391,"caption":"Soruxa"},"image":{"@id":"https:\/\/1sc.org\/es\/#\/schema\/logo\/image\/"}}]}},"_links":{"self":[{"href":"https:\/\/1sc.org\/es\/wp-json\/wp\/v2\/pages\/185","targetHints":{"allow":["GET"]}}],"collection":[{"href":"https:\/\/1sc.org\/es\/wp-json\/wp\/v2\/pages"}],"about":[{"href":"https:\/\/1sc.org\/es\/wp-json\/wp\/v2\/types\/page"}],"author":[{"embeddable":true,"href":"https:\/\/1sc.org\/es\/wp-json\/wp\/v2\/users\/1"}],"replies":[{"embeddable":true,"href":"https:\/\/1sc.org\/es\/wp-json\/wp\/v2\/comments?post=185"}],"version-history":[{"count":1,"href":"https:\/\/1sc.org\/es\/wp-json\/wp\/v2\/pages\/185\/revisions"}],"predecessor-version":[{"id":189,"href":"https:\/\/1sc.org\/es\/wp-json\/wp\/v2\/pages\/185\/revisions\/189"}],"wp:attachment":[{"href":"https:\/\/1sc.org\/es\/wp-json\/wp\/v2\/media?parent=185"}],"curies":[{"name":"wp","href":"https:\/\/api.w.org\/{rel}","templated":true}]}}