{"id":168,"date":"2022-12-30T20:20:40","date_gmt":"2022-12-30T19:20:40","guid":{"rendered":"https:\/\/1sc.org\/es\/?page_id=168"},"modified":"2022-12-30T20:20:42","modified_gmt":"2022-12-30T19:20:42","slug":"estafa-de-verificacion-de-edad","status":"publish","type":"page","link":"https:\/\/1sc.org\/es\/estafa-en-internet\/estafa-de-verificacion-de-edad\/","title":{"rendered":"Estafa de verificaci\u00f3n de edad"},"content":{"rendered":"\n<h2 class=\"wp-block-heading\">Antes de acceder a un sitio web, se te pide que entres en un proceso de verificaci\u00f3n de edad. Cuidado, puede ser una estafa<\/h2>\n\n\n\n<p>Usted estaba navegando tranquilamente por Internet cuando le aparece una p\u00e1gina como la siguiente. Esa p\u00e1gina te pide que introduzcas los datos de tu cuenta bancaria para verificar que tienes m\u00e1s de 18 a\u00f1os. Se indica claramente que el acceso es gratuito. Este proceso de verificaci\u00f3n de la edad es s\u00f3lo una formalidad y no se efectuar\u00e1 ning\u00fan pago con su tarjeta de cr\u00e9dito.<\/p>\n\n\n\n<p>Si introduce esta informaci\u00f3n, la mayor\u00eda de las veces s\u00ed tendr\u00e1 acceso a los contenidos del sitio web. Creyendo que acaba de superar un tr\u00e1mite administrativo, olvida r\u00e1pidamente este breve periodo de tiempo (Por cierto, seguro que tiene setas cosas mejores que hacer en este momento)<\/p>\n\n\n\n<h3 class=\"wp-block-heading\">\u00bfUn cargo en mi cuenta?<\/h3>\n\n\n\n<p>Sin embargo, alg\u00fan tiempo despu\u00e9s, nota un cargo en su cuenta bancaria.<\/p>\n\n\n<div class=\"wp-block-image\">\n<figure class=\"alignright size-full is-resized\"><img loading=\"lazy\" decoding=\"async\" src=\"https:\/\/1sc.org\/es\/wp-content\/uploads\/sites\/2\/2022\/12\/image-7.png\" alt=\"verificaci\u00f3n de edad\" class=\"wp-image-169\" width=\"300\" height=\"215\"\/><\/figure>\n<\/div>\n\n\n<p>De hecho, en las condiciones generales del sitio web con el proceso de verificaci\u00f3n de la edad se indicaba que el acceso era gratuito durante un tiempo limitado (normalmente muy corto) y que el sitio web le cobrar\u00eda si no se daba de baja despu\u00e9s de ese tiempo.<\/p>\n\n\n\n<p>Los estafadores se aprovechan del hecho de que pocas personas leen las condiciones generales. Adem\u00e1s, estas condiciones nunca son f\u00e1cilmente accesibles ni est\u00e1n redactadas de forma que resulten dif\u00edciles de entender.<\/p>\n\n\n\n<p>Incluso en el caso de que se d\u00e9 cuenta de que tiene que darse de baja, el proceso de baja est\u00e1 plagado de trampas. En primer lugar, el enlace para darse de baja no es f\u00e1cil de encontrar, pero adem\u00e1s, es posible que tenga que entrar en un proceso dif\u00edcil, como introducir un c\u00f3digo que se le proporcionar\u00eda haciendo clic en un enlace, que casualmente no funciona.<\/p>\n\n\n\n<p>En tal caso, la acci\u00f3n m\u00e1s eficaz es bloquear su tarjeta de cr\u00e9dito y detener el pago. Aquellos sitios web con proceso de verificaci\u00f3n de edad s\u00f3lo est\u00e1n construidos para estafar a los visitantes, es probable que los estafadores contin\u00faen cobr\u00e1ndole si no cancela su tarjeta de cr\u00e9dito de su proveedor de tarjetas.<\/p>\n","protected":false},"excerpt":{"rendered":"<p>Antes de acceder a un sitio web, se te pide que entres en un proceso de verificaci\u00f3n de edad. Cuidado, puede ser una estafa Usted estaba navegando tranquilamente por Internet cuando le aparece una p\u00e1gina como la siguiente. Esa p\u00e1gina te pide que introduzcas los datos de tu cuenta bancaria para verificar que tienes m\u00e1s &hellip; <a href=\"https:\/\/1sc.org\/es\/estafa-en-internet\/estafa-de-verificacion-de-edad\/\" class=\"more-link\">Sigue leyendo <span class=\"screen-reader-text\">Estafa de verificaci\u00f3n de edad<\/span><\/a><\/p>\n","protected":false},"author":1,"featured_media":0,"parent":30,"menu_order":0,"comment_status":"open","ping_status":"closed","template":"","meta":{"footnotes":""},"class_list":["post-168","page","type-page","status-publish","hentry"],"yoast_head":"<!-- This site is optimized with the Yoast SEO plugin v26.7 - https:\/\/yoast.com\/wordpress\/plugins\/seo\/ -->\n<title>Estafa de verificaci\u00f3n de edad - Estafas por internet<\/title>\n<meta name=\"description\" content=\"Algunos sitios web solicitan la verificaci\u00f3n de la edad mediante la validaci\u00f3n de una tarjeta de cr\u00e9dito. Se trata de una estafa\" \/>\n<meta name=\"robots\" content=\"index, follow, max-snippet:-1, max-image-preview:large, max-video-preview:-1\" \/>\n<link rel=\"canonical\" href=\"https:\/\/1sc.org\/es\/estafa-en-internet\/estafa-de-verificacion-de-edad\/\" \/>\n<meta property=\"og:locale\" content=\"es_ES\" \/>\n<meta property=\"og:type\" content=\"article\" \/>\n<meta property=\"og:title\" content=\"Estafa de verificaci\u00f3n de edad - Estafas por internet\" \/>\n<meta property=\"og:description\" content=\"Algunos sitios web solicitan la verificaci\u00f3n de la edad mediante la validaci\u00f3n de una tarjeta de cr\u00e9dito. Se trata de una estafa\" \/>\n<meta property=\"og:url\" content=\"https:\/\/1sc.org\/es\/estafa-en-internet\/estafa-de-verificacion-de-edad\/\" \/>\n<meta property=\"og:site_name\" content=\"Estafas por internet\" \/>\n<meta property=\"article:modified_time\" content=\"2022-12-30T19:20:42+00:00\" \/>\n<meta property=\"og:image\" content=\"https:\/\/1sc.org\/es\/wp-content\/uploads\/sites\/2\/2022\/12\/image-7.png\" \/>\n<meta name=\"twitter:card\" content=\"summary_large_image\" \/>\n<meta name=\"twitter:label1\" content=\"Tiempo de lectura\" \/>\n\t<meta name=\"twitter:data1\" content=\"2 minutos\" \/>\n<script type=\"application\/ld+json\" class=\"yoast-schema-graph\">{\"@context\":\"https:\/\/schema.org\",\"@graph\":[{\"@type\":\"WebPage\",\"@id\":\"https:\/\/1sc.org\/es\/estafa-en-internet\/estafa-de-verificacion-de-edad\/\",\"url\":\"https:\/\/1sc.org\/es\/estafa-en-internet\/estafa-de-verificacion-de-edad\/\",\"name\":\"Estafa de verificaci\u00f3n de edad - Estafas por internet\",\"isPartOf\":{\"@id\":\"https:\/\/1sc.org\/es\/#website\"},\"primaryImageOfPage\":{\"@id\":\"https:\/\/1sc.org\/es\/estafa-en-internet\/estafa-de-verificacion-de-edad\/#primaryimage\"},\"image\":{\"@id\":\"https:\/\/1sc.org\/es\/estafa-en-internet\/estafa-de-verificacion-de-edad\/#primaryimage\"},\"thumbnailUrl\":\"https:\/\/1sc.org\/es\/wp-content\/uploads\/sites\/2\/2022\/12\/image-7.png\",\"datePublished\":\"2022-12-30T19:20:40+00:00\",\"dateModified\":\"2022-12-30T19:20:42+00:00\",\"description\":\"Algunos sitios web solicitan la verificaci\u00f3n de la edad mediante la validaci\u00f3n de una tarjeta de cr\u00e9dito. Se trata de una estafa\",\"breadcrumb\":{\"@id\":\"https:\/\/1sc.org\/es\/estafa-en-internet\/estafa-de-verificacion-de-edad\/#breadcrumb\"},\"inLanguage\":\"es\",\"potentialAction\":[{\"@type\":\"ReadAction\",\"target\":[\"https:\/\/1sc.org\/es\/estafa-en-internet\/estafa-de-verificacion-de-edad\/\"]}]},{\"@type\":\"ImageObject\",\"inLanguage\":\"es\",\"@id\":\"https:\/\/1sc.org\/es\/estafa-en-internet\/estafa-de-verificacion-de-edad\/#primaryimage\",\"url\":\"https:\/\/1sc.org\/es\/wp-content\/uploads\/sites\/2\/2022\/12\/image-7.png\",\"contentUrl\":\"https:\/\/1sc.org\/es\/wp-content\/uploads\/sites\/2\/2022\/12\/image-7.png\",\"width\":300,\"height\":215},{\"@type\":\"BreadcrumbList\",\"@id\":\"https:\/\/1sc.org\/es\/estafa-en-internet\/estafa-de-verificacion-de-edad\/#breadcrumb\",\"itemListElement\":[{\"@type\":\"ListItem\",\"position\":1,\"name\":\"Home\",\"item\":\"https:\/\/1sc.org\/es\/\"},{\"@type\":\"ListItem\",\"position\":2,\"name\":\"Estafa en internet\",\"item\":\"https:\/\/1sc.org\/es\/estafa-en-internet\/\"},{\"@type\":\"ListItem\",\"position\":3,\"name\":\"Estafa de verificaci\u00f3n de edad\"}]},{\"@type\":\"WebSite\",\"@id\":\"https:\/\/1sc.org\/es\/#website\",\"url\":\"https:\/\/1sc.org\/es\/\",\"name\":\"Estafas por internet\",\"description\":\"\u00a1Prevenci\u00f3n de estafas en Internet!\",\"publisher\":{\"@id\":\"https:\/\/1sc.org\/es\/#organization\"},\"potentialAction\":[{\"@type\":\"SearchAction\",\"target\":{\"@type\":\"EntryPoint\",\"urlTemplate\":\"https:\/\/1sc.org\/es\/?s={search_term_string}\"},\"query-input\":{\"@type\":\"PropertyValueSpecification\",\"valueRequired\":true,\"valueName\":\"search_term_string\"}}],\"inLanguage\":\"es\"},{\"@type\":\"Organization\",\"@id\":\"https:\/\/1sc.org\/es\/#organization\",\"name\":\"Soruxa\",\"url\":\"https:\/\/1sc.org\/es\/\",\"logo\":{\"@type\":\"ImageObject\",\"inLanguage\":\"es\",\"@id\":\"https:\/\/1sc.org\/es\/#\/schema\/logo\/image\/\",\"url\":\"https:\/\/1sc.org\/es\/wp-content\/uploads\/sites\/2\/2022\/12\/logoSoruxa.png\",\"contentUrl\":\"https:\/\/1sc.org\/es\/wp-content\/uploads\/sites\/2\/2022\/12\/logoSoruxa.png\",\"width\":388,\"height\":391,\"caption\":\"Soruxa\"},\"image\":{\"@id\":\"https:\/\/1sc.org\/es\/#\/schema\/logo\/image\/\"}}]}<\/script>\n<!-- \/ Yoast SEO plugin. -->","yoast_head_json":{"title":"Estafa de verificaci\u00f3n de edad - Estafas por internet","description":"Algunos sitios web solicitan la verificaci\u00f3n de la edad mediante la validaci\u00f3n de una tarjeta de cr\u00e9dito. Se trata de una estafa","robots":{"index":"index","follow":"follow","max-snippet":"max-snippet:-1","max-image-preview":"max-image-preview:large","max-video-preview":"max-video-preview:-1"},"canonical":"https:\/\/1sc.org\/es\/estafa-en-internet\/estafa-de-verificacion-de-edad\/","og_locale":"es_ES","og_type":"article","og_title":"Estafa de verificaci\u00f3n de edad - Estafas por internet","og_description":"Algunos sitios web solicitan la verificaci\u00f3n de la edad mediante la validaci\u00f3n de una tarjeta de cr\u00e9dito. Se trata de una estafa","og_url":"https:\/\/1sc.org\/es\/estafa-en-internet\/estafa-de-verificacion-de-edad\/","og_site_name":"Estafas por internet","article_modified_time":"2022-12-30T19:20:42+00:00","og_image":[{"url":"https:\/\/1sc.org\/es\/wp-content\/uploads\/sites\/2\/2022\/12\/image-7.png","type":"","width":"","height":""}],"twitter_card":"summary_large_image","twitter_misc":{"Tiempo de lectura":"2 minutos"},"schema":{"@context":"https:\/\/schema.org","@graph":[{"@type":"WebPage","@id":"https:\/\/1sc.org\/es\/estafa-en-internet\/estafa-de-verificacion-de-edad\/","url":"https:\/\/1sc.org\/es\/estafa-en-internet\/estafa-de-verificacion-de-edad\/","name":"Estafa de verificaci\u00f3n de edad - Estafas por internet","isPartOf":{"@id":"https:\/\/1sc.org\/es\/#website"},"primaryImageOfPage":{"@id":"https:\/\/1sc.org\/es\/estafa-en-internet\/estafa-de-verificacion-de-edad\/#primaryimage"},"image":{"@id":"https:\/\/1sc.org\/es\/estafa-en-internet\/estafa-de-verificacion-de-edad\/#primaryimage"},"thumbnailUrl":"https:\/\/1sc.org\/es\/wp-content\/uploads\/sites\/2\/2022\/12\/image-7.png","datePublished":"2022-12-30T19:20:40+00:00","dateModified":"2022-12-30T19:20:42+00:00","description":"Algunos sitios web solicitan la verificaci\u00f3n de la edad mediante la validaci\u00f3n de una tarjeta de cr\u00e9dito. Se trata de una estafa","breadcrumb":{"@id":"https:\/\/1sc.org\/es\/estafa-en-internet\/estafa-de-verificacion-de-edad\/#breadcrumb"},"inLanguage":"es","potentialAction":[{"@type":"ReadAction","target":["https:\/\/1sc.org\/es\/estafa-en-internet\/estafa-de-verificacion-de-edad\/"]}]},{"@type":"ImageObject","inLanguage":"es","@id":"https:\/\/1sc.org\/es\/estafa-en-internet\/estafa-de-verificacion-de-edad\/#primaryimage","url":"https:\/\/1sc.org\/es\/wp-content\/uploads\/sites\/2\/2022\/12\/image-7.png","contentUrl":"https:\/\/1sc.org\/es\/wp-content\/uploads\/sites\/2\/2022\/12\/image-7.png","width":300,"height":215},{"@type":"BreadcrumbList","@id":"https:\/\/1sc.org\/es\/estafa-en-internet\/estafa-de-verificacion-de-edad\/#breadcrumb","itemListElement":[{"@type":"ListItem","position":1,"name":"Home","item":"https:\/\/1sc.org\/es\/"},{"@type":"ListItem","position":2,"name":"Estafa en internet","item":"https:\/\/1sc.org\/es\/estafa-en-internet\/"},{"@type":"ListItem","position":3,"name":"Estafa de verificaci\u00f3n de edad"}]},{"@type":"WebSite","@id":"https:\/\/1sc.org\/es\/#website","url":"https:\/\/1sc.org\/es\/","name":"Estafas por internet","description":"\u00a1Prevenci\u00f3n de estafas en Internet!","publisher":{"@id":"https:\/\/1sc.org\/es\/#organization"},"potentialAction":[{"@type":"SearchAction","target":{"@type":"EntryPoint","urlTemplate":"https:\/\/1sc.org\/es\/?s={search_term_string}"},"query-input":{"@type":"PropertyValueSpecification","valueRequired":true,"valueName":"search_term_string"}}],"inLanguage":"es"},{"@type":"Organization","@id":"https:\/\/1sc.org\/es\/#organization","name":"Soruxa","url":"https:\/\/1sc.org\/es\/","logo":{"@type":"ImageObject","inLanguage":"es","@id":"https:\/\/1sc.org\/es\/#\/schema\/logo\/image\/","url":"https:\/\/1sc.org\/es\/wp-content\/uploads\/sites\/2\/2022\/12\/logoSoruxa.png","contentUrl":"https:\/\/1sc.org\/es\/wp-content\/uploads\/sites\/2\/2022\/12\/logoSoruxa.png","width":388,"height":391,"caption":"Soruxa"},"image":{"@id":"https:\/\/1sc.org\/es\/#\/schema\/logo\/image\/"}}]}},"_links":{"self":[{"href":"https:\/\/1sc.org\/es\/wp-json\/wp\/v2\/pages\/168","targetHints":{"allow":["GET"]}}],"collection":[{"href":"https:\/\/1sc.org\/es\/wp-json\/wp\/v2\/pages"}],"about":[{"href":"https:\/\/1sc.org\/es\/wp-json\/wp\/v2\/types\/page"}],"author":[{"embeddable":true,"href":"https:\/\/1sc.org\/es\/wp-json\/wp\/v2\/users\/1"}],"replies":[{"embeddable":true,"href":"https:\/\/1sc.org\/es\/wp-json\/wp\/v2\/comments?post=168"}],"version-history":[{"count":1,"href":"https:\/\/1sc.org\/es\/wp-json\/wp\/v2\/pages\/168\/revisions"}],"predecessor-version":[{"id":170,"href":"https:\/\/1sc.org\/es\/wp-json\/wp\/v2\/pages\/168\/revisions\/170"}],"up":[{"embeddable":true,"href":"https:\/\/1sc.org\/es\/wp-json\/wp\/v2\/pages\/30"}],"wp:attachment":[{"href":"https:\/\/1sc.org\/es\/wp-json\/wp\/v2\/media?parent=168"}],"curies":[{"name":"wp","href":"https:\/\/api.w.org\/{rel}","templated":true}]}}