{"id":155,"date":"2022-12-30T19:51:59","date_gmt":"2022-12-30T18:51:59","guid":{"rendered":"https:\/\/1sc.org\/es\/?page_id=155"},"modified":"2022-12-30T19:52:00","modified_gmt":"2022-12-30T18:52:00","slug":"pirateo-del-buzon-mailbox-hacking","status":"publish","type":"page","link":"https:\/\/1sc.org\/es\/estafas-por-correo-electronico\/pirateo-del-buzon-mailbox-hacking\/","title":{"rendered":"Pirateo del buz\u00f3n (mailbox hacking)"},"content":{"rendered":"\n<h2 class=\"wp-block-heading\">Un d\u00eda, recibes un correo electr\u00f3nico de un conocido que tiene problemas durante un viaje y solicita ayuda financiera. Podr\u00eda tratarse de una estafa tras un pirateo del buz\u00f3n<\/h2>\n\n\n\n<p>A diferencia de otras estafas por correo electr\u00f3nico, un pirateo del buz\u00f3n no es una petici\u00f3n de dinero de un desconocido virtual o de alguien a quien hayas conocido virtualmente en un sitio de citas \u00faltimamente.<\/p>\n\n\n\n<p>Se trata de un amigo, un familiar o un colega que le env\u00eda un mensaje de emergencia por correo electr\u00f3nico, tras un supuesto problema durante un viaje.<\/p>\n\n\n\n<h3 class=\"wp-block-heading\">\u00a1Qu\u00e9 extra\u00f1o! Usted no sab\u00eda que esa persona estaba de viaje.<\/h3>\n\n\n\n<p>Pero, como es una persona que conoce desde hace mucho tiempo, cree que no hay riesgo. Desgraciadamente, se trata de una estafa. Su contacto ha sido v\u00edctima de un pirateo de su buz\u00f3n de correo.<\/p>\n\n\n\n<p>En realidad, un estafador ha realizado previamente un \u00abmailbox hacking\u00bb en el buz\u00f3n de esta persona. A continuaci\u00f3n, el hacker envi\u00f3 un mensaje a todos los contactos, haci\u00e9ndose pasar por esta persona. A continuaci\u00f3n se muestra un ejemplo de este tipo de correo electr\u00f3nico:<br>mailbox hacking<\/p>\n\n\n<div class=\"wp-block-image\">\n<figure class=\"alignright size-full\"><img loading=\"lazy\" decoding=\"async\" width=\"300\" height=\"134\" src=\"https:\/\/1sc.org\/es\/wp-content\/uploads\/sites\/2\/2022\/12\/image-5.png\" alt=\"pirateo del buz\u00f3n\" class=\"wp-image-156\"\/><\/figure>\n<\/div>\n\n\n<p><em>Hola,<\/em> <em>Dime, \u00bfd\u00f3nde est\u00e1s ahora? Espero no molestarte.<br>Viajo a Londres y desgraciadamente he tenido un problema y necesito tu ayuda, concretamente una financiera. Es muy grave.<br>Te ruego me contactes por email, es urgente y muy delicado.<br>Espero su respuesta, porque en el momento que escribo, tengo l\u00e1grimas en los ojos.<br>Le espero.<br>Saludos<\/em><\/p>\n\n\n\n<p>Si muerdes el anzuelo, el estafador te pedir\u00e1 que le env\u00edes dinero por Western Union u otros servicios de transferencia de dinero.<\/p>\n\n\n\n<p>La mejor manera de evitar este intento de estafa es llamar a la persona que supuestamente envi\u00f3 este correo. La mayor\u00eda de las veces revelar\u00e1 que no se ha movido de casa.<\/p>\n\n\n\n<p>Pero si la persona est\u00e1 ilocalizable por cualquier motivo, reforzar\u00e1 la posibilidad de que realmente se haya producido un problema. Si es as\u00ed, es probable que la estafa tenga \u00e9xito. Sobre todo porque, trat\u00e1ndose de una persona cercana, somos menos reacios a ayudar cuando es necesario.<br>Gracias a AF por el ejemplo del correo electr\u00f3nico recibido.<\/p>\n","protected":false},"excerpt":{"rendered":"<p>Un d\u00eda, recibes un correo electr\u00f3nico de un conocido que tiene problemas durante un viaje y solicita ayuda financiera. Podr\u00eda tratarse de una estafa tras un pirateo del buz\u00f3n A diferencia de otras estafas por correo electr\u00f3nico, un pirateo del buz\u00f3n no es una petici\u00f3n de dinero de un desconocido virtual o de alguien a &hellip; <a href=\"https:\/\/1sc.org\/es\/estafas-por-correo-electronico\/pirateo-del-buzon-mailbox-hacking\/\" class=\"more-link\">Sigue leyendo <span class=\"screen-reader-text\">Pirateo del buz\u00f3n (mailbox hacking)<\/span><\/a><\/p>\n","protected":false},"author":1,"featured_media":0,"parent":32,"menu_order":0,"comment_status":"open","ping_status":"closed","template":"","meta":{"footnotes":""},"class_list":["post-155","page","type-page","status-publish","hentry"],"yoast_head":"<!-- This site is optimized with the Yoast SEO plugin v26.7 - https:\/\/yoast.com\/wordpress\/plugins\/seo\/ -->\n<title>Pirateo del buz\u00f3n (mailbox hacking) - Estafas por internet<\/title>\n<meta name=\"description\" content=\"Un amigo sufri\u00f3 el pirateo de su buz\u00f3n por parte de un estafador que ahora se hace pasar por su amigo y le env\u00eda mensajes solicitando ayuda\" \/>\n<meta name=\"robots\" content=\"index, follow, max-snippet:-1, max-image-preview:large, max-video-preview:-1\" \/>\n<link rel=\"canonical\" href=\"https:\/\/1sc.org\/es\/estafas-por-correo-electronico\/pirateo-del-buzon-mailbox-hacking\/\" \/>\n<meta property=\"og:locale\" content=\"es_ES\" \/>\n<meta property=\"og:type\" content=\"article\" \/>\n<meta property=\"og:title\" content=\"Pirateo del buz\u00f3n (mailbox hacking) - Estafas por internet\" \/>\n<meta property=\"og:description\" content=\"Un amigo sufri\u00f3 el pirateo de su buz\u00f3n por parte de un estafador que ahora se hace pasar por su amigo y le env\u00eda mensajes solicitando ayuda\" \/>\n<meta property=\"og:url\" content=\"https:\/\/1sc.org\/es\/estafas-por-correo-electronico\/pirateo-del-buzon-mailbox-hacking\/\" \/>\n<meta property=\"og:site_name\" content=\"Estafas por internet\" \/>\n<meta property=\"article:modified_time\" content=\"2022-12-30T18:52:00+00:00\" \/>\n<meta property=\"og:image\" content=\"https:\/\/1sc.org\/es\/wp-content\/uploads\/sites\/2\/2022\/12\/image-5.png\" \/>\n<meta name=\"twitter:card\" content=\"summary_large_image\" \/>\n<meta name=\"twitter:label1\" content=\"Tiempo de lectura\" \/>\n\t<meta name=\"twitter:data1\" content=\"2 minutos\" \/>\n<script type=\"application\/ld+json\" class=\"yoast-schema-graph\">{\"@context\":\"https:\/\/schema.org\",\"@graph\":[{\"@type\":\"WebPage\",\"@id\":\"https:\/\/1sc.org\/es\/estafas-por-correo-electronico\/pirateo-del-buzon-mailbox-hacking\/\",\"url\":\"https:\/\/1sc.org\/es\/estafas-por-correo-electronico\/pirateo-del-buzon-mailbox-hacking\/\",\"name\":\"Pirateo del buz\u00f3n (mailbox hacking) - Estafas por internet\",\"isPartOf\":{\"@id\":\"https:\/\/1sc.org\/es\/#website\"},\"primaryImageOfPage\":{\"@id\":\"https:\/\/1sc.org\/es\/estafas-por-correo-electronico\/pirateo-del-buzon-mailbox-hacking\/#primaryimage\"},\"image\":{\"@id\":\"https:\/\/1sc.org\/es\/estafas-por-correo-electronico\/pirateo-del-buzon-mailbox-hacking\/#primaryimage\"},\"thumbnailUrl\":\"https:\/\/1sc.org\/es\/wp-content\/uploads\/sites\/2\/2022\/12\/image-5.png\",\"datePublished\":\"2022-12-30T18:51:59+00:00\",\"dateModified\":\"2022-12-30T18:52:00+00:00\",\"description\":\"Un amigo sufri\u00f3 el pirateo de su buz\u00f3n por parte de un estafador que ahora se hace pasar por su amigo y le env\u00eda mensajes solicitando ayuda\",\"breadcrumb\":{\"@id\":\"https:\/\/1sc.org\/es\/estafas-por-correo-electronico\/pirateo-del-buzon-mailbox-hacking\/#breadcrumb\"},\"inLanguage\":\"es\",\"potentialAction\":[{\"@type\":\"ReadAction\",\"target\":[\"https:\/\/1sc.org\/es\/estafas-por-correo-electronico\/pirateo-del-buzon-mailbox-hacking\/\"]}]},{\"@type\":\"ImageObject\",\"inLanguage\":\"es\",\"@id\":\"https:\/\/1sc.org\/es\/estafas-por-correo-electronico\/pirateo-del-buzon-mailbox-hacking\/#primaryimage\",\"url\":\"https:\/\/1sc.org\/es\/wp-content\/uploads\/sites\/2\/2022\/12\/image-5.png\",\"contentUrl\":\"https:\/\/1sc.org\/es\/wp-content\/uploads\/sites\/2\/2022\/12\/image-5.png\",\"width\":300,\"height\":134},{\"@type\":\"BreadcrumbList\",\"@id\":\"https:\/\/1sc.org\/es\/estafas-por-correo-electronico\/pirateo-del-buzon-mailbox-hacking\/#breadcrumb\",\"itemListElement\":[{\"@type\":\"ListItem\",\"position\":1,\"name\":\"Home\",\"item\":\"https:\/\/1sc.org\/es\/\"},{\"@type\":\"ListItem\",\"position\":2,\"name\":\"Estafas por correo electr\u00f3nico\",\"item\":\"https:\/\/1sc.org\/es\/estafas-por-correo-electronico\/\"},{\"@type\":\"ListItem\",\"position\":3,\"name\":\"Pirateo del buz\u00f3n (mailbox hacking)\"}]},{\"@type\":\"WebSite\",\"@id\":\"https:\/\/1sc.org\/es\/#website\",\"url\":\"https:\/\/1sc.org\/es\/\",\"name\":\"Estafas por internet\",\"description\":\"\u00a1Prevenci\u00f3n de estafas en Internet!\",\"publisher\":{\"@id\":\"https:\/\/1sc.org\/es\/#organization\"},\"potentialAction\":[{\"@type\":\"SearchAction\",\"target\":{\"@type\":\"EntryPoint\",\"urlTemplate\":\"https:\/\/1sc.org\/es\/?s={search_term_string}\"},\"query-input\":{\"@type\":\"PropertyValueSpecification\",\"valueRequired\":true,\"valueName\":\"search_term_string\"}}],\"inLanguage\":\"es\"},{\"@type\":\"Organization\",\"@id\":\"https:\/\/1sc.org\/es\/#organization\",\"name\":\"Soruxa\",\"url\":\"https:\/\/1sc.org\/es\/\",\"logo\":{\"@type\":\"ImageObject\",\"inLanguage\":\"es\",\"@id\":\"https:\/\/1sc.org\/es\/#\/schema\/logo\/image\/\",\"url\":\"https:\/\/1sc.org\/es\/wp-content\/uploads\/sites\/2\/2022\/12\/logoSoruxa.png\",\"contentUrl\":\"https:\/\/1sc.org\/es\/wp-content\/uploads\/sites\/2\/2022\/12\/logoSoruxa.png\",\"width\":388,\"height\":391,\"caption\":\"Soruxa\"},\"image\":{\"@id\":\"https:\/\/1sc.org\/es\/#\/schema\/logo\/image\/\"}}]}<\/script>\n<!-- \/ Yoast SEO plugin. -->","yoast_head_json":{"title":"Pirateo del buz\u00f3n (mailbox hacking) - Estafas por internet","description":"Un amigo sufri\u00f3 el pirateo de su buz\u00f3n por parte de un estafador que ahora se hace pasar por su amigo y le env\u00eda mensajes solicitando ayuda","robots":{"index":"index","follow":"follow","max-snippet":"max-snippet:-1","max-image-preview":"max-image-preview:large","max-video-preview":"max-video-preview:-1"},"canonical":"https:\/\/1sc.org\/es\/estafas-por-correo-electronico\/pirateo-del-buzon-mailbox-hacking\/","og_locale":"es_ES","og_type":"article","og_title":"Pirateo del buz\u00f3n (mailbox hacking) - Estafas por internet","og_description":"Un amigo sufri\u00f3 el pirateo de su buz\u00f3n por parte de un estafador que ahora se hace pasar por su amigo y le env\u00eda mensajes solicitando ayuda","og_url":"https:\/\/1sc.org\/es\/estafas-por-correo-electronico\/pirateo-del-buzon-mailbox-hacking\/","og_site_name":"Estafas por internet","article_modified_time":"2022-12-30T18:52:00+00:00","og_image":[{"url":"https:\/\/1sc.org\/es\/wp-content\/uploads\/sites\/2\/2022\/12\/image-5.png","type":"","width":"","height":""}],"twitter_card":"summary_large_image","twitter_misc":{"Tiempo de lectura":"2 minutos"},"schema":{"@context":"https:\/\/schema.org","@graph":[{"@type":"WebPage","@id":"https:\/\/1sc.org\/es\/estafas-por-correo-electronico\/pirateo-del-buzon-mailbox-hacking\/","url":"https:\/\/1sc.org\/es\/estafas-por-correo-electronico\/pirateo-del-buzon-mailbox-hacking\/","name":"Pirateo del buz\u00f3n (mailbox hacking) - Estafas por internet","isPartOf":{"@id":"https:\/\/1sc.org\/es\/#website"},"primaryImageOfPage":{"@id":"https:\/\/1sc.org\/es\/estafas-por-correo-electronico\/pirateo-del-buzon-mailbox-hacking\/#primaryimage"},"image":{"@id":"https:\/\/1sc.org\/es\/estafas-por-correo-electronico\/pirateo-del-buzon-mailbox-hacking\/#primaryimage"},"thumbnailUrl":"https:\/\/1sc.org\/es\/wp-content\/uploads\/sites\/2\/2022\/12\/image-5.png","datePublished":"2022-12-30T18:51:59+00:00","dateModified":"2022-12-30T18:52:00+00:00","description":"Un amigo sufri\u00f3 el pirateo de su buz\u00f3n por parte de un estafador que ahora se hace pasar por su amigo y le env\u00eda mensajes solicitando ayuda","breadcrumb":{"@id":"https:\/\/1sc.org\/es\/estafas-por-correo-electronico\/pirateo-del-buzon-mailbox-hacking\/#breadcrumb"},"inLanguage":"es","potentialAction":[{"@type":"ReadAction","target":["https:\/\/1sc.org\/es\/estafas-por-correo-electronico\/pirateo-del-buzon-mailbox-hacking\/"]}]},{"@type":"ImageObject","inLanguage":"es","@id":"https:\/\/1sc.org\/es\/estafas-por-correo-electronico\/pirateo-del-buzon-mailbox-hacking\/#primaryimage","url":"https:\/\/1sc.org\/es\/wp-content\/uploads\/sites\/2\/2022\/12\/image-5.png","contentUrl":"https:\/\/1sc.org\/es\/wp-content\/uploads\/sites\/2\/2022\/12\/image-5.png","width":300,"height":134},{"@type":"BreadcrumbList","@id":"https:\/\/1sc.org\/es\/estafas-por-correo-electronico\/pirateo-del-buzon-mailbox-hacking\/#breadcrumb","itemListElement":[{"@type":"ListItem","position":1,"name":"Home","item":"https:\/\/1sc.org\/es\/"},{"@type":"ListItem","position":2,"name":"Estafas por correo electr\u00f3nico","item":"https:\/\/1sc.org\/es\/estafas-por-correo-electronico\/"},{"@type":"ListItem","position":3,"name":"Pirateo del buz\u00f3n (mailbox hacking)"}]},{"@type":"WebSite","@id":"https:\/\/1sc.org\/es\/#website","url":"https:\/\/1sc.org\/es\/","name":"Estafas por internet","description":"\u00a1Prevenci\u00f3n de estafas en Internet!","publisher":{"@id":"https:\/\/1sc.org\/es\/#organization"},"potentialAction":[{"@type":"SearchAction","target":{"@type":"EntryPoint","urlTemplate":"https:\/\/1sc.org\/es\/?s={search_term_string}"},"query-input":{"@type":"PropertyValueSpecification","valueRequired":true,"valueName":"search_term_string"}}],"inLanguage":"es"},{"@type":"Organization","@id":"https:\/\/1sc.org\/es\/#organization","name":"Soruxa","url":"https:\/\/1sc.org\/es\/","logo":{"@type":"ImageObject","inLanguage":"es","@id":"https:\/\/1sc.org\/es\/#\/schema\/logo\/image\/","url":"https:\/\/1sc.org\/es\/wp-content\/uploads\/sites\/2\/2022\/12\/logoSoruxa.png","contentUrl":"https:\/\/1sc.org\/es\/wp-content\/uploads\/sites\/2\/2022\/12\/logoSoruxa.png","width":388,"height":391,"caption":"Soruxa"},"image":{"@id":"https:\/\/1sc.org\/es\/#\/schema\/logo\/image\/"}}]}},"_links":{"self":[{"href":"https:\/\/1sc.org\/es\/wp-json\/wp\/v2\/pages\/155","targetHints":{"allow":["GET"]}}],"collection":[{"href":"https:\/\/1sc.org\/es\/wp-json\/wp\/v2\/pages"}],"about":[{"href":"https:\/\/1sc.org\/es\/wp-json\/wp\/v2\/types\/page"}],"author":[{"embeddable":true,"href":"https:\/\/1sc.org\/es\/wp-json\/wp\/v2\/users\/1"}],"replies":[{"embeddable":true,"href":"https:\/\/1sc.org\/es\/wp-json\/wp\/v2\/comments?post=155"}],"version-history":[{"count":2,"href":"https:\/\/1sc.org\/es\/wp-json\/wp\/v2\/pages\/155\/revisions"}],"predecessor-version":[{"id":158,"href":"https:\/\/1sc.org\/es\/wp-json\/wp\/v2\/pages\/155\/revisions\/158"}],"up":[{"embeddable":true,"href":"https:\/\/1sc.org\/es\/wp-json\/wp\/v2\/pages\/32"}],"wp:attachment":[{"href":"https:\/\/1sc.org\/es\/wp-json\/wp\/v2\/media?parent=155"}],"curies":[{"name":"wp","href":"https:\/\/api.w.org\/{rel}","templated":true}]}}