{"id":152,"date":"2022-12-30T19:37:54","date_gmt":"2022-12-30T18:37:54","guid":{"rendered":"https:\/\/1sc.org\/es\/?page_id=152"},"modified":"2022-12-30T19:37:55","modified_gmt":"2022-12-30T18:37:55","slug":"notificacion-de-comparecencia-ante-el-tribunal","status":"publish","type":"page","link":"https:\/\/1sc.org\/es\/estafas-por-correo-electronico\/notificacion-de-comparecencia-ante-el-tribunal\/","title":{"rendered":"Notificaci\u00f3n de comparecencia ante el tribunal\u200f"},"content":{"rendered":"\n<h2 class=\"wp-block-heading\">Con frecuencia se reciben correos electr\u00f3nicos titulados \u00abAviso de comparecencia ante el tribunal\u00bb. Todos incluyen un virus<\/h2>\n\n\n\n<p>Es posible que ya haya recibido correos electr\u00f3nicos de este tipo en su buz\u00f3n. Todos tratan del mismo asunto. Estos correos electr\u00f3nicos le informan de que est\u00e1 citado ante el tribunal en un futuro muy pr\u00f3ximo. Tambi\u00e9n le dicen que ser\u00e1 juzgado aunque no acuda el d\u00eda se\u00f1alado.<\/p>\n\n\n\n<p>Pero estos correos electr\u00f3nicos no dicen directamente por qu\u00e9 tienes que comparecer ante el tribunal. Si quieres saber m\u00e1s, tienes que abrir un archivo adjunto.<\/p>\n\n\n\n<p>Pero el archivo adjunto incluye un virus. Un malware infectar\u00e1 tu ordenador si abres este archivo adjunto.<\/p>\n\n\n\n<h3 class=\"wp-block-heading\">No abra el archivo adjunto.<\/h3>\n\n\n\n<p>As\u00ed que si recibe este tipo de correos electr\u00f3nicos, no abra el archivo adjunto.<\/p>\n\n\n\n<p>Simplemente ign\u00f3relos y elim\u00ednelos. Si ya ha abierto el archivo adjunto, ejecute su software antivirus o utilice un antivirus en l\u00ednea para eliminar el malware.<\/p>\n\n\n\n<p>Un ejemplo t\u00edpico de correo electr\u00f3nico de \u00abnotificaci\u00f3n de comparecencia ante el tribunal\u00bb es el siguiente:<\/p>\n\n\n<div class=\"wp-block-image\">\n<figure class=\"alignright size-full\"><img loading=\"lazy\" decoding=\"async\" width=\"202\" height=\"300\" src=\"https:\/\/1sc.org\/es\/wp-content\/uploads\/sites\/2\/2022\/12\/image-4.png\" alt=\"La Dama de la Justicia en el tribunal \" class=\"wp-image-153\"\/><figcaption class=\"wp-element-caption\">La Dama de la Justicia<br>Credit : Retouched<\/figcaption><\/figure>\n<\/div>\n\n\n<p><em>Aviso de comparecencia,<br>La presente tiene por objeto informarle de que debe comparecer ante el Tribunal el d\u00eda 08 de septiembre para la vista de su caso.<br>Por favor, prepare todos los documentos relacionados con el caso y tr\u00e1igalos en la fecha indicada.<br>Nota: Si no se presenta, el caso se ver\u00e1 en su ausencia.<br>Se adjunta a este correo electr\u00f3nico una copia de la notificaci\u00f3n judicial.<br>Reciba un cordial saludo,<br>Zachary Finley,<br>Secretario de Distrito.<\/em><\/p>\n\n\n\n<h3 class=\"wp-block-heading\">Existen algunas variantes, pero los correos electr\u00f3nicos son todos b\u00e1sicamente iguales.<\/h3>\n\n\n\n<p>Otros dos ejemplos:<\/p>\n\n\n\n<p><em>Aviso de comparecencia,<br>Tiene que comparecer ante el Tribunal el 10 de septiembre.<br>Por favor, prepare todos los documentos relacionados con el caso y tr\u00e1igalos en la fecha indicada.<br>Nota: Si no comparece, el caso se ver\u00e1 en su ausencia.<br>Puede consultar todos los detalles de la notificaci\u00f3n judicial en el archivo adjunto.<br>Saludos,<br>Luis Gonz\u00e1lez,<br>Secretario.<\/em><\/p>\n\n\n\n<p><em>Aviso de Comparecencia,<br>Usted tiene que comparecer en la Corte el 30 de agosto.<br>Por favor, no olvide traer todos los documentos relacionados con el caso.<br>Nota: El caso puede ser visto por el juez en su ausencia si usted no viene.<br>La copia de la Notificaci\u00f3n Judicial se adjunta a este correo electr\u00f3nico.<br>Atentamente,<br>Anthony Lambert,<br>Secretario del Distrito.<\/em><\/p>\n\n\n\n<p>Los nombres de los remitentes tambi\u00e9n cambian: Byron Puckett, Sergio Garrison, y muchos otros<\/p>\n\n\n\n<p>La t\u00e9cnica del estafador consiste en asustarle con una citaci\u00f3n judicial con muy poca antelaci\u00f3n, para que se apresure a abrir el archivo adjunto, mientras se pregunta cu\u00e1l puede ser el motivo de tal citaci\u00f3n.<\/p>\n\n\n\n<p>Mantenga la calma y como se ha dicho anteriormente, no abra el archivo adjunto al correo electr\u00f3nico.<\/p>\n","protected":false},"excerpt":{"rendered":"<p>Con frecuencia se reciben correos electr\u00f3nicos titulados \u00abAviso de comparecencia ante el tribunal\u00bb. Todos incluyen un virus Es posible que ya haya recibido correos electr\u00f3nicos de este tipo en su buz\u00f3n. Todos tratan del mismo asunto. Estos correos electr\u00f3nicos le informan de que est\u00e1 citado ante el tribunal en un futuro muy pr\u00f3ximo. Tambi\u00e9n le &hellip; <a href=\"https:\/\/1sc.org\/es\/estafas-por-correo-electronico\/notificacion-de-comparecencia-ante-el-tribunal\/\" class=\"more-link\">Sigue leyendo <span class=\"screen-reader-text\">Notificaci\u00f3n de comparecencia ante el tribunal\u200f<\/span><\/a><\/p>\n","protected":false},"author":1,"featured_media":0,"parent":32,"menu_order":0,"comment_status":"open","ping_status":"closed","template":"","meta":{"footnotes":""},"class_list":["post-152","page","type-page","status-publish","hentry"],"yoast_head":"<!-- This site is optimized with the Yoast SEO plugin v26.7 - https:\/\/yoast.com\/wordpress\/plugins\/seo\/ -->\n<title>Notificaci\u00f3n de comparecencia ante el tribunal\u200f - Estafas por internet<\/title>\n<meta name=\"description\" content=\"Los correos electr\u00f3nicos que le piden que comparezca ante un tribunal son falsos e incluyen un virus que da\u00f1ar\u00e1 su ordenador\" \/>\n<meta name=\"robots\" content=\"index, follow, max-snippet:-1, max-image-preview:large, max-video-preview:-1\" \/>\n<link rel=\"canonical\" href=\"https:\/\/1sc.org\/es\/estafas-por-correo-electronico\/notificacion-de-comparecencia-ante-el-tribunal\/\" \/>\n<meta property=\"og:locale\" content=\"es_ES\" \/>\n<meta property=\"og:type\" content=\"article\" \/>\n<meta property=\"og:title\" content=\"Notificaci\u00f3n de comparecencia ante el tribunal\u200f - Estafas por internet\" \/>\n<meta property=\"og:description\" content=\"Los correos electr\u00f3nicos que le piden que comparezca ante un tribunal son falsos e incluyen un virus que da\u00f1ar\u00e1 su ordenador\" \/>\n<meta property=\"og:url\" content=\"https:\/\/1sc.org\/es\/estafas-por-correo-electronico\/notificacion-de-comparecencia-ante-el-tribunal\/\" \/>\n<meta property=\"og:site_name\" content=\"Estafas por internet\" \/>\n<meta property=\"article:modified_time\" content=\"2022-12-30T18:37:55+00:00\" \/>\n<meta property=\"og:image\" content=\"https:\/\/1sc.org\/es\/wp-content\/uploads\/sites\/2\/2022\/12\/image-4.png\" \/>\n<meta name=\"twitter:card\" content=\"summary_large_image\" \/>\n<meta name=\"twitter:label1\" content=\"Tiempo de lectura\" \/>\n\t<meta name=\"twitter:data1\" content=\"3 minutos\" \/>\n<script type=\"application\/ld+json\" class=\"yoast-schema-graph\">{\"@context\":\"https:\/\/schema.org\",\"@graph\":[{\"@type\":\"WebPage\",\"@id\":\"https:\/\/1sc.org\/es\/estafas-por-correo-electronico\/notificacion-de-comparecencia-ante-el-tribunal\/\",\"url\":\"https:\/\/1sc.org\/es\/estafas-por-correo-electronico\/notificacion-de-comparecencia-ante-el-tribunal\/\",\"name\":\"Notificaci\u00f3n de comparecencia ante el tribunal\u200f - Estafas por internet\",\"isPartOf\":{\"@id\":\"https:\/\/1sc.org\/es\/#website\"},\"primaryImageOfPage\":{\"@id\":\"https:\/\/1sc.org\/es\/estafas-por-correo-electronico\/notificacion-de-comparecencia-ante-el-tribunal\/#primaryimage\"},\"image\":{\"@id\":\"https:\/\/1sc.org\/es\/estafas-por-correo-electronico\/notificacion-de-comparecencia-ante-el-tribunal\/#primaryimage\"},\"thumbnailUrl\":\"https:\/\/1sc.org\/es\/wp-content\/uploads\/sites\/2\/2022\/12\/image-4.png\",\"datePublished\":\"2022-12-30T18:37:54+00:00\",\"dateModified\":\"2022-12-30T18:37:55+00:00\",\"description\":\"Los correos electr\u00f3nicos que le piden que comparezca ante un tribunal son falsos e incluyen un virus que da\u00f1ar\u00e1 su ordenador\",\"breadcrumb\":{\"@id\":\"https:\/\/1sc.org\/es\/estafas-por-correo-electronico\/notificacion-de-comparecencia-ante-el-tribunal\/#breadcrumb\"},\"inLanguage\":\"es\",\"potentialAction\":[{\"@type\":\"ReadAction\",\"target\":[\"https:\/\/1sc.org\/es\/estafas-por-correo-electronico\/notificacion-de-comparecencia-ante-el-tribunal\/\"]}]},{\"@type\":\"ImageObject\",\"inLanguage\":\"es\",\"@id\":\"https:\/\/1sc.org\/es\/estafas-por-correo-electronico\/notificacion-de-comparecencia-ante-el-tribunal\/#primaryimage\",\"url\":\"https:\/\/1sc.org\/es\/wp-content\/uploads\/sites\/2\/2022\/12\/image-4.png\",\"contentUrl\":\"https:\/\/1sc.org\/es\/wp-content\/uploads\/sites\/2\/2022\/12\/image-4.png\",\"width\":202,\"height\":300},{\"@type\":\"BreadcrumbList\",\"@id\":\"https:\/\/1sc.org\/es\/estafas-por-correo-electronico\/notificacion-de-comparecencia-ante-el-tribunal\/#breadcrumb\",\"itemListElement\":[{\"@type\":\"ListItem\",\"position\":1,\"name\":\"Home\",\"item\":\"https:\/\/1sc.org\/es\/\"},{\"@type\":\"ListItem\",\"position\":2,\"name\":\"Estafas por correo electr\u00f3nico\",\"item\":\"https:\/\/1sc.org\/es\/estafas-por-correo-electronico\/\"},{\"@type\":\"ListItem\",\"position\":3,\"name\":\"Notificaci\u00f3n de comparecencia ante el tribunal\u200f\"}]},{\"@type\":\"WebSite\",\"@id\":\"https:\/\/1sc.org\/es\/#website\",\"url\":\"https:\/\/1sc.org\/es\/\",\"name\":\"Estafas por internet\",\"description\":\"\u00a1Prevenci\u00f3n de estafas en Internet!\",\"publisher\":{\"@id\":\"https:\/\/1sc.org\/es\/#organization\"},\"potentialAction\":[{\"@type\":\"SearchAction\",\"target\":{\"@type\":\"EntryPoint\",\"urlTemplate\":\"https:\/\/1sc.org\/es\/?s={search_term_string}\"},\"query-input\":{\"@type\":\"PropertyValueSpecification\",\"valueRequired\":true,\"valueName\":\"search_term_string\"}}],\"inLanguage\":\"es\"},{\"@type\":\"Organization\",\"@id\":\"https:\/\/1sc.org\/es\/#organization\",\"name\":\"Soruxa\",\"url\":\"https:\/\/1sc.org\/es\/\",\"logo\":{\"@type\":\"ImageObject\",\"inLanguage\":\"es\",\"@id\":\"https:\/\/1sc.org\/es\/#\/schema\/logo\/image\/\",\"url\":\"https:\/\/1sc.org\/es\/wp-content\/uploads\/sites\/2\/2022\/12\/logoSoruxa.png\",\"contentUrl\":\"https:\/\/1sc.org\/es\/wp-content\/uploads\/sites\/2\/2022\/12\/logoSoruxa.png\",\"width\":388,\"height\":391,\"caption\":\"Soruxa\"},\"image\":{\"@id\":\"https:\/\/1sc.org\/es\/#\/schema\/logo\/image\/\"}}]}<\/script>\n<!-- \/ Yoast SEO plugin. -->","yoast_head_json":{"title":"Notificaci\u00f3n de comparecencia ante el tribunal\u200f - Estafas por internet","description":"Los correos electr\u00f3nicos que le piden que comparezca ante un tribunal son falsos e incluyen un virus que da\u00f1ar\u00e1 su ordenador","robots":{"index":"index","follow":"follow","max-snippet":"max-snippet:-1","max-image-preview":"max-image-preview:large","max-video-preview":"max-video-preview:-1"},"canonical":"https:\/\/1sc.org\/es\/estafas-por-correo-electronico\/notificacion-de-comparecencia-ante-el-tribunal\/","og_locale":"es_ES","og_type":"article","og_title":"Notificaci\u00f3n de comparecencia ante el tribunal\u200f - Estafas por internet","og_description":"Los correos electr\u00f3nicos que le piden que comparezca ante un tribunal son falsos e incluyen un virus que da\u00f1ar\u00e1 su ordenador","og_url":"https:\/\/1sc.org\/es\/estafas-por-correo-electronico\/notificacion-de-comparecencia-ante-el-tribunal\/","og_site_name":"Estafas por internet","article_modified_time":"2022-12-30T18:37:55+00:00","og_image":[{"url":"https:\/\/1sc.org\/es\/wp-content\/uploads\/sites\/2\/2022\/12\/image-4.png","type":"","width":"","height":""}],"twitter_card":"summary_large_image","twitter_misc":{"Tiempo de lectura":"3 minutos"},"schema":{"@context":"https:\/\/schema.org","@graph":[{"@type":"WebPage","@id":"https:\/\/1sc.org\/es\/estafas-por-correo-electronico\/notificacion-de-comparecencia-ante-el-tribunal\/","url":"https:\/\/1sc.org\/es\/estafas-por-correo-electronico\/notificacion-de-comparecencia-ante-el-tribunal\/","name":"Notificaci\u00f3n de comparecencia ante el tribunal\u200f - Estafas por internet","isPartOf":{"@id":"https:\/\/1sc.org\/es\/#website"},"primaryImageOfPage":{"@id":"https:\/\/1sc.org\/es\/estafas-por-correo-electronico\/notificacion-de-comparecencia-ante-el-tribunal\/#primaryimage"},"image":{"@id":"https:\/\/1sc.org\/es\/estafas-por-correo-electronico\/notificacion-de-comparecencia-ante-el-tribunal\/#primaryimage"},"thumbnailUrl":"https:\/\/1sc.org\/es\/wp-content\/uploads\/sites\/2\/2022\/12\/image-4.png","datePublished":"2022-12-30T18:37:54+00:00","dateModified":"2022-12-30T18:37:55+00:00","description":"Los correos electr\u00f3nicos que le piden que comparezca ante un tribunal son falsos e incluyen un virus que da\u00f1ar\u00e1 su ordenador","breadcrumb":{"@id":"https:\/\/1sc.org\/es\/estafas-por-correo-electronico\/notificacion-de-comparecencia-ante-el-tribunal\/#breadcrumb"},"inLanguage":"es","potentialAction":[{"@type":"ReadAction","target":["https:\/\/1sc.org\/es\/estafas-por-correo-electronico\/notificacion-de-comparecencia-ante-el-tribunal\/"]}]},{"@type":"ImageObject","inLanguage":"es","@id":"https:\/\/1sc.org\/es\/estafas-por-correo-electronico\/notificacion-de-comparecencia-ante-el-tribunal\/#primaryimage","url":"https:\/\/1sc.org\/es\/wp-content\/uploads\/sites\/2\/2022\/12\/image-4.png","contentUrl":"https:\/\/1sc.org\/es\/wp-content\/uploads\/sites\/2\/2022\/12\/image-4.png","width":202,"height":300},{"@type":"BreadcrumbList","@id":"https:\/\/1sc.org\/es\/estafas-por-correo-electronico\/notificacion-de-comparecencia-ante-el-tribunal\/#breadcrumb","itemListElement":[{"@type":"ListItem","position":1,"name":"Home","item":"https:\/\/1sc.org\/es\/"},{"@type":"ListItem","position":2,"name":"Estafas por correo electr\u00f3nico","item":"https:\/\/1sc.org\/es\/estafas-por-correo-electronico\/"},{"@type":"ListItem","position":3,"name":"Notificaci\u00f3n de comparecencia ante el tribunal\u200f"}]},{"@type":"WebSite","@id":"https:\/\/1sc.org\/es\/#website","url":"https:\/\/1sc.org\/es\/","name":"Estafas por internet","description":"\u00a1Prevenci\u00f3n de estafas en Internet!","publisher":{"@id":"https:\/\/1sc.org\/es\/#organization"},"potentialAction":[{"@type":"SearchAction","target":{"@type":"EntryPoint","urlTemplate":"https:\/\/1sc.org\/es\/?s={search_term_string}"},"query-input":{"@type":"PropertyValueSpecification","valueRequired":true,"valueName":"search_term_string"}}],"inLanguage":"es"},{"@type":"Organization","@id":"https:\/\/1sc.org\/es\/#organization","name":"Soruxa","url":"https:\/\/1sc.org\/es\/","logo":{"@type":"ImageObject","inLanguage":"es","@id":"https:\/\/1sc.org\/es\/#\/schema\/logo\/image\/","url":"https:\/\/1sc.org\/es\/wp-content\/uploads\/sites\/2\/2022\/12\/logoSoruxa.png","contentUrl":"https:\/\/1sc.org\/es\/wp-content\/uploads\/sites\/2\/2022\/12\/logoSoruxa.png","width":388,"height":391,"caption":"Soruxa"},"image":{"@id":"https:\/\/1sc.org\/es\/#\/schema\/logo\/image\/"}}]}},"_links":{"self":[{"href":"https:\/\/1sc.org\/es\/wp-json\/wp\/v2\/pages\/152","targetHints":{"allow":["GET"]}}],"collection":[{"href":"https:\/\/1sc.org\/es\/wp-json\/wp\/v2\/pages"}],"about":[{"href":"https:\/\/1sc.org\/es\/wp-json\/wp\/v2\/types\/page"}],"author":[{"embeddable":true,"href":"https:\/\/1sc.org\/es\/wp-json\/wp\/v2\/users\/1"}],"replies":[{"embeddable":true,"href":"https:\/\/1sc.org\/es\/wp-json\/wp\/v2\/comments?post=152"}],"version-history":[{"count":1,"href":"https:\/\/1sc.org\/es\/wp-json\/wp\/v2\/pages\/152\/revisions"}],"predecessor-version":[{"id":154,"href":"https:\/\/1sc.org\/es\/wp-json\/wp\/v2\/pages\/152\/revisions\/154"}],"up":[{"embeddable":true,"href":"https:\/\/1sc.org\/es\/wp-json\/wp\/v2\/pages\/32"}],"wp:attachment":[{"href":"https:\/\/1sc.org\/es\/wp-json\/wp\/v2\/media?parent=152"}],"curies":[{"name":"wp","href":"https:\/\/api.w.org\/{rel}","templated":true}]}}