{"id":149,"date":"2022-12-30T19:27:22","date_gmt":"2022-12-30T18:27:22","guid":{"rendered":"https:\/\/1sc.org\/es\/?page_id=149"},"modified":"2022-12-30T19:27:23","modified_gmt":"2022-12-30T18:27:23","slug":"amenaza-de-mi-propia-direccion-de-correo-electronico","status":"publish","type":"page","link":"https:\/\/1sc.org\/es\/estafas-por-correo-electronico\/amenaza-de-mi-propia-direccion-de-correo-electronico\/","title":{"rendered":"Amenaza de mi propia direcci\u00f3n de correo electr\u00f3nico"},"content":{"rendered":"\n<h2 class=\"wp-block-heading\">Tu propia direcci\u00f3n te env\u00eda una amenaza de hacker exigiendo un rescate en bitcoin<\/h2>\n\n\n\n<p> \u00bfAcabas de recibir un correo electr\u00f3nico de tu propia direcci\u00f3n? Qu\u00e9 raro me dices. Pero eso no es todo. Un hacker parece haber entrado en tu ordenador. Y el contenido de este correo electr\u00f3nico parece una amenaza.<\/p>\n\n\n\n<p>A continuaci\u00f3n, \u00e9ste afirma haber programado un virus que usted habr\u00eda contra\u00eddo visitando un sitio pornogr\u00e1fico comprometido.<\/p>\n\n\n\n<p>Luego dice que tiene un v\u00eddeo tuyo y que es capaz de difundirlo a todos tus contactos. Para evitarlo, le pide que pague un rescate en bitcoin.<\/p>\n\n\n\n<h3 class=\"wp-block-heading\">Una estafa en r\u00e1pido crecimiento<\/h3>\n\n\n<div class=\"wp-block-image\">\n<figure class=\"alignright size-full\"><img loading=\"lazy\" decoding=\"async\" width=\"300\" height=\"158\" src=\"https:\/\/1sc.org\/es\/wp-content\/uploads\/sites\/2\/2022\/12\/image-3.png\" alt=\"Amenaza de SPAM\" class=\"wp-image-150\"\/><figcaption class=\"wp-element-caption\">Credit : Cypher789<\/figcaption><\/figure>\n<\/div>\n\n\n<p>Este tipo de correo electr\u00f3nico es un intento de estafa. No existe ninguna amenaza real. De hecho, todo en este correo electr\u00f3nico es falso. No, un hacker no ha pirateado su ordenador. No, no sabe que visitas p\u00e1ginas porno.<\/p>\n\n\n\n<p>Se trata de spam, un correo electr\u00f3nico enviado a miles de personas. Los estafadores esperan que un internauta se asuste m\u00e1s que los dem\u00e1s y pague.<br>Amenaza por correo electr\u00f3nicoCr\u00e9dito : Cypher789<\/p>\n\n\n\n<p>T\u00e9cnicamente no es muy dif\u00edcil que otros env\u00eden un correo electr\u00f3nico mostrando tu direcci\u00f3n de correo electr\u00f3nico.<\/p>\n\n\n\n<p>A continuaci\u00f3n, los estafadores buscar\u00e1n tu contrase\u00f1a en una base de datos pirateada. A continuaci\u00f3n, escriben un correo electr\u00f3nico amenazador y voil\u00e1.<\/p>\n\n\n\n<p>Adem\u00e1s, a menos que no hayas cambiado tu contrase\u00f1a en varios a\u00f1os, la que los estafadores muestran en su correo electr\u00f3nico amenazador probablemente est\u00e9 obsoleta.<\/p>\n\n\n\n<h3 class=\"wp-block-heading\">Un ejemplo de correo electr\u00f3nico amenazador desde mi direcci\u00f3n de correo electr\u00f3nico<\/h3>\n\n\n\n<p>\u00a1Hola!<br>\u00bfTe has dado cuenta recientemente de que te he enviado un correo electr\u00f3nico desde tu cuenta?<br>S\u00ed, esto significa simplemente que tengo acceso total a su dispositivo.<\/p>\n\n\n\n<p>Desde hace un par de meses, te estoy vigilando.<br>\u00bfTodav\u00eda te preguntas c\u00f3mo es posible? Bueno, has sido infectado con malware originado en un sitio web para adultos que visitaste. Puede que no est\u00e9s familiarizado con esto, pero intentar\u00e9 explic\u00e1rtelo.<\/p>\n\n\n\n<p>Con la ayuda del virus troyano, tengo acceso completo a un PC o cualquier otro dispositivo.<br>Esto significa simplemente que puedo verte en cualquier momento que desee en tu pantalla simplemente encendiendo la c\u00e1mara y el micr\u00f3fono, sin que te des cuenta. Adem\u00e1s, tambi\u00e9n tengo acceso a tu lista de contactos y a toda tu correspondencia.<\/p>\n\n\n\n<p>Te estar\u00e1s preguntando: \u00abPero mi PC tiene un antivirus activo, \u00bfc\u00f3mo es posible? \u00bfPor qu\u00e9 no he recibido ninguna notificaci\u00f3n?\u00bb. Bueno, la respuesta es sencilla: mi malware utiliza controladores, donde actualizo las firmas cada cuatro horas, haci\u00e9ndolo indetectable, y por lo tanto manteniendo tu antivirus en silencio.<\/p>\n\n\n\n<p>Tengo un v\u00eddeo tuyo masturb\u00e1ndote en la pantalla izquierda, y en la pantalla derecha &#8211; el v\u00eddeo que estabas viendo mientras te masturbabas.<br>\u00bfTe preguntas hasta d\u00f3nde puede llegar esto? Con un solo clic de mi rat\u00f3n, este v\u00eddeo se puede enviar a todas tus redes sociales y contactos de correo electr\u00f3nico.<br>Tambi\u00e9n puedo compartir el acceso a toda tu correspondencia electr\u00f3nica y mensajeros que utilices.<\/p>\n\n\n\n<p>Todo lo que tienes que hacer para evitar que esto suceda es &#8211; transferir bitcoins por valor de $ 1450 (USD) a mi direcci\u00f3n de Bitcoin (si usted no tiene idea de c\u00f3mo hacer esto, usted puede abrir su navegador y simplemente buscar: \u00abComprar Bitcoin\u00bb).<\/p>\n\n\n\n<p>Mi direcci\u00f3n bitcoin (BTC Wallet) es: xxxxxxxxxxxxxxxxxxxxxxxxxx<\/p>\n\n\n\n<p>Despu\u00e9s de recibir la confirmaci\u00f3n de tu pago, borrar\u00e9 el v\u00eddeo inmediatamente, y ya est\u00e1, no volver\u00e1s a saber nada de m\u00ed.<br>Tienes 2 d\u00edas (48 horas) para completar esta transacci\u00f3n.<br>Una vez que abra este correo electr\u00f3nico, recibir\u00e9 una notificaci\u00f3n, y mi temporizador empezar\u00e1 a correr.<\/p>\n\n\n\n<p>Cualquier intento de presentar una queja no resultar\u00e1 en nada, ya que este correo electr\u00f3nico no puede ser rastreado, al igual que mi bitcoin id.<br>Llevo mucho tiempo trabajando en esto; no doy ninguna oportunidad a que se produzca un error.<\/p>\n\n\n\n<p>Si, por casualidad me entero de que has compartido este mensaje con alguien m\u00e1s, voy a difundir tu video como se mencion\u00f3 anteriormente.<\/p>\n","protected":false},"excerpt":{"rendered":"<p>Tu propia direcci\u00f3n te env\u00eda una amenaza de hacker exigiendo un rescate en bitcoin \u00bfAcabas de recibir un correo electr\u00f3nico de tu propia direcci\u00f3n? Qu\u00e9 raro me dices. Pero eso no es todo. Un hacker parece haber entrado en tu ordenador. Y el contenido de este correo electr\u00f3nico parece una amenaza. A continuaci\u00f3n, \u00e9ste afirma &hellip; <a href=\"https:\/\/1sc.org\/es\/estafas-por-correo-electronico\/amenaza-de-mi-propia-direccion-de-correo-electronico\/\" class=\"more-link\">Sigue leyendo <span class=\"screen-reader-text\">Amenaza de mi propia direcci\u00f3n de correo electr\u00f3nico<\/span><\/a><\/p>\n","protected":false},"author":1,"featured_media":0,"parent":32,"menu_order":0,"comment_status":"open","ping_status":"closed","template":"","meta":{"footnotes":""},"class_list":["post-149","page","type-page","status-publish","hentry"],"yoast_head":"<!-- This site is optimized with the Yoast SEO plugin v26.7 - https:\/\/yoast.com\/wordpress\/plugins\/seo\/ -->\n<title>Amenaza de mi propia direcci\u00f3n de correo electr\u00f3nico<\/title>\n<meta name=\"description\" content=\"Una amenaza de un correo electr\u00f3nico recibido desde su propia direcci\u00f3n de correo electr\u00f3nico pidiendo pagar un rescate en bitcoins.\" \/>\n<meta name=\"robots\" content=\"index, follow, max-snippet:-1, max-image-preview:large, max-video-preview:-1\" \/>\n<link rel=\"canonical\" href=\"https:\/\/1sc.org\/es\/estafas-por-correo-electronico\/amenaza-de-mi-propia-direccion-de-correo-electronico\/\" \/>\n<meta property=\"og:locale\" content=\"es_ES\" \/>\n<meta property=\"og:type\" content=\"article\" \/>\n<meta property=\"og:title\" content=\"Amenaza de mi propia direcci\u00f3n de correo electr\u00f3nico\" \/>\n<meta property=\"og:description\" content=\"Una amenaza de un correo electr\u00f3nico recibido desde su propia direcci\u00f3n de correo electr\u00f3nico pidiendo pagar un rescate en bitcoins.\" \/>\n<meta property=\"og:url\" content=\"https:\/\/1sc.org\/es\/estafas-por-correo-electronico\/amenaza-de-mi-propia-direccion-de-correo-electronico\/\" \/>\n<meta property=\"og:site_name\" content=\"Estafas por internet\" \/>\n<meta property=\"article:modified_time\" content=\"2022-12-30T18:27:23+00:00\" \/>\n<meta property=\"og:image\" content=\"https:\/\/1sc.org\/es\/wp-content\/uploads\/sites\/2\/2022\/12\/image-3.png\" \/>\n<meta name=\"twitter:card\" content=\"summary_large_image\" \/>\n<meta name=\"twitter:label1\" content=\"Tiempo de lectura\" \/>\n\t<meta name=\"twitter:data1\" content=\"4 minutos\" \/>\n<script type=\"application\/ld+json\" class=\"yoast-schema-graph\">{\"@context\":\"https:\/\/schema.org\",\"@graph\":[{\"@type\":\"WebPage\",\"@id\":\"https:\/\/1sc.org\/es\/estafas-por-correo-electronico\/amenaza-de-mi-propia-direccion-de-correo-electronico\/\",\"url\":\"https:\/\/1sc.org\/es\/estafas-por-correo-electronico\/amenaza-de-mi-propia-direccion-de-correo-electronico\/\",\"name\":\"Amenaza de mi propia direcci\u00f3n de correo electr\u00f3nico\",\"isPartOf\":{\"@id\":\"https:\/\/1sc.org\/es\/#website\"},\"primaryImageOfPage\":{\"@id\":\"https:\/\/1sc.org\/es\/estafas-por-correo-electronico\/amenaza-de-mi-propia-direccion-de-correo-electronico\/#primaryimage\"},\"image\":{\"@id\":\"https:\/\/1sc.org\/es\/estafas-por-correo-electronico\/amenaza-de-mi-propia-direccion-de-correo-electronico\/#primaryimage\"},\"thumbnailUrl\":\"https:\/\/1sc.org\/es\/wp-content\/uploads\/sites\/2\/2022\/12\/image-3.png\",\"datePublished\":\"2022-12-30T18:27:22+00:00\",\"dateModified\":\"2022-12-30T18:27:23+00:00\",\"description\":\"Una amenaza de un correo electr\u00f3nico recibido desde su propia direcci\u00f3n de correo electr\u00f3nico pidiendo pagar un rescate en bitcoins.\",\"breadcrumb\":{\"@id\":\"https:\/\/1sc.org\/es\/estafas-por-correo-electronico\/amenaza-de-mi-propia-direccion-de-correo-electronico\/#breadcrumb\"},\"inLanguage\":\"es\",\"potentialAction\":[{\"@type\":\"ReadAction\",\"target\":[\"https:\/\/1sc.org\/es\/estafas-por-correo-electronico\/amenaza-de-mi-propia-direccion-de-correo-electronico\/\"]}]},{\"@type\":\"ImageObject\",\"inLanguage\":\"es\",\"@id\":\"https:\/\/1sc.org\/es\/estafas-por-correo-electronico\/amenaza-de-mi-propia-direccion-de-correo-electronico\/#primaryimage\",\"url\":\"https:\/\/1sc.org\/es\/wp-content\/uploads\/sites\/2\/2022\/12\/image-3.png\",\"contentUrl\":\"https:\/\/1sc.org\/es\/wp-content\/uploads\/sites\/2\/2022\/12\/image-3.png\",\"width\":300,\"height\":158},{\"@type\":\"BreadcrumbList\",\"@id\":\"https:\/\/1sc.org\/es\/estafas-por-correo-electronico\/amenaza-de-mi-propia-direccion-de-correo-electronico\/#breadcrumb\",\"itemListElement\":[{\"@type\":\"ListItem\",\"position\":1,\"name\":\"Home\",\"item\":\"https:\/\/1sc.org\/es\/\"},{\"@type\":\"ListItem\",\"position\":2,\"name\":\"Estafas por correo electr\u00f3nico\",\"item\":\"https:\/\/1sc.org\/es\/estafas-por-correo-electronico\/\"},{\"@type\":\"ListItem\",\"position\":3,\"name\":\"Amenaza de mi propia direcci\u00f3n de correo electr\u00f3nico\"}]},{\"@type\":\"WebSite\",\"@id\":\"https:\/\/1sc.org\/es\/#website\",\"url\":\"https:\/\/1sc.org\/es\/\",\"name\":\"Estafas por internet\",\"description\":\"\u00a1Prevenci\u00f3n de estafas en Internet!\",\"publisher\":{\"@id\":\"https:\/\/1sc.org\/es\/#organization\"},\"potentialAction\":[{\"@type\":\"SearchAction\",\"target\":{\"@type\":\"EntryPoint\",\"urlTemplate\":\"https:\/\/1sc.org\/es\/?s={search_term_string}\"},\"query-input\":{\"@type\":\"PropertyValueSpecification\",\"valueRequired\":true,\"valueName\":\"search_term_string\"}}],\"inLanguage\":\"es\"},{\"@type\":\"Organization\",\"@id\":\"https:\/\/1sc.org\/es\/#organization\",\"name\":\"Soruxa\",\"url\":\"https:\/\/1sc.org\/es\/\",\"logo\":{\"@type\":\"ImageObject\",\"inLanguage\":\"es\",\"@id\":\"https:\/\/1sc.org\/es\/#\/schema\/logo\/image\/\",\"url\":\"https:\/\/1sc.org\/es\/wp-content\/uploads\/sites\/2\/2022\/12\/logoSoruxa.png\",\"contentUrl\":\"https:\/\/1sc.org\/es\/wp-content\/uploads\/sites\/2\/2022\/12\/logoSoruxa.png\",\"width\":388,\"height\":391,\"caption\":\"Soruxa\"},\"image\":{\"@id\":\"https:\/\/1sc.org\/es\/#\/schema\/logo\/image\/\"}}]}<\/script>\n<!-- \/ Yoast SEO plugin. -->","yoast_head_json":{"title":"Amenaza de mi propia direcci\u00f3n de correo electr\u00f3nico","description":"Una amenaza de un correo electr\u00f3nico recibido desde su propia direcci\u00f3n de correo electr\u00f3nico pidiendo pagar un rescate en bitcoins.","robots":{"index":"index","follow":"follow","max-snippet":"max-snippet:-1","max-image-preview":"max-image-preview:large","max-video-preview":"max-video-preview:-1"},"canonical":"https:\/\/1sc.org\/es\/estafas-por-correo-electronico\/amenaza-de-mi-propia-direccion-de-correo-electronico\/","og_locale":"es_ES","og_type":"article","og_title":"Amenaza de mi propia direcci\u00f3n de correo electr\u00f3nico","og_description":"Una amenaza de un correo electr\u00f3nico recibido desde su propia direcci\u00f3n de correo electr\u00f3nico pidiendo pagar un rescate en bitcoins.","og_url":"https:\/\/1sc.org\/es\/estafas-por-correo-electronico\/amenaza-de-mi-propia-direccion-de-correo-electronico\/","og_site_name":"Estafas por internet","article_modified_time":"2022-12-30T18:27:23+00:00","og_image":[{"url":"https:\/\/1sc.org\/es\/wp-content\/uploads\/sites\/2\/2022\/12\/image-3.png","type":"","width":"","height":""}],"twitter_card":"summary_large_image","twitter_misc":{"Tiempo de lectura":"4 minutos"},"schema":{"@context":"https:\/\/schema.org","@graph":[{"@type":"WebPage","@id":"https:\/\/1sc.org\/es\/estafas-por-correo-electronico\/amenaza-de-mi-propia-direccion-de-correo-electronico\/","url":"https:\/\/1sc.org\/es\/estafas-por-correo-electronico\/amenaza-de-mi-propia-direccion-de-correo-electronico\/","name":"Amenaza de mi propia direcci\u00f3n de correo electr\u00f3nico","isPartOf":{"@id":"https:\/\/1sc.org\/es\/#website"},"primaryImageOfPage":{"@id":"https:\/\/1sc.org\/es\/estafas-por-correo-electronico\/amenaza-de-mi-propia-direccion-de-correo-electronico\/#primaryimage"},"image":{"@id":"https:\/\/1sc.org\/es\/estafas-por-correo-electronico\/amenaza-de-mi-propia-direccion-de-correo-electronico\/#primaryimage"},"thumbnailUrl":"https:\/\/1sc.org\/es\/wp-content\/uploads\/sites\/2\/2022\/12\/image-3.png","datePublished":"2022-12-30T18:27:22+00:00","dateModified":"2022-12-30T18:27:23+00:00","description":"Una amenaza de un correo electr\u00f3nico recibido desde su propia direcci\u00f3n de correo electr\u00f3nico pidiendo pagar un rescate en bitcoins.","breadcrumb":{"@id":"https:\/\/1sc.org\/es\/estafas-por-correo-electronico\/amenaza-de-mi-propia-direccion-de-correo-electronico\/#breadcrumb"},"inLanguage":"es","potentialAction":[{"@type":"ReadAction","target":["https:\/\/1sc.org\/es\/estafas-por-correo-electronico\/amenaza-de-mi-propia-direccion-de-correo-electronico\/"]}]},{"@type":"ImageObject","inLanguage":"es","@id":"https:\/\/1sc.org\/es\/estafas-por-correo-electronico\/amenaza-de-mi-propia-direccion-de-correo-electronico\/#primaryimage","url":"https:\/\/1sc.org\/es\/wp-content\/uploads\/sites\/2\/2022\/12\/image-3.png","contentUrl":"https:\/\/1sc.org\/es\/wp-content\/uploads\/sites\/2\/2022\/12\/image-3.png","width":300,"height":158},{"@type":"BreadcrumbList","@id":"https:\/\/1sc.org\/es\/estafas-por-correo-electronico\/amenaza-de-mi-propia-direccion-de-correo-electronico\/#breadcrumb","itemListElement":[{"@type":"ListItem","position":1,"name":"Home","item":"https:\/\/1sc.org\/es\/"},{"@type":"ListItem","position":2,"name":"Estafas por correo electr\u00f3nico","item":"https:\/\/1sc.org\/es\/estafas-por-correo-electronico\/"},{"@type":"ListItem","position":3,"name":"Amenaza de mi propia direcci\u00f3n de correo electr\u00f3nico"}]},{"@type":"WebSite","@id":"https:\/\/1sc.org\/es\/#website","url":"https:\/\/1sc.org\/es\/","name":"Estafas por internet","description":"\u00a1Prevenci\u00f3n de estafas en Internet!","publisher":{"@id":"https:\/\/1sc.org\/es\/#organization"},"potentialAction":[{"@type":"SearchAction","target":{"@type":"EntryPoint","urlTemplate":"https:\/\/1sc.org\/es\/?s={search_term_string}"},"query-input":{"@type":"PropertyValueSpecification","valueRequired":true,"valueName":"search_term_string"}}],"inLanguage":"es"},{"@type":"Organization","@id":"https:\/\/1sc.org\/es\/#organization","name":"Soruxa","url":"https:\/\/1sc.org\/es\/","logo":{"@type":"ImageObject","inLanguage":"es","@id":"https:\/\/1sc.org\/es\/#\/schema\/logo\/image\/","url":"https:\/\/1sc.org\/es\/wp-content\/uploads\/sites\/2\/2022\/12\/logoSoruxa.png","contentUrl":"https:\/\/1sc.org\/es\/wp-content\/uploads\/sites\/2\/2022\/12\/logoSoruxa.png","width":388,"height":391,"caption":"Soruxa"},"image":{"@id":"https:\/\/1sc.org\/es\/#\/schema\/logo\/image\/"}}]}},"_links":{"self":[{"href":"https:\/\/1sc.org\/es\/wp-json\/wp\/v2\/pages\/149","targetHints":{"allow":["GET"]}}],"collection":[{"href":"https:\/\/1sc.org\/es\/wp-json\/wp\/v2\/pages"}],"about":[{"href":"https:\/\/1sc.org\/es\/wp-json\/wp\/v2\/types\/page"}],"author":[{"embeddable":true,"href":"https:\/\/1sc.org\/es\/wp-json\/wp\/v2\/users\/1"}],"replies":[{"embeddable":true,"href":"https:\/\/1sc.org\/es\/wp-json\/wp\/v2\/comments?post=149"}],"version-history":[{"count":1,"href":"https:\/\/1sc.org\/es\/wp-json\/wp\/v2\/pages\/149\/revisions"}],"predecessor-version":[{"id":151,"href":"https:\/\/1sc.org\/es\/wp-json\/wp\/v2\/pages\/149\/revisions\/151"}],"up":[{"embeddable":true,"href":"https:\/\/1sc.org\/es\/wp-json\/wp\/v2\/pages\/32"}],"wp:attachment":[{"href":"https:\/\/1sc.org\/es\/wp-json\/wp\/v2\/media?parent=149"}],"curies":[{"name":"wp","href":"https:\/\/api.w.org\/{rel}","templated":true}]}}