{"id":146,"date":"2022-12-30T15:44:45","date_gmt":"2022-12-30T14:44:45","guid":{"rendered":"https:\/\/1sc.org\/es\/?page_id=146"},"modified":"2022-12-30T15:44:46","modified_gmt":"2022-12-30T14:44:46","slug":"estafas-de-donaciones","status":"publish","type":"page","link":"https:\/\/1sc.org\/es\/estafas-por-correo-electronico\/estafas-de-donaciones\/","title":{"rendered":"Estafas de donaciones"},"content":{"rendered":"\n<h2 class=\"wp-block-heading\">Una persona desconocida quiere donar un objeto que ya no puede cuidar o que ya no es \u00fatil. Cuidado, se trata de una estafa de donaciones<\/h2>\n\n\n\n<p>El siguiente ejemplo es representativo de este tipo de estafa de donaciones. Se trata de una persona desconocida que le escribe para avisarle de que posee un bien, por ejemplo, una autocaravana, de la que quiere deshacerse. Se ponen en contacto con usted para preguntarle si est\u00e1 interesado en recibir ese veh\u00edculo en donaci\u00f3n. \u00a1Esa persona te regala una autocaravana de verdad !<\/p>\n\n\n\n<p>Desgraciadamente esto es lo que se llama una estafa de donaci\u00f3n. Si contestas a este correo, la persona te pedir\u00e1 tus datos de contacto o copias de documentos de identidad. Luego te notificar\u00e1n que primero tienes que pagar unos gastos imprevistos (tasas de aduana, gastos administrativos, gastos de transporte, \u2026). Para ello, le pedir\u00e1n que les env\u00ede el dinero de estos supuestos gastos. En algunos casos, le pedir\u00e1n que env\u00ede el dinero a un intermediario (notario, tesorero, \u2026) que no es m\u00e1s que un c\u00f3mplice.<\/p>\n\n\n\n<p>Si lo haces, esa persona dejar\u00e1 de dar se\u00f1ales de vida y nunca ver\u00e1s la autocaravana prometida. Peor a\u00fan, puede que intenten seguir extorsion\u00e1ndole alegando otros problemas financieros u otros gastos imprevistos.<\/p>\n\n\n\n<h3 class=\"wp-block-heading\">No haga caso de estos correos electr\u00f3nicos sobre entrega de bienes. <\/h3>\n\n\n\n<p>A continuaci\u00f3n el ejemplo del que hablamos<\/p>\n\n\n<div class=\"wp-block-image\">\n<figure class=\"aligncenter size-full\"><img loading=\"lazy\" decoding=\"async\" width=\"300\" height=\"202\" src=\"https:\/\/1sc.org\/es\/wp-content\/uploads\/sites\/2\/2022\/12\/image-2.png\" alt=\"donaciones de autocaravana\" class=\"wp-image-147\"\/><\/figure>\n<\/div>\n\n\n<p><em>Hola<br>Te env\u00edo este correo para decirte que deseo donar mi autocaravana de 2007, porque tengo un problema de miop\u00eda y mi m\u00e9dico me ha aconsejado que no conduzca m\u00e1s.<br>Aunque no quiero que se quede en un garaje he decidido d\u00e1rsela a una persona que la pueda cuidar.<br>No vivo en su pa\u00eds sino en el que he trabajado toda mi vida como empresario y actualmente estoy jubilado.<br>La autocaravana tambi\u00e9n est\u00e1 all\u00ed, por lo que estar\u00eda encantado de cederla a una persona que pueda asegurar su exportaci\u00f3n.<br>Les env\u00edo adjunta una foto de la autocaravana, denme un comentario si est\u00e1n interesados para recibir m\u00e1s informaci\u00f3n, m\u00e1s fotos y una copia de la tarjeta de matriculaci\u00f3n.<\/em><\/p>\n","protected":false},"excerpt":{"rendered":"<p>Una persona desconocida quiere donar un objeto que ya no puede cuidar o que ya no es \u00fatil. Cuidado, se trata de una estafa de donaciones El siguiente ejemplo es representativo de este tipo de estafa de donaciones. Se trata de una persona desconocida que le escribe para avisarle de que posee un bien, por &hellip; <a href=\"https:\/\/1sc.org\/es\/estafas-por-correo-electronico\/estafas-de-donaciones\/\" class=\"more-link\">Sigue leyendo <span class=\"screen-reader-text\">Estafas de donaciones<\/span><\/a><\/p>\n","protected":false},"author":1,"featured_media":0,"parent":32,"menu_order":0,"comment_status":"open","ping_status":"closed","template":"","meta":{"footnotes":""},"class_list":["post-146","page","type-page","status-publish","hentry"],"yoast_head":"<!-- This site is optimized with the Yoast SEO plugin v26.7 - https:\/\/yoast.com\/wordpress\/plugins\/seo\/ -->\n<title>Estafas de donaciones - Estafas por internet<\/title>\n<meta name=\"robots\" content=\"index, follow, max-snippet:-1, max-image-preview:large, max-video-preview:-1\" \/>\n<link rel=\"canonical\" href=\"https:\/\/1sc.org\/es\/estafas-por-correo-electronico\/estafas-de-donaciones\/\" \/>\n<meta property=\"og:locale\" content=\"es_ES\" \/>\n<meta property=\"og:type\" content=\"article\" \/>\n<meta property=\"og:title\" content=\"Estafas de donaciones - Estafas por internet\" \/>\n<meta property=\"og:description\" content=\"Una persona desconocida quiere donar un objeto que ya no puede cuidar o que ya no es \u00fatil. Cuidado, se trata de una estafa de donaciones El siguiente ejemplo es representativo de este tipo de estafa de donaciones. Se trata de una persona desconocida que le escribe para avisarle de que posee un bien, por &hellip; Sigue leyendo Estafas de donaciones\" \/>\n<meta property=\"og:url\" content=\"https:\/\/1sc.org\/es\/estafas-por-correo-electronico\/estafas-de-donaciones\/\" \/>\n<meta property=\"og:site_name\" content=\"Estafas por internet\" \/>\n<meta property=\"article:modified_time\" content=\"2022-12-30T14:44:46+00:00\" \/>\n<meta property=\"og:image\" content=\"https:\/\/1sc.org\/es\/wp-content\/uploads\/sites\/2\/2022\/12\/image-2.png\" \/>\n<meta name=\"twitter:card\" content=\"summary_large_image\" \/>\n<meta name=\"twitter:label1\" content=\"Tiempo de lectura\" \/>\n\t<meta name=\"twitter:data1\" content=\"2 minutos\" \/>\n<script type=\"application\/ld+json\" class=\"yoast-schema-graph\">{\"@context\":\"https:\/\/schema.org\",\"@graph\":[{\"@type\":\"WebPage\",\"@id\":\"https:\/\/1sc.org\/es\/estafas-por-correo-electronico\/estafas-de-donaciones\/\",\"url\":\"https:\/\/1sc.org\/es\/estafas-por-correo-electronico\/estafas-de-donaciones\/\",\"name\":\"Estafas de donaciones - Estafas por internet\",\"isPartOf\":{\"@id\":\"https:\/\/1sc.org\/es\/#website\"},\"primaryImageOfPage\":{\"@id\":\"https:\/\/1sc.org\/es\/estafas-por-correo-electronico\/estafas-de-donaciones\/#primaryimage\"},\"image\":{\"@id\":\"https:\/\/1sc.org\/es\/estafas-por-correo-electronico\/estafas-de-donaciones\/#primaryimage\"},\"thumbnailUrl\":\"https:\/\/1sc.org\/es\/wp-content\/uploads\/sites\/2\/2022\/12\/image-2.png\",\"datePublished\":\"2022-12-30T14:44:45+00:00\",\"dateModified\":\"2022-12-30T14:44:46+00:00\",\"breadcrumb\":{\"@id\":\"https:\/\/1sc.org\/es\/estafas-por-correo-electronico\/estafas-de-donaciones\/#breadcrumb\"},\"inLanguage\":\"es\",\"potentialAction\":[{\"@type\":\"ReadAction\",\"target\":[\"https:\/\/1sc.org\/es\/estafas-por-correo-electronico\/estafas-de-donaciones\/\"]}]},{\"@type\":\"ImageObject\",\"inLanguage\":\"es\",\"@id\":\"https:\/\/1sc.org\/es\/estafas-por-correo-electronico\/estafas-de-donaciones\/#primaryimage\",\"url\":\"https:\/\/1sc.org\/es\/wp-content\/uploads\/sites\/2\/2022\/12\/image-2.png\",\"contentUrl\":\"https:\/\/1sc.org\/es\/wp-content\/uploads\/sites\/2\/2022\/12\/image-2.png\",\"width\":300,\"height\":202},{\"@type\":\"BreadcrumbList\",\"@id\":\"https:\/\/1sc.org\/es\/estafas-por-correo-electronico\/estafas-de-donaciones\/#breadcrumb\",\"itemListElement\":[{\"@type\":\"ListItem\",\"position\":1,\"name\":\"Home\",\"item\":\"https:\/\/1sc.org\/es\/\"},{\"@type\":\"ListItem\",\"position\":2,\"name\":\"Estafas por correo electr\u00f3nico\",\"item\":\"https:\/\/1sc.org\/es\/estafas-por-correo-electronico\/\"},{\"@type\":\"ListItem\",\"position\":3,\"name\":\"Estafas de donaciones\"}]},{\"@type\":\"WebSite\",\"@id\":\"https:\/\/1sc.org\/es\/#website\",\"url\":\"https:\/\/1sc.org\/es\/\",\"name\":\"Estafas por internet\",\"description\":\"\u00a1Prevenci\u00f3n de estafas en Internet!\",\"publisher\":{\"@id\":\"https:\/\/1sc.org\/es\/#organization\"},\"potentialAction\":[{\"@type\":\"SearchAction\",\"target\":{\"@type\":\"EntryPoint\",\"urlTemplate\":\"https:\/\/1sc.org\/es\/?s={search_term_string}\"},\"query-input\":{\"@type\":\"PropertyValueSpecification\",\"valueRequired\":true,\"valueName\":\"search_term_string\"}}],\"inLanguage\":\"es\"},{\"@type\":\"Organization\",\"@id\":\"https:\/\/1sc.org\/es\/#organization\",\"name\":\"Soruxa\",\"url\":\"https:\/\/1sc.org\/es\/\",\"logo\":{\"@type\":\"ImageObject\",\"inLanguage\":\"es\",\"@id\":\"https:\/\/1sc.org\/es\/#\/schema\/logo\/image\/\",\"url\":\"https:\/\/1sc.org\/es\/wp-content\/uploads\/sites\/2\/2022\/12\/logoSoruxa.png\",\"contentUrl\":\"https:\/\/1sc.org\/es\/wp-content\/uploads\/sites\/2\/2022\/12\/logoSoruxa.png\",\"width\":388,\"height\":391,\"caption\":\"Soruxa\"},\"image\":{\"@id\":\"https:\/\/1sc.org\/es\/#\/schema\/logo\/image\/\"}}]}<\/script>\n<!-- \/ Yoast SEO plugin. -->","yoast_head_json":{"title":"Estafas de donaciones - Estafas por internet","robots":{"index":"index","follow":"follow","max-snippet":"max-snippet:-1","max-image-preview":"max-image-preview:large","max-video-preview":"max-video-preview:-1"},"canonical":"https:\/\/1sc.org\/es\/estafas-por-correo-electronico\/estafas-de-donaciones\/","og_locale":"es_ES","og_type":"article","og_title":"Estafas de donaciones - Estafas por internet","og_description":"Una persona desconocida quiere donar un objeto que ya no puede cuidar o que ya no es \u00fatil. Cuidado, se trata de una estafa de donaciones El siguiente ejemplo es representativo de este tipo de estafa de donaciones. Se trata de una persona desconocida que le escribe para avisarle de que posee un bien, por &hellip; Sigue leyendo Estafas de donaciones","og_url":"https:\/\/1sc.org\/es\/estafas-por-correo-electronico\/estafas-de-donaciones\/","og_site_name":"Estafas por internet","article_modified_time":"2022-12-30T14:44:46+00:00","og_image":[{"url":"https:\/\/1sc.org\/es\/wp-content\/uploads\/sites\/2\/2022\/12\/image-2.png","type":"","width":"","height":""}],"twitter_card":"summary_large_image","twitter_misc":{"Tiempo de lectura":"2 minutos"},"schema":{"@context":"https:\/\/schema.org","@graph":[{"@type":"WebPage","@id":"https:\/\/1sc.org\/es\/estafas-por-correo-electronico\/estafas-de-donaciones\/","url":"https:\/\/1sc.org\/es\/estafas-por-correo-electronico\/estafas-de-donaciones\/","name":"Estafas de donaciones - Estafas por internet","isPartOf":{"@id":"https:\/\/1sc.org\/es\/#website"},"primaryImageOfPage":{"@id":"https:\/\/1sc.org\/es\/estafas-por-correo-electronico\/estafas-de-donaciones\/#primaryimage"},"image":{"@id":"https:\/\/1sc.org\/es\/estafas-por-correo-electronico\/estafas-de-donaciones\/#primaryimage"},"thumbnailUrl":"https:\/\/1sc.org\/es\/wp-content\/uploads\/sites\/2\/2022\/12\/image-2.png","datePublished":"2022-12-30T14:44:45+00:00","dateModified":"2022-12-30T14:44:46+00:00","breadcrumb":{"@id":"https:\/\/1sc.org\/es\/estafas-por-correo-electronico\/estafas-de-donaciones\/#breadcrumb"},"inLanguage":"es","potentialAction":[{"@type":"ReadAction","target":["https:\/\/1sc.org\/es\/estafas-por-correo-electronico\/estafas-de-donaciones\/"]}]},{"@type":"ImageObject","inLanguage":"es","@id":"https:\/\/1sc.org\/es\/estafas-por-correo-electronico\/estafas-de-donaciones\/#primaryimage","url":"https:\/\/1sc.org\/es\/wp-content\/uploads\/sites\/2\/2022\/12\/image-2.png","contentUrl":"https:\/\/1sc.org\/es\/wp-content\/uploads\/sites\/2\/2022\/12\/image-2.png","width":300,"height":202},{"@type":"BreadcrumbList","@id":"https:\/\/1sc.org\/es\/estafas-por-correo-electronico\/estafas-de-donaciones\/#breadcrumb","itemListElement":[{"@type":"ListItem","position":1,"name":"Home","item":"https:\/\/1sc.org\/es\/"},{"@type":"ListItem","position":2,"name":"Estafas por correo electr\u00f3nico","item":"https:\/\/1sc.org\/es\/estafas-por-correo-electronico\/"},{"@type":"ListItem","position":3,"name":"Estafas de donaciones"}]},{"@type":"WebSite","@id":"https:\/\/1sc.org\/es\/#website","url":"https:\/\/1sc.org\/es\/","name":"Estafas por internet","description":"\u00a1Prevenci\u00f3n de estafas en Internet!","publisher":{"@id":"https:\/\/1sc.org\/es\/#organization"},"potentialAction":[{"@type":"SearchAction","target":{"@type":"EntryPoint","urlTemplate":"https:\/\/1sc.org\/es\/?s={search_term_string}"},"query-input":{"@type":"PropertyValueSpecification","valueRequired":true,"valueName":"search_term_string"}}],"inLanguage":"es"},{"@type":"Organization","@id":"https:\/\/1sc.org\/es\/#organization","name":"Soruxa","url":"https:\/\/1sc.org\/es\/","logo":{"@type":"ImageObject","inLanguage":"es","@id":"https:\/\/1sc.org\/es\/#\/schema\/logo\/image\/","url":"https:\/\/1sc.org\/es\/wp-content\/uploads\/sites\/2\/2022\/12\/logoSoruxa.png","contentUrl":"https:\/\/1sc.org\/es\/wp-content\/uploads\/sites\/2\/2022\/12\/logoSoruxa.png","width":388,"height":391,"caption":"Soruxa"},"image":{"@id":"https:\/\/1sc.org\/es\/#\/schema\/logo\/image\/"}}]}},"_links":{"self":[{"href":"https:\/\/1sc.org\/es\/wp-json\/wp\/v2\/pages\/146","targetHints":{"allow":["GET"]}}],"collection":[{"href":"https:\/\/1sc.org\/es\/wp-json\/wp\/v2\/pages"}],"about":[{"href":"https:\/\/1sc.org\/es\/wp-json\/wp\/v2\/types\/page"}],"author":[{"embeddable":true,"href":"https:\/\/1sc.org\/es\/wp-json\/wp\/v2\/users\/1"}],"replies":[{"embeddable":true,"href":"https:\/\/1sc.org\/es\/wp-json\/wp\/v2\/comments?post=146"}],"version-history":[{"count":1,"href":"https:\/\/1sc.org\/es\/wp-json\/wp\/v2\/pages\/146\/revisions"}],"predecessor-version":[{"id":148,"href":"https:\/\/1sc.org\/es\/wp-json\/wp\/v2\/pages\/146\/revisions\/148"}],"up":[{"embeddable":true,"href":"https:\/\/1sc.org\/es\/wp-json\/wp\/v2\/pages\/32"}],"wp:attachment":[{"href":"https:\/\/1sc.org\/es\/wp-json\/wp\/v2\/media?parent=146"}],"curies":[{"name":"wp","href":"https:\/\/api.w.org\/{rel}","templated":true}]}}