{"id":138,"date":"2022-12-29T22:28:40","date_gmt":"2022-12-29T21:28:40","guid":{"rendered":"https:\/\/1sc.org\/es\/?page_id=138"},"modified":"2022-12-29T22:28:42","modified_gmt":"2022-12-29T21:28:42","slug":"estafas-con-los-anuncios-clasificados","status":"publish","type":"page","link":"https:\/\/1sc.org\/es\/estafa-en-internet\/estafas-con-los-anuncios-clasificados\/","title":{"rendered":"Estafas con los anuncios clasificados"},"content":{"rendered":"\n<h2 class=\"wp-block-heading\">Enviar anuncios clasificados en l\u00ednea es muy f\u00e1cil, r\u00e1pido e incluso gratuito. <\/h2>\n\n\n\n<p>Cualquiera puede acceder a estafas con los anuncios clasificados, lo que es una ventaja para las ventas, pero tambi\u00e9n una oportunidad para los estafadores.<\/p>\n\n\n\n<p>En las estafas de anuncios clasificados, el objetivo de los estafadores es sacarle dinero. Para ello, responden a anuncios clasificados haci\u00e9ndose pasar por compradores, o publican sus propios anuncios clasificados como vendedores.<\/p>\n\n\n\n<h3 class=\"wp-block-heading\">El estafador es un comprador<\/h3>\n\n\n<div class=\"wp-block-image\">\n<figure class=\"alignright size-full\"><img loading=\"lazy\" decoding=\"async\" width=\"300\" height=\"241\" src=\"https:\/\/1sc.org\/es\/wp-content\/uploads\/sites\/2\/2022\/12\/image-1.png\" alt=\"estafas con anuncios clasificados\" class=\"wp-image-139\"\/><\/figure>\n<\/div>\n\n\n<p>Podemos observar dos t\u00e9cnicas principales.<\/p>\n\n\n\n<ol class=\"wp-block-list\">\n<li>El comprador est\u00e1 inmediatamente dispuesto a enviarle la cantidad de dinero correspondiente al precio que pide por el bien que vende y espera su aprobaci\u00f3n. Si est\u00e1 de acuerdo, le dir\u00e1 que, debido a dificultades administrativas, primero es necesario que pague gastos adicionales (por ejemplo, de aduana). Pero este coste te ser\u00e1 reembolsado a\u00f1adi\u00e9ndolo al coste inicial del bien. Para recibir el dinero, te dar\u00e1 una direcci\u00f3n falsa para el pago de estos gastos. Tendr\u00e1 m\u00e1s noticias de su comprador. <\/li>\n\n\n\n<li>El comprador le env\u00eda un cheque personal (u otra prueba de pago) por la compra del bien que usted vende en un sitio web de anuncios clasificados. Pero, sorprendentemente, el importe no es correcto. Es superior al precio de venta acordado. El comprador admite el error y te propone que ingreses de todos modos este cheque personal en tu banco y le env\u00edes otro cheque personal correspondiente a la diferencia. (Por ejemplo: has recibido un cheque personal de 300 $ mientras que el precio de venta era de 200 $. As\u00ed que el estafador le propone devolverle un cheque de 100 $), Si acepta, se enterar\u00e1 de que el cheque del comprador no ten\u00eda fondos y que acaba de perder el importe de la diferencia enviado al estafador.<\/li>\n<\/ol>\n\n\n\n<p>En todos los casos, el comprador estar\u00e1 dispuesto a comprar la mercanc\u00eda de los anuncios clasificados sin haberla visto. Esto es comprensible para un objeto peque\u00f1o pero dif\u00edcil de admitir para un veh\u00edculo por ejemplo<\/p>\n\n\n\n<h3 class=\"wp-block-heading\">El estafador es un vendedor<\/h3>\n\n\n\n<p>Adem\u00e1s de la simple estafa de cobrar su pago y nunca entregar la mercanc\u00eda, los estafadores tambi\u00e9n pueden pedirle que pague gastos administrativos como en el caso en que el estafador es un comprador. Pero ahora los gastos (aduanas, por ejemplo) corren a cargo del comprador.<\/p>\n\n\n\n<p>Cuando quieras comprar o vender en un sitio web de anuncios clasificados, ten cuidado cuando tu contacto est\u00e9 en el extranjero. Los estafadores suelen estar en pa\u00edses extranjeros. Si ha sido estafado por alguien situado en el extranjero, ser\u00e1 muy dif\u00edcil conseguir una demanda.<\/p>\n\n\n\n<p>Durante las estafas de anuncios clasificados, no es raro que el comprador o el vendedor le env\u00eden un escaneado de un documento oficial (por ejemplo, el pasaporte) para ganarse su confianza. Seguramente no es su DNI, sino el de alguien a quien ya ha estafado.<\/p>\n","protected":false},"excerpt":{"rendered":"<p>Enviar anuncios clasificados en l\u00ednea es muy f\u00e1cil, r\u00e1pido e incluso gratuito. Cualquiera puede acceder a estafas con los anuncios clasificados, lo que es una ventaja para las ventas, pero tambi\u00e9n una oportunidad para los estafadores. En las estafas de anuncios clasificados, el objetivo de los estafadores es sacarle dinero. Para ello, responden a anuncios &hellip; <a href=\"https:\/\/1sc.org\/es\/estafa-en-internet\/estafas-con-los-anuncios-clasificados\/\" class=\"more-link\">Sigue leyendo <span class=\"screen-reader-text\">Estafas con los anuncios clasificados<\/span><\/a><\/p>\n","protected":false},"author":1,"featured_media":0,"parent":30,"menu_order":0,"comment_status":"open","ping_status":"closed","template":"","meta":{"footnotes":""},"class_list":["post-138","page","type-page","status-publish","hentry"],"yoast_head":"<!-- This site is optimized with the Yoast SEO plugin v26.7 - https:\/\/yoast.com\/wordpress\/plugins\/seo\/ -->\n<title>Estafas con los anuncios clasificados - Estafas por internet<\/title>\n<meta name=\"description\" content=\"\u00bfQu\u00e9 son las estafas en los anuncios clasificados? \u00bfC\u00f3mo proceden los estafadores para sacarte dinero ? Evite las estafas\" \/>\n<meta name=\"robots\" content=\"index, follow, max-snippet:-1, max-image-preview:large, max-video-preview:-1\" \/>\n<link rel=\"canonical\" href=\"https:\/\/1sc.org\/es\/estafa-en-internet\/estafas-con-los-anuncios-clasificados\/\" \/>\n<meta property=\"og:locale\" content=\"es_ES\" \/>\n<meta property=\"og:type\" content=\"article\" \/>\n<meta property=\"og:title\" content=\"Estafas con los anuncios clasificados - Estafas por internet\" \/>\n<meta property=\"og:description\" content=\"\u00bfQu\u00e9 son las estafas en los anuncios clasificados? \u00bfC\u00f3mo proceden los estafadores para sacarte dinero ? Evite las estafas\" \/>\n<meta property=\"og:url\" content=\"https:\/\/1sc.org\/es\/estafa-en-internet\/estafas-con-los-anuncios-clasificados\/\" \/>\n<meta property=\"og:site_name\" content=\"Estafas por internet\" \/>\n<meta property=\"article:modified_time\" content=\"2022-12-29T21:28:42+00:00\" \/>\n<meta property=\"og:image\" content=\"https:\/\/1sc.org\/es\/wp-content\/uploads\/sites\/2\/2022\/12\/image-1.png\" \/>\n<meta name=\"twitter:card\" content=\"summary_large_image\" \/>\n<meta name=\"twitter:label1\" content=\"Tiempo de lectura\" \/>\n\t<meta name=\"twitter:data1\" content=\"3 minutos\" \/>\n<script type=\"application\/ld+json\" class=\"yoast-schema-graph\">{\"@context\":\"https:\/\/schema.org\",\"@graph\":[{\"@type\":\"WebPage\",\"@id\":\"https:\/\/1sc.org\/es\/estafa-en-internet\/estafas-con-los-anuncios-clasificados\/\",\"url\":\"https:\/\/1sc.org\/es\/estafa-en-internet\/estafas-con-los-anuncios-clasificados\/\",\"name\":\"Estafas con los anuncios clasificados - Estafas por internet\",\"isPartOf\":{\"@id\":\"https:\/\/1sc.org\/es\/#website\"},\"primaryImageOfPage\":{\"@id\":\"https:\/\/1sc.org\/es\/estafa-en-internet\/estafas-con-los-anuncios-clasificados\/#primaryimage\"},\"image\":{\"@id\":\"https:\/\/1sc.org\/es\/estafa-en-internet\/estafas-con-los-anuncios-clasificados\/#primaryimage\"},\"thumbnailUrl\":\"https:\/\/1sc.org\/es\/wp-content\/uploads\/sites\/2\/2022\/12\/image-1.png\",\"datePublished\":\"2022-12-29T21:28:40+00:00\",\"dateModified\":\"2022-12-29T21:28:42+00:00\",\"description\":\"\u00bfQu\u00e9 son las estafas en los anuncios clasificados? \u00bfC\u00f3mo proceden los estafadores para sacarte dinero ? Evite las estafas\",\"breadcrumb\":{\"@id\":\"https:\/\/1sc.org\/es\/estafa-en-internet\/estafas-con-los-anuncios-clasificados\/#breadcrumb\"},\"inLanguage\":\"es\",\"potentialAction\":[{\"@type\":\"ReadAction\",\"target\":[\"https:\/\/1sc.org\/es\/estafa-en-internet\/estafas-con-los-anuncios-clasificados\/\"]}]},{\"@type\":\"ImageObject\",\"inLanguage\":\"es\",\"@id\":\"https:\/\/1sc.org\/es\/estafa-en-internet\/estafas-con-los-anuncios-clasificados\/#primaryimage\",\"url\":\"https:\/\/1sc.org\/es\/wp-content\/uploads\/sites\/2\/2022\/12\/image-1.png\",\"contentUrl\":\"https:\/\/1sc.org\/es\/wp-content\/uploads\/sites\/2\/2022\/12\/image-1.png\",\"width\":300,\"height\":241},{\"@type\":\"BreadcrumbList\",\"@id\":\"https:\/\/1sc.org\/es\/estafa-en-internet\/estafas-con-los-anuncios-clasificados\/#breadcrumb\",\"itemListElement\":[{\"@type\":\"ListItem\",\"position\":1,\"name\":\"Home\",\"item\":\"https:\/\/1sc.org\/es\/\"},{\"@type\":\"ListItem\",\"position\":2,\"name\":\"Estafa en internet\",\"item\":\"https:\/\/1sc.org\/es\/estafa-en-internet\/\"},{\"@type\":\"ListItem\",\"position\":3,\"name\":\"Estafas con los anuncios clasificados\"}]},{\"@type\":\"WebSite\",\"@id\":\"https:\/\/1sc.org\/es\/#website\",\"url\":\"https:\/\/1sc.org\/es\/\",\"name\":\"Estafas por internet\",\"description\":\"\u00a1Prevenci\u00f3n de estafas en Internet!\",\"publisher\":{\"@id\":\"https:\/\/1sc.org\/es\/#organization\"},\"potentialAction\":[{\"@type\":\"SearchAction\",\"target\":{\"@type\":\"EntryPoint\",\"urlTemplate\":\"https:\/\/1sc.org\/es\/?s={search_term_string}\"},\"query-input\":{\"@type\":\"PropertyValueSpecification\",\"valueRequired\":true,\"valueName\":\"search_term_string\"}}],\"inLanguage\":\"es\"},{\"@type\":\"Organization\",\"@id\":\"https:\/\/1sc.org\/es\/#organization\",\"name\":\"Soruxa\",\"url\":\"https:\/\/1sc.org\/es\/\",\"logo\":{\"@type\":\"ImageObject\",\"inLanguage\":\"es\",\"@id\":\"https:\/\/1sc.org\/es\/#\/schema\/logo\/image\/\",\"url\":\"https:\/\/1sc.org\/es\/wp-content\/uploads\/sites\/2\/2022\/12\/logoSoruxa.png\",\"contentUrl\":\"https:\/\/1sc.org\/es\/wp-content\/uploads\/sites\/2\/2022\/12\/logoSoruxa.png\",\"width\":388,\"height\":391,\"caption\":\"Soruxa\"},\"image\":{\"@id\":\"https:\/\/1sc.org\/es\/#\/schema\/logo\/image\/\"}}]}<\/script>\n<!-- \/ Yoast SEO plugin. -->","yoast_head_json":{"title":"Estafas con los anuncios clasificados - Estafas por internet","description":"\u00bfQu\u00e9 son las estafas en los anuncios clasificados? \u00bfC\u00f3mo proceden los estafadores para sacarte dinero ? Evite las estafas","robots":{"index":"index","follow":"follow","max-snippet":"max-snippet:-1","max-image-preview":"max-image-preview:large","max-video-preview":"max-video-preview:-1"},"canonical":"https:\/\/1sc.org\/es\/estafa-en-internet\/estafas-con-los-anuncios-clasificados\/","og_locale":"es_ES","og_type":"article","og_title":"Estafas con los anuncios clasificados - Estafas por internet","og_description":"\u00bfQu\u00e9 son las estafas en los anuncios clasificados? \u00bfC\u00f3mo proceden los estafadores para sacarte dinero ? Evite las estafas","og_url":"https:\/\/1sc.org\/es\/estafa-en-internet\/estafas-con-los-anuncios-clasificados\/","og_site_name":"Estafas por internet","article_modified_time":"2022-12-29T21:28:42+00:00","og_image":[{"url":"https:\/\/1sc.org\/es\/wp-content\/uploads\/sites\/2\/2022\/12\/image-1.png","type":"","width":"","height":""}],"twitter_card":"summary_large_image","twitter_misc":{"Tiempo de lectura":"3 minutos"},"schema":{"@context":"https:\/\/schema.org","@graph":[{"@type":"WebPage","@id":"https:\/\/1sc.org\/es\/estafa-en-internet\/estafas-con-los-anuncios-clasificados\/","url":"https:\/\/1sc.org\/es\/estafa-en-internet\/estafas-con-los-anuncios-clasificados\/","name":"Estafas con los anuncios clasificados - Estafas por internet","isPartOf":{"@id":"https:\/\/1sc.org\/es\/#website"},"primaryImageOfPage":{"@id":"https:\/\/1sc.org\/es\/estafa-en-internet\/estafas-con-los-anuncios-clasificados\/#primaryimage"},"image":{"@id":"https:\/\/1sc.org\/es\/estafa-en-internet\/estafas-con-los-anuncios-clasificados\/#primaryimage"},"thumbnailUrl":"https:\/\/1sc.org\/es\/wp-content\/uploads\/sites\/2\/2022\/12\/image-1.png","datePublished":"2022-12-29T21:28:40+00:00","dateModified":"2022-12-29T21:28:42+00:00","description":"\u00bfQu\u00e9 son las estafas en los anuncios clasificados? \u00bfC\u00f3mo proceden los estafadores para sacarte dinero ? Evite las estafas","breadcrumb":{"@id":"https:\/\/1sc.org\/es\/estafa-en-internet\/estafas-con-los-anuncios-clasificados\/#breadcrumb"},"inLanguage":"es","potentialAction":[{"@type":"ReadAction","target":["https:\/\/1sc.org\/es\/estafa-en-internet\/estafas-con-los-anuncios-clasificados\/"]}]},{"@type":"ImageObject","inLanguage":"es","@id":"https:\/\/1sc.org\/es\/estafa-en-internet\/estafas-con-los-anuncios-clasificados\/#primaryimage","url":"https:\/\/1sc.org\/es\/wp-content\/uploads\/sites\/2\/2022\/12\/image-1.png","contentUrl":"https:\/\/1sc.org\/es\/wp-content\/uploads\/sites\/2\/2022\/12\/image-1.png","width":300,"height":241},{"@type":"BreadcrumbList","@id":"https:\/\/1sc.org\/es\/estafa-en-internet\/estafas-con-los-anuncios-clasificados\/#breadcrumb","itemListElement":[{"@type":"ListItem","position":1,"name":"Home","item":"https:\/\/1sc.org\/es\/"},{"@type":"ListItem","position":2,"name":"Estafa en internet","item":"https:\/\/1sc.org\/es\/estafa-en-internet\/"},{"@type":"ListItem","position":3,"name":"Estafas con los anuncios clasificados"}]},{"@type":"WebSite","@id":"https:\/\/1sc.org\/es\/#website","url":"https:\/\/1sc.org\/es\/","name":"Estafas por internet","description":"\u00a1Prevenci\u00f3n de estafas en Internet!","publisher":{"@id":"https:\/\/1sc.org\/es\/#organization"},"potentialAction":[{"@type":"SearchAction","target":{"@type":"EntryPoint","urlTemplate":"https:\/\/1sc.org\/es\/?s={search_term_string}"},"query-input":{"@type":"PropertyValueSpecification","valueRequired":true,"valueName":"search_term_string"}}],"inLanguage":"es"},{"@type":"Organization","@id":"https:\/\/1sc.org\/es\/#organization","name":"Soruxa","url":"https:\/\/1sc.org\/es\/","logo":{"@type":"ImageObject","inLanguage":"es","@id":"https:\/\/1sc.org\/es\/#\/schema\/logo\/image\/","url":"https:\/\/1sc.org\/es\/wp-content\/uploads\/sites\/2\/2022\/12\/logoSoruxa.png","contentUrl":"https:\/\/1sc.org\/es\/wp-content\/uploads\/sites\/2\/2022\/12\/logoSoruxa.png","width":388,"height":391,"caption":"Soruxa"},"image":{"@id":"https:\/\/1sc.org\/es\/#\/schema\/logo\/image\/"}}]}},"_links":{"self":[{"href":"https:\/\/1sc.org\/es\/wp-json\/wp\/v2\/pages\/138","targetHints":{"allow":["GET"]}}],"collection":[{"href":"https:\/\/1sc.org\/es\/wp-json\/wp\/v2\/pages"}],"about":[{"href":"https:\/\/1sc.org\/es\/wp-json\/wp\/v2\/types\/page"}],"author":[{"embeddable":true,"href":"https:\/\/1sc.org\/es\/wp-json\/wp\/v2\/users\/1"}],"replies":[{"embeddable":true,"href":"https:\/\/1sc.org\/es\/wp-json\/wp\/v2\/comments?post=138"}],"version-history":[{"count":2,"href":"https:\/\/1sc.org\/es\/wp-json\/wp\/v2\/pages\/138\/revisions"}],"predecessor-version":[{"id":141,"href":"https:\/\/1sc.org\/es\/wp-json\/wp\/v2\/pages\/138\/revisions\/141"}],"up":[{"embeddable":true,"href":"https:\/\/1sc.org\/es\/wp-json\/wp\/v2\/pages\/30"}],"wp:attachment":[{"href":"https:\/\/1sc.org\/es\/wp-json\/wp\/v2\/media?parent=138"}],"curies":[{"name":"wp","href":"https:\/\/api.w.org\/{rel}","templated":true}]}}