{"id":124,"date":"2022-12-29T16:40:32","date_gmt":"2022-12-29T15:40:32","guid":{"rendered":"https:\/\/1sc.org\/es\/?page_id=124"},"modified":"2022-12-29T16:55:54","modified_gmt":"2022-12-29T15:55:54","slug":"phishing-de-paypal","status":"publish","type":"page","link":"https:\/\/1sc.org\/es\/suplantacion-de-identidad-phishing\/phishing-de-paypal\/","title":{"rendered":"Phishing de Paypal"},"content":{"rendered":"\n<h2 class=\"wp-block-heading\">Paypal Phishing es probablemente uno de los m\u00e1s frecuentes intentos de estafa por phishing<\/h2>\n\n\n<div class=\"wp-block-image\">\n<figure class=\"alignright size-full\"><img loading=\"lazy\" decoding=\"async\" width=\"300\" height=\"80\" src=\"https:\/\/1sc.org\/es\/wp-content\/uploads\/sites\/2\/2022\/12\/paypal.webp\" alt=\"paypal\" class=\"wp-image-125\"\/><\/figure>\n<\/div>\n\n\n<p>Muchas personas han sido v\u00edctimas de una estafa por phishing utilizando el nombre de Paypal. Ten en cuenta que PayPal nunca te pedir\u00e1 el n\u00famero de tu tarjeta de cr\u00e9dito por correo electr\u00f3nico. <\/p>\n\n\n\n<p>Si recibe un correo electr\u00f3nico de este tipo, se trata sin duda de un intento de phishing, aunque el correo electr\u00f3nico pueda parecer verdadero.<\/p>\n\n\n\n<h3 class=\"wp-block-heading\">\u00bfC\u00f3mo funciona la estafa de phishing con Paypal?<\/h3>\n\n\n\n<ol class=\"wp-block-list\">\n<li>En primer lugar, los estafadores le env\u00edan un correo electr\u00f3nico haci\u00e9ndose pasar por Paypal. <\/li>\n\n\n\n<li>Con el pretexto de razones de seguridad, los estafadores le piden que haga clic en un enlace para proceder a una verificaci\u00f3n o para resolver un problema. <\/li>\n\n\n\n<li>Este enlace le dirige a una imitaci\u00f3n del sitio oficial donde se le pedir\u00e1 que confirme el n\u00famero de su tarjeta de cr\u00e9dito o sus datos bancarios. Por lo general, el sitio web falso es una imitaci\u00f3n bastante buena del sitio leg\u00edtimo. <\/li>\n\n\n\n<li>Desgraciadamente, la informaci\u00f3n que usted facilita rellenando un formulario o simplemente enviando un correo electr\u00f3nico no llega a Paypal, sino a los estafadores que ahora pueden cargarla en su cuenta, normalmente comprando con su dinero.<\/li>\n<\/ol>\n\n\n\n<p>Al tener Paypal (el de verdad) la posibilidad de hacer movimientos en tu cuenta bancaria, la gente es a\u00fan m\u00e1s sensible a un correo electr\u00f3nico que le alerta de un riesgo de fraude. Adem\u00e1s, las normas de funcionamiento de PayPal no siempre son bien conocidas y se podr\u00eda pensar que no es raro recibir un correo electr\u00f3nico de este tipo de ellos.<\/p>\n\n\n\n<h3 class=\"wp-block-heading\">\u00bfC\u00f3mo confirmar que el correo electr\u00f3nico que ha recibido es un intento de phishing?<\/h3>\n\n\n\n<ol class=\"wp-block-list\">\n<li>Compruebe que la direcci\u00f3n de correo electr\u00f3nico del remitente termina en \u00abpaypal.com\u00bb o paypal. \u00absu pa\u00eds\u00bb. Si \u00abPaypal\u00bb no est\u00e1 en la direcci\u00f3n de correo electr\u00f3nico, o no se encuentra justo antes de la extensi\u00f3n (.com, .co.uk, &#8230;), entonces de nuevo es probable que sea una estafa. Por ejemplo, la direcci\u00f3n de correo electr\u00f3nico contact@paypal.whatsoever.com NO proviene de la empresa oficial. <\/li>\n\n\n\n<li>Algo muy sencillo de comprobar, Paypal siempre empezar\u00e1 sus e-mails con tu nombre y tu apellido. Si un correo electr\u00f3nico comienza con \u00abquerido cliente\u00bb o \u00abquerido miembro\u00bb o algo similar, entonces es probable que sea una estafa. <\/li>\n\n\n\n<li>El enlace en el que se le invita a hacer clic NO le redirige a un sitio web oficial.<\/li>\n<\/ol>\n\n\n\n<h3 class=\"wp-block-heading\">Tu cuenta ha sido bloqueada<\/h3>\n\n\n\n<p>Esta estafa es muy com\u00fan y te enfrentar\u00e1s a este intento de phishing un d\u00eda u otro. Por lo general, el t\u00edtulo del correo electr\u00f3nico que recibe es algo as\u00ed como \u00abTu cuenta ha sido bloqueada.<\/p>\n\n\n<div class=\"wp-block-image\">\n<figure class=\"aligncenter size-full\"><img loading=\"lazy\" decoding=\"async\" width=\"300\" height=\"280\" src=\"https:\/\/1sc.org\/es\/wp-content\/uploads\/sites\/2\/2022\/12\/paypal_ES.webp\" alt=\"\" class=\"wp-image-128\"\/><\/figure>\n<\/div>\n\n\n<h3 class=\"wp-block-heading\">2 ejemplos m\u00e1s<\/h3>\n\n\n\n<p>Para estos 2 ejemplos, se ha extra\u00eddo el texto :<\/p>\n\n\n\n<h4 class=\"wp-block-heading\">Ejemplo uno<\/h4>\n\n\n\n<p><em>Aviso de actualizaci\u00f3n de pol\u00edticas<br>Estimado cliente,<br>Algunos datos de su cuenta parecen faltar o ser incorrectos.<br>Actualice su informaci\u00f3n lo antes posible para poder seguir disfrutando de todas las ventajas de su cuenta PayPal.<\/em><\/p>\n\n\n\n<p><em>Si no actualiza su informaci\u00f3n en un plazo de 3 d\u00edas, limitaremos lo que puede hacer con su cuenta.<br>Si necesita ayuda para iniciar sesi\u00f3n, vaya a nuestro Centro de Ayuda pulsando el v\u00ednculo Ayuda situado en la esquina superior derecha de cualquier p\u00e1gina de PayPal.<br>Atentamente.<br><\/em><\/p>\n\n\n\n<h4 class=\"wp-block-heading\">Ejemplo dos<\/h4>\n\n\n\n<p><em>Asegure su cuenta<br>Estimado cliente,<br>Hemos identificado varios intentos de intrusi\u00f3n inaceptables en su cuenta en l\u00ednea, alguien intent\u00f3 acceder a su cuenta desde un mini iPad llamado \u00abenric ipad\u00bb.<br>Ipad adress ip: 41.21.88.10<br>Fecha: Marzo: 23 de marzo de 2015.<br>Este es el \u00faltimo recordatorio para iniciar sesi\u00f3n en Paypal tan pronto como sea posible.<br>Paypal proporcionar\u00e1 medidas para restaurar el acceso a su cuenta:<br>Atentamente.<br><\/em><\/p>\n\n\n\n<p>Esperamos que ahora todos sean conscientes de estas t\u00e9cnicas de phishing y esperamos que puedan evitarlas.<\/p>\n\n\n\n<p><\/p>\n","protected":false},"excerpt":{"rendered":"<p>Paypal Phishing es probablemente uno de los m\u00e1s frecuentes intentos de estafa por phishing Muchas personas han sido v\u00edctimas de una estafa por phishing utilizando el nombre de Paypal. Ten en cuenta que PayPal nunca te pedir\u00e1 el n\u00famero de tu tarjeta de cr\u00e9dito por correo electr\u00f3nico. Si recibe un correo electr\u00f3nico de este tipo, &hellip; <a href=\"https:\/\/1sc.org\/es\/suplantacion-de-identidad-phishing\/phishing-de-paypal\/\" class=\"more-link\">Sigue leyendo <span class=\"screen-reader-text\">Phishing de Paypal<\/span><\/a><\/p>\n","protected":false},"author":1,"featured_media":0,"parent":6,"menu_order":0,"comment_status":"open","ping_status":"closed","template":"","meta":{"footnotes":""},"class_list":["post-124","page","type-page","status-publish","hentry"],"yoast_head":"<!-- This site is optimized with the Yoast SEO plugin v26.7 - https:\/\/yoast.com\/wordpress\/plugins\/seo\/ -->\n<title>Phishing de Paypal - Estafas por internet<\/title>\n<meta name=\"description\" content=\"Las estafas de phishing de Paypal son uno de los intentos de phishing m\u00e1s comunes que tendr\u00e1 que enfrentar.\" \/>\n<meta name=\"robots\" content=\"index, follow, max-snippet:-1, max-image-preview:large, max-video-preview:-1\" \/>\n<link rel=\"canonical\" href=\"https:\/\/1sc.org\/es\/suplantacion-de-identidad-phishing\/phishing-de-paypal\/\" \/>\n<meta property=\"og:locale\" content=\"es_ES\" \/>\n<meta property=\"og:type\" content=\"article\" \/>\n<meta property=\"og:title\" content=\"Phishing de Paypal - Estafas por internet\" \/>\n<meta property=\"og:description\" content=\"Las estafas de phishing de Paypal son uno de los intentos de phishing m\u00e1s comunes que tendr\u00e1 que enfrentar.\" \/>\n<meta property=\"og:url\" content=\"https:\/\/1sc.org\/es\/suplantacion-de-identidad-phishing\/phishing-de-paypal\/\" \/>\n<meta property=\"og:site_name\" content=\"Estafas por internet\" \/>\n<meta property=\"article:modified_time\" content=\"2022-12-29T15:55:54+00:00\" \/>\n<meta property=\"og:image\" content=\"https:\/\/1sc.org\/es\/wp-content\/uploads\/sites\/2\/2022\/12\/paypal.webp\" \/>\n<meta name=\"twitter:card\" content=\"summary_large_image\" \/>\n<meta name=\"twitter:label1\" content=\"Tiempo de lectura\" \/>\n\t<meta name=\"twitter:data1\" content=\"4 minutos\" \/>\n<script type=\"application\/ld+json\" class=\"yoast-schema-graph\">{\"@context\":\"https:\/\/schema.org\",\"@graph\":[{\"@type\":\"WebPage\",\"@id\":\"https:\/\/1sc.org\/es\/suplantacion-de-identidad-phishing\/phishing-de-paypal\/\",\"url\":\"https:\/\/1sc.org\/es\/suplantacion-de-identidad-phishing\/phishing-de-paypal\/\",\"name\":\"Phishing de Paypal - Estafas por internet\",\"isPartOf\":{\"@id\":\"https:\/\/1sc.org\/es\/#website\"},\"primaryImageOfPage\":{\"@id\":\"https:\/\/1sc.org\/es\/suplantacion-de-identidad-phishing\/phishing-de-paypal\/#primaryimage\"},\"image\":{\"@id\":\"https:\/\/1sc.org\/es\/suplantacion-de-identidad-phishing\/phishing-de-paypal\/#primaryimage\"},\"thumbnailUrl\":\"https:\/\/1sc.org\/es\/wp-content\/uploads\/sites\/2\/2022\/12\/paypal.webp\",\"datePublished\":\"2022-12-29T15:40:32+00:00\",\"dateModified\":\"2022-12-29T15:55:54+00:00\",\"description\":\"Las estafas de phishing de Paypal son uno de los intentos de phishing m\u00e1s comunes que tendr\u00e1 que enfrentar.\",\"breadcrumb\":{\"@id\":\"https:\/\/1sc.org\/es\/suplantacion-de-identidad-phishing\/phishing-de-paypal\/#breadcrumb\"},\"inLanguage\":\"es\",\"potentialAction\":[{\"@type\":\"ReadAction\",\"target\":[\"https:\/\/1sc.org\/es\/suplantacion-de-identidad-phishing\/phishing-de-paypal\/\"]}]},{\"@type\":\"ImageObject\",\"inLanguage\":\"es\",\"@id\":\"https:\/\/1sc.org\/es\/suplantacion-de-identidad-phishing\/phishing-de-paypal\/#primaryimage\",\"url\":\"https:\/\/1sc.org\/es\/wp-content\/uploads\/sites\/2\/2022\/12\/paypal.webp\",\"contentUrl\":\"https:\/\/1sc.org\/es\/wp-content\/uploads\/sites\/2\/2022\/12\/paypal.webp\",\"width\":300,\"height\":80},{\"@type\":\"BreadcrumbList\",\"@id\":\"https:\/\/1sc.org\/es\/suplantacion-de-identidad-phishing\/phishing-de-paypal\/#breadcrumb\",\"itemListElement\":[{\"@type\":\"ListItem\",\"position\":1,\"name\":\"Home\",\"item\":\"https:\/\/1sc.org\/es\/\"},{\"@type\":\"ListItem\",\"position\":2,\"name\":\"Suplantaci\u00f3n de identidad (Phishing)\",\"item\":\"https:\/\/1sc.org\/es\/suplantacion-de-identidad-phishing\/\"},{\"@type\":\"ListItem\",\"position\":3,\"name\":\"Phishing de Paypal\"}]},{\"@type\":\"WebSite\",\"@id\":\"https:\/\/1sc.org\/es\/#website\",\"url\":\"https:\/\/1sc.org\/es\/\",\"name\":\"Estafas por internet\",\"description\":\"\u00a1Prevenci\u00f3n de estafas en Internet!\",\"publisher\":{\"@id\":\"https:\/\/1sc.org\/es\/#organization\"},\"potentialAction\":[{\"@type\":\"SearchAction\",\"target\":{\"@type\":\"EntryPoint\",\"urlTemplate\":\"https:\/\/1sc.org\/es\/?s={search_term_string}\"},\"query-input\":{\"@type\":\"PropertyValueSpecification\",\"valueRequired\":true,\"valueName\":\"search_term_string\"}}],\"inLanguage\":\"es\"},{\"@type\":\"Organization\",\"@id\":\"https:\/\/1sc.org\/es\/#organization\",\"name\":\"Soruxa\",\"url\":\"https:\/\/1sc.org\/es\/\",\"logo\":{\"@type\":\"ImageObject\",\"inLanguage\":\"es\",\"@id\":\"https:\/\/1sc.org\/es\/#\/schema\/logo\/image\/\",\"url\":\"https:\/\/1sc.org\/es\/wp-content\/uploads\/sites\/2\/2022\/12\/logoSoruxa.png\",\"contentUrl\":\"https:\/\/1sc.org\/es\/wp-content\/uploads\/sites\/2\/2022\/12\/logoSoruxa.png\",\"width\":388,\"height\":391,\"caption\":\"Soruxa\"},\"image\":{\"@id\":\"https:\/\/1sc.org\/es\/#\/schema\/logo\/image\/\"}}]}<\/script>\n<!-- \/ Yoast SEO plugin. -->","yoast_head_json":{"title":"Phishing de Paypal - Estafas por internet","description":"Las estafas de phishing de Paypal son uno de los intentos de phishing m\u00e1s comunes que tendr\u00e1 que enfrentar.","robots":{"index":"index","follow":"follow","max-snippet":"max-snippet:-1","max-image-preview":"max-image-preview:large","max-video-preview":"max-video-preview:-1"},"canonical":"https:\/\/1sc.org\/es\/suplantacion-de-identidad-phishing\/phishing-de-paypal\/","og_locale":"es_ES","og_type":"article","og_title":"Phishing de Paypal - Estafas por internet","og_description":"Las estafas de phishing de Paypal son uno de los intentos de phishing m\u00e1s comunes que tendr\u00e1 que enfrentar.","og_url":"https:\/\/1sc.org\/es\/suplantacion-de-identidad-phishing\/phishing-de-paypal\/","og_site_name":"Estafas por internet","article_modified_time":"2022-12-29T15:55:54+00:00","og_image":[{"url":"https:\/\/1sc.org\/es\/wp-content\/uploads\/sites\/2\/2022\/12\/paypal.webp","type":"","width":"","height":""}],"twitter_card":"summary_large_image","twitter_misc":{"Tiempo de lectura":"4 minutos"},"schema":{"@context":"https:\/\/schema.org","@graph":[{"@type":"WebPage","@id":"https:\/\/1sc.org\/es\/suplantacion-de-identidad-phishing\/phishing-de-paypal\/","url":"https:\/\/1sc.org\/es\/suplantacion-de-identidad-phishing\/phishing-de-paypal\/","name":"Phishing de Paypal - Estafas por internet","isPartOf":{"@id":"https:\/\/1sc.org\/es\/#website"},"primaryImageOfPage":{"@id":"https:\/\/1sc.org\/es\/suplantacion-de-identidad-phishing\/phishing-de-paypal\/#primaryimage"},"image":{"@id":"https:\/\/1sc.org\/es\/suplantacion-de-identidad-phishing\/phishing-de-paypal\/#primaryimage"},"thumbnailUrl":"https:\/\/1sc.org\/es\/wp-content\/uploads\/sites\/2\/2022\/12\/paypal.webp","datePublished":"2022-12-29T15:40:32+00:00","dateModified":"2022-12-29T15:55:54+00:00","description":"Las estafas de phishing de Paypal son uno de los intentos de phishing m\u00e1s comunes que tendr\u00e1 que enfrentar.","breadcrumb":{"@id":"https:\/\/1sc.org\/es\/suplantacion-de-identidad-phishing\/phishing-de-paypal\/#breadcrumb"},"inLanguage":"es","potentialAction":[{"@type":"ReadAction","target":["https:\/\/1sc.org\/es\/suplantacion-de-identidad-phishing\/phishing-de-paypal\/"]}]},{"@type":"ImageObject","inLanguage":"es","@id":"https:\/\/1sc.org\/es\/suplantacion-de-identidad-phishing\/phishing-de-paypal\/#primaryimage","url":"https:\/\/1sc.org\/es\/wp-content\/uploads\/sites\/2\/2022\/12\/paypal.webp","contentUrl":"https:\/\/1sc.org\/es\/wp-content\/uploads\/sites\/2\/2022\/12\/paypal.webp","width":300,"height":80},{"@type":"BreadcrumbList","@id":"https:\/\/1sc.org\/es\/suplantacion-de-identidad-phishing\/phishing-de-paypal\/#breadcrumb","itemListElement":[{"@type":"ListItem","position":1,"name":"Home","item":"https:\/\/1sc.org\/es\/"},{"@type":"ListItem","position":2,"name":"Suplantaci\u00f3n de identidad (Phishing)","item":"https:\/\/1sc.org\/es\/suplantacion-de-identidad-phishing\/"},{"@type":"ListItem","position":3,"name":"Phishing de Paypal"}]},{"@type":"WebSite","@id":"https:\/\/1sc.org\/es\/#website","url":"https:\/\/1sc.org\/es\/","name":"Estafas por internet","description":"\u00a1Prevenci\u00f3n de estafas en Internet!","publisher":{"@id":"https:\/\/1sc.org\/es\/#organization"},"potentialAction":[{"@type":"SearchAction","target":{"@type":"EntryPoint","urlTemplate":"https:\/\/1sc.org\/es\/?s={search_term_string}"},"query-input":{"@type":"PropertyValueSpecification","valueRequired":true,"valueName":"search_term_string"}}],"inLanguage":"es"},{"@type":"Organization","@id":"https:\/\/1sc.org\/es\/#organization","name":"Soruxa","url":"https:\/\/1sc.org\/es\/","logo":{"@type":"ImageObject","inLanguage":"es","@id":"https:\/\/1sc.org\/es\/#\/schema\/logo\/image\/","url":"https:\/\/1sc.org\/es\/wp-content\/uploads\/sites\/2\/2022\/12\/logoSoruxa.png","contentUrl":"https:\/\/1sc.org\/es\/wp-content\/uploads\/sites\/2\/2022\/12\/logoSoruxa.png","width":388,"height":391,"caption":"Soruxa"},"image":{"@id":"https:\/\/1sc.org\/es\/#\/schema\/logo\/image\/"}}]}},"_links":{"self":[{"href":"https:\/\/1sc.org\/es\/wp-json\/wp\/v2\/pages\/124","targetHints":{"allow":["GET"]}}],"collection":[{"href":"https:\/\/1sc.org\/es\/wp-json\/wp\/v2\/pages"}],"about":[{"href":"https:\/\/1sc.org\/es\/wp-json\/wp\/v2\/types\/page"}],"author":[{"embeddable":true,"href":"https:\/\/1sc.org\/es\/wp-json\/wp\/v2\/users\/1"}],"replies":[{"embeddable":true,"href":"https:\/\/1sc.org\/es\/wp-json\/wp\/v2\/comments?post=124"}],"version-history":[{"count":2,"href":"https:\/\/1sc.org\/es\/wp-json\/wp\/v2\/pages\/124\/revisions"}],"predecessor-version":[{"id":130,"href":"https:\/\/1sc.org\/es\/wp-json\/wp\/v2\/pages\/124\/revisions\/130"}],"up":[{"embeddable":true,"href":"https:\/\/1sc.org\/es\/wp-json\/wp\/v2\/pages\/6"}],"wp:attachment":[{"href":"https:\/\/1sc.org\/es\/wp-json\/wp\/v2\/media?parent=124"}],"curies":[{"name":"wp","href":"https:\/\/api.w.org\/{rel}","templated":true}]}}