{"id":120,"date":"2022-12-29T16:20:31","date_gmt":"2022-12-29T15:20:31","guid":{"rendered":"https:\/\/1sc.org\/es\/?page_id=120"},"modified":"2022-12-29T16:20:33","modified_gmt":"2022-12-29T15:20:33","slug":"phishing-bancario","status":"publish","type":"page","link":"https:\/\/1sc.org\/es\/suplantacion-de-identidad-phishing\/phishing-bancario\/","title":{"rendered":"Phishing bancario"},"content":{"rendered":"\n<h2 class=\"wp-block-heading\">Los intentos de phishing bancario utilizando nombres de bancos populares tambi\u00e9n son muy comunes.<\/h2>\n\n\n\n<p>Al realizar un phishing bancario, los estafadores se hacen pasar por asesores bancarios de una de las principales instituciones (Bank of America, JP Morgan Chase, HSBC, Citigroup,\u2026) y env\u00edan correos electr\u00f3nicos masivos con la esperanza de que uno de ellos ahorque a una v\u00edctima. Estos correos electr\u00f3nicos son spam con retornos muy bajos, pero realmente pueden lastimar a una desafortunada v\u00edctima que quedar\u00eda atrapada.<\/p>\n\n\n\n<p>La mayor\u00eda de las veces, el correo electr\u00f3nico que recibi\u00f3 ni siquiera proviene de una organizaci\u00f3n en la que es cliente. En este caso, puede adivinar f\u00e1cilmente que este correo electr\u00f3nico es una estafa de phishing bancario. Sin embargo, a veces el correo electr\u00f3nico se hace pasar por el banco en el que tiene una cuenta. Esta vez, puede ser bastante dif\u00edcil detectar la estafa.<\/p>\n\n\n\n<h3 class=\"wp-block-heading\">\u00a1No reveles informaci\u00f3n confidencial aunque el correo insista!<\/h3>\n\n\n<div class=\"wp-block-image\">\n<figure class=\"alignright size-full is-resized\"><img loading=\"lazy\" decoding=\"async\" src=\"https:\/\/1sc.org\/es\/wp-content\/uploads\/sites\/2\/2022\/12\/image.png\" alt=\"phishing bancario\" class=\"wp-image-121\" width=\"300\" height=\"215\"\/><\/figure>\n<\/div>\n\n\n<p>Afortunadamente, existen algunas pistas para detectar un intento de phishing bancario. Puede averiguar cu\u00e1l consultando los ejemplos que hemos recopilado.<\/p>\n\n\n\n<p>Por lo tanto, haga clic en los enlaces a continuaci\u00f3n para encontrar estos ejemplos de intentos de phishing bancario de forma fraudulenta utilizando el nombre de los bancos.<\/p>\n\n\n\n<p>Una vez m\u00e1s, est\u00e9 atento cuando reciba un correo electr\u00f3nico que parezca provenir de su banco. Recuerda que un banco nunca te pedir\u00e1 el n\u00famero de tu tarjeta de cr\u00e9dito. Incluso si el correo electr\u00f3nico recibido especifica que es importante y urgente, o por el contrario, que es solo un procedimiento de rutina, mant\u00e9ngase firme y no revele informaci\u00f3n confidencial.<\/p>\n\n\n\n<p>Incluso hoy en d\u00eda, cuando Internet se ha convertido en una herramienta utilizada por todos, su asesor bancario usar\u00e1 un tel\u00e9fono est\u00e1ndar para comunicarse con usted si hay un problema con su cuenta o su tarjeta de cr\u00e9dito, especialmente si es urgente.<\/p>\n","protected":false},"excerpt":{"rendered":"<p>Los intentos de phishing bancario utilizando nombres de bancos populares tambi\u00e9n son muy comunes. Al realizar un phishing bancario, los estafadores se hacen pasar por asesores bancarios de una de las principales instituciones (Bank of America, JP Morgan Chase, HSBC, Citigroup,\u2026) y env\u00edan correos electr\u00f3nicos masivos con la esperanza de que uno de ellos ahorque &hellip; <a href=\"https:\/\/1sc.org\/es\/suplantacion-de-identidad-phishing\/phishing-bancario\/\" class=\"more-link\">Sigue leyendo <span class=\"screen-reader-text\">Phishing bancario<\/span><\/a><\/p>\n","protected":false},"author":1,"featured_media":0,"parent":6,"menu_order":0,"comment_status":"open","ping_status":"closed","template":"","meta":{"footnotes":""},"class_list":["post-120","page","type-page","status-publish","hentry"],"yoast_head":"<!-- This site is optimized with the Yoast SEO plugin v26.7 - https:\/\/yoast.com\/wordpress\/plugins\/seo\/ -->\n<title>Phishing bancario - Estafas por internet<\/title>\n<meta name=\"description\" content=\"El phishing bancario es realizado por estafadores que intentan robar sus datos bancarios, como su n\u00famero de tarjeta de cr\u00e9dito\" \/>\n<meta name=\"robots\" content=\"index, follow, max-snippet:-1, max-image-preview:large, max-video-preview:-1\" \/>\n<link rel=\"canonical\" href=\"https:\/\/1sc.org\/es\/suplantacion-de-identidad-phishing\/phishing-bancario\/\" \/>\n<meta property=\"og:locale\" content=\"es_ES\" \/>\n<meta property=\"og:type\" content=\"article\" \/>\n<meta property=\"og:title\" content=\"Phishing bancario - Estafas por internet\" \/>\n<meta property=\"og:description\" content=\"El phishing bancario es realizado por estafadores que intentan robar sus datos bancarios, como su n\u00famero de tarjeta de cr\u00e9dito\" \/>\n<meta property=\"og:url\" content=\"https:\/\/1sc.org\/es\/suplantacion-de-identidad-phishing\/phishing-bancario\/\" \/>\n<meta property=\"og:site_name\" content=\"Estafas por internet\" \/>\n<meta property=\"article:modified_time\" content=\"2022-12-29T15:20:33+00:00\" \/>\n<meta property=\"og:image\" content=\"https:\/\/1sc.org\/es\/wp-content\/uploads\/sites\/2\/2022\/12\/image.png\" \/>\n<meta name=\"twitter:card\" content=\"summary_large_image\" \/>\n<meta name=\"twitter:label1\" content=\"Tiempo de lectura\" \/>\n\t<meta name=\"twitter:data1\" content=\"2 minutos\" \/>\n<script type=\"application\/ld+json\" class=\"yoast-schema-graph\">{\"@context\":\"https:\/\/schema.org\",\"@graph\":[{\"@type\":\"WebPage\",\"@id\":\"https:\/\/1sc.org\/es\/suplantacion-de-identidad-phishing\/phishing-bancario\/\",\"url\":\"https:\/\/1sc.org\/es\/suplantacion-de-identidad-phishing\/phishing-bancario\/\",\"name\":\"Phishing bancario - Estafas por internet\",\"isPartOf\":{\"@id\":\"https:\/\/1sc.org\/es\/#website\"},\"primaryImageOfPage\":{\"@id\":\"https:\/\/1sc.org\/es\/suplantacion-de-identidad-phishing\/phishing-bancario\/#primaryimage\"},\"image\":{\"@id\":\"https:\/\/1sc.org\/es\/suplantacion-de-identidad-phishing\/phishing-bancario\/#primaryimage\"},\"thumbnailUrl\":\"https:\/\/1sc.org\/es\/wp-content\/uploads\/sites\/2\/2022\/12\/image.png\",\"datePublished\":\"2022-12-29T15:20:31+00:00\",\"dateModified\":\"2022-12-29T15:20:33+00:00\",\"description\":\"El phishing bancario es realizado por estafadores que intentan robar sus datos bancarios, como su n\u00famero de tarjeta de cr\u00e9dito\",\"breadcrumb\":{\"@id\":\"https:\/\/1sc.org\/es\/suplantacion-de-identidad-phishing\/phishing-bancario\/#breadcrumb\"},\"inLanguage\":\"es\",\"potentialAction\":[{\"@type\":\"ReadAction\",\"target\":[\"https:\/\/1sc.org\/es\/suplantacion-de-identidad-phishing\/phishing-bancario\/\"]}]},{\"@type\":\"ImageObject\",\"inLanguage\":\"es\",\"@id\":\"https:\/\/1sc.org\/es\/suplantacion-de-identidad-phishing\/phishing-bancario\/#primaryimage\",\"url\":\"https:\/\/1sc.org\/es\/wp-content\/uploads\/sites\/2\/2022\/12\/image.png\",\"contentUrl\":\"https:\/\/1sc.org\/es\/wp-content\/uploads\/sites\/2\/2022\/12\/image.png\",\"width\":300,\"height\":215},{\"@type\":\"BreadcrumbList\",\"@id\":\"https:\/\/1sc.org\/es\/suplantacion-de-identidad-phishing\/phishing-bancario\/#breadcrumb\",\"itemListElement\":[{\"@type\":\"ListItem\",\"position\":1,\"name\":\"Home\",\"item\":\"https:\/\/1sc.org\/es\/\"},{\"@type\":\"ListItem\",\"position\":2,\"name\":\"Suplantaci\u00f3n de identidad (Phishing)\",\"item\":\"https:\/\/1sc.org\/es\/suplantacion-de-identidad-phishing\/\"},{\"@type\":\"ListItem\",\"position\":3,\"name\":\"Phishing bancario\"}]},{\"@type\":\"WebSite\",\"@id\":\"https:\/\/1sc.org\/es\/#website\",\"url\":\"https:\/\/1sc.org\/es\/\",\"name\":\"Estafas por internet\",\"description\":\"\u00a1Prevenci\u00f3n de estafas en Internet!\",\"publisher\":{\"@id\":\"https:\/\/1sc.org\/es\/#organization\"},\"potentialAction\":[{\"@type\":\"SearchAction\",\"target\":{\"@type\":\"EntryPoint\",\"urlTemplate\":\"https:\/\/1sc.org\/es\/?s={search_term_string}\"},\"query-input\":{\"@type\":\"PropertyValueSpecification\",\"valueRequired\":true,\"valueName\":\"search_term_string\"}}],\"inLanguage\":\"es\"},{\"@type\":\"Organization\",\"@id\":\"https:\/\/1sc.org\/es\/#organization\",\"name\":\"Soruxa\",\"url\":\"https:\/\/1sc.org\/es\/\",\"logo\":{\"@type\":\"ImageObject\",\"inLanguage\":\"es\",\"@id\":\"https:\/\/1sc.org\/es\/#\/schema\/logo\/image\/\",\"url\":\"https:\/\/1sc.org\/es\/wp-content\/uploads\/sites\/2\/2022\/12\/logoSoruxa.png\",\"contentUrl\":\"https:\/\/1sc.org\/es\/wp-content\/uploads\/sites\/2\/2022\/12\/logoSoruxa.png\",\"width\":388,\"height\":391,\"caption\":\"Soruxa\"},\"image\":{\"@id\":\"https:\/\/1sc.org\/es\/#\/schema\/logo\/image\/\"}}]}<\/script>\n<!-- \/ Yoast SEO plugin. -->","yoast_head_json":{"title":"Phishing bancario - Estafas por internet","description":"El phishing bancario es realizado por estafadores que intentan robar sus datos bancarios, como su n\u00famero de tarjeta de cr\u00e9dito","robots":{"index":"index","follow":"follow","max-snippet":"max-snippet:-1","max-image-preview":"max-image-preview:large","max-video-preview":"max-video-preview:-1"},"canonical":"https:\/\/1sc.org\/es\/suplantacion-de-identidad-phishing\/phishing-bancario\/","og_locale":"es_ES","og_type":"article","og_title":"Phishing bancario - Estafas por internet","og_description":"El phishing bancario es realizado por estafadores que intentan robar sus datos bancarios, como su n\u00famero de tarjeta de cr\u00e9dito","og_url":"https:\/\/1sc.org\/es\/suplantacion-de-identidad-phishing\/phishing-bancario\/","og_site_name":"Estafas por internet","article_modified_time":"2022-12-29T15:20:33+00:00","og_image":[{"url":"https:\/\/1sc.org\/es\/wp-content\/uploads\/sites\/2\/2022\/12\/image.png","type":"","width":"","height":""}],"twitter_card":"summary_large_image","twitter_misc":{"Tiempo de lectura":"2 minutos"},"schema":{"@context":"https:\/\/schema.org","@graph":[{"@type":"WebPage","@id":"https:\/\/1sc.org\/es\/suplantacion-de-identidad-phishing\/phishing-bancario\/","url":"https:\/\/1sc.org\/es\/suplantacion-de-identidad-phishing\/phishing-bancario\/","name":"Phishing bancario - Estafas por internet","isPartOf":{"@id":"https:\/\/1sc.org\/es\/#website"},"primaryImageOfPage":{"@id":"https:\/\/1sc.org\/es\/suplantacion-de-identidad-phishing\/phishing-bancario\/#primaryimage"},"image":{"@id":"https:\/\/1sc.org\/es\/suplantacion-de-identidad-phishing\/phishing-bancario\/#primaryimage"},"thumbnailUrl":"https:\/\/1sc.org\/es\/wp-content\/uploads\/sites\/2\/2022\/12\/image.png","datePublished":"2022-12-29T15:20:31+00:00","dateModified":"2022-12-29T15:20:33+00:00","description":"El phishing bancario es realizado por estafadores que intentan robar sus datos bancarios, como su n\u00famero de tarjeta de cr\u00e9dito","breadcrumb":{"@id":"https:\/\/1sc.org\/es\/suplantacion-de-identidad-phishing\/phishing-bancario\/#breadcrumb"},"inLanguage":"es","potentialAction":[{"@type":"ReadAction","target":["https:\/\/1sc.org\/es\/suplantacion-de-identidad-phishing\/phishing-bancario\/"]}]},{"@type":"ImageObject","inLanguage":"es","@id":"https:\/\/1sc.org\/es\/suplantacion-de-identidad-phishing\/phishing-bancario\/#primaryimage","url":"https:\/\/1sc.org\/es\/wp-content\/uploads\/sites\/2\/2022\/12\/image.png","contentUrl":"https:\/\/1sc.org\/es\/wp-content\/uploads\/sites\/2\/2022\/12\/image.png","width":300,"height":215},{"@type":"BreadcrumbList","@id":"https:\/\/1sc.org\/es\/suplantacion-de-identidad-phishing\/phishing-bancario\/#breadcrumb","itemListElement":[{"@type":"ListItem","position":1,"name":"Home","item":"https:\/\/1sc.org\/es\/"},{"@type":"ListItem","position":2,"name":"Suplantaci\u00f3n de identidad (Phishing)","item":"https:\/\/1sc.org\/es\/suplantacion-de-identidad-phishing\/"},{"@type":"ListItem","position":3,"name":"Phishing bancario"}]},{"@type":"WebSite","@id":"https:\/\/1sc.org\/es\/#website","url":"https:\/\/1sc.org\/es\/","name":"Estafas por internet","description":"\u00a1Prevenci\u00f3n de estafas en Internet!","publisher":{"@id":"https:\/\/1sc.org\/es\/#organization"},"potentialAction":[{"@type":"SearchAction","target":{"@type":"EntryPoint","urlTemplate":"https:\/\/1sc.org\/es\/?s={search_term_string}"},"query-input":{"@type":"PropertyValueSpecification","valueRequired":true,"valueName":"search_term_string"}}],"inLanguage":"es"},{"@type":"Organization","@id":"https:\/\/1sc.org\/es\/#organization","name":"Soruxa","url":"https:\/\/1sc.org\/es\/","logo":{"@type":"ImageObject","inLanguage":"es","@id":"https:\/\/1sc.org\/es\/#\/schema\/logo\/image\/","url":"https:\/\/1sc.org\/es\/wp-content\/uploads\/sites\/2\/2022\/12\/logoSoruxa.png","contentUrl":"https:\/\/1sc.org\/es\/wp-content\/uploads\/sites\/2\/2022\/12\/logoSoruxa.png","width":388,"height":391,"caption":"Soruxa"},"image":{"@id":"https:\/\/1sc.org\/es\/#\/schema\/logo\/image\/"}}]}},"_links":{"self":[{"href":"https:\/\/1sc.org\/es\/wp-json\/wp\/v2\/pages\/120","targetHints":{"allow":["GET"]}}],"collection":[{"href":"https:\/\/1sc.org\/es\/wp-json\/wp\/v2\/pages"}],"about":[{"href":"https:\/\/1sc.org\/es\/wp-json\/wp\/v2\/types\/page"}],"author":[{"embeddable":true,"href":"https:\/\/1sc.org\/es\/wp-json\/wp\/v2\/users\/1"}],"replies":[{"embeddable":true,"href":"https:\/\/1sc.org\/es\/wp-json\/wp\/v2\/comments?post=120"}],"version-history":[{"count":2,"href":"https:\/\/1sc.org\/es\/wp-json\/wp\/v2\/pages\/120\/revisions"}],"predecessor-version":[{"id":123,"href":"https:\/\/1sc.org\/es\/wp-json\/wp\/v2\/pages\/120\/revisions\/123"}],"up":[{"embeddable":true,"href":"https:\/\/1sc.org\/es\/wp-json\/wp\/v2\/pages\/6"}],"wp:attachment":[{"href":"https:\/\/1sc.org\/es\/wp-json\/wp\/v2\/media?parent=120"}],"curies":[{"name":"wp","href":"https:\/\/api.w.org\/{rel}","templated":true}]}}